{"id":13556,"date":"2025-02-24T22:44:44","date_gmt":"2025-02-24T21:44:44","guid":{"rendered":"https:\/\/staviori.com.pl\/product\/perly-ze-srebrem-bsn6668\/"},"modified":"2026-02-11T00:08:25","modified_gmt":"2026-02-10T23:08:25","slug":"perly-ze-srebrem-bsn6668","status":"publish","type":"product","link":"https:\/\/staviori.com.pl\/de\/product\/perly-ze-srebrem-bsn6668\/","title":{"rendered":"Zartes Armband mit Perlen und Herzen - BSN6668"},"content":{"rendered":"<p>Model: BSN6668<br \/>\nGewicht ca. 1,90g<\/p>\n<p>Armband 19 cm.<br \/>\n0,925 rhodiniertes Silber.<br \/>\n1 Naturalne Per\u0142y hodowane s\u0142odkowodne.<br \/>\nEinstellbare L\u00e4nge 16cm - 19cm.<\/p>\n<p>Delikatna bransoletka wykonana ze srebra pr\u00f3by 925, ozdobiona bia\u0142\u0105, okr\u0105g\u0142\u0105 per\u0142\u0105 oraz g\u0142adkim,<br \/>\nsrebrnym sercem. Model z podw\u00f3jnym \u0142a\u0144cuszkiem, idealnie podkre\u015blaj\u0105cy subtelno\u015b\u0107 i elegancj\u0119.<\/p>","protected":false},"excerpt":{"rendered":"<p>Delikatna, regulowana bransoletka wykonana z rodowanego srebra pr\u00f3by 0,925 o d\u0142ugo\u015bci 16\u201319 cm. Model na podw\u00f3jnym \u0142a\u0144cuszku zdobiony jest jedn\u0105 bia\u0142\u0105, okr\u0105g\u0142\u0105 per\u0142\u0105 hodowan\u0105 s\u0142odkowodn\u0105 oraz subtelnym, g\u0142adkim sercem z po\u0142yskuj\u0105cego srebra. Niezwykle lekka i elegancka, podkre\u015bli kobiec\u0105 delikatno\u015b\u0107 i doda klasy ka\u017cdej stylizacji.<\/p>","protected":false},"featured_media":13557,"comment_status":"closed","ping_status":"closed","template":"","meta":{"om_disable_all_campaigns":false},"product_brand":[2284,2350],"product_cat":[43,1392,1393,1919,1817],"product_tag":[1401,2528,2525,2448,1414,2426],"class_list":{"0":"post-13556","1":"product","2":"type-product","3":"status-publish","4":"has-post-thumbnail","6":"product_brand-staviori","7":"product_brand-verona","8":"product_cat-bransoletki","9":"product_cat-damskie","10":"product_cat-perly","11":"product_cat-perly-ze-srebrem","12":"product_cat-srebro-2","13":"product_tag-bransoletka","14":"product_tag-bsn6668","15":"product_tag-perla-hodowana-slodkowodna","16":"product_tag-regulowana-bransoletka","17":"product_tag-serce","18":"product_tag-srebro-rodowane","19":"pa_kamien-naturalne-perly-hodowane-slodkowodne","20":"pa_kruszec-srebro-rodowane","21":"pa_proba-0-925","22":"pa_rozmiar-19cm","23":"pa_srednica-perel-5mm","24":"pa_waga-1-90g","26":"first","27":"instock","28":"purchasable","29":"product-type-simple"},"aioseo_notices":[],"_links":{"self":[{"href":"https:\/\/staviori.com.pl\/de\/wp-json\/wp\/v2\/product\/13556","targetHints":{"allow":["GET"]}}],"collection":[{"href":"https:\/\/staviori.com.pl\/de\/wp-json\/wp\/v2\/product"}],"about":[{"href":"https:\/\/staviori.com.pl\/de\/wp-json\/wp\/v2\/types\/product"}],"replies":[{"embeddable":true,"href":"https:\/\/staviori.com.pl\/de\/wp-json\/wp\/v2\/comments?post=13556"}],"wp:featuredmedia":[{"embeddable":true,"href":"https:\/\/staviori.com.pl\/de\/wp-json\/wp\/v2\/media\/13557"}],"wp:attachment":[{"href":"https:\/\/staviori.com.pl\/de\/wp-json\/wp\/v2\/media?parent=13556"}],"wp:term":[{"taxonomy":"product_brand","embeddable":true,"href":"https:\/\/staviori.com.pl\/de\/wp-json\/wp\/v2\/product_brand?post=13556"},{"taxonomy":"product_cat","embeddable":true,"href":"https:\/\/staviori.com.pl\/de\/wp-json\/wp\/v2\/product_cat?post=13556"},{"taxonomy":"product_tag","embeddable":true,"href":"https:\/\/staviori.com.pl\/de\/wp-json\/wp\/v2\/product_tag?post=13556"}],"curies":[{"name":"wp","href":"https:\/\/api.w.org\/{rel}","templated":true}]}}