{"id":13542,"date":"2025-02-24T22:44:44","date_gmt":"2025-02-24T21:44:44","guid":{"rendered":"https:\/\/staviori.com.pl\/product\/perly-ze-srebrem-bsn3453\/"},"modified":"2026-02-11T00:08:25","modified_gmt":"2026-02-10T23:08:25","slug":"perly-ze-srebrem-bsn3453","status":"publish","type":"product","link":"https:\/\/staviori.com.pl\/de\/product\/perly-ze-srebrem-bsn3453\/","title":{"rendered":"Silberarmband mit 8mm Perlen - BSN3453"},"content":{"rendered":"<p>Model: BSN3453<br \/>\nWaga ok. 15,00g<\/p>\n<p>Armband 19 cm.<br \/>\n0,925 rhodiniertes Silber.<br \/>\nNat\u00fcrliche S\u00fc\u00dfwasser-Zuchtperlen.<br \/>\nJako\u015b\u0107 B &#8211; bia\u0142e<br \/>\n\u015arednica pere\u0142 oko\u0142o 8mm.<\/p>\n<p>Bitte beachten Sie, dass nat\u00fcrliche Perlen und als ein Werk der Natur nicht identisch oder perfekt sind, und jedes Perlenprodukt kann leicht variieren.<\/p>","protected":false},"excerpt":{"rendered":"<p>Elegancka bransoletka z poz\u0142acanego srebra pr\u00f3by 0,925 o d\u0142ugo\u015bci 20 cm, z mo\u017cliwo\u015bci\u0105 samodzielnej regulacji d\u0142ugo\u015bci. Smuk\u0142y profil i ciep\u0142y odcie\u0144 z\u0142ota dodaj\u0105 bi\u017cuterii subtelnego blasku, a prosty design sprawia, \u017ce pasuje do ka\u017cdej stylizacji \u2013 od codziennej po wieczorow\u0105.<\/p>","protected":false},"featured_media":17038,"comment_status":"closed","ping_status":"closed","template":"","meta":{"om_disable_all_campaigns":false},"product_brand":[2284,2350],"product_cat":[43,1392,1393,1919,1817],"product_tag":[1401,2509,2511,2481,2448,2427],"class_list":{"0":"post-13542","1":"product","2":"type-product","3":"status-publish","4":"has-post-thumbnail","6":"product_brand-staviori","7":"product_brand-verona","8":"product_cat-bransoletki","9":"product_cat-damskie","10":"product_cat-perly","11":"product_cat-perly-ze-srebrem","12":"product_cat-srebro-2","13":"product_tag-bransoletka","14":"product_tag-bsc6689","15":"product_tag-perly","16":"product_tag-pozlacane-zloto","17":"product_tag-regulowana-bransoletka","18":"product_tag-srebro-925","19":"pa_kamien-naturalne-perly-hodowane-slodkowodne","20":"pa_kruszec-srebro-rodowane","21":"pa_proba-0-925","22":"pa_rozmiar-19cm","23":"pa_srednica-8-9mm","24":"pa_waga-15-00g","26":"first","27":"instock","28":"purchasable","29":"product-type-simple"},"aioseo_notices":[],"_links":{"self":[{"href":"https:\/\/staviori.com.pl\/de\/wp-json\/wp\/v2\/product\/13542","targetHints":{"allow":["GET"]}}],"collection":[{"href":"https:\/\/staviori.com.pl\/de\/wp-json\/wp\/v2\/product"}],"about":[{"href":"https:\/\/staviori.com.pl\/de\/wp-json\/wp\/v2\/types\/product"}],"replies":[{"embeddable":true,"href":"https:\/\/staviori.com.pl\/de\/wp-json\/wp\/v2\/comments?post=13542"}],"wp:featuredmedia":[{"embeddable":true,"href":"https:\/\/staviori.com.pl\/de\/wp-json\/wp\/v2\/media\/17038"}],"wp:attachment":[{"href":"https:\/\/staviori.com.pl\/de\/wp-json\/wp\/v2\/media?parent=13542"}],"wp:term":[{"taxonomy":"product_brand","embeddable":true,"href":"https:\/\/staviori.com.pl\/de\/wp-json\/wp\/v2\/product_brand?post=13542"},{"taxonomy":"product_cat","embeddable":true,"href":"https:\/\/staviori.com.pl\/de\/wp-json\/wp\/v2\/product_cat?post=13542"},{"taxonomy":"product_tag","embeddable":true,"href":"https:\/\/staviori.com.pl\/de\/wp-json\/wp\/v2\/product_tag?post=13542"}],"curies":[{"name":"wp","href":"https:\/\/api.w.org\/{rel}","templated":true}]}}