{"id":13513,"date":"2025-02-24T22:44:40","date_gmt":"2025-02-24T21:44:40","guid":{"rendered":"https:\/\/staviori.com.pl\/product\/srebrna-bransoletka-bsc6681\/"},"modified":"2026-02-11T00:08:25","modified_gmt":"2026-02-10T23:08:25","slug":"srebrna-bransoletka-bsc6681","status":"publish","type":"product","link":"https:\/\/staviori.com.pl\/de\/product\/srebrna-bransoletka-bsc6681\/","title":{"rendered":"Srebrna poz\u0142acana bransoletka z 4 \u0142a\u0144cuszk\u00f3w &#8211; BSC6681"},"content":{"rendered":"<p>Model: BSC6681<br \/>\nWaga ok. 7,55g<\/p>\n<p>Armband 19 cm.<br \/>\nSilber 0.925 vergoldet mit Gelbgold<\/p>\n<p>Einstellbare L\u00e4nge 16cm - 19cm.<\/p>","protected":false},"excerpt":{"rendered":"<p>Subtelna bransoletka z poz\u0142acanego srebra pr\u00f3by 0,925 o d\u0142ugo\u015bci 19 cm, z mo\u017cliwo\u015bci\u0105 regulacji od 16 do 19 cm. Dwa delikatne \u0142a\u0144cuszki plecione w finezyjny splot zdobi\u0105 malutkie, b\u0142yszcz\u0105ce elementy, kt\u00f3re dodaj\u0105 ca\u0142o\u015bci wyj\u0105tkowego, teksturowanego charakteru. Lekko\u015b\u0107 formy i ciep\u0142y odcie\u0144 z\u0142ota sprawiaj\u0105, \u017ce bransoletka doskonale komponuje si\u0119 z ka\u017cd\u0105 stylizacj\u0105 \u2014 od codziennej, po eleganck\u0105 wieczorow\u0105.<\/p>","protected":false},"featured_media":13514,"comment_status":"closed","ping_status":"closed","template":"","meta":{"om_disable_all_campaigns":false},"product_brand":[2284,2350],"product_cat":[43,1392,1863,1817],"product_tag":[1401,2494,2481,2448,2427],"class_list":{"0":"post-13513","1":"product","2":"type-product","3":"status-publish","4":"has-post-thumbnail","6":"product_brand-staviori","7":"product_brand-verona","8":"product_cat-bransoletki","9":"product_cat-damskie","10":"product_cat-srebrna-bransoletka","11":"product_cat-srebro-2","12":"product_tag-bransoletka","13":"product_tag-bsc6681","14":"product_tag-pozlacane-zloto","15":"product_tag-regulowana-bransoletka","16":"product_tag-srebro-925","17":"pa_kruszec-srebro","18":"pa_proba-0-925","19":"pa_rozmiar-19cm","20":"pa_waga-7-55g","22":"first","23":"instock","24":"purchasable","25":"product-type-simple"},"aioseo_notices":[],"_links":{"self":[{"href":"https:\/\/staviori.com.pl\/de\/wp-json\/wp\/v2\/product\/13513","targetHints":{"allow":["GET"]}}],"collection":[{"href":"https:\/\/staviori.com.pl\/de\/wp-json\/wp\/v2\/product"}],"about":[{"href":"https:\/\/staviori.com.pl\/de\/wp-json\/wp\/v2\/types\/product"}],"replies":[{"embeddable":true,"href":"https:\/\/staviori.com.pl\/de\/wp-json\/wp\/v2\/comments?post=13513"}],"wp:featuredmedia":[{"embeddable":true,"href":"https:\/\/staviori.com.pl\/de\/wp-json\/wp\/v2\/media\/13514"}],"wp:attachment":[{"href":"https:\/\/staviori.com.pl\/de\/wp-json\/wp\/v2\/media?parent=13513"}],"wp:term":[{"taxonomy":"product_brand","embeddable":true,"href":"https:\/\/staviori.com.pl\/de\/wp-json\/wp\/v2\/product_brand?post=13513"},{"taxonomy":"product_cat","embeddable":true,"href":"https:\/\/staviori.com.pl\/de\/wp-json\/wp\/v2\/product_cat?post=13513"},{"taxonomy":"product_tag","embeddable":true,"href":"https:\/\/staviori.com.pl\/de\/wp-json\/wp\/v2\/product_tag?post=13513"}],"curies":[{"name":"wp","href":"https:\/\/api.w.org\/{rel}","templated":true}]}}