{"id":13502,"date":"2025-02-24T22:44:40","date_gmt":"2025-02-24T21:44:40","guid":{"rendered":"https:\/\/staviori.com.pl\/product\/srebrna-bransoletka-bsc6634y\/"},"modified":"2026-02-11T00:08:25","modified_gmt":"2026-02-10T23:08:25","slug":"srebrna-bransoletka-bsc6634y","status":"publish","type":"product","link":"https:\/\/staviori.com.pl\/de\/product\/srebrna-bransoletka-bsc6634y\/","title":{"rendered":"Srebrna poz\u0142acane bransoletka z motylkami &#8211; BSC6634Y"},"content":{"rendered":"<p>Model: BSC6634Y<br \/>\nWaga ok. 2,20g<\/p>\n<p>Armband 19 cm.<br \/>\nSilber 0.925 vergoldet mit Gelbgold<\/p>\n<p>Einstellbare L\u00e4nge 16cm - 19cm.<\/p>\n<p>Wymiary 7&#215;7 mm.<br \/>\nWymiary 6&#215;6 mm.<\/p>","protected":false},"excerpt":{"rendered":"<p>Subtelna bransoletka z poz\u0142acanego srebra pr\u00f3by 0,925, osadzona na delikatnym \u0142a\u0144cuszku, ozdobiona dwoma filigranowymi motylkami. Ciep\u0142y odcie\u0144 z\u0142ota i lekko\u015b\u0107 formy podkre\u015blaj\u0105 kobiec\u0105 finezj\u0119, a regulowana d\u0142ugo\u015b\u0107 od 16 do 19 cm gwarantuje wygodne dopasowanie. Uroczy motyw motylka wnosi do stylizacji nut\u0119 romantyzmu i lekko\u015bci.<\/p>","protected":false},"featured_media":13503,"comment_status":"closed","ping_status":"closed","template":"","meta":{"om_disable_all_campaigns":false},"product_brand":[2284,2350],"product_cat":[43,1392,1863,1817],"product_tag":[1401,2492,2493,2491,2452,2448,2427],"class_list":{"0":"post-13502","1":"product","2":"type-product","3":"status-publish","4":"has-post-thumbnail","6":"product_brand-staviori","7":"product_brand-verona","8":"product_cat-bransoletki","9":"product_cat-damskie","10":"product_cat-srebrna-bransoletka","11":"product_cat-srebro-2","12":"product_tag-bransoletka","13":"product_tag-bsc6634y","14":"product_tag-motyl","15":"product_tag-motylki","16":"product_tag-pozlacane","17":"product_tag-regulowana-bransoletka","18":"product_tag-srebro-925","19":"pa_kruszec-srebro","20":"pa_proba-0-925","21":"pa_waga-2-20g","22":"pa_wymiary-7x7mm","24":"first","25":"instock","26":"purchasable","27":"product-type-simple"},"aioseo_notices":[],"_links":{"self":[{"href":"https:\/\/staviori.com.pl\/de\/wp-json\/wp\/v2\/product\/13502","targetHints":{"allow":["GET"]}}],"collection":[{"href":"https:\/\/staviori.com.pl\/de\/wp-json\/wp\/v2\/product"}],"about":[{"href":"https:\/\/staviori.com.pl\/de\/wp-json\/wp\/v2\/types\/product"}],"replies":[{"embeddable":true,"href":"https:\/\/staviori.com.pl\/de\/wp-json\/wp\/v2\/comments?post=13502"}],"wp:featuredmedia":[{"embeddable":true,"href":"https:\/\/staviori.com.pl\/de\/wp-json\/wp\/v2\/media\/13503"}],"wp:attachment":[{"href":"https:\/\/staviori.com.pl\/de\/wp-json\/wp\/v2\/media?parent=13502"}],"wp:term":[{"taxonomy":"product_brand","embeddable":true,"href":"https:\/\/staviori.com.pl\/de\/wp-json\/wp\/v2\/product_brand?post=13502"},{"taxonomy":"product_cat","embeddable":true,"href":"https:\/\/staviori.com.pl\/de\/wp-json\/wp\/v2\/product_cat?post=13502"},{"taxonomy":"product_tag","embeddable":true,"href":"https:\/\/staviori.com.pl\/de\/wp-json\/wp\/v2\/product_tag?post=13502"}],"curies":[{"name":"wp","href":"https:\/\/api.w.org\/{rel}","templated":true}]}}