{"id":13475,"date":"2025-02-24T22:44:40","date_gmt":"2025-02-24T21:44:40","guid":{"rendered":"https:\/\/staviori.com.pl\/product\/srebrna-bransoletka-bsc6500\/"},"modified":"2026-04-17T10:59:31","modified_gmt":"2026-04-17T08:59:31","slug":"srebrna-bransoletka-bsc6500","status":"publish","type":"product","link":"https:\/\/staviori.com.pl\/de\/product\/srebrna-bransoletka-bsc6500\/","title":{"rendered":"Silberarmband mit Zirkonen - BSC6500"},"content":{"rendered":"<p>Model: BSC6500<br \/>\nWaga ok. 3,60g<\/p>\n<p>Bransoleta 20 cm.<br \/>\n0,925 rhodiniertes Silber.<br \/>\nZirkoniumdioxid.<br \/>\nMo\u017cliwo\u015b\u0107 samodzielnej regulacji d\u0142ugo\u015bci.<br \/>\nD\u0142ugo\u015b\u0107 regulowana 17+3cm.<\/p>\n<p>Szeroko\u015b\u0107 2.2 mm.<br \/>\nGrubo\u015b\u0107 2 mm.<\/p>","protected":false},"excerpt":{"rendered":"<p>Subtelna, regulowana bransoletka wykonana z rodowanego srebra pr\u00f3by 0,925, wysadzana po\u0142yskuj\u0105cymi cyrkoniami. Smuk\u0142y profil o szeroko\u015bci 2,2 mm i grubo\u015bci 2 mm pozwala harmonijnie podkre\u015bli\u0107 lini\u0119 nadgarstka, a d\u0142ugo\u015b\u0107 17+3 cm (mo\u017cliwo\u015b\u0107 samodzielnej regulacji) gwarantuje idealne dopasowanie. Klasyczny design i dyskretny blask cyrkonii czyni\u0105 j\u0105 eleganckim dodatkiem do ka\u017cdej stylizacji.<\/p>","protected":false},"featured_media":21886,"comment_status":"closed","ping_status":"closed","template":"","meta":{"om_disable_all_campaigns":false},"product_brand":[2284,2350],"product_cat":[43,1392,1863,1817],"product_tag":[1401,2504,2454,2457,2448,2427,2426],"class_list":{"0":"post-13475","1":"product","2":"type-product","3":"status-publish","4":"has-post-thumbnail","6":"product_brand-staviori","7":"product_brand-verona","8":"product_cat-bransoletki","9":"product_cat-damskie","10":"product_cat-srebrna-bransoletka","11":"product_cat-srebro-2","12":"product_tag-bransoletka","13":"product_tag-bsc6500","14":"product_tag-cyrkonia","15":"product_tag-impreza","16":"product_tag-regulowana-bransoletka","17":"product_tag-srebro-925","18":"product_tag-srebro-rodowane","19":"pa_grubosc-2mm","20":"pa_kamien-cyrkonia","21":"pa_kruszec-srebro-rodowane","22":"pa_proba-0-925","23":"pa_rozmiar-20cm","24":"pa_szerokosc-2-2mm","25":"pa_waga-3-60g","27":"first","28":"instock","29":"purchasable","30":"product-type-simple"},"aioseo_notices":[],"_links":{"self":[{"href":"https:\/\/staviori.com.pl\/de\/wp-json\/wp\/v2\/product\/13475","targetHints":{"allow":["GET"]}}],"collection":[{"href":"https:\/\/staviori.com.pl\/de\/wp-json\/wp\/v2\/product"}],"about":[{"href":"https:\/\/staviori.com.pl\/de\/wp-json\/wp\/v2\/types\/product"}],"replies":[{"embeddable":true,"href":"https:\/\/staviori.com.pl\/de\/wp-json\/wp\/v2\/comments?post=13475"}],"wp:featuredmedia":[{"embeddable":true,"href":"https:\/\/staviori.com.pl\/de\/wp-json\/wp\/v2\/media\/21886"}],"wp:attachment":[{"href":"https:\/\/staviori.com.pl\/de\/wp-json\/wp\/v2\/media?parent=13475"}],"wp:term":[{"taxonomy":"product_brand","embeddable":true,"href":"https:\/\/staviori.com.pl\/de\/wp-json\/wp\/v2\/product_brand?post=13475"},{"taxonomy":"product_cat","embeddable":true,"href":"https:\/\/staviori.com.pl\/de\/wp-json\/wp\/v2\/product_cat?post=13475"},{"taxonomy":"product_tag","embeddable":true,"href":"https:\/\/staviori.com.pl\/de\/wp-json\/wp\/v2\/product_tag?post=13475"}],"curies":[{"name":"wp","href":"https:\/\/api.w.org\/{rel}","templated":true}]}}