{"id":13460,"date":"2025-02-24T22:44:40","date_gmt":"2025-02-24T21:44:40","guid":{"rendered":"https:\/\/staviori.com.pl\/product\/srebrna-bransoletka-bsc6468y\/"},"modified":"2026-04-13T07:27:57","modified_gmt":"2026-04-13T05:27:57","slug":"srebrna-bransoletka-bsc6468y","status":"publish","type":"product","link":"https:\/\/staviori.com.pl\/de\/product\/srebrna-bransoletka-bsc6468y\/","title":{"rendered":"Versilberte, vergoldete, starre Armspange BSC6468Y"},"content":{"rendered":"<p>Model: BSC6468Y<br \/>\nWaga ok. 11,50g<\/p>\n<p>Armband 19 cm.<br \/>\nSilber 0.925 vergoldet mit Gelbgold<br \/>\n6 mm breit.<\/p>\n<p>Mo\u017cliwo\u015b\u0107 bezp\u0142atnego graweru ( wyd\u0142u\u017cy to czas realizacji zam\u00f3wienia )<\/p>","protected":false},"excerpt":{"rendered":"<p>Minimalistyczna bransoleta typu bangle wykonana z poz\u0142acanego srebra pr\u00f3by 0,925 o d\u0142ugo\u015bci 19 cm i szeroko\u015bci 6 mm. Jej prosta, klasyczna forma pi\u0119knie podkre\u015bla nadgarstek, wprowadzaj\u0105c dyskretny akcent elegancji do codziennych i wieczorowych stylizacji.<\/p>","protected":false},"featured_media":13461,"comment_status":"closed","ping_status":"closed","template":"","meta":{"om_disable_all_campaigns":false},"product_brand":[2284,2350],"product_cat":[43,1392,1863,1817],"product_tag":[2335,2295,2508,2384,2427,2506],"class_list":{"0":"post-13460","1":"product","2":"type-product","3":"status-publish","4":"has-post-thumbnail","6":"product_brand-staviori","7":"product_brand-verona","8":"product_cat-bransoletki","9":"product_cat-damskie","10":"product_cat-srebrna-bransoletka","11":"product_cat-srebro-2","12":"product_tag-bangle","13":"product_tag-bransoleta","14":"product_tag-bsc6468","15":"product_tag-minimalistyczna-bizuteria","16":"product_tag-srebro-925","17":"product_tag-srebro-pozlacane","18":"pa_kruszec-srebro","19":"pa_kruszec-srebro-pozlacane","20":"pa_proba-0-925","21":"pa_rozmiar-19cm","22":"pa_szerokosc-6mm","23":"pa_waga-11-50g","25":"first","26":"instock","27":"purchasable","28":"product-type-simple"},"aioseo_notices":[],"_links":{"self":[{"href":"https:\/\/staviori.com.pl\/de\/wp-json\/wp\/v2\/product\/13460","targetHints":{"allow":["GET"]}}],"collection":[{"href":"https:\/\/staviori.com.pl\/de\/wp-json\/wp\/v2\/product"}],"about":[{"href":"https:\/\/staviori.com.pl\/de\/wp-json\/wp\/v2\/types\/product"}],"replies":[{"embeddable":true,"href":"https:\/\/staviori.com.pl\/de\/wp-json\/wp\/v2\/comments?post=13460"}],"wp:featuredmedia":[{"embeddable":true,"href":"https:\/\/staviori.com.pl\/de\/wp-json\/wp\/v2\/media\/13461"}],"wp:attachment":[{"href":"https:\/\/staviori.com.pl\/de\/wp-json\/wp\/v2\/media?parent=13460"}],"wp:term":[{"taxonomy":"product_brand","embeddable":true,"href":"https:\/\/staviori.com.pl\/de\/wp-json\/wp\/v2\/product_brand?post=13460"},{"taxonomy":"product_cat","embeddable":true,"href":"https:\/\/staviori.com.pl\/de\/wp-json\/wp\/v2\/product_cat?post=13460"},{"taxonomy":"product_tag","embeddable":true,"href":"https:\/\/staviori.com.pl\/de\/wp-json\/wp\/v2\/product_tag?post=13460"}],"curies":[{"name":"wp","href":"https:\/\/api.w.org\/{rel}","templated":true}]}}