{"id":13422,"date":"2025-02-24T22:44:37","date_gmt":"2025-02-24T21:44:37","guid":{"rendered":"https:\/\/staviori.com.pl\/product\/srebrna-bransoletka-bsc5985\/"},"modified":"2026-02-11T00:08:24","modified_gmt":"2026-02-10T23:08:24","slug":"srebrna-bransoletka-bsc5985","status":"publish","type":"product","link":"https:\/\/staviori.com.pl\/de\/product\/srebrna-bransoletka-bsc5985\/","title":{"rendered":"Silbernes Ginkgo-Armband, vergoldet - BSC5985"},"content":{"rendered":"<p>Model: BSC5985<br \/>\nGewicht ca. 1,15g<\/p>\n<p>Armband 19 cm.<br \/>\n0,925 Silber.<br \/>\npokryte \u017c\u00f3\u0142tym z\u0142otem<\/p>\n<p>Einstellbare L\u00e4nge 16cm - 19cm.<\/p>","protected":false},"excerpt":{"rendered":"<p>Delikatna, regulowana bransoletka wykonana ze srebra pr\u00f3by 0,925 pokrytego \u017c\u00f3\u0142tym z\u0142otem, zdobiona subtelnym motywem li\u015bcia mi\u0142orz\u0119bu. Lekko\u015b\u0107 formy i organiczny kszta\u0142t li\u015bcia tworz\u0105 naturalny, elegancki akcent, idealny dla mi\u0142o\u015bniczek subtelnej bi\u017cuterii z nut\u0105 botanicznego uroku.<\/p>","protected":false},"featured_media":773,"comment_status":"closed","ping_status":"closed","template":"","meta":{"om_disable_all_campaigns":false},"product_brand":[2284,2350],"product_cat":[1384,43,1392,1863,145,1817],"product_tag":[1401,2453,7103,2451,2450,7101,2452,2448,2427,7102],"class_list":{"0":"post-13422","1":"product","2":"type-product","3":"status-publish","4":"has-post-thumbnail","6":"product_brand-staviori","7":"product_brand-verona","8":"product_cat-bizuteria","9":"product_cat-bransoletki","10":"product_cat-damskie","11":"product_cat-srebrna-bransoletka","12":"product_cat-srebro","13":"product_cat-srebro-2","14":"product_tag-bransoletka","15":"product_tag-bsc5985","16":"product_tag-ghost-of-yotei","17":"product_tag-lisc-milorzebu","18":"product_tag-milorzab","19":"product_tag-milorzeb","20":"product_tag-pozlacane","21":"product_tag-regulowana-bransoletka","22":"product_tag-srebro-925","23":"product_tag-yotei","24":"pa_kruszec-srebro","25":"pa_proba-0-925","26":"pa_rozmiar-19cm","27":"pa_waga-1-15g","29":"first","30":"instock","31":"taxable","32":"shipping-taxable","33":"purchasable","34":"product-type-simple"},"aioseo_notices":[],"_links":{"self":[{"href":"https:\/\/staviori.com.pl\/de\/wp-json\/wp\/v2\/product\/13422","targetHints":{"allow":["GET"]}}],"collection":[{"href":"https:\/\/staviori.com.pl\/de\/wp-json\/wp\/v2\/product"}],"about":[{"href":"https:\/\/staviori.com.pl\/de\/wp-json\/wp\/v2\/types\/product"}],"replies":[{"embeddable":true,"href":"https:\/\/staviori.com.pl\/de\/wp-json\/wp\/v2\/comments?post=13422"}],"wp:featuredmedia":[{"embeddable":true,"href":"https:\/\/staviori.com.pl\/de\/wp-json\/wp\/v2\/media\/773"}],"wp:attachment":[{"href":"https:\/\/staviori.com.pl\/de\/wp-json\/wp\/v2\/media?parent=13422"}],"wp:term":[{"taxonomy":"product_brand","embeddable":true,"href":"https:\/\/staviori.com.pl\/de\/wp-json\/wp\/v2\/product_brand?post=13422"},{"taxonomy":"product_cat","embeddable":true,"href":"https:\/\/staviori.com.pl\/de\/wp-json\/wp\/v2\/product_cat?post=13422"},{"taxonomy":"product_tag","embeddable":true,"href":"https:\/\/staviori.com.pl\/de\/wp-json\/wp\/v2\/product_tag?post=13422"}],"curies":[{"name":"wp","href":"https:\/\/api.w.org\/{rel}","templated":true}]}}