{"id":13412,"date":"2025-02-24T22:44:37","date_gmt":"2025-02-24T21:44:37","guid":{"rendered":"https:\/\/staviori.com.pl\/product\/bizuteria-inwestycyjna-bransoletka-brd3992\/"},"modified":"2026-02-11T00:08:23","modified_gmt":"2026-02-10T23:08:23","slug":"bizuteria-inwestycyjna-bransoletka-brd3992","status":"publish","type":"product","link":"https:\/\/staviori.com.pl\/de\/product\/bizuteria-inwestycyjna-bransoletka-brd3992\/","title":{"rendered":"Exklusives Armband | Brillant 750 mit Diamanten im Champagner-Schliff"},"content":{"rendered":"<p>Model: DDB0457<br \/>\nWaga ok. 48,19g<\/p>\n<p>Armband 18 cm.<br \/>\nR\u00f3\u017cowe Z\u0142oto 0,750.<br \/>\n199 Diament\u00f3w, kolor szampa\u0144ski, szlif brylantowy, o masie 17,01ct.<\/p>\n<p>13,7 mm breit.<br \/>\nGrubo\u015b\u0107 4.7 mm.<\/p>\n<p><strong>Produkt nur auf Anfrage erh\u00e4ltlich, Vorlaufzeit ca. 5 Wochen.<\/strong><\/p>","protected":false},"excerpt":{"rendered":"<p>Efektowna bransoleta z 18-karatowego r\u00f3\u017cowego z\u0142ota pr\u00f3by 0,750, wysadzana 199 szampa\u0144skimi diamentami o \u0142\u0105cznej masie 17,01 ct. Zmys\u0142owy, ogniwkowy wz\u00f3r podkre\u015bla ciep\u0142\u0105 tonacj\u0119 metalu i subtelny blask kamieni, tworz\u0105c luksusowy akcent, kt\u00f3ry ol\u015bni ka\u017cd\u0105 stylizacj\u0119.<\/p>","protected":false},"featured_media":743,"comment_status":"closed","ping_status":"closed","template":"","meta":{"om_disable_all_campaigns":false},"product_brand":[2284],"product_cat":[6893,43,1803,1392],"product_tag":[2338,2293,2295,2477,2475,2280,2332,2336,2476,2341],"class_list":{"0":"post-13412","1":"product","2":"type-product","3":"status-publish","4":"has-post-thumbnail","6":"product_brand-staviori","7":"product_cat-bransoletka","8":"product_cat-bransoletki","9":"product_cat-brylanty-exclusive","10":"product_cat-damskie","11":"product_tag-18k","12":"product_tag-bizuteria-na-zamowienie","13":"product_tag-bransoleta","14":"product_tag-brd3992","15":"product_tag-ddb0457","16":"product_tag-luksusowa-bizuteria","17":"product_tag-prezent","18":"product_tag-rozowe-zloto","19":"product_tag-szampanskie-diamenty","20":"product_tag-zloto-750","21":"pa_barwa-70","22":"pa_grubosc-4-7mm","23":"pa_kamien-diamenty","24":"pa_kamien-diamenty-szampanskie","25":"pa_kolor-rozowe","26":"pa_kruszec-zloto","27":"pa_proba-0-750","28":"pa_rozmiar-18cm","29":"pa_szerokosc-13-7mm","30":"pa_waga-48-19g","32":"first","33":"onbackorder","34":"purchasable","35":"product-type-simple"},"aioseo_notices":[],"_links":{"self":[{"href":"https:\/\/staviori.com.pl\/de\/wp-json\/wp\/v2\/product\/13412","targetHints":{"allow":["GET"]}}],"collection":[{"href":"https:\/\/staviori.com.pl\/de\/wp-json\/wp\/v2\/product"}],"about":[{"href":"https:\/\/staviori.com.pl\/de\/wp-json\/wp\/v2\/types\/product"}],"replies":[{"embeddable":true,"href":"https:\/\/staviori.com.pl\/de\/wp-json\/wp\/v2\/comments?post=13412"}],"wp:featuredmedia":[{"embeddable":true,"href":"https:\/\/staviori.com.pl\/de\/wp-json\/wp\/v2\/media\/743"}],"wp:attachment":[{"href":"https:\/\/staviori.com.pl\/de\/wp-json\/wp\/v2\/media?parent=13412"}],"wp:term":[{"taxonomy":"product_brand","embeddable":true,"href":"https:\/\/staviori.com.pl\/de\/wp-json\/wp\/v2\/product_brand?post=13412"},{"taxonomy":"product_cat","embeddable":true,"href":"https:\/\/staviori.com.pl\/de\/wp-json\/wp\/v2\/product_cat?post=13412"},{"taxonomy":"product_tag","embeddable":true,"href":"https:\/\/staviori.com.pl\/de\/wp-json\/wp\/v2\/product_tag?post=13412"}],"curies":[{"name":"wp","href":"https:\/\/api.w.org\/{rel}","templated":true}]}}