{"id":13406,"date":"2025-02-24T22:44:33","date_gmt":"2025-02-24T21:44:33","guid":{"rendered":"https:\/\/staviori.com.pl\/product\/bransoletka-z-brylantami-br1753\/"},"modified":"2026-02-11T00:08:23","modified_gmt":"2026-02-10T23:08:23","slug":"bransoletka-z-brylantami-br1753","status":"publish","type":"product","link":"https:\/\/staviori.com.pl\/de\/product\/bransoletka-z-brylantami-br1753\/","title":{"rendered":"Goldarmband mit Diamanten BR1753"},"content":{"rendered":"<p>Model: BR1753<br \/>\nWaga ok. 1,48g<\/p>\n<p>Armband 18 cm.<br \/>\nWei\u00df, Rose Gold 0,585.<br \/>\n11 Diament\u00f3w, szlif brylantowy, o masie 0,06ct, barwa G, czysto\u015b\u0107 SI1.<\/p>\n<p>Wymiary 10&#215;23 mm.<br \/>\nSzeroko\u015b\u0107 3.9 mm.<\/p>\n<p>Produkt dost\u0119pny wy\u0142\u0105cznie na zam\u00f3wienie, czas realizacji ok. 4 tygodnie.<br \/>\nKolory z\u0142ota do wyboru.<\/p>","protected":false},"excerpt":{"rendered":"<p>Subtelna bransoletka z symbolem niesko\u0144czono\u015bci, wykonana z po\u0142\u0105czenia bia\u0142ego i r\u00f3\u017cowego z\u0142ota pr\u00f3by 0,585. Delikatne serduszko wpisane w znak \u221e nadaje ca\u0142o\u015bci wyj\u0105tkowo romantyczny charakter. 11 diament\u00f3w o \u0142\u0105cznej masie 0,06 ct pi\u0119knie po\u0142yskuje przy ka\u017cdym ruchu, dodaj\u0105c blasku i elegancji. Idealny wyb\u00f3r na prezent pe\u0142en symboliki mi\u0142o\u015bci i wieczno\u015bci.<\/p>\n<p>https:\/\/www.youtube.com\/watch?v=EMs-rF_SYNQ<\/p>","protected":false},"featured_media":731,"comment_status":"closed","ping_status":"closed","template":"","meta":{"om_disable_all_campaigns":false},"product_brand":[2284],"product_cat":[1839,43,1838],"product_tag":[6228,6230,6224,2275,2547,6206,6227,6229,6225,6226],"class_list":{"0":"post-13406","1":"product","2":"type-product","3":"status-publish","4":"has-post-thumbnail","6":"product_brand-staviori","7":"product_cat-bransoletka-z-brylantami","8":"product_cat-bransoletki","9":"product_cat-diamenty","10":"product_tag-armband-gold-diamanten","11":"product_tag-bizuteria-zlota-z-diamentami","12":"product_tag-bransoletka-nieskonczonosc","13":"product_tag-bransoletka-z-diamentami","14":"product_tag-bransoletka-zlota","15":"product_tag-diamond-bracelet","16":"product_tag-infinity-bracelet","17":"product_tag-naramek-zlato-diamanty","18":"product_tag-zloto-biale-585","19":"product_tag-zloto-rozowe-585","20":"pa_barwa-g-2","21":"pa_czystosc-si1","22":"pa_dostawca-estrella","23":"pa_kamien-diamenty","24":"pa_kolor-biale","25":"pa_kruszec-zloto","26":"pa_motyw-nieskonczonosc","27":"pa_motyw-serce","28":"pa_proba-0-585","29":"pa_rozmiar-18cm","30":"pa_szerokosc-3-9mm","31":"pa_szlif-brylantowy-okragly","32":"pa_waga-1-48g","33":"pa_wymiary-10x23mm","35":"first","36":"onbackorder","37":"purchasable","38":"product-type-simple"},"aioseo_notices":[],"_links":{"self":[{"href":"https:\/\/staviori.com.pl\/de\/wp-json\/wp\/v2\/product\/13406","targetHints":{"allow":["GET"]}}],"collection":[{"href":"https:\/\/staviori.com.pl\/de\/wp-json\/wp\/v2\/product"}],"about":[{"href":"https:\/\/staviori.com.pl\/de\/wp-json\/wp\/v2\/types\/product"}],"replies":[{"embeddable":true,"href":"https:\/\/staviori.com.pl\/de\/wp-json\/wp\/v2\/comments?post=13406"}],"wp:featuredmedia":[{"embeddable":true,"href":"https:\/\/staviori.com.pl\/de\/wp-json\/wp\/v2\/media\/731"}],"wp:attachment":[{"href":"https:\/\/staviori.com.pl\/de\/wp-json\/wp\/v2\/media?parent=13406"}],"wp:term":[{"taxonomy":"product_brand","embeddable":true,"href":"https:\/\/staviori.com.pl\/de\/wp-json\/wp\/v2\/product_brand?post=13406"},{"taxonomy":"product_cat","embeddable":true,"href":"https:\/\/staviori.com.pl\/de\/wp-json\/wp\/v2\/product_cat?post=13406"},{"taxonomy":"product_tag","embeddable":true,"href":"https:\/\/staviori.com.pl\/de\/wp-json\/wp\/v2\/product_tag?post=13406"}],"curies":[{"name":"wp","href":"https:\/\/api.w.org\/{rel}","templated":true}]}}