{"id":13394,"date":"2025-02-24T22:44:33","date_gmt":"2025-02-24T21:44:33","guid":{"rendered":"https:\/\/staviori.com.pl\/product\/srebrna-bransoletka-bdm3236\/"},"modified":"2026-02-11T00:08:23","modified_gmt":"2026-02-10T23:08:23","slug":"srebrna-bransoletka-bdm3236","status":"publish","type":"product","link":"https:\/\/staviori.com.pl\/de\/product\/srebrna-bransoletka-bdm3236\/","title":{"rendered":"Silberarmband mit Markasiten - BDM3236"},"content":{"rendered":"<p>Model: BDM3236<br \/>\nWaga ok. 13,75g<\/p>\n<p>Armband 19 cm.<br \/>\n0,925 rhodiniertes Silber.<br \/>\nMarkasiten.<br \/>\nSzeroko\u015b\u0107 4.15 mm.<\/p>","protected":false},"excerpt":{"rendered":"<p>Elegancka bransoletka z rodowanego srebra pr\u00f3by 0,925, wysadzana subtelnymi markazytami. Ich delikatny, metaliczny blask harmonizuje ze srebrn\u0105 opraw\u0105, tworz\u0105c wyrafinowany, lekko retro styl. Smuk\u0142a forma i finezyjny po\u0142ysk kamieni sprawiaj\u0105, \u017ce bi\u017cuteria znakomicie dope\u0142ni zar\u00f3wno codzienne, jak i wieczorowe stylizacje.<\/p>","protected":false},"featured_media":692,"comment_status":"closed","ping_status":"closed","template":"","meta":{"om_disable_all_campaigns":false},"product_brand":[2284],"product_cat":[43,1392,2421,1863,1817],"product_tag":[2429,2293,2428,1401,2425,2332,2427,2426],"class_list":{"0":"post-13394","1":"product","2":"type-product","3":"status-publish","4":"has-post-thumbnail","6":"product_brand-staviori","7":"product_cat-bransoletki","8":"product_cat-damskie","9":"product_cat-meskie","10":"product_cat-srebrna-bransoletka","11":"product_cat-srebro-2","12":"product_tag-bdm3236","13":"product_tag-bizuteria-na-zamowienie","14":"product_tag-bizuteria-srebrna","15":"product_tag-bransoletka","16":"product_tag-markazyty","17":"product_tag-prezent","18":"product_tag-srebro-925","19":"product_tag-srebro-rodowane","20":"pa_barwa-70","21":"pa_kamien-markazyty","22":"pa_kruszec-srebro","23":"pa_kruszec-srebro-rodowane","24":"pa_proba-0-925","25":"pa_rozmiar-19cm","26":"pa_szerokosc-4-15mm","27":"pa_waga-13-75g","29":"first","30":"instock","31":"purchasable","32":"product-type-simple"},"aioseo_notices":[],"_links":{"self":[{"href":"https:\/\/staviori.com.pl\/de\/wp-json\/wp\/v2\/product\/13394","targetHints":{"allow":["GET"]}}],"collection":[{"href":"https:\/\/staviori.com.pl\/de\/wp-json\/wp\/v2\/product"}],"about":[{"href":"https:\/\/staviori.com.pl\/de\/wp-json\/wp\/v2\/types\/product"}],"replies":[{"embeddable":true,"href":"https:\/\/staviori.com.pl\/de\/wp-json\/wp\/v2\/comments?post=13394"}],"wp:featuredmedia":[{"embeddable":true,"href":"https:\/\/staviori.com.pl\/de\/wp-json\/wp\/v2\/media\/692"}],"wp:attachment":[{"href":"https:\/\/staviori.com.pl\/de\/wp-json\/wp\/v2\/media?parent=13394"}],"wp:term":[{"taxonomy":"product_brand","embeddable":true,"href":"https:\/\/staviori.com.pl\/de\/wp-json\/wp\/v2\/product_brand?post=13394"},{"taxonomy":"product_cat","embeddable":true,"href":"https:\/\/staviori.com.pl\/de\/wp-json\/wp\/v2\/product_cat?post=13394"},{"taxonomy":"product_tag","embeddable":true,"href":"https:\/\/staviori.com.pl\/de\/wp-json\/wp\/v2\/product_tag?post=13394"}],"curies":[{"name":"wp","href":"https:\/\/api.w.org\/{rel}","templated":true}]}}