{"id":13390,"date":"2025-02-24T22:44:33","date_gmt":"2025-02-24T21:44:33","guid":{"rendered":"https:\/\/staviori.com.pl\/product\/srebrna-bransoletka-bdm2866\/"},"modified":"2026-02-11T00:08:23","modified_gmt":"2026-02-10T23:08:23","slug":"srebrna-bransoletka-bdm2866","status":"publish","type":"product","link":"https:\/\/staviori.com.pl\/de\/product\/srebrna-bransoletka-bdm2866\/","title":{"rendered":"Silberarmband mit Markasiten und Perlmutt - BDM2866"},"content":{"rendered":"<p>Model: BDM2866<br \/>\nWaga ok. 30,35g<\/p>\n<p>Armband 18 cm.<br \/>\n0,925 rhodiniertes Silber.<br \/>\nMarkasiten.<br \/>\nMasa Per\u0142owa.<br \/>\nSzeroko\u015b\u0107 13.2 mm.<\/p>","protected":false},"excerpt":{"rendered":"<p>Pi\u0119kna bransoleta wykonana z rodowanego srebra pr\u00f3by 0,925, zdobiona po\u0142yskuj\u0105cymi markazytami i subtelnymi akcentami masy per\u0142owej. Geometryczne ogniwa tworz\u0105 lekk\u0105, a\u017curow\u0105 form\u0119, kt\u00f3ra pi\u0119knie eksponuje ciemny, metaliczny blask kamieni i per\u0142owy po\u0142ysk. To uniwersalny dodatek, \u0142\u0105cz\u0105cy w sobie minimalistyczn\u0105 elegancj\u0119 i ponadczasowy styl, idealny zar\u00f3wno na co dzie\u0144, jak i na specjalne okazje<\/p>","protected":false},"featured_media":649,"comment_status":"closed","ping_status":"closed","template":"","meta":{"om_disable_all_campaigns":false},"product_brand":[2284],"product_cat":[43,1392,1863,1817],"product_tag":[2434,2293,2428,1401,2425,2433,2332,2427,2426],"class_list":{"0":"post-13390","1":"product","2":"type-product","3":"status-publish","4":"has-post-thumbnail","6":"product_brand-staviori","7":"product_cat-bransoletki","8":"product_cat-damskie","9":"product_cat-srebrna-bransoletka","10":"product_cat-srebro-2","11":"product_tag-bdm2866","12":"product_tag-bizuteria-na-zamowienie","13":"product_tag-bizuteria-srebrna","14":"product_tag-bransoletka","15":"product_tag-markazyty","16":"product_tag-masa-perlowa","17":"product_tag-prezent","18":"product_tag-srebro-925","19":"product_tag-srebro-rodowane","20":"pa_kamien-markazyty","21":"pa_kruszec-srebro-rodowane","22":"pa_proba-0-925","23":"pa_rozmiar-18cm","24":"pa_szerokosc-13-2mm","25":"pa_waga-30-35g","27":"first","28":"instock","29":"taxable","30":"shipping-taxable","31":"purchasable","32":"product-type-simple"},"aioseo_notices":[],"_links":{"self":[{"href":"https:\/\/staviori.com.pl\/de\/wp-json\/wp\/v2\/product\/13390","targetHints":{"allow":["GET"]}}],"collection":[{"href":"https:\/\/staviori.com.pl\/de\/wp-json\/wp\/v2\/product"}],"about":[{"href":"https:\/\/staviori.com.pl\/de\/wp-json\/wp\/v2\/types\/product"}],"replies":[{"embeddable":true,"href":"https:\/\/staviori.com.pl\/de\/wp-json\/wp\/v2\/comments?post=13390"}],"wp:featuredmedia":[{"embeddable":true,"href":"https:\/\/staviori.com.pl\/de\/wp-json\/wp\/v2\/media\/649"}],"wp:attachment":[{"href":"https:\/\/staviori.com.pl\/de\/wp-json\/wp\/v2\/media?parent=13390"}],"wp:term":[{"taxonomy":"product_brand","embeddable":true,"href":"https:\/\/staviori.com.pl\/de\/wp-json\/wp\/v2\/product_brand?post=13390"},{"taxonomy":"product_cat","embeddable":true,"href":"https:\/\/staviori.com.pl\/de\/wp-json\/wp\/v2\/product_cat?post=13390"},{"taxonomy":"product_tag","embeddable":true,"href":"https:\/\/staviori.com.pl\/de\/wp-json\/wp\/v2\/product_tag?post=13390"}],"curies":[{"name":"wp","href":"https:\/\/api.w.org\/{rel}","templated":true}]}}