{"id":13389,"date":"2025-02-24T22:44:33","date_gmt":"2025-02-24T21:44:33","guid":{"rendered":"https:\/\/staviori.com.pl\/product\/srebrna-bransoletka-bdm0454j\/"},"modified":"2026-02-11T00:08:23","modified_gmt":"2026-02-10T23:08:23","slug":"srebrna-bransoletka-bdm0454j","status":"publish","type":"product","link":"https:\/\/staviori.com.pl\/de\/product\/srebrna-bransoletka-bdm0454j\/","title":{"rendered":"Silberarmband mit Jade und Markasiten - BDM0454J"},"content":{"rendered":"<p>Model: BDM0454J<br \/>\nWaga ok. 70g<\/p>\n<p>Bransoleta 18 lub 19cm   ( mo\u017cliwo\u015b\u0107 zam\u00f3wienia w dowolnym rozmiarze )<br \/>\n0,925 Silber.<br \/>\nJadeit  ( pochodzenie: Indie )<br \/>\nMarkasiten.<br \/>\n12 mm breit.<br \/>\nGrubo\u015b\u0107 8 mm.<\/p>\n<p><strong>Produkt nur auf Anfrage erh\u00e4ltlich, Vorlaufzeit ca. 5 Wochen.<\/strong><\/p>","protected":false},"excerpt":{"rendered":"<p>Wyj\u0105tkowa bransoleta wykonana z naturalnego jadeitu w intensywnie zielonym kolorze, ozdobiona markazytami osadzonymi w srebrze pr\u00f3by 0,925. R\u0119cznie zdobione, misternie wykonane detale nadaj\u0105 jej niezwykle artystycznego charakteru. Po\u0142\u0105czenie elegancji srebra i szlachetnego jadeitu sprawia, \u017ce jest to bi\u017cuteria, kt\u00f3ra przyci\u0105ga spojrzenia i podkre\u015bla indywidualny styl.<\/p>","protected":false},"featured_media":637,"comment_status":"closed","ping_status":"closed","template":"","meta":{"om_disable_all_campaigns":false},"product_brand":[2284],"product_cat":[43,1392,6752,1863,1817],"product_tag":[6235,2436,2295,6231,2630,6232,6233,2435,2425,6236,6234,2427,6237],"class_list":{"0":"post-13389","1":"product","2":"type-product","3":"status-publish","4":"has-post-thumbnail","6":"product_brand-staviori","7":"product_cat-bransoletki","8":"product_cat-damskie","9":"product_cat-kolekcja-staviori-must-have","10":"product_cat-srebrna-bransoletka","11":"product_cat-srebro-2","12":"product_tag-armband-jade-silber","13":"product_tag-bdm0454j","14":"product_tag-bransoleta","15":"product_tag-bransoletka-jadeitowa","16":"product_tag-bransoletka-srebrna","17":"product_tag-bransoletka-z-markazytami","18":"product_tag-jade-bracelet","19":"product_tag-jadeit","20":"product_tag-markazyty","21":"product_tag-naramek-jadeit-stribro","22":"product_tag-silver-jade-jewelry","23":"product_tag-srebro-925","24":"product_tag-zielona-bransoletka-z-jadeitu","25":"pa_grubosc-8mm","26":"pa_kamien-jadeit","27":"pa_kamien-markazyty","28":"pa_kruszec-srebro","29":"pa_proba-0-925","30":"pa_rozmiar-18cm","31":"pa_rozmiar-19cm","32":"pa_szerokosc-12mm","33":"pa_waga-70g","35":"first","36":"onbackorder","37":"taxable","38":"shipping-taxable","39":"purchasable","40":"product-type-simple"},"aioseo_notices":[],"_links":{"self":[{"href":"https:\/\/staviori.com.pl\/de\/wp-json\/wp\/v2\/product\/13389","targetHints":{"allow":["GET"]}}],"collection":[{"href":"https:\/\/staviori.com.pl\/de\/wp-json\/wp\/v2\/product"}],"about":[{"href":"https:\/\/staviori.com.pl\/de\/wp-json\/wp\/v2\/types\/product"}],"replies":[{"embeddable":true,"href":"https:\/\/staviori.com.pl\/de\/wp-json\/wp\/v2\/comments?post=13389"}],"wp:featuredmedia":[{"embeddable":true,"href":"https:\/\/staviori.com.pl\/de\/wp-json\/wp\/v2\/media\/637"}],"wp:attachment":[{"href":"https:\/\/staviori.com.pl\/de\/wp-json\/wp\/v2\/media?parent=13389"}],"wp:term":[{"taxonomy":"product_brand","embeddable":true,"href":"https:\/\/staviori.com.pl\/de\/wp-json\/wp\/v2\/product_brand?post=13389"},{"taxonomy":"product_cat","embeddable":true,"href":"https:\/\/staviori.com.pl\/de\/wp-json\/wp\/v2\/product_cat?post=13389"},{"taxonomy":"product_tag","embeddable":true,"href":"https:\/\/staviori.com.pl\/de\/wp-json\/wp\/v2\/product_tag?post=13389"}],"curies":[{"name":"wp","href":"https:\/\/api.w.org\/{rel}","templated":true}]}}