{"id":13372,"date":"2025-02-24T22:44:30","date_gmt":"2025-02-24T21:44:30","guid":{"rendered":"https:\/\/staviori.com.pl\/product\/bizuteria-inwestycyjna-bransoletka-bcd1667\/"},"modified":"2026-02-11T00:08:23","modified_gmt":"2026-02-10T23:08:23","slug":"bizuteria-inwestycyjna-bransoletka-bcd1667","status":"publish","type":"product","link":"https:\/\/staviori.com.pl\/de\/product\/bizuteria-inwestycyjna-bransoletka-bcd1667\/","title":{"rendered":"Exklusiv | Schwarzes Diamant-Schlangenarmband - DDB0279B"},"content":{"rendered":"<p>Model: DDB0279B<br \/>\nWaga ok. 41,00g<\/p>\n<p>Armband 18 cm.<br \/>\nCzarne Z\u0142oto 0,750.<\/p>\n<p>1067 Diament\u00f3w, kolor czarny, szlif brylantowy, o masie 18,87ct.<br \/>\n2 Diamenty bia\u0142e, szlif brylantowy, o masie 0,08ct., barwa G-H, czysto\u015b\u0107 SI1.<\/p>\n<p>Szeroko\u015b\u0107 10 mm.<br \/>\nGrubo\u015b\u0107 6.5-10 mm.<\/p>\n<p><strong>Produkt nur auf Anfrage erh\u00e4ltlich, Vorlaufzeit ca. 5 Wochen.<\/strong><\/p>","protected":false},"excerpt":{"rendered":"<p>Wyj\u0105tkowa bransoleta o formie spiralnie owini\u0119tego w\u0119\u017ca, wykonana z czarnego z\u0142ota pr\u00f3by 0,750 (18 K). Ca\u0142o\u015b\u0107 l\u015bni migotaniem 1 067 czarnych diament\u00f3w o \u0142\u0105cznej masie 18,87 ct, a dwoje bia\u0142ych brylant\u00f3w (0,08 ct, barwa G\u2013H, czysto\u015b\u0107 SI1) subtelnie podkre\u015bla spojrzenie \u201ew\u0119\u017ca\u201d, nadaj\u0105c mu kr\u00f3lewski akcent. Zmys\u0142owy, drapie\u017cny design \u0142\u0105czy nowoczesn\u0105 awangard\u0119 z ponadczasow\u0105 symbolik\u0105, tworz\u0105c bi\u017cuteri\u0119 dla os\u00f3b odwa\u017cnych i ceni\u0105cych unikatowy styl.<\/p>","protected":false},"featured_media":590,"comment_status":"closed","ping_status":"closed","template":"","meta":{"om_disable_all_campaigns":false},"product_brand":[2284],"product_cat":[6893,43,1803],"product_tag":[2338,2293,2407,2295,2301,2319,2405,2406,2280,2332,2283,2341],"class_list":{"0":"post-13372","1":"product","2":"type-product","3":"status-publish","4":"has-post-thumbnail","6":"product_brand-staviori","7":"product_cat-bransoletka","8":"product_cat-bransoletki","9":"product_cat-brylanty-exclusive","10":"product_tag-18k","11":"product_tag-bizuteria-na-zamowienie","12":"product_tag-bizuteria-w-ksztalcie-weza","13":"product_tag-bransoleta","14":"product_tag-brylanty","15":"product_tag-czarne-diamenty","16":"product_tag-czarne-zloto","17":"product_tag-ddb0279b","18":"product_tag-luksusowa-bizuteria","19":"product_tag-prezent","20":"product_tag-waz","21":"product_tag-zloto-750","22":"pa_barwa-70","23":"pa_grubosc-6-5-10mm","24":"pa_kamien-biale-diamenty","25":"pa_kamien-czarne-diamenty","26":"pa_kolor-biale","27":"pa_kolor-czarne","28":"pa_kruszec-zloto","29":"pa_proba-0-750","30":"pa_rozmiar-18cm","31":"pa_szerokosc-10mm","32":"pa_waga-41-00g","34":"first","35":"onbackorder","36":"taxable","37":"shipping-taxable","38":"purchasable","39":"product-type-simple"},"aioseo_notices":[],"_links":{"self":[{"href":"https:\/\/staviori.com.pl\/de\/wp-json\/wp\/v2\/product\/13372","targetHints":{"allow":["GET"]}}],"collection":[{"href":"https:\/\/staviori.com.pl\/de\/wp-json\/wp\/v2\/product"}],"about":[{"href":"https:\/\/staviori.com.pl\/de\/wp-json\/wp\/v2\/types\/product"}],"replies":[{"embeddable":true,"href":"https:\/\/staviori.com.pl\/de\/wp-json\/wp\/v2\/comments?post=13372"}],"wp:featuredmedia":[{"embeddable":true,"href":"https:\/\/staviori.com.pl\/de\/wp-json\/wp\/v2\/media\/590"}],"wp:attachment":[{"href":"https:\/\/staviori.com.pl\/de\/wp-json\/wp\/v2\/media?parent=13372"}],"wp:term":[{"taxonomy":"product_brand","embeddable":true,"href":"https:\/\/staviori.com.pl\/de\/wp-json\/wp\/v2\/product_brand?post=13372"},{"taxonomy":"product_cat","embeddable":true,"href":"https:\/\/staviori.com.pl\/de\/wp-json\/wp\/v2\/product_cat?post=13372"},{"taxonomy":"product_tag","embeddable":true,"href":"https:\/\/staviori.com.pl\/de\/wp-json\/wp\/v2\/product_tag?post=13372"}],"curies":[{"name":"wp","href":"https:\/\/api.w.org\/{rel}","templated":true}]}}