{"id":13371,"date":"2025-02-24T22:44:30","date_gmt":"2025-02-24T21:44:30","guid":{"rendered":"https:\/\/staviori.com.pl\/product\/bizuteria-inwestycyjna-bransoletka-bcd1625\/"},"modified":"2026-02-11T00:08:23","modified_gmt":"2026-02-10T23:08:23","slug":"bizuteria-inwestycyjna-bransoletka-ddb0280","status":"publish","type":"product","link":"https:\/\/staviori.com.pl\/de\/product\/bizuteria-inwestycyjna-bransoletka-ddb0280\/","title":{"rendered":"Exklusiv | Schwarzes Armband mit schwarzen Diamanten - DDB0280"},"content":{"rendered":"<p>Model: DDB0280<br \/>\nWaga ok. 69,00g<\/p>\n<p>Armband 18 cm.<br \/>\nCzarne Z\u0142oto 0,750.<br \/>\n1842 Czarne diamenty, szlif brylantowy, o masie 16,80ct.<\/p>\n<p>Szeroko\u015b\u0107 5.5 mm.<\/p>\n<p><strong>Produkt dost\u0119pny wy\u0142\u0105cznie na zam\u00f3wienie, czas realizacji ok. 5 tygodnie.<\/strong><\/p>","protected":false},"excerpt":{"rendered":"<p>Zmys\u0142owa bransoleta z czarnego z\u0142ota pr\u00f3by 0,750, wysadzana 1 842 czarnymi diamentami o \u0142\u0105cznej masie 16,80 ct. Misternie wykonane ogniwa tworz\u0105 nowoczesn\u0105, \u0142a\u0144cuchow\u0105 form\u0119, w kt\u00f3rej g\u0142\u0119boka czer\u0144 metalu i kamieni \u0142\u0105czy si\u0119 w hipnotyzuj\u0105cy, monochromatyczny efekt. To wyrafinowany dodatek dla os\u00f3b ceni\u0105cych odwa\u017cny, awangardowy styl.<\/p>","protected":false},"featured_media":578,"comment_status":"closed","ping_status":"closed","template":"","meta":{"om_disable_all_campaigns":false},"product_brand":[2284],"product_cat":[6893,43,1803],"product_tag":[2338,2295,2319,2405,2404,2280,2332,2341],"class_list":{"0":"post-13371","1":"product","2":"type-product","3":"status-publish","4":"has-post-thumbnail","6":"product_brand-staviori","7":"product_cat-bransoletka","8":"product_cat-bransoletki","9":"product_cat-brylanty-exclusive","10":"product_tag-18k","11":"product_tag-bransoleta","12":"product_tag-czarne-diamenty","13":"product_tag-czarne-zloto","14":"product_tag-ddb0280","15":"product_tag-luksusowa-bizuteria","16":"product_tag-prezent","17":"product_tag-zloto-750","18":"pa_barwa-70","19":"pa_kamien-diamenty","20":"pa_kamien-czarne-diamenty","21":"pa_kolor-biale","22":"pa_kolor-czarne","23":"pa_kruszec-zloto","24":"pa_proba-0-750","25":"pa_rozmiar-18cm","26":"pa_szerokosc-5-5mm","27":"pa_waga-69-00g","29":"first","30":"onbackorder","31":"taxable","32":"shipping-taxable","33":"purchasable","34":"product-type-simple"},"aioseo_notices":[],"_links":{"self":[{"href":"https:\/\/staviori.com.pl\/de\/wp-json\/wp\/v2\/product\/13371","targetHints":{"allow":["GET"]}}],"collection":[{"href":"https:\/\/staviori.com.pl\/de\/wp-json\/wp\/v2\/product"}],"about":[{"href":"https:\/\/staviori.com.pl\/de\/wp-json\/wp\/v2\/types\/product"}],"replies":[{"embeddable":true,"href":"https:\/\/staviori.com.pl\/de\/wp-json\/wp\/v2\/comments?post=13371"}],"wp:featuredmedia":[{"embeddable":true,"href":"https:\/\/staviori.com.pl\/de\/wp-json\/wp\/v2\/media\/578"}],"wp:attachment":[{"href":"https:\/\/staviori.com.pl\/de\/wp-json\/wp\/v2\/media?parent=13371"}],"wp:term":[{"taxonomy":"product_brand","embeddable":true,"href":"https:\/\/staviori.com.pl\/de\/wp-json\/wp\/v2\/product_brand?post=13371"},{"taxonomy":"product_cat","embeddable":true,"href":"https:\/\/staviori.com.pl\/de\/wp-json\/wp\/v2\/product_cat?post=13371"},{"taxonomy":"product_tag","embeddable":true,"href":"https:\/\/staviori.com.pl\/de\/wp-json\/wp\/v2\/product_tag?post=13371"}],"curies":[{"name":"wp","href":"https:\/\/api.w.org\/{rel}","templated":true}]}}