{"id":13365,"date":"2025-02-24T22:44:30","date_gmt":"2025-02-24T21:44:30","guid":{"rendered":"https:\/\/staviori.com.pl\/product\/srebrna-bransoletka-bbs6313\/"},"modified":"2026-03-13T19:31:39","modified_gmt":"2026-03-13T18:31:39","slug":"srebrna-bransoletka-bbs6313","status":"publish","type":"product","link":"https:\/\/staviori.com.pl\/de\/product\/srebrna-bransoletka-bbs6313\/","title":{"rendered":"Silber Armband Tierkreiszeichen Widder"},"content":{"rendered":"<p>Model: BBS6313<br \/>\nWaga ok. 1g<\/p>\n<p>Armband 19 cm.<br \/>\n0,925 rhodiniertes Silber.<br \/>\n\u015arednica 10 mm.<\/p>\n<p>Einstellbare L\u00e4nge 16cm - 19cm.<\/p>\n<p>Bransoletka na czarnym sznurku. Znak zodiaku &#8211; BARAN &#8211; srebrny.<\/p>","protected":false},"excerpt":{"rendered":"<p>Urocza bransoletka na czarnym sznurku, zdobiona rodowanym srebrnym symbolem zodiaku Baran. Regulowana d\u0142ugo\u015b\u0107 od 16 do 19 cm sprawia, \u017ce idealnie dopasujesz j\u0105 do nadgarstka, a subtelny po\u0142ysk srebra nadaje ca\u0142o\u015bci nowoczesny, a zarazem mistyczny charakter. Doskona\u0142a jako osobisty talizman lub oryginalny prezent dla mi\u0142o\u015bnik\u00f3w astrologii.<\/p>","protected":false},"featured_media":566,"comment_status":"closed","ping_status":"closed","template":"","meta":{"om_disable_all_campaigns":false},"product_brand":[2284],"product_cat":[43,1392,2421,1863,1817],"product_tag":[2422,1401,1413,1410,2423],"class_list":{"0":"post-13365","1":"product","2":"type-product","3":"status-publish","4":"has-post-thumbnail","6":"product_brand-staviori","7":"product_cat-bransoletki","8":"product_cat-damskie","9":"product_cat-meskie","10":"product_cat-srebrna-bransoletka","11":"product_cat-srebro-2","12":"product_tag-baran","13":"product_tag-bransoletka","14":"product_tag-srebro","15":"product_tag-sznurek","16":"product_tag-znak-zodiaku","17":"pa_kruszec-srebro-rodowane","18":"pa_proba-0-925","19":"pa_rozmiar-19cm","20":"pa_srednica-10mm","21":"pa_waga-1g","23":"first","24":"outofstock","25":"taxable","26":"shipping-taxable","27":"purchasable","28":"product-type-simple"},"aioseo_notices":[],"_links":{"self":[{"href":"https:\/\/staviori.com.pl\/de\/wp-json\/wp\/v2\/product\/13365","targetHints":{"allow":["GET"]}}],"collection":[{"href":"https:\/\/staviori.com.pl\/de\/wp-json\/wp\/v2\/product"}],"about":[{"href":"https:\/\/staviori.com.pl\/de\/wp-json\/wp\/v2\/types\/product"}],"replies":[{"embeddable":true,"href":"https:\/\/staviori.com.pl\/de\/wp-json\/wp\/v2\/comments?post=13365"}],"wp:featuredmedia":[{"embeddable":true,"href":"https:\/\/staviori.com.pl\/de\/wp-json\/wp\/v2\/media\/566"}],"wp:attachment":[{"href":"https:\/\/staviori.com.pl\/de\/wp-json\/wp\/v2\/media?parent=13365"}],"wp:term":[{"taxonomy":"product_brand","embeddable":true,"href":"https:\/\/staviori.com.pl\/de\/wp-json\/wp\/v2\/product_brand?post=13365"},{"taxonomy":"product_cat","embeddable":true,"href":"https:\/\/staviori.com.pl\/de\/wp-json\/wp\/v2\/product_cat?post=13365"},{"taxonomy":"product_tag","embeddable":true,"href":"https:\/\/staviori.com.pl\/de\/wp-json\/wp\/v2\/product_tag?post=13365"}],"curies":[{"name":"wp","href":"https:\/\/api.w.org\/{rel}","templated":true}]}}