{"id":13358,"date":"2025-02-24T22:44:27","date_gmt":"2025-02-24T21:44:27","guid":{"rendered":"https:\/\/staviori.com.pl\/product\/bizuteria-inwestycyjna-bransoletka-bbd4005\/"},"modified":"2026-02-11T00:08:23","modified_gmt":"2026-02-10T23:08:23","slug":"bizuteria-inwestycyjna-bransoletka-bbd4005","status":"publish","type":"product","link":"https:\/\/staviori.com.pl\/de\/product\/bizuteria-inwestycyjna-bransoletka-bbd4005\/","title":{"rendered":"Exklusiv | T\u00fcrkis Diamantarmband - DSB0544N"},"content":{"rendered":"<p>Model: DSB0544N<br \/>\nWaga ok. 29,20g<\/p>\n<p>Armband 18 cm.<br \/>\nWei\u00dfgold 0,750.<\/p>\n<p>409 Diament\u00f3w, szlif brylantowy, o masie 3,63ct, barwa G-H, czysto\u015b\u0107 SI1.<br \/>\nEmalia w turkusowym kolorze.<\/p>\n<p>Szeroko\u015b\u0107 12.5 mm.<br \/>\nGrubo\u015b\u0107 8 mm.<\/p>\n<p><strong>Produkt nur auf Anfrage erh\u00e4ltlich, Vorlaufzeit ca. 5 Wochen.<\/strong><\/p>","protected":false},"excerpt":{"rendered":"<p>Zachwycaj\u0105ca bransoleta z 18-karatowego bia\u0142ego z\u0142ota pr\u00f3by 0,750, wysadzana 409 brylantami o \u0142\u0105cznej masie 3,63ct (barwa G\u2013H, czysto\u015b\u0107 SI1). Subtelne prze\u0142amanie blasku diament\u00f3w stanowi turkusowa emalia , dodaj\u0105c bi\u017cuterii artystycznego charakteru. L\u015bnienie kamieni pi\u0119knie koresponduje z g\u0142adko\u015bci\u0105 emalii, tworz\u0105c harmonijn\u0105, luksusow\u0105 kompozycj\u0119 idealn\u0105 do eleganckich stylizacji.<\/p>","protected":false},"featured_media":529,"comment_status":"closed","ping_status":"closed","template":"","meta":{"om_disable_all_campaigns":false},"product_brand":[2284],"product_cat":[6893,43,1803],"product_tag":[2369],"class_list":{"0":"post-13358","1":"product","2":"type-product","3":"status-publish","4":"has-post-thumbnail","6":"product_brand-staviori","7":"product_cat-bransoletka","8":"product_cat-bransoletki","9":"product_cat-brylanty-exclusive","10":"product_tag-dsb0544n","11":"pa_barwa-g-h","12":"pa_czystosc-si1","13":"pa_grubosc-8mm","14":"pa_kamien-diamenty","15":"pa_kamien-brylanty","16":"pa_kamien-emalia","17":"pa_kolor-biale","18":"pa_kruszec-zloto","19":"pa_proba-0-750","20":"pa_szerokosc-12-5mm","21":"pa_waga-29-20g","23":"first","24":"onbackorder","25":"taxable","26":"shipping-taxable","27":"purchasable","28":"product-type-simple"},"aioseo_notices":[],"_links":{"self":[{"href":"https:\/\/staviori.com.pl\/de\/wp-json\/wp\/v2\/product\/13358","targetHints":{"allow":["GET"]}}],"collection":[{"href":"https:\/\/staviori.com.pl\/de\/wp-json\/wp\/v2\/product"}],"about":[{"href":"https:\/\/staviori.com.pl\/de\/wp-json\/wp\/v2\/types\/product"}],"replies":[{"embeddable":true,"href":"https:\/\/staviori.com.pl\/de\/wp-json\/wp\/v2\/comments?post=13358"}],"wp:featuredmedia":[{"embeddable":true,"href":"https:\/\/staviori.com.pl\/de\/wp-json\/wp\/v2\/media\/529"}],"wp:attachment":[{"href":"https:\/\/staviori.com.pl\/de\/wp-json\/wp\/v2\/media?parent=13358"}],"wp:term":[{"taxonomy":"product_brand","embeddable":true,"href":"https:\/\/staviori.com.pl\/de\/wp-json\/wp\/v2\/product_brand?post=13358"},{"taxonomy":"product_cat","embeddable":true,"href":"https:\/\/staviori.com.pl\/de\/wp-json\/wp\/v2\/product_cat?post=13358"},{"taxonomy":"product_tag","embeddable":true,"href":"https:\/\/staviori.com.pl\/de\/wp-json\/wp\/v2\/product_tag?post=13358"}],"curies":[{"name":"wp","href":"https:\/\/api.w.org\/{rel}","templated":true}]}}