{"id":13356,"date":"2025-02-24T22:44:27","date_gmt":"2025-02-24T21:44:27","guid":{"rendered":"https:\/\/staviori.com.pl\/product\/bizuteria-inwestycyjna-bransoletka-bbd3993\/"},"modified":"2026-02-11T00:08:22","modified_gmt":"2026-02-10T23:08:22","slug":"bizuteria-inwestycyjna-bransoletka-bbd3993","status":"publish","type":"product","link":"https:\/\/staviori.com.pl\/de\/product\/bizuteria-inwestycyjna-bransoletka-bbd3993\/","title":{"rendered":"Exklusives | wundersch\u00f6nes Armband mit Diamanten aus 18 Karat Wei\u00dfgold"},"content":{"rendered":"<p>Model: BBD3993<br \/>\nWaga ok. 56,39g<\/p>\n<p>Bransoleta 18cm.<br \/>\nWei\u00dfgold 0,750.<br \/>\n1554 Diamenty, szlif brylantowy, o masie 16,18ct, barwa G-H, czysto\u015b\u0107 SI1.<\/p>\n<p>Szeroko\u015b\u0107 14.6-16 mm.<br \/>\nGrubo\u015b\u0107 6.3 mm.<\/p>\n<p>Produkt nur auf Anfrage erh\u00e4ltlich, Vorlaufzeit ca. 5 Wochen.<\/p>","protected":false},"excerpt":{"rendered":"<p>Ekskluzywna bransoleta wykonana z 18-karatowego bia\u0142ego z\u0142ota, w ca\u0142o\u015bci wysadzana a\u017c 1554 diamentami o \u0142\u0105cznej masie 16,18 ct. Mocne, masywne ogniwa w nowoczesnym splocie prezentuj\u0105 si\u0119 niezwykle okazale, a niezliczona ilo\u015b\u0107 brylant\u00f3w tworzy spektakularn\u0105 gr\u0119 \u015bwiate\u0142. To bi\u017cuteria, kt\u00f3ra zachwyca luksusem i kunsztem jubilerskim, b\u0119d\u0105c wyrazem elegancji i presti\u017cu. Doskona\u0142y wyb\u00f3r dla os\u00f3b, kt\u00f3re pragn\u0105 podkre\u015bli\u0107 sw\u00f3j wyj\u0105tkowy styl.<\/p>","protected":false},"featured_media":523,"comment_status":"closed","ping_status":"closed","template":"","meta":{"om_disable_all_campaigns":false},"product_brand":[2284],"product_cat":[6893,43,1803],"product_tag":[6204,2658,6209,2313,6205,6208,6206,2555,3747,6207,6157,6210],"class_list":{"0":"post-13356","1":"product","2":"type-product","3":"status-publish","4":"has-post-thumbnail","6":"product_brand-staviori","7":"product_cat-bransoletka","8":"product_cat-bransoletki","9":"product_cat-brylanty-exclusive","10":"product_tag-bbd3993","11":"product_tag-biale-zloto-750","12":"product_tag-bransoleta-z-bialego-zlota","13":"product_tag-bransoleta-z-diamentami","14":"product_tag-ddb0810","15":"product_tag-diamantarmband","16":"product_tag-diamond-bracelet","17":"product_tag-ekskluzywna-bizuteria","18":"product_tag-luxury-jewelry","19":"product_tag-naramek-s-diamanty","20":"product_tag-schmuck-mit-diamanten","21":"product_tag-sperky-s-diamanty","22":"pa_barwa-g-h","23":"pa_czystosc-si1","24":"pa_dostawca-draco","25":"pa_grubosc-6-3mm","26":"pa_kamien-diamenty","27":"pa_kolor-biale","28":"pa_kruszec-zloto","29":"pa_proba-0-750","30":"pa_rozmiar-18cm","31":"pa_szerokosc-14-6-16mm","32":"pa_waga-56-39g","34":"first","35":"onbackorder","36":"purchasable","37":"product-type-simple"},"aioseo_notices":[],"_links":{"self":[{"href":"https:\/\/staviori.com.pl\/de\/wp-json\/wp\/v2\/product\/13356","targetHints":{"allow":["GET"]}}],"collection":[{"href":"https:\/\/staviori.com.pl\/de\/wp-json\/wp\/v2\/product"}],"about":[{"href":"https:\/\/staviori.com.pl\/de\/wp-json\/wp\/v2\/types\/product"}],"replies":[{"embeddable":true,"href":"https:\/\/staviori.com.pl\/de\/wp-json\/wp\/v2\/comments?post=13356"}],"wp:featuredmedia":[{"embeddable":true,"href":"https:\/\/staviori.com.pl\/de\/wp-json\/wp\/v2\/media\/523"}],"wp:attachment":[{"href":"https:\/\/staviori.com.pl\/de\/wp-json\/wp\/v2\/media?parent=13356"}],"wp:term":[{"taxonomy":"product_brand","embeddable":true,"href":"https:\/\/staviori.com.pl\/de\/wp-json\/wp\/v2\/product_brand?post=13356"},{"taxonomy":"product_cat","embeddable":true,"href":"https:\/\/staviori.com.pl\/de\/wp-json\/wp\/v2\/product_cat?post=13356"},{"taxonomy":"product_tag","embeddable":true,"href":"https:\/\/staviori.com.pl\/de\/wp-json\/wp\/v2\/product_tag?post=13356"}],"curies":[{"name":"wp","href":"https:\/\/api.w.org\/{rel}","templated":true}]}}