{"id":13353,"date":"2025-02-24T22:44:27","date_gmt":"2025-02-24T21:44:27","guid":{"rendered":"https:\/\/staviori.com.pl\/product\/bizuteria-inwestycyjna-bransoletka-bbd3983\/"},"modified":"2026-02-11T00:08:22","modified_gmt":"2026-02-10T23:08:22","slug":"bizuteria-inwestycyjna-bransoletka-bbd3983","status":"publish","type":"product","link":"https:\/\/staviori.com.pl\/de\/product\/bizuteria-inwestycyjna-bransoletka-bbd3983\/","title":{"rendered":"Exklusive | Diamant durchbrochenes Armband - DDB0647"},"content":{"rendered":"<p>Model: DDB0647<br \/>\nWaga ok. 21,35g<\/p>\n<p>Armband 18 cm.<br \/>\nWei\u00dfgold 0,750.<br \/>\n463 Diamenty, szlif brylantowy, o masie 9,15 ct., barwa G-H, czysto\u015b\u0107 SI1.<\/p>\n<p>Korona 12.7 mm.<br \/>\nGrubo\u015b\u0107 3.3 mm.<\/p>\n<p><strong>Produkt nur auf Anfrage erh\u00e4ltlich, Vorlaufzeit ca. 5 Wochen.<\/strong><\/p>","protected":false},"excerpt":{"rendered":"<p>Wyj\u0105tkowa bransoleta z 18-karatowego bia\u0142ego z\u0142ota pr\u00f3by 0,750, wysadzana 463 brylantami o \u0142\u0105cznej masie 9,15 ct (barwa G\u2013H, czysto\u015b\u0107 SI1). Misterny motyw korony, wy\u0142aniaj\u0105cy si\u0119 spo\u015br\u00f3d l\u015bni\u0105cej tafli diament\u00f3w, nadaje bi\u017cuterii kr\u00f3lewski charakter i czyni j\u0105 prawdziwie unikatowym dodatkiem. Idealna do podkre\u015blenia elegancji podczas wyj\u0105tkowych okazji, \u0142\u0105czy w sobie wyszukany design z ponadczasowym blaskiem.<\/p>","protected":false},"featured_media":513,"comment_status":"closed","ping_status":"closed","template":"","meta":{"om_disable_all_campaigns":false},"product_brand":[2284],"product_cat":[6893,43,1803],"product_tag":[2346,2338,2308,2293,2295,2301,2388,2280,2332,2341],"class_list":{"0":"post-13353","1":"product","2":"type-product","3":"status-publish","4":"has-post-thumbnail","6":"product_brand-staviori","7":"product_cat-bransoletka","8":"product_cat-bransoletki","9":"product_cat-brylanty-exclusive","10":"product_tag-18-cm","11":"product_tag-18k","12":"product_tag-biale-zloto","13":"product_tag-bizuteria-na-zamowienie","14":"product_tag-bransoleta","15":"product_tag-brylanty","16":"product_tag-ddb0647","17":"product_tag-luksusowa-bizuteria","18":"product_tag-prezent","19":"product_tag-zloto-750","20":"pa_barwa-g-h","21":"pa_czystosc-si1","22":"pa_grubosc-3-3mm","23":"pa_kamien-diamenty","24":"pa_kamien-brylanty","25":"pa_kolor-biale","26":"pa_kruszec-zloto","27":"pa_proba-0-750","28":"pa_rozmiar-18cm","29":"pa_waga-21-35g","31":"first","32":"onbackorder","33":"taxable","34":"shipping-taxable","35":"purchasable","36":"product-type-simple"},"aioseo_notices":[],"_links":{"self":[{"href":"https:\/\/staviori.com.pl\/de\/wp-json\/wp\/v2\/product\/13353","targetHints":{"allow":["GET"]}}],"collection":[{"href":"https:\/\/staviori.com.pl\/de\/wp-json\/wp\/v2\/product"}],"about":[{"href":"https:\/\/staviori.com.pl\/de\/wp-json\/wp\/v2\/types\/product"}],"replies":[{"embeddable":true,"href":"https:\/\/staviori.com.pl\/de\/wp-json\/wp\/v2\/comments?post=13353"}],"wp:featuredmedia":[{"embeddable":true,"href":"https:\/\/staviori.com.pl\/de\/wp-json\/wp\/v2\/media\/513"}],"wp:attachment":[{"href":"https:\/\/staviori.com.pl\/de\/wp-json\/wp\/v2\/media?parent=13353"}],"wp:term":[{"taxonomy":"product_brand","embeddable":true,"href":"https:\/\/staviori.com.pl\/de\/wp-json\/wp\/v2\/product_brand?post=13353"},{"taxonomy":"product_cat","embeddable":true,"href":"https:\/\/staviori.com.pl\/de\/wp-json\/wp\/v2\/product_cat?post=13353"},{"taxonomy":"product_tag","embeddable":true,"href":"https:\/\/staviori.com.pl\/de\/wp-json\/wp\/v2\/product_tag?post=13353"}],"curies":[{"name":"wp","href":"https:\/\/api.w.org\/{rel}","templated":true}]}}