{"id":13351,"date":"2025-02-24T22:44:27","date_gmt":"2025-02-24T21:44:27","guid":{"rendered":"https:\/\/staviori.com.pl\/product\/bizuteria-inwestycyjna-bransoletka-bbd3981\/"},"modified":"2026-02-11T00:08:22","modified_gmt":"2026-02-10T23:08:22","slug":"bizuteria-inwestycyjna-bransoletka-bbd3981","status":"publish","type":"product","link":"https:\/\/staviori.com.pl\/de\/product\/bizuteria-inwestycyjna-bransoletka-bbd3981\/","title":{"rendered":"Exklusiv | Durchbrochenes sch\u00f6nes Armband mit Diamanten - DDB0661"},"content":{"rendered":"<p>Model: DDB0661<br \/>\nWaga ok. 18,30g<\/p>\n<p>Armband 18 cm.<br \/>\nWei\u00dfgold 0,750.<br \/>\n670 Diament\u00f3w, szlif brylantowy, o masie 3,98ct, barwa G-H, czysto\u015b\u0107 SI1.<br \/>\n72 Diamenty, szlif princessa, o masie 2,98ct, barwa G-H, czysto\u015b\u0107 SI1.<\/p>\n<p>Szeroko\u015b\u0107 16.4 mm.<br \/>\nDicke 3 mm.<\/p>\n<p><strong>Produkt nur auf Anfrage erh\u00e4ltlich, Vorlaufzeit ca. 5 Wochen.<\/strong><\/p>","protected":false},"excerpt":{"rendered":"<p>Wyrafinowana bransoleta z 18-karatowego bia\u0142ego z\u0142ota pr\u00f3by 0,750, w kt\u00f3rej misterny, a\u017curowy wz\u00f3r \u0142uk\u00f3w tworzy eleganck\u0105 siatk\u0119. Z\u0142oto zdobi a\u017c 670 brylant\u00f3w o \u0142\u0105cznej masie 3,98 ct oraz 72 diamenty princess o masie 2,98 ct (barwa G\u2013H, czysto\u015b\u0107 SI1), dzi\u0119ki czemu bi\u017cuteria migocze niczym klejnotowa korona. Artystyczna kompozycja kamieni podkre\u015bla lekko\u015b\u0107 formy, a po\u0142\u0105czenie szlachetnych szlif\u00f3w dodaje ca\u0142o\u015bci nowoczesnego szyku.<\/p>","protected":false},"featured_media":507,"comment_status":"closed","ping_status":"closed","template":"","meta":{"om_disable_all_campaigns":false},"product_brand":[2284],"product_cat":[6893,43,1803],"product_tag":[2338,2308,2293,2295,2301,2400,2401,2280,2341],"class_list":{"0":"post-13351","1":"product","2":"type-product","3":"status-publish","4":"has-post-thumbnail","6":"product_brand-staviori","7":"product_cat-bransoletka","8":"product_cat-bransoletki","9":"product_cat-brylanty-exclusive","10":"product_tag-18k","11":"product_tag-biale-zloto","12":"product_tag-bizuteria-na-zamowienie","13":"product_tag-bransoleta","14":"product_tag-brylanty","15":"product_tag-ddb0661","16":"product_tag-diamenty-princess","17":"product_tag-luksusowa-bizuteria","18":"product_tag-zloto-750","19":"pa_barwa-g-h","20":"pa_czystosc-si1","21":"pa_grubosc-3mm","22":"pa_kamien-diamenty","23":"pa_kamien-biale-diamenty","24":"pa_kamien-brylanty","25":"pa_kamien-diamenty-princessa","26":"pa_kolor-biale","27":"pa_kruszec-zloto","28":"pa_proba-0-750","29":"pa_rozmiar-18cm","30":"pa_szerokosc-16-4mm","31":"pa_waga-18-30g","33":"first","34":"onbackorder","35":"purchasable","36":"product-type-simple"},"aioseo_notices":[],"_links":{"self":[{"href":"https:\/\/staviori.com.pl\/de\/wp-json\/wp\/v2\/product\/13351","targetHints":{"allow":["GET"]}}],"collection":[{"href":"https:\/\/staviori.com.pl\/de\/wp-json\/wp\/v2\/product"}],"about":[{"href":"https:\/\/staviori.com.pl\/de\/wp-json\/wp\/v2\/types\/product"}],"replies":[{"embeddable":true,"href":"https:\/\/staviori.com.pl\/de\/wp-json\/wp\/v2\/comments?post=13351"}],"wp:featuredmedia":[{"embeddable":true,"href":"https:\/\/staviori.com.pl\/de\/wp-json\/wp\/v2\/media\/507"}],"wp:attachment":[{"href":"https:\/\/staviori.com.pl\/de\/wp-json\/wp\/v2\/media?parent=13351"}],"wp:term":[{"taxonomy":"product_brand","embeddable":true,"href":"https:\/\/staviori.com.pl\/de\/wp-json\/wp\/v2\/product_brand?post=13351"},{"taxonomy":"product_cat","embeddable":true,"href":"https:\/\/staviori.com.pl\/de\/wp-json\/wp\/v2\/product_cat?post=13351"},{"taxonomy":"product_tag","embeddable":true,"href":"https:\/\/staviori.com.pl\/de\/wp-json\/wp\/v2\/product_tag?post=13351"}],"curies":[{"name":"wp","href":"https:\/\/api.w.org\/{rel}","templated":true}]}}