{"id":13348,"date":"2025-02-24T22:44:27","date_gmt":"2025-02-24T21:44:27","guid":{"rendered":"https:\/\/staviori.com.pl\/product\/bizuteria-inwestycyjna-bransoletka-bbd3966\/"},"modified":"2026-02-11T00:08:21","modified_gmt":"2026-02-10T23:08:21","slug":"bizuteria-inwestycyjna-bransoletka-bbd3966","status":"publish","type":"product","link":"https:\/\/staviori.com.pl\/de\/product\/bizuteria-inwestycyjna-bransoletka-bbd3966\/","title":{"rendered":"Exklusiv | Sinnliches Diamantarmband - DDB0751"},"content":{"rendered":"<p>Model: DDB0751<br \/>\nWaga ok. 19,00g<\/p>\n<p>Armband 18 cm.<br \/>\nWei\u00dfgold 0,750.<br \/>\n138 Diament\u00f3w, szlif brylantowy, o masie 1,10 ct., barwa G-H, czysto\u015b\u0107 SI1.<br \/>\n42 Diamenty, szlif bagieta, o masie 1,84 ct., barwa G-H, czysto\u015b\u0107 SI1.<\/p>\n<p>Szeroko\u015b\u0107 6.3-4 mm.<br \/>\nGrubo\u015b\u0107 3.6 mm.<\/p>\n<p><strong>Produkt nur auf Anfrage erh\u00e4ltlich, Vorlaufzeit ca. 5 Wochen.<\/strong><\/p>","protected":false},"excerpt":{"rendered":"<p>Zmys\u0142owa bransoleta z 18-karatowego bia\u0142ego z\u0142ota pr\u00f3by 0,750, w kt\u00f3rej misternie zestawiono 42 diamenty bagietkowe i 138 brylant\u00f3w. Diamenty bagietkowe uk\u0142adaj\u0105 si\u0119 w eleganckie, wyd\u0142u\u017cone ogniwa, otoczone migocz\u0105cymi akcentami mniejszych kamieni, co tworzy efekt subtelnej koronki \u015bwietlnej. Ten luksusowy wz\u00f3r doskonale podkre\u015bla blask i wielowymiarowo\u015b\u0107 diament\u00f3w, a smuk\u0142a forma bi\u017cuterii dodaje ca\u0142o\u015bci wyj\u0105tkowej lekko\u015bci i wyrafinowania.<\/p>","protected":false},"featured_media":498,"comment_status":"closed","ping_status":"closed","template":"","meta":{"om_disable_all_campaigns":false},"product_brand":[2284],"product_cat":[6893,43,1803],"product_tag":[2346,2338,2308,2293,2295,2301,2392,2348,2280,2332,2341],"class_list":{"0":"post-13348","1":"product","2":"type-product","3":"status-publish","4":"has-post-thumbnail","6":"product_brand-staviori","7":"product_cat-bransoletka","8":"product_cat-bransoletki","9":"product_cat-brylanty-exclusive","10":"product_tag-18-cm","11":"product_tag-18k","12":"product_tag-biale-zloto","13":"product_tag-bizuteria-na-zamowienie","14":"product_tag-bransoleta","15":"product_tag-brylanty","16":"product_tag-ddb0751","17":"product_tag-diamenty-bagietkowe","18":"product_tag-luksusowa-bizuteria","19":"product_tag-prezent","20":"product_tag-zloto-750","21":"pa_barwa-g-h","22":"pa_czystosc-si1","23":"pa_grubosc-3-6mm","24":"pa_kamien-biale-diamenty","25":"pa_kamien-brylanty","26":"pa_kamien-diamenty-bagietowe","27":"pa_kolor-biale","28":"pa_kruszec-zloto","29":"pa_proba-0-750","30":"pa_rozmiar-18cm","31":"pa_szerokosc-6-3-4mm","32":"pa_waga-19-00g","34":"first","35":"onbackorder","36":"taxable","37":"shipping-taxable","38":"purchasable","39":"product-type-simple"},"aioseo_notices":[],"_links":{"self":[{"href":"https:\/\/staviori.com.pl\/de\/wp-json\/wp\/v2\/product\/13348","targetHints":{"allow":["GET"]}}],"collection":[{"href":"https:\/\/staviori.com.pl\/de\/wp-json\/wp\/v2\/product"}],"about":[{"href":"https:\/\/staviori.com.pl\/de\/wp-json\/wp\/v2\/types\/product"}],"replies":[{"embeddable":true,"href":"https:\/\/staviori.com.pl\/de\/wp-json\/wp\/v2\/comments?post=13348"}],"wp:featuredmedia":[{"embeddable":true,"href":"https:\/\/staviori.com.pl\/de\/wp-json\/wp\/v2\/media\/498"}],"wp:attachment":[{"href":"https:\/\/staviori.com.pl\/de\/wp-json\/wp\/v2\/media?parent=13348"}],"wp:term":[{"taxonomy":"product_brand","embeddable":true,"href":"https:\/\/staviori.com.pl\/de\/wp-json\/wp\/v2\/product_brand?post=13348"},{"taxonomy":"product_cat","embeddable":true,"href":"https:\/\/staviori.com.pl\/de\/wp-json\/wp\/v2\/product_cat?post=13348"},{"taxonomy":"product_tag","embeddable":true,"href":"https:\/\/staviori.com.pl\/de\/wp-json\/wp\/v2\/product_tag?post=13348"}],"curies":[{"name":"wp","href":"https:\/\/api.w.org\/{rel}","templated":true}]}}