{"id":13347,"date":"2025-02-24T22:44:27","date_gmt":"2025-02-24T21:44:27","guid":{"rendered":"https:\/\/staviori.com.pl\/product\/bizuteria-inwestycyjna-bransoletka-bbd3964\/"},"modified":"2026-02-11T00:08:21","modified_gmt":"2026-02-10T23:08:21","slug":"bizuteria-inwestycyjna-bransoletka-bbd3964","status":"publish","type":"product","link":"https:\/\/staviori.com.pl\/de\/product\/bizuteria-inwestycyjna-bransoletka-bbd3964\/","title":{"rendered":"Exklusiv | Wundersch\u00f6nes Diamantschleifenarmband - Staviori"},"content":{"rendered":"<p>Model: DDB0704<br \/>\nWaga ok. 36,40g<\/p>\n<p>Armband 18 cm.<br \/>\nWei\u00dfgold 0,750.<br \/>\n360 Diament\u00f3w, szlif brylantowy, o masie 9,84 ct., barwa G-H, czysto\u015b\u0107 SI1.<\/p>\n<p>Wymiary 50&#215;17 mm.<br \/>\nSzeroko\u015b\u0107 8.6-6.2 mm.<br \/>\nGrubo\u015b\u0107 11.4 mm.<\/p>\n<p><strong>Produkt nur auf Anfrage erh\u00e4ltlich, Vorlaufzeit ca. 5 Wochen.<\/strong><\/p>\n<p>Mo\u017cliwa zmiana koloru z\u0142ota.<\/p>","protected":false},"excerpt":{"rendered":"<p>Urocza bransoleta w kszta\u0142cie kokardy, wykonana z 18-karatowego bia\u0142ego z\u0142ota pr\u00f3by 0,750. Bogato zdobiona 360 brylantami o \u0142\u0105cznej masie 9,84 ct (barwa G\u2013H, czysto\u015b\u0107 SI1), kt\u00f3re subtelnie rozpraszaj\u0105 \u015bwiat\u0142o, nadaj\u0105c projektowi niepowtarzalnej lekko\u015bci i uroku. Motyw kokardy podkre\u015bla kobiec\u0105 delikatno\u015b\u0107 i sprawia, \u017ce bi\u017cuteria staje si\u0119 nie tylko dodatkiem, ale i wyrazem indywidualnego stylu.<\/p>","protected":false},"featured_media":484,"comment_status":"closed","ping_status":"closed","template":"","meta":{"om_disable_all_campaigns":false},"product_brand":[2284],"product_cat":[6893,43,1803],"product_tag":[2338,2308,2293,2295,2301,2390,2391,2280,2332,2341],"class_list":{"0":"post-13347","1":"product","2":"type-product","3":"status-publish","4":"has-post-thumbnail","6":"product_brand-staviori","7":"product_cat-bransoletka","8":"product_cat-bransoletki","9":"product_cat-brylanty-exclusive","10":"product_tag-18k","11":"product_tag-biale-zloto","12":"product_tag-bizuteria-na-zamowienie","13":"product_tag-bransoleta","14":"product_tag-brylanty","15":"product_tag-ddb0704","16":"product_tag-kokarda","17":"product_tag-luksusowa-bizuteria","18":"product_tag-prezent","19":"product_tag-zloto-750","20":"pa_barwa-g-h","21":"pa_czystosc-si1","22":"pa_kamien-diamenty","23":"pa_kamien-brylanty","24":"pa_kolor-biale","25":"pa_kruszec-zloto","26":"pa_proba-0-750","27":"pa_rozmiar-18cm","28":"pa_szerokosc-8-6-6-2mm","29":"pa_waga-36-40g","30":"pa_wymiary-50x17mm","32":"first","33":"onbackorder","34":"taxable","35":"shipping-taxable","36":"purchasable","37":"product-type-simple"},"aioseo_notices":[],"_links":{"self":[{"href":"https:\/\/staviori.com.pl\/de\/wp-json\/wp\/v2\/product\/13347","targetHints":{"allow":["GET"]}}],"collection":[{"href":"https:\/\/staviori.com.pl\/de\/wp-json\/wp\/v2\/product"}],"about":[{"href":"https:\/\/staviori.com.pl\/de\/wp-json\/wp\/v2\/types\/product"}],"replies":[{"embeddable":true,"href":"https:\/\/staviori.com.pl\/de\/wp-json\/wp\/v2\/comments?post=13347"}],"wp:featuredmedia":[{"embeddable":true,"href":"https:\/\/staviori.com.pl\/de\/wp-json\/wp\/v2\/media\/484"}],"wp:attachment":[{"href":"https:\/\/staviori.com.pl\/de\/wp-json\/wp\/v2\/media?parent=13347"}],"wp:term":[{"taxonomy":"product_brand","embeddable":true,"href":"https:\/\/staviori.com.pl\/de\/wp-json\/wp\/v2\/product_brand?post=13347"},{"taxonomy":"product_cat","embeddable":true,"href":"https:\/\/staviori.com.pl\/de\/wp-json\/wp\/v2\/product_cat?post=13347"},{"taxonomy":"product_tag","embeddable":true,"href":"https:\/\/staviori.com.pl\/de\/wp-json\/wp\/v2\/product_tag?post=13347"}],"curies":[{"name":"wp","href":"https:\/\/api.w.org\/{rel}","templated":true}]}}