{"id":13346,"date":"2025-02-24T22:44:27","date_gmt":"2025-02-24T21:44:27","guid":{"rendered":"https:\/\/staviori.com.pl\/product\/bransoletka-z-brylantami-bbd3912\/"},"modified":"2026-02-11T00:08:21","modified_gmt":"2026-02-10T23:08:21","slug":"bransoletka-z-brylantami-bbd3912","status":"publish","type":"product","link":"https:\/\/staviori.com.pl\/de\/product\/bransoletka-z-brylantami-bbd3912\/","title":{"rendered":"Armband mit schwarzen und wei\u00dfen Diamanten BBD3912"},"content":{"rendered":"<p>Model: BBD3912<br \/>\nWaga ok. 6,05g<\/p>\n<p>Armband 18 cm.<br \/>\nWei\u00dfgold 0,585.<br \/>\n46 Diament\u00f3w, kolor czarny, szlif brylantowy, o masie 0,18ct.<\/p>\n<p>Wymiary 9&#215;70 mm.<br \/>\nSzeroko\u015b\u0107 3.9 mm.<br \/>\nKonstrukcja pozwala na regulacj\u0119 d\u0142ugo\u015bci.<\/p>\n<p><strong>Produkt dost\u0119pny wy\u0142\u0105cznie na zam\u00f3wienie, czas realizacji ok. 4 tygodnie.<\/strong><\/p>","protected":false},"excerpt":{"rendered":"<p>Subtelna bransoleta o d\u0142ugo\u015bci 18 cm, wykonana z 14-karatowego bia\u0142ego z\u0142ota pr\u00f3by 0,585. Smuk\u0142e kszta\u0142ty niesko\u0144czono\u015bci ozdobiono 46 czarnymi diamentami w szlifie brylantowym o \u0142\u0105cznej masie 0,18ct. Geometryczne ogniwa o wymiarach 9\u00d770 mm nadaj\u0105 ca\u0142o\u015bci nowoczesny, minimalistyczny charakter. Idealna dla os\u00f3b ceni\u0105cych nieoczywiste akcenty i wyraziste po\u0142\u0105czenia kolorystyczne.<\/p>","protected":false},"featured_media":482,"comment_status":"closed","ping_status":"closed","template":"","meta":{"om_disable_all_campaigns":false},"product_brand":[2284],"product_cat":[1839,43,1838],"product_tag":[2346,2308,2293,2295,2319,2280,2345,2332,2364],"class_list":{"0":"post-13346","1":"product","2":"type-product","3":"status-publish","4":"has-post-thumbnail","6":"product_brand-staviori","7":"product_cat-bransoletka-z-brylantami","8":"product_cat-bransoletki","9":"product_cat-diamenty","10":"product_tag-18-cm","11":"product_tag-biale-zloto","12":"product_tag-bizuteria-na-zamowienie","13":"product_tag-bransoleta","14":"product_tag-czarne-diamenty","15":"product_tag-luksusowa-bizuteria","16":"product_tag-minimalistyczna-bransoleta","17":"product_tag-prezent","18":"product_tag-zloto-585","19":"pa_kamien-diamenty","20":"pa_kamien-biale-diamenty","21":"pa_kamien-brylanty","22":"pa_kamien-czarne-diamenty","23":"pa_kolor-biale","24":"pa_kruszec-zloto","25":"pa_proba-0-585","26":"pa_rozmiar-18cm","27":"pa_szerokosc-3-9mm","28":"pa_waga-6-05g","29":"pa_wymiary-9x70mm","31":"first","32":"onbackorder","33":"taxable","34":"shipping-taxable","35":"purchasable","36":"product-type-simple"},"aioseo_notices":[],"_links":{"self":[{"href":"https:\/\/staviori.com.pl\/de\/wp-json\/wp\/v2\/product\/13346","targetHints":{"allow":["GET"]}}],"collection":[{"href":"https:\/\/staviori.com.pl\/de\/wp-json\/wp\/v2\/product"}],"about":[{"href":"https:\/\/staviori.com.pl\/de\/wp-json\/wp\/v2\/types\/product"}],"replies":[{"embeddable":true,"href":"https:\/\/staviori.com.pl\/de\/wp-json\/wp\/v2\/comments?post=13346"}],"wp:featuredmedia":[{"embeddable":true,"href":"https:\/\/staviori.com.pl\/de\/wp-json\/wp\/v2\/media\/482"}],"wp:attachment":[{"href":"https:\/\/staviori.com.pl\/de\/wp-json\/wp\/v2\/media?parent=13346"}],"wp:term":[{"taxonomy":"product_brand","embeddable":true,"href":"https:\/\/staviori.com.pl\/de\/wp-json\/wp\/v2\/product_brand?post=13346"},{"taxonomy":"product_cat","embeddable":true,"href":"https:\/\/staviori.com.pl\/de\/wp-json\/wp\/v2\/product_cat?post=13346"},{"taxonomy":"product_tag","embeddable":true,"href":"https:\/\/staviori.com.pl\/de\/wp-json\/wp\/v2\/product_tag?post=13346"}],"curies":[{"name":"wp","href":"https:\/\/api.w.org\/{rel}","templated":true}]}}