{"id":13342,"date":"2025-02-24T22:44:22","date_gmt":"2025-02-24T21:44:22","guid":{"rendered":"https:\/\/staviori.com.pl\/product\/bizuteria-inwestycyjna-bransoletka-bbd2521\/"},"modified":"2026-02-11T00:08:21","modified_gmt":"2026-02-10T23:08:21","slug":"bizuteria-inwestycyjna-bransoletka-bbd2521","status":"publish","type":"product","link":"https:\/\/staviori.com.pl\/de\/product\/bizuteria-inwestycyjna-bransoletka-bbd2521\/","title":{"rendered":"Exklusiv | Armband mit schwarzen und wei\u00dfen Diamanten - DDB0437"},"content":{"rendered":"<p>Model: DDB0437<\/p>\n<p>Waga ok. 37,00g<br \/>\nArmband 19 cm.<br \/>\nWei\u00dfgold 0,750.<br \/>\n170 Diament\u00f3w, szlif brylantowy, o masie 1,32ct, barwa G-H.<br \/>\n668 Diament\u00f3w, kolor czarny, szlif brylantowy, o masie 6,00ct.<br \/>\nSzeroko\u015b\u0107 oko\u0142o 11mm.<\/p>\n<p><strong>Produkt dost\u0119pny wy\u0142\u0105cznie na zam\u00f3wienie, czas realizacji ok. 4 tygodnie.<\/strong><\/p>","protected":false},"excerpt":{"rendered":"<p>Model: DDB0437 Waga ok. 37,00g Bransoleta 19 cm. Bia\u0142e Z\u0142oto 0,750. 170 Diament\u00f3w, szlif brylantowy, o masie 1,32ct, barwa G-H. 668 Diament\u00f3w, kolor czarny, szlif brylantowy, o masie 6,00ct. Szeroko\u015b\u0107 oko\u0142o 11mm. Produkt dost\u0119pny wy\u0142\u0105cznie na zam\u00f3wienie, czas realizacji ok. 4 tygodnie.<\/p>","protected":false},"featured_media":468,"comment_status":"closed","ping_status":"closed","template":"","meta":{"om_disable_all_campaigns":false},"product_brand":[2284],"product_cat":[6893,43,1803],"product_tag":[2314,2313,2319,2318,2315,2316],"class_list":{"0":"post-13342","1":"product","2":"type-product","3":"status-publish","4":"has-post-thumbnail","6":"product_brand-staviori","7":"product_cat-bransoletka","8":"product_cat-bransoletki","9":"product_cat-brylanty-exclusive","10":"product_tag-bransoleta-biale-zloto","11":"product_tag-bransoleta-z-diamentami","12":"product_tag-czarne-diamenty","13":"product_tag-ddb0437","14":"product_tag-diamentowa-bizuteria","15":"product_tag-luksusowa-bransoleta","16":"pa_barwa-g-h","17":"pa_kamien-diamentow-diamentow","18":"pa_kolor-biale","19":"pa_kruszec-zloto","20":"pa_proba-0-750","21":"pa_rozmiar-19cm","22":"pa_szerokosc-11mm","23":"pa_waga-37-00g","25":"first","26":"onbackorder","27":"taxable","28":"shipping-taxable","29":"purchasable","30":"product-type-simple"},"aioseo_notices":[],"_links":{"self":[{"href":"https:\/\/staviori.com.pl\/de\/wp-json\/wp\/v2\/product\/13342","targetHints":{"allow":["GET"]}}],"collection":[{"href":"https:\/\/staviori.com.pl\/de\/wp-json\/wp\/v2\/product"}],"about":[{"href":"https:\/\/staviori.com.pl\/de\/wp-json\/wp\/v2\/types\/product"}],"replies":[{"embeddable":true,"href":"https:\/\/staviori.com.pl\/de\/wp-json\/wp\/v2\/comments?post=13342"}],"wp:featuredmedia":[{"embeddable":true,"href":"https:\/\/staviori.com.pl\/de\/wp-json\/wp\/v2\/media\/468"}],"wp:attachment":[{"href":"https:\/\/staviori.com.pl\/de\/wp-json\/wp\/v2\/media?parent=13342"}],"wp:term":[{"taxonomy":"product_brand","embeddable":true,"href":"https:\/\/staviori.com.pl\/de\/wp-json\/wp\/v2\/product_brand?post=13342"},{"taxonomy":"product_cat","embeddable":true,"href":"https:\/\/staviori.com.pl\/de\/wp-json\/wp\/v2\/product_cat?post=13342"},{"taxonomy":"product_tag","embeddable":true,"href":"https:\/\/staviori.com.pl\/de\/wp-json\/wp\/v2\/product_tag?post=13342"}],"curies":[{"name":"wp","href":"https:\/\/api.w.org\/{rel}","templated":true}]}}