{"id":13339,"date":"2025-02-24T22:44:22","date_gmt":"2025-02-24T21:44:22","guid":{"rendered":"https:\/\/staviori.com.pl\/product\/bizuteria-inwestycyjna-bransoletka-bbd2053\/"},"modified":"2026-02-11T00:08:21","modified_gmt":"2026-02-10T23:08:21","slug":"bizuteria-inwestycyjna-bransoletka-bbd2053","status":"publish","type":"product","link":"https:\/\/staviori.com.pl\/de\/product\/bizuteria-inwestycyjna-bransoletka-bbd2053\/","title":{"rendered":"Exklusives Armband aus 750er Wei\u00dfgold mit Diamanten - Modell DDB0001"},"content":{"rendered":"<p>Model: DDB0001<br \/>\nWaga ok. 22,00g<\/p>\n<p>Armband 18 cm.<br \/>\nWei\u00dfgold 0,585.<br \/>\n80 Diament\u00f3w, szlif brylantowy, o masie 2,80 ct., barwa G-H, czysto\u015b\u0107 SI1.<br \/>\nSzeroko\u015b\u0107 30 mm.<\/p>\n<p><strong>Produkt dost\u0119pny wy\u0142\u0105cznie na zam\u00f3wienie, czas realizacji ok. 4 tygodnie.<\/strong><\/p>","protected":false},"excerpt":{"rendered":"<p>Wyj\u0105tkowa a\u017curowa bransoleta o d\u0142ugo\u015bci 18 cm, wykonana z bia\u0142ego z\u0142ota pr\u00f3by 0,585, zdobiona 80 brylantami o \u0142\u0105cznej masie 2,80 ct (barwa G-H, czysto\u015b\u0107 SI1). Szeroka na imponuj\u0105ce 30 mm, zachwyca misternym wzorem i oryginalnym, nietypowym zapi\u0119ciem, kt\u00f3re podkre\u015bla jej artystyczny charakter. Luksusowy model \u0142\u0105czy w sobie tradycj\u0119 jubilersk\u0105 z nowoczesnym designem, idealny na uroczyste okazje.<\/p>","protected":false},"featured_media":16806,"comment_status":"closed","ping_status":"closed","template":"","meta":{"om_disable_all_campaigns":false},"product_brand":[2284],"product_cat":[6893,43,1803],"product_tag":[2302,2300,2295,2301,2305,2304,2280,2303,2291],"class_list":{"0":"post-13339","1":"product","2":"type-product","3":"status-publish","4":"has-post-thumbnail","6":"product_brand-staviori","7":"product_cat-bransoletka","8":"product_cat-bransoletki","9":"product_cat-brylanty-exclusive","10":"product_tag-azurowa","11":"product_tag-biale-zloto-14k","12":"product_tag-bransoleta","13":"product_tag-brylanty","14":"product_tag-ddb0001","15":"product_tag-ekskluzywny-design","16":"product_tag-luksusowa-bizuteria","17":"product_tag-nietypowe-zapiecie","18":"product_tag-prezent-dla-niej","19":"pa_barwa-g-h","20":"pa_czystosc-si1","21":"pa_kamien-diamentow","22":"pa_kolor-biale","23":"pa_kruszec-zloto","24":"pa_proba-0-585","25":"pa_rozmiar-18cm","26":"pa_szerokosc-30mm","27":"pa_waga-22-00g","29":"first","30":"onbackorder","31":"purchasable","32":"product-type-simple"},"aioseo_notices":[],"_links":{"self":[{"href":"https:\/\/staviori.com.pl\/de\/wp-json\/wp\/v2\/product\/13339","targetHints":{"allow":["GET"]}}],"collection":[{"href":"https:\/\/staviori.com.pl\/de\/wp-json\/wp\/v2\/product"}],"about":[{"href":"https:\/\/staviori.com.pl\/de\/wp-json\/wp\/v2\/types\/product"}],"replies":[{"embeddable":true,"href":"https:\/\/staviori.com.pl\/de\/wp-json\/wp\/v2\/comments?post=13339"}],"wp:featuredmedia":[{"embeddable":true,"href":"https:\/\/staviori.com.pl\/de\/wp-json\/wp\/v2\/media\/16806"}],"wp:attachment":[{"href":"https:\/\/staviori.com.pl\/de\/wp-json\/wp\/v2\/media?parent=13339"}],"wp:term":[{"taxonomy":"product_brand","embeddable":true,"href":"https:\/\/staviori.com.pl\/de\/wp-json\/wp\/v2\/product_brand?post=13339"},{"taxonomy":"product_cat","embeddable":true,"href":"https:\/\/staviori.com.pl\/de\/wp-json\/wp\/v2\/product_cat?post=13339"},{"taxonomy":"product_tag","embeddable":true,"href":"https:\/\/staviori.com.pl\/de\/wp-json\/wp\/v2\/product_tag?post=13339"}],"curies":[{"name":"wp","href":"https:\/\/api.w.org\/{rel}","templated":true}]}}