{"id":13337,"date":"2025-02-24T22:44:22","date_gmt":"2025-02-24T21:44:22","guid":{"rendered":"https:\/\/staviori.com.pl\/product\/bizuteria-inwestycyjna-bransoletka-bbd1851\/"},"modified":"2026-02-11T00:08:21","modified_gmt":"2026-02-10T23:08:21","slug":"bizuteria-inwestycyjna-bransoletka-bbd1851","status":"publish","type":"product","link":"https:\/\/staviori.com.pl\/de\/product\/bizuteria-inwestycyjna-bransoletka-bbd1851\/","title":{"rendered":"Exklusiv | Wei\u00dfgoldarmband mit Rubinen und Diamanten - DSB0179"},"content":{"rendered":"<p>Model: DSB0179<br \/>\nGewicht ca. 11,20g<\/p>\n<p>Armband 18 cm.<br \/>\nWei\u00dfgold 0,750.<br \/>\n68 Diament\u00f3w, szlif brylantowy, o masie 0,68 ct., barwa G-H, czysto\u015b\u0107 SI1.<br \/>\n34 Rubiny, o masie 4,73 ct..<br \/>\nSzeroko\u015b\u0107 3.5 mm.<\/p>\n<p><strong>Produkt dost\u0119pny wy\u0142\u0105cznie na zam\u00f3wienie, czas realizacji ok. 4 tygodnie.<\/strong><\/p>","protected":false},"excerpt":{"rendered":"<p>Bransoletka z bia\u0142ego z\u0142ota z rubinami to bi\u017cuteria stworzona z my\u015bl\u0105 o kobietach, kt\u00f3re ceni\u0105 wyrafinowan\u0105 elegancj\u0119. Wykonana z 18-karatowego bia\u0142ego z\u0142ota, ozdobiona zosta\u0142a 34 rubinami o masie 4,73 ct oraz 68 diamentami o \u0142\u0105cznej masie 0,68 ct, kt\u00f3re dodaj\u0105 jej niesamowitego blasku. Subtelna szeroko\u015b\u0107 3,5 mm sprawia, \u017ce bransoletka prezentuje si\u0119 delikatnie i luksusowo zarazem. Bransoletka z bia\u0142ego z\u0142ota z rubinami to wyb\u00f3r idealny na wyj\u0105tkowy prezent lub jako element kolekcji luksusowej bi\u017cuterii.<\/p>","protected":false},"featured_media":430,"comment_status":"closed","ping_status":"closed","template":"","meta":{"om_disable_all_campaigns":false},"product_brand":[2284],"product_cat":[6893,43,1803,1392],"product_tag":[2278,2293,2288,2292,2287,2286,2294,2289,2291,2290],"class_list":{"0":"post-13337","1":"product","2":"type-product","3":"status-publish","4":"has-post-thumbnail","6":"product_brand-staviori","7":"product_cat-bransoletka","8":"product_cat-bransoletki","9":"product_cat-brylanty-exclusive","10":"product_cat-damskie","11":"product_tag-biale-zloto-18k","12":"product_tag-bizuteria-na-zamowienie","13":"product_tag-bizuteria-z-rubinami","14":"product_tag-bransoletka-premium","15":"product_tag-bransoletka-z-bialego-zlota","16":"product_tag-bransoletka-z-rubinami","17":"product_tag-dsb0179","18":"product_tag-ekskluzywna-bransoletka","19":"product_tag-prezent-dla-niej","20":"product_tag-rubiny-i-diamenty","21":"pa_barwa-g-h","22":"pa_czystosc-si1","23":"pa_kamien-diamentow-rubiny","24":"pa_kolor-biale","25":"pa_kruszec-zloto","26":"pa_proba-0-750","27":"pa_rozmiar-18cm","28":"pa_szerokosc-3-5mm","29":"pa_waga-11-20g","31":"first","32":"onbackorder","33":"sold-individually","34":"taxable","35":"shipping-taxable","36":"purchasable","37":"product-type-simple"},"aioseo_notices":[],"_links":{"self":[{"href":"https:\/\/staviori.com.pl\/de\/wp-json\/wp\/v2\/product\/13337","targetHints":{"allow":["GET"]}}],"collection":[{"href":"https:\/\/staviori.com.pl\/de\/wp-json\/wp\/v2\/product"}],"about":[{"href":"https:\/\/staviori.com.pl\/de\/wp-json\/wp\/v2\/types\/product"}],"replies":[{"embeddable":true,"href":"https:\/\/staviori.com.pl\/de\/wp-json\/wp\/v2\/comments?post=13337"}],"wp:featuredmedia":[{"embeddable":true,"href":"https:\/\/staviori.com.pl\/de\/wp-json\/wp\/v2\/media\/430"}],"wp:attachment":[{"href":"https:\/\/staviori.com.pl\/de\/wp-json\/wp\/v2\/media?parent=13337"}],"wp:term":[{"taxonomy":"product_brand","embeddable":true,"href":"https:\/\/staviori.com.pl\/de\/wp-json\/wp\/v2\/product_brand?post=13337"},{"taxonomy":"product_cat","embeddable":true,"href":"https:\/\/staviori.com.pl\/de\/wp-json\/wp\/v2\/product_cat?post=13337"},{"taxonomy":"product_tag","embeddable":true,"href":"https:\/\/staviori.com.pl\/de\/wp-json\/wp\/v2\/product_tag?post=13337"}],"curies":[{"name":"wp","href":"https:\/\/api.w.org\/{rel}","templated":true}]}}