{"id":13335,"date":"2025-02-24T22:44:22","date_gmt":"2025-02-24T21:44:22","guid":{"rendered":"https:\/\/staviori.com.pl\/product\/bizuteria-inwestycyjna-bransoletka-bbd1808\/"},"modified":"2026-02-11T00:08:21","modified_gmt":"2026-02-10T23:08:21","slug":"bizuteria-inwestycyjna-bransoletka-bbd1808","status":"publish","type":"product","link":"https:\/\/staviori.com.pl\/de\/product\/bizuteria-inwestycyjna-bransoletka-bbd1808\/","title":{"rendered":"Exklusiv | Breites Armband mit farbigen Saphiren - DSB0184"},"content":{"rendered":"<p>Model: DSB0184<br \/>\nWaga ok. 64,00g<\/p>\n<p>Armband 18 cm.<br \/>\nWei\u00dfgold 0,750.<br \/>\n1107 Diament\u00f3w, szlif brylantowy, o masie 13,16 ct., barwa G-H, czysto\u015b\u0107 SI1.<br \/>\n38 Szafir\u00f3w r\u00f3\u017cnokolorowych, o masie 17,69 ct..<br \/>\nSzeroko\u015b\u0107 38 mm.<\/p>\n<p><strong>Produkt dost\u0119pny wy\u0142\u0105cznie na zam\u00f3wienie, czas realizacji ok. 4 tygodni<\/strong><\/p>","protected":false},"excerpt":{"rendered":"<p>Model: DSB0184 Waga ok. 64,00g Bransoleta 18 cm. Bia\u0142e Z\u0142oto 0,750. 1107 Diament\u00f3w, szlif brylantowy, o masie 13,16 ct., barwa G-H, czysto\u015b\u0107 SI1. 38 Szafir\u00f3w r\u00f3\u017cnokolorowych, o masie 17,69 ct.. Szeroko\u015b\u0107 38 mm. Produkt dost\u0119pny wy\u0142\u0105cznie na zam\u00f3wienie, czas realizacji ok. 4 tygodni<\/p>","protected":false},"featured_media":420,"comment_status":"closed","ping_status":"closed","template":"","meta":{"om_disable_all_campaigns":false},"product_brand":[2284],"product_cat":[6893,43,1803],"product_tag":[2308,2295,2296,2328,2280,2297,2329],"class_list":{"0":"post-13335","1":"product","2":"type-product","3":"status-publish","4":"has-post-thumbnail","6":"product_brand-staviori","7":"product_cat-bransoletka","8":"product_cat-bransoletki","9":"product_cat-brylanty-exclusive","10":"product_tag-biale-zloto","11":"product_tag-bransoleta","12":"product_tag-diamenty","13":"product_tag-dsb0184","14":"product_tag-luksusowa-bizuteria","15":"product_tag-szafiry","16":"product_tag-szeroki-pasek","17":"pa_barwa-g-h","18":"pa_czystosc-si1","19":"pa_kamien-diamentow-szafirow-roznokolorowych","20":"pa_kolor-biale","21":"pa_kruszec-zloto","22":"pa_proba-0-750","23":"pa_rozmiar-18cm","24":"pa_szerokosc-38mm","25":"pa_waga-64-00g","27":"first","28":"onbackorder","29":"taxable","30":"shipping-taxable","31":"purchasable","32":"product-type-simple"},"aioseo_notices":[],"_links":{"self":[{"href":"https:\/\/staviori.com.pl\/de\/wp-json\/wp\/v2\/product\/13335","targetHints":{"allow":["GET"]}}],"collection":[{"href":"https:\/\/staviori.com.pl\/de\/wp-json\/wp\/v2\/product"}],"about":[{"href":"https:\/\/staviori.com.pl\/de\/wp-json\/wp\/v2\/types\/product"}],"replies":[{"embeddable":true,"href":"https:\/\/staviori.com.pl\/de\/wp-json\/wp\/v2\/comments?post=13335"}],"wp:featuredmedia":[{"embeddable":true,"href":"https:\/\/staviori.com.pl\/de\/wp-json\/wp\/v2\/media\/420"}],"wp:attachment":[{"href":"https:\/\/staviori.com.pl\/de\/wp-json\/wp\/v2\/media?parent=13335"}],"wp:term":[{"taxonomy":"product_brand","embeddable":true,"href":"https:\/\/staviori.com.pl\/de\/wp-json\/wp\/v2\/product_brand?post=13335"},{"taxonomy":"product_cat","embeddable":true,"href":"https:\/\/staviori.com.pl\/de\/wp-json\/wp\/v2\/product_cat?post=13335"},{"taxonomy":"product_tag","embeddable":true,"href":"https:\/\/staviori.com.pl\/de\/wp-json\/wp\/v2\/product_tag?post=13335"}],"curies":[{"name":"wp","href":"https:\/\/api.w.org\/{rel}","templated":true}]}}