{"id":9347,"date":"2023-04-26T19:54:11","date_gmt":"2023-04-26T17:54:11","guid":{"rendered":"https:\/\/staviori.com.pl\/?page_id=9347"},"modified":"2023-04-26T19:55:33","modified_gmt":"2023-04-26T17:55:33","slug":"polityka-cookies","status":"publish","type":"page","link":"https:\/\/staviori.com.pl\/de\/polityka-cookies\/","title":{"rendered":"Cookie-Politik"},"content":{"rendered":"<section class=\"section\" id=\"section_1665063093\">\n\t\t<div class=\"section-bg fill\" >\n\t\t\t\t\t\t\t\t\t\n\t\t\t\n\n\t\t<\/div>\n\n\t\t\n\n\t\t<div class=\"section-content relative\">\n\t\t\t\n\n<div class=\"row align-center\"  id=\"row-851563216\">\n\n\n\t<div id=\"col-1751885038\" class=\"col medium-11 small-12 large-11\"  >\n\t\t\t\t<div class=\"col-inner\"  >\n\t\t\t\n\t\t\t\n\n<h2>Polityka plik\u00f3w &#8222;cookies&#8221;<\/h2>\n<div class=\"is-divider divider clearfix\" ><\/div>\n\n\t<div id=\"text-3495057125\" class=\"text\">\n\t\t\n\n<p>1. Czym s\u0105 pliki \u201ecookies\u201d?<br>Poprzez pliki \u201ecookies\u201d nale\u017cy rozumie\u0107 dane informatyczne, w szczeg\u00f3lno\u015bci pliki tekstowe, przechowywane w urz\u0105dzeniach ko\u0144cowych u\u017cytkownik\u00f3w przeznaczone do korzystania ze stron internetowych. Pliki te pozwalaj\u0105 rozpozna\u0107 urz\u0105dzenie u\u017cytkownika i odpowiednio wy\u015bwietli\u0107 stron\u0119 internetow\u0105 dostosowan\u0105 do jego indywidualnych preferencji. \u201eCookies\u201d zazwyczaj zawieraj\u0105 nazw\u0119 strony internetowej z kt\u00f3rej pochodz\u0105, czas przechowywania ich na urz\u0105dzeniu ko\u0144cowym oraz unikalny numer.<\/p>\n<p>2. Do czego u\u017cywamy plik\u00f3w \u201ecookies\u201d?<br>Pliki \u201ecookies\u201d u\u017cywane s\u0105 w celu dostosowania zawarto\u015bci stron internetowych do preferencji u\u017cytkownika oraz optymalizacji korzystania ze stron internetowych. U\u017cywane s\u0105 r\u00f3wnie\u017c w celu tworzenia anonimowych, zagregowanych statystyk, kt\u00f3re pomagaj\u0105 zrozumie\u0107 w jaki spos\u00f3b u\u017cytkownik korzysta ze stron internetowych co umo\u017cliwia ulepszanie ich struktury i zawarto\u015bci, z wy\u0142\u0105czeniem personalnej identyfikacji u\u017cytkownika.<\/p>\n<p>3. Jakich plik\u00f3w \u201ecookies\u201d u\u017cywamy?<br>Stosowane s\u0105 dwa rodzaje plik\u00f3w \u201ecookies\u201d \u2013 \u201esesyjne\u201d oraz \u201esta\u0142e\u201d. Pierwsze z nich s\u0105 plikami tymczasowymi, kt\u00f3re pozostaj\u0105 na urz\u0105dzeniu u\u017cytkownika, a\u017c do wylogowania ze strony internetowej lub wy\u0142\u0105czenia oprogramowania (przegl\u0105darki internetowej). \u201eSta\u0142e\u201d pliki pozostaj\u0105 na urz\u0105dzeniu u\u017cytkownika przez czas okre\u015blony w parametrach plik\u00f3w \u201ecookies\u201d albo do momentu ich r\u0119cznego usuni\u0119cia przez u\u017cytkownika. Pliki \u201ecookies\u201d wykorzystywane przez partner\u00f3w operatora strony internetowej, w tym w szczeg\u00f3lno\u015bci u\u017cytkownik\u00f3w strony internetowej, podlegaj\u0105 ich w\u0142asnej polityce prywatno\u015bci.<\/p>\n<p>4. Czy pliki \u201ecookies\u201d zawieraj\u0105 dane osobowe<br>Dane osobowe gromadzone przy u\u017cyciu plik\u00f3w \u201ecookies\u201d mog\u0105 by\u0107 zbierane wy\u0142\u0105cznie w celu wykonywania okre\u015blonych funkcji na rzecz u\u017cytkownika. Takie dane s\u0105 zaszyfrowane w spos\u00f3b uniemo\u017cliwiaj\u0105cy dost\u0119p do nich osobom nieuprawnionym.<\/p>\n<p>5. Usuwanie plik\u00f3w \u201ecookies\u201d<br>Standardowo oprogramowanie s\u0142u\u017c\u0105ce do przegl\u0105dania stron internetowych domy\u015blnie dopuszcza umieszczanie plik\u00f3w \u201ecookies\u201d na urz\u0105dzeniu ko\u0144cowym. Ustawienia te mog\u0105 zosta\u0107 zmienione w taki spos\u00f3b, aby blokowa\u0107 automatyczn\u0105 obs\u0142ug\u0119 plik\u00f3w \u201ecookies\u201d w ustawieniach przegl\u0105darki internetowej b\u0105d\u017a informowa\u0107 o ich ka\u017cdorazowym przes\u0142aniu na urz\u0105dzenie u\u017cytkownika. Szczeg\u00f3\u0142owe informacje o mo\u017cliwo\u015bci i sposobach obs\u0142ugi plik\u00f3w \u201ecookies\u201d dost\u0119pne s\u0105 w ustawieniach oprogramowania (przegl\u0105darki internetowej). Ograniczenie stosowania plik\u00f3w \u201ecookies\u201d, mo\u017ce wp\u0142yn\u0105\u0107 na niekt\u00f3re funkcjonalno\u015bci dost\u0119pne na stronie internetowej.<\/p>\n\t\t\n<style>\n#text-3495057125 {\n  font-size: 0.95rem;\n}\n<\/style>\n\t<\/div>\n\t\n\n\t\t<\/div>\n\t\t\t\t\t<\/div>\n\n\t\n\n<\/div>\n\n\t\t<\/div>\n\n\t\t\n<style>\n#section_1665063093 {\n  padding-top: 30px;\n  padding-bottom: 30px;\n}\n<\/style>\n\t<\/section>","protected":false},"excerpt":{"rendered":"","protected":false},"author":1,"featured_media":0,"parent":0,"menu_order":0,"comment_status":"closed","ping_status":"closed","template":"page-blank.php","meta":{"om_disable_all_campaigns":false,"footnotes":""},"class_list":["post-9347","page","type-page","status-publish","hentry"],"aioseo_notices":[],"_links":{"self":[{"href":"https:\/\/staviori.com.pl\/de\/wp-json\/wp\/v2\/pages\/9347","targetHints":{"allow":["GET"]}}],"collection":[{"href":"https:\/\/staviori.com.pl\/de\/wp-json\/wp\/v2\/pages"}],"about":[{"href":"https:\/\/staviori.com.pl\/de\/wp-json\/wp\/v2\/types\/page"}],"author":[{"embeddable":true,"href":"https:\/\/staviori.com.pl\/de\/wp-json\/wp\/v2\/users\/1"}],"replies":[{"embeddable":true,"href":"https:\/\/staviori.com.pl\/de\/wp-json\/wp\/v2\/comments?post=9347"}],"version-history":[{"count":3,"href":"https:\/\/staviori.com.pl\/de\/wp-json\/wp\/v2\/pages\/9347\/revisions"}],"predecessor-version":[{"id":9350,"href":"https:\/\/staviori.com.pl\/de\/wp-json\/wp\/v2\/pages\/9347\/revisions\/9350"}],"wp:attachment":[{"href":"https:\/\/staviori.com.pl\/de\/wp-json\/wp\/v2\/media?parent=9347"}],"curies":[{"name":"wp","href":"https:\/\/api.w.org\/{rel}","templated":true}]}}