{"id":9343,"date":"2023-04-26T19:52:26","date_gmt":"2023-04-26T17:52:26","guid":{"rendered":"https:\/\/staviori.com.pl\/?page_id=9343"},"modified":"2023-04-26T19:54:03","modified_gmt":"2023-04-26T17:54:03","slug":"bezpieczenstwo-zakupow","status":"publish","type":"page","link":"https:\/\/staviori.com.pl\/de\/bezpieczenstwo-zakupow\/","title":{"rendered":"Sicherheit beim Einkaufen"},"content":{"rendered":"<section class=\"section\" id=\"section_103883647\">\n\t\t<div class=\"section-bg fill\" >\n\t\t\t\t\t\t\t\t\t\n\t\t\t\n\n\t\t<\/div>\n\n\t\t\n\n\t\t<div class=\"section-content relative\">\n\t\t\t\n\n<div class=\"row align-center\"  id=\"row-181374077\">\n\n\n\t<div id=\"col-50740050\" class=\"col medium-11 small-12 large-11\"  >\n\t\t\t\t<div class=\"col-inner\"  >\n\t\t\t\n\t\t\t\n\n<h2>Sicherheit beim Einkaufen<\/h2>\n<div class=\"is-divider divider clearfix\" ><\/div>\n\n\t<div id=\"text-2037653357\" class=\"text\">\n\t\t\n\n<p>Die Sicherheit der Zahlungen bei der Nutzung unseres Shops wird von PayU S.A. und PayPal \u00fcberwacht. Da wir Wert auf unsere Glaubw\u00fcrdigkeit legen, werden alle Informationen \u00fcber die von uns angebotenen Produkte, die Bedingungen der Auftragsabwicklung, die Art und Weise der Annahme von R\u00fccksendungen und Reklamationen sowie alle Daten, die unser Unternehmen betreffen, mit gro\u00dfer Zuverl\u00e4ssigkeit und Verantwortung gegeben.<\/p>\n<p>Eink\u00e4ufe, die \u00fcber PayPal und PayU abgewickelt werden, zeichnen sich durch ein H\u00f6chstma\u00df an Sicherheit aus. Modernste Datenverschl\u00fcsselungsmethoden, kombiniert mit einer erstklassigen Hardware-Plattform, garantieren einen zuverl\u00e4ssigen Schutz der durchgef\u00fchrten Transaktionen.<\/p>\n<p>&nbsp;<\/p>\n<h2>PayU<\/h2>\n<p>&nbsp;<\/p>\n<h2>Clearingstelle<\/h2>\n<p>&nbsp;<\/p>\n<p>PayU S.A. wurde durch die Entscheidung des Pr\u00e4sidenten der Polnischen Nationalbank vom 15. Juni 2007 der Status einer Verrechnungsstelle verliehen. Zu diesem Zweck erf\u00fcllte sie eine Reihe von Anforderungen, die im Gesetz \u00fcber elektronische Zahlungsinstrumente (Gesetzblatt vom 11. Oktober 2002, Nr. 169, Pos. 1385, in der ge\u00e4nderten Fassung) im Einzelnen dargelegt sind.<\/p>\n<p>Die Abwicklungsstelle unterliegt der Aufsicht des Pr\u00e4sidenten der Polnischen Nationalbank. Dadurch ist sie verpflichtet, der NBP den aktuellen Stand der Geldabrechnungen zu melden. Die gem\u00e4\u00df den gesetzlichen Anforderungen gemeldeten Informationen sollten unter anderem die Anzahl der H\u00e4ndler, die Anzahl und den Wert der durchgef\u00fchrten Transaktionen sowie die Anzahl der erfolgreichen und erfolglosen Versuche, Transaktionen unter Versto\u00df gegen das Gesetz oder die Regeln des fairen Handels durchzuf\u00fchren (z. B. Transaktionen mit gestohlenen oder verlorenen Zahlungskarten), umfassen.<\/p>\n<p>Die Vertr\u00e4ge, die Gesch\u00e4fte oder Websites mit der Abwicklungsstelle abschlie\u00dfen, garantieren klare Abwicklungsverfahren und gew\u00e4hrleisten die Sicherheit der durchgef\u00fchrten Transaktionen.<\/p>\n<p>&nbsp;<\/p>\n<h2>\u00dcbermittlung von Informationen<\/h2>\n<p>&nbsp;<\/p>\n<p>Die Daten\u00fcbertragung auf den mit Platnosci.pl kooperierenden Webseiten erfolgt \u00fcber das Protokoll SSL EV (Extended Validation Secure Sockets Layer), das den h\u00f6chsten Standard f\u00fcr die Identit\u00e4tsauthentifizierung bietet. Zus\u00e4tzlich ist es m\u00f6glich, die zwischen einem Online-Shop oder -Service und einem Kunden ausgetauschten Informationen zu verschl\u00fcsseln.<\/p>\n<p>&nbsp;<\/p>\n<h2>Schutz vor rechtswidrigen Transaktionen<\/h2>\n<p>&nbsp;<\/p>\n<p>Der Kauf von Waren oder Dienstleistungen mit einer Zahlungskarte ist mit einem hohen Risiko verbunden. PayU S.A. hat viele Jahre Erfahrung mit dieser Art von Zahlungen. Die erworbenen Kenntnisse haben es uns erm\u00f6glicht, die Rate der verd\u00e4chtigen Transaktionen von 40% auf 0,02% zu reduzieren. Infolgedessen k\u00f6nnen wir den Nutzern von Platnosci.pl eine einzigartige Funktionalit\u00e4t anbieten, d.h. eine R\u00fcckbuchungsgarantie, die die finanzielle Haftung f\u00fcr Transaktionen \u00fcbernimmt, die mit gestohlenen oder verlorenen Zahlungskarten durchgef\u00fchrt wurden.<\/p>\n<p>Dar\u00fcber hinaus werden alle von Platnosci.pl abgewickelten Transaktionen von einer spezialisierten Sicherheitsabteilung sowie einem professionellen Benutzerservice \u00fcberwacht und ihre korrekte Abwicklung kontrolliert.<\/p>\n<p>&nbsp;<\/p>\n<h2>3D-Sicherheit<\/h2>\n<p>&nbsp;<\/p>\n<p>Die 3D-Secure-Technologie, die wir zur Zahlungsabwicklung verwenden, hilft uns, die Sicherheit von Online-Transaktionen zu verbessern. Sie basiert auf einer angemessenen \u00dcberpr\u00fcfung der Zahlungskarten vor ihrer Verwendung, bei der der Karteninhaber seine Identit\u00e4t mit einem speziellen Passwort best\u00e4tigt. Die anschlie\u00dfende Autorisierung der Karte erfolgt auf die gleiche Weise wie bei Transaktionen, die nicht durch 3D-Secure-Technologie gesch\u00fctzt sind.<\/p>\n<p>&nbsp;<\/p>\n<h2>PayPal<\/h2>\n<p>&nbsp;<\/p>\n<p>PayPal ist eine der sichersten Zahlungsplattformen der Welt. Mehr als 10 Jahre Erfahrung im Online-Zahlungssektor haben zur Entwicklung effektiver Datenschutzmethoden gef\u00fchrt. Ob Sie nun verkaufen, kaufen oder Geld \u00fcberweisen - Ihre Finanzdaten (Konto- und Kartennummern) sind bei uns sicher, denn sie werden verschl\u00fcsselt auf unseren sicheren Servern gespeichert. So ist sichergestellt, dass Sie diese nicht mit dem Empf\u00e4nger oder Sender der Zahlung teilen m\u00fcssen. F\u00fcr noch mehr Sicherheit werden alle Transaktionen rund um die Uhr von einem Team von Sicherheitsspezialisten \u00fcberwacht. Ihre Aufgabe ist es, verd\u00e4chtige Aktivit\u00e4ten und Verhaltensweisen zu erkennen und unsere Nutzer vor nicht autorisierten Transaktionen zu sch\u00fctzen. Wenn Ihre Transaktion trotz unserer Pr\u00e4ventivma\u00dfnahmen nicht wie geplant abl\u00e4uft oder Sie sich Sorgen um Ihre Online-Sicherheit oder Phishing-Verst\u00f6\u00dfe machen, k\u00f6nnen Sie das Problem einfach melden und Hilfe erhalten. Dar\u00fcber hinaus sind sowohl Verk\u00e4ufer als auch K\u00e4ufer durch ein Schutzprogramm gem\u00e4\u00df den in unseren Richtlinien und der Nutzungsvereinbarung beschriebenen Bestimmungen abgesichert.<\/p>\n<p>&nbsp;<\/p>\n<h2>Schutz der K\u00e4ufer<\/h2>\n<p>&nbsp;<\/p>\n<p>Wenn ein online gekaufter Artikel Sie nicht erreicht hat oder deutlich von der Beschreibung abweicht, erstatten wir Ihnen die Kosten. Der K\u00e4uferschutz gilt f\u00fcr Waren, die bei eBay gekauft wurden, und f\u00fcr Artikel, die online gekauft und \u00fcber PayPal bezahlt wurden. Der Schutz gilt auch f\u00fcr Zahlungen, die \u00fcber PayPal erfolgen.<\/p>\n<p>Welche Sendungen sind gesch\u00fctzt? Der Schutz erstreckt sich auf physische Gegenst\u00e4nde, die per Post verschickt werden k\u00f6nnen und deren Verkauf nicht gesetzlich verboten ist. Beispiele daf\u00fcr, dass ein Artikel, den Sie erhalten haben, erheblich von seiner Beschreibung abweicht, sind: Sie haben ein Buch gekauft und einen Film erhalten, Sie haben einen neuen Artikel gekauft und einen gebrauchten erhalten, Sie haben 3 Artikel bestellt und 2 erhalten, der Artikel wurde bei der Lieferung besch\u00e4digt, dem gelieferten Artikel fehlt ein Teil (wor\u00fcber Sie der Verk\u00e4ufer nicht informiert hat), Sie haben einen Originalartikel gekauft und eine F\u00e4lschung erhalten. Wenn der Verk\u00e4ufer den Artikel korrekt beschrieben hat und Ihre Unzufriedenheit darauf beruht, dass Ihnen der Artikel nicht gef\u00e4llt, gilt der PayPal-Schutz nicht.<\/p>\n<p>Was ist nicht gesch\u00fctzt? Das K\u00e4uferschutzprogramm von PayPal deckt bestimmte Artikel nicht ab, einschlie\u00dflich, aber nicht beschr\u00e4nkt auf: digitale Waren, Dienstleistungen, Fahrzeuge, Sonderanfertigungen und Artikel, die nicht mit unseren Richtlinien oder geltenden Gesetzen \u00fcbereinstimmen. Der Schutz gilt nicht f\u00fcr Artikel, die pers\u00f6nlich (nicht online) gekauft wurden, oder f\u00fcr Geld, das an Verwandte oder Freunde geschickt wurde.<\/p>\n<p>Wie funktioniert das Schutzverfahren? Um das K\u00e4uferschutzverfahren einzuleiten, m\u00fcssen Sie innerhalb von 45 Tagen nach dem Versand der Zahlung einen Streitfall er\u00f6ffnen. Wenn der Verk\u00e4ufer Ihnen keine zufriedenstellende L\u00f6sung anbietet, m\u00fcssen Sie die Streitigkeit in eine Forderung umwandeln. Daf\u00fcr haben Sie 20 Tage ab dem Zeitpunkt, an dem Sie den Streitfall er\u00f6ffnen, Zeit. Indem Sie die Streitigkeit in eine Forderung umwandeln, erkennen Sie an, dass es unm\u00f6glich ist, eine g\u00fctliche L\u00f6sung zu finden, und bitten PayPal, die Angelegenheit zu kl\u00e4ren. Nachdem wir die Situation gepr\u00fcft haben, treffen wir eine Entscheidung auf der Grundlage der von uns gesammelten Informationen und der PayPal-Richtlinien.<\/p>\n\n\t\t\n<style>\n#text-2037653357 {\n  font-size: 0.95rem;\n}\n<\/style>\n\t<\/div>\n\t\n\n\t\t<\/div>\n\t\t\t\t\t<\/div>\n\n\t\n\n<\/div>\n\n\t\t<\/div>\n\n\t\t\n<style>\n#section_103883647 {\n  padding-top: 30px;\n  padding-bottom: 30px;\n}\n<\/style>\n\t<\/section>","protected":false},"excerpt":{"rendered":"","protected":false},"author":1,"featured_media":0,"parent":0,"menu_order":0,"comment_status":"closed","ping_status":"closed","template":"page-blank.php","meta":{"om_disable_all_campaigns":false,"footnotes":""},"class_list":["post-9343","page","type-page","status-publish","hentry"],"aioseo_notices":[],"_links":{"self":[{"href":"https:\/\/staviori.com.pl\/de\/wp-json\/wp\/v2\/pages\/9343","targetHints":{"allow":["GET"]}}],"collection":[{"href":"https:\/\/staviori.com.pl\/de\/wp-json\/wp\/v2\/pages"}],"about":[{"href":"https:\/\/staviori.com.pl\/de\/wp-json\/wp\/v2\/types\/page"}],"author":[{"embeddable":true,"href":"https:\/\/staviori.com.pl\/de\/wp-json\/wp\/v2\/users\/1"}],"replies":[{"embeddable":true,"href":"https:\/\/staviori.com.pl\/de\/wp-json\/wp\/v2\/comments?post=9343"}],"version-history":[{"count":3,"href":"https:\/\/staviori.com.pl\/de\/wp-json\/wp\/v2\/pages\/9343\/revisions"}],"predecessor-version":[{"id":9346,"href":"https:\/\/staviori.com.pl\/de\/wp-json\/wp\/v2\/pages\/9343\/revisions\/9346"}],"wp:attachment":[{"href":"https:\/\/staviori.com.pl\/de\/wp-json\/wp\/v2\/media?parent=9343"}],"curies":[{"name":"wp","href":"https:\/\/api.w.org\/{rel}","templated":true}]}}