{"id":9334,"date":"2023-04-26T19:45:44","date_gmt":"2023-04-26T17:45:44","guid":{"rendered":"https:\/\/staviori.com.pl\/?page_id=9334"},"modified":"2025-11-30T17:44:14","modified_gmt":"2025-11-30T16:44:14","slug":"polityka-prywatnosci","status":"publish","type":"page","link":"https:\/\/staviori.com.pl\/de\/polityka-prywatnosci\/","title":{"rendered":"Datenschutzbestimmungen"},"content":{"rendered":"<section class=\"section\" id=\"section_949604450\">\n\t\t<div class=\"section-bg fill\" >\n\t\t\t\t\t\t\t\t\t\n\t\t\t\n\n\t\t<\/div>\n\n\t\t\n\n\t\t<div class=\"section-content relative\">\n\t\t\t\n\n<div class=\"row align-center\"  id=\"row-60195854\">\n\n\n\t<div id=\"col-1234087718\" class=\"col medium-11 small-12 large-11\"  >\n\t\t\t\t<div class=\"col-inner\"  >\n\t\t\t\n\t\t\t\n\n<h2>Datenschutzbestimmungen<\/h2>\n<div class=\"is-divider divider clearfix\" ><\/div>\n\n\t<div id=\"text-1149245219\" class=\"text\">\n\t\t\n\n<p>Die Sicherheit und Transparenz unseres Dienstes ist uns sehr wichtig. Wir legen die Bedingungen f\u00fcr den Betrieb klar fest und geben unsere aktuelle Adresse, Telefonnummern und E-Mail-Adressen an. Wir geben genau Auskunft \u00fcber die Garantiezeiten und erkl\u00e4ren, wie man sich bei uns beschweren und gekaufte Waren zur\u00fcckgeben kann. Wir legen auch gro\u00dfen Wert auf die Qualit\u00e4t der von uns verkauften Produkte und die korrekte Art der Lieferung.<\/p>\n<p>In der Datenschutzrichtlinie erfahren Sie, wer f\u00fcr die Verarbeitung Ihrer personenbezogenen Daten verantwortlich ist, zu welchem Zweck, in welchem Umfang und wie lange sie verarbeitet werden. Dar\u00fcber hinaus erfahren Sie, an wen wir Ihre Daten weitergeben k\u00f6nnen und unter welchen Bedingungen, sowie welche Rechte Sie in Bezug auf die Verarbeitung Ihrer Daten haben.<\/p>\n<p>Wir haben diese Datenschutzrichtlinie erstellt, damit Sie alle notwendigen Informationen finden, die gem\u00e4\u00df der Verordnung (EU) 2016\/679 des Europ\u00e4ischen Parlaments und des Rates vom 27. April 2016 zum Schutz nat\u00fcrlicher Personen bei der Verarbeitung personenbezogener Daten und zum freien Datenverkehr, die am 25. Mai 2018 in Kraft tritt, erforderlich sind. (\"RODO\").<\/p>\n<p>Wenn wir im Folgenden von Daten sprechen, meinen wir die personenbezogenen Daten, die Sie uns zur Verf\u00fcgung stellen oder die wir aus anderen Quellen erhalten, wie z. B. Ihren Namen, Ihre E-Mail-Adresse oder Telefonnummer.<\/p>\n<h1 data-start=\"428\" data-end=\"491\"><strong data-start=\"430\" data-end=\"491\">PRIVACY POLICY - Staviori \/ INFINITY Dawid Namy\u015blak<\/strong><\/h1>\n<p data-start=\"493\" data-end=\"673\"><em data-start=\"493\" data-end=\"525\">G\u00fcltig ab: [Datum eingeben].<\/em><br data-start=\"525\" data-end=\"528\" \/><em data-start=\"528\" data-end=\"673\">Dokument in \u00dcbereinstimmung mit der RODO, dem Gesetz \u00fcber elektronische Dienstleistungen, dem Gesetz \u00fcber Verbraucherrechte und den Cookie-Richtlinien.<\/em><\/p>\n<hr data-start=\"675\" data-end=\"678\" \/>\n<h1 data-start=\"680\" data-end=\"706\"><strong data-start=\"682\" data-end=\"706\">1. allgemeine Informationen<\/strong><\/h1>\n<p data-start=\"708\" data-end=\"947\">In dieser Datenschutzerkl\u00e4rung werden die Regeln f\u00fcr die Verarbeitung Ihrer personenbezogenen Daten bei der Nutzung der Website dargelegt <strong data-start=\"836\" data-end=\"851\">staviori.co.uk<\/strong> und andere verwandte Domains, die von <strong data-start=\"901\" data-end=\"928\">INFINITY Dawid Namy\u015blak<\/strong>in der CEIDG registriert:<\/p>\n<p data-start=\"949\" data-end=\"1078\"><strong data-start=\"949\" data-end=\"974\">Verantwortlicher f\u00fcr die Datenverarbeitung:<\/strong><br data-start=\"974\" data-end=\"977\" \/>INFINITY Dawid Namy\u015blak<br data-start=\"1000\" data-end=\"1003\" \/>Jeleniog\u00f3rska-Stra\u00dfe 16<br data-start=\"1023\" data-end=\"1026\" \/>60-179 Pozna\u0144<br data-start=\"1039\" data-end=\"1042\" \/>NIP: 7772573745<br data-start=\"1057\" data-end=\"1060\" \/>REGON: 301254472<\/p>\n<p data-start=\"1080\" data-end=\"1281\">Der Verwalter betreibt einen Online-Shop, in dem er Edelmetalle, Schmuck und Luxusprodukte verkauft und zus\u00e4tzliche Dienstleistungen anbietet (z. B. Newsletter, Kontodienste, Personalisierung von Produkten).<\/p>\n<hr data-start=\"1283\" data-end=\"1286\" \/>\n<h1 data-start=\"1288\" data-end=\"1352\"><strong data-start=\"1290\" data-end=\"1352\">2. wie Sie uns bez\u00fcglich Ihrer pers\u00f6nlichen Daten kontaktieren k\u00f6nnen<\/strong><\/h1>\n<p data-start=\"1354\" data-end=\"1493\">Sie k\u00f6nnen sich in allen Ihre personenbezogenen Daten betreffenden Fragen an den f\u00fcr die Verarbeitung Verantwortlichen oder den benannten Datenschutzbeauftragten wenden:<\/p>\n<p data-start=\"1495\" data-end=\"1628\">\u2709 <strong data-start=\"1497\" data-end=\"1518\"><a class=\"decorated-link cursor-pointer\" rel=\"noopener\" data-start=\"1499\" data-end=\"1516\">iodo@staviori.pl<\/a><\/strong><br data-start=\"1518\" data-end=\"1521\" \/>\ud83d\udcec INFINITY Dawid Namy\u015blak, ul. Jeleniog\u00f3rska 16, 60-179 Pozna\u0144<br data-start=\"1584\" data-end=\"1587\" \/>(Hinzuf\u00fcgen: <em data-start=\"1599\" data-end=\"1627\">\"Schutz personenbezogener Daten\"<\/em>)<\/p>\n<hr data-start=\"1630\" data-end=\"1633\" \/>\n<h1 data-start=\"1635\" data-end=\"1667\"><strong data-start=\"1637\" data-end=\"1667\">3 Welche Daten wir verarbeiten<\/strong><\/h1>\n<p data-start=\"1669\" data-end=\"1755\">Wir verarbeiten nur Daten, die f\u00fcr einen bestimmten Zweck erforderlich sind, insbesondere:<\/p>\n<h3 data-start=\"1757\" data-end=\"1796\"><strong data-start=\"1761\" data-end=\"1796\">Vom Nutzer bereitgestellte Daten<\/strong><\/h3>\n<ul data-start=\"1797\" data-end=\"2061\">\n<li data-start=\"1797\" data-end=\"1817\">\n<p data-start=\"1799\" data-end=\"1817\">Name,<\/p>\n<\/li>\n<li data-start=\"1818\" data-end=\"1851\">\n<p data-start=\"1820\" data-end=\"1851\">Wohnsitz\/Lieferadresse,<\/p>\n<\/li>\n<li data-start=\"1852\" data-end=\"1869\">\n<p data-start=\"1854\" data-end=\"1869\">E-Mail Adresse,<\/p>\n<\/li>\n<li data-start=\"1870\" data-end=\"1889\">\n<p data-start=\"1872\" data-end=\"1889\">Telefonnummer,<\/p>\n<\/li>\n<li data-start=\"1890\" data-end=\"1910\">\n<p data-start=\"1892\" data-end=\"1910\">Bestelldaten,<\/p>\n<\/li>\n<li data-start=\"1911\" data-end=\"1999\">\n<p data-start=\"1913\" data-end=\"1999\">Zahlungsdaten (nur die, die wir tats\u00e4chlich erhalten - keine vollst\u00e4ndigen Kartendaten),<\/p>\n<\/li>\n<li data-start=\"2000\" data-end=\"2061\">\n<p data-start=\"2002\" data-end=\"2061\">Daten aus Kontakt-, Beschwerde- oder R\u00fccksendeformularen.<\/p>\n<\/li>\n<\/ul>\n<h3 data-start=\"2063\" data-end=\"2116\"><strong data-start=\"2067\" data-end=\"2116\">Daten \u00fcber den Handel mit Edelmetallen<\/strong><\/h3>\n<p data-start=\"2117\" data-end=\"2235\">Im Falle des Kaufs von Produkten aus Edel- oder Edelmetall k\u00f6nnen wir auch die Daten verarbeiten, die nach dem Gesetz erforderlich sind:<\/p>\n<ul data-start=\"2236\" data-end=\"2389\">\n<li data-start=\"2236\" data-end=\"2315\">\n<p data-start=\"2238\" data-end=\"2315\">Gesetz zur Bek\u00e4mpfung der Geldw\u00e4sche und der Finanzierung des Terrorismus (AML),<\/p>\n<\/li>\n<li data-start=\"2316\" data-end=\"2389\">\n<p data-start=\"2318\" data-end=\"2389\">Steuerpflichten (z. B. f\u00fcr Transaktionen oberhalb bestimmter Schwellenwerte).<\/p>\n<\/li>\n<\/ul>\n<h3 data-start=\"2391\" data-end=\"2429\"><strong data-start=\"2395\" data-end=\"2429\">Automatisch extrahierte Daten<\/strong><\/h3>\n<ul data-start=\"2430\" data-end=\"2532\">\n<li data-start=\"2430\" data-end=\"2443\">\n<p data-start=\"2432\" data-end=\"2443\">IP-Adresse,<\/p>\n<\/li>\n<li data-start=\"2444\" data-end=\"2469\">\n<p data-start=\"2446\" data-end=\"2469\">Sitzungskennungen,<\/p>\n<\/li>\n<li data-start=\"2470\" data-end=\"2490\">\n<p data-start=\"2472\" data-end=\"2490\">Ger\u00e4tedaten,<\/p>\n<\/li>\n<li data-start=\"2491\" data-end=\"2532\">\n<p data-start=\"2493\" data-end=\"2532\">Daten aus Cookies und \u00e4hnlichen Technologien.<\/p>\n<\/li>\n<\/ul>\n<h3 data-start=\"2534\" data-end=\"2580\"><strong data-start=\"2538\" data-end=\"2580\">Von Dritten erhobene Daten<\/strong><\/h3>\n<ul data-start=\"2581\" data-end=\"2827\">\n<li data-start=\"2581\" data-end=\"2637\">\n<p data-start=\"2583\" data-end=\"2637\">Zahlungsanbieter (z. B. PayU, Przelewy24, PayPal),<\/p>\n<\/li>\n<li data-start=\"2638\" data-end=\"2676\">\n<p data-start=\"2640\" data-end=\"2676\">Kurierdienste (Lieferstatus),<\/p>\n<\/li>\n<li data-start=\"2677\" data-end=\"2737\">\n<p data-start=\"2679\" data-end=\"2737\">Banken - nur, wenn die Zahlung eine Best\u00e4tigung des Status erfordert,<\/p>\n<\/li>\n<li data-start=\"2738\" data-end=\"2827\">\n<p data-start=\"2740\" data-end=\"2827\">Marketing- und Analysedienstleister (vorbehaltlich der Betrauung mit der Datenverarbeitung).<\/p>\n<\/li>\n<\/ul>\n<hr data-start=\"2829\" data-end=\"2832\" \/>\n<h1 data-start=\"2834\" data-end=\"2886\"><strong data-start=\"2836\" data-end=\"2886\">4 Ziele und Rechtsgrundlage der Datenverarbeitung<\/strong><\/h1>\n<p data-start=\"2888\" data-end=\"2983\">Wir verarbeiten Ihre Daten nur, wenn dies rechtm\u00e4\u00dfig ist. Das h\u00e4ngt von der jeweiligen Situation ab:<\/p>\n<h2 data-start=\"2985\" data-end=\"3044\"><strong data-start=\"2988\" data-end=\"3016\">A. Ausf\u00fchrung der Bestellung<\/strong> (Artikel 6(1)(b) RODO)<\/h2>\n<p data-start=\"3045\" data-end=\"3154\">- Abschluss und Erf\u00fcllung des Vertrags,<br data-start=\"3074\" data-end=\"3077\" \/>- Zahlungsabwicklung,<br data-start=\"3097\" data-end=\"3100\" \/>- Lieferung,<br data-start=\"3110\" data-end=\"3113\" \/>- Bearbeitung von Beschwerden, Garantien und Gew\u00e4hrleistungen.<\/p>\n<h2 data-start=\"3156\" data-end=\"3210\"><strong data-start=\"3159\" data-end=\"3182\">B. Rechtliche Verpflichtungen<\/strong> (Artikel 6 Absatz 1 Buchstabe c) RODO)<\/h2>\n<p data-start=\"3211\" data-end=\"3227\">Im Besonderen:<\/p>\n<ul data-start=\"3228\" data-end=\"3450\">\n<li data-start=\"3228\" data-end=\"3283\">\n<p data-start=\"3230\" data-end=\"3283\">Rechnungslegungsgesetz (Aufbewahrung von Dokumenten),<\/p>\n<\/li>\n<li data-start=\"3284\" data-end=\"3337\">\n<p data-start=\"3286\" data-end=\"3337\">Gesetz \u00fcber Verbraucherrechte (R\u00fcckgabe, Beschwerden),<\/p>\n<\/li>\n<li data-start=\"3338\" data-end=\"3361\">\n<p data-start=\"3340\" data-end=\"3361\">Steuergesetzgebung,<\/p>\n<\/li>\n<li data-start=\"3362\" data-end=\"3417\">\n<p data-start=\"3364\" data-end=\"3417\">AML-Verpflichtungen (f\u00fcr Transaktionen mit hohem Wert),<\/p>\n<\/li>\n<li data-start=\"3418\" data-end=\"3450\">\n<p data-start=\"3420\" data-end=\"3450\">andere dokumentarische Aufgaben.<\/p>\n<\/li>\n<\/ul>\n<h2 data-start=\"3452\" data-end=\"3532\"><strong data-start=\"3455\" data-end=\"3504\">C. Legitimes Interesse des f\u00fcr die Verarbeitung Verantwortlichen<\/strong> (Artikel 6 Absatz 1 Buchstabe f) RODO)<\/h2>\n<p data-start=\"3533\" data-end=\"3549\">Im Besonderen:<\/p>\n<ul data-start=\"3550\" data-end=\"3827\">\n<li data-start=\"3550\" data-end=\"3596\">\n<p data-start=\"3552\" data-end=\"3596\">die Geltendmachung oder Abwehr von Anspr\u00fcchen,<\/p>\n<\/li>\n<li data-start=\"3597\" data-end=\"3637\">\n<p data-start=\"3599\" data-end=\"3637\">Unternehmensanalyse (anonymisiert),<\/p>\n<\/li>\n<li data-start=\"3638\" data-end=\"3739\">\n<p data-start=\"3640\" data-end=\"3739\">Gew\u00e4hrleistung der Sicherheit von Transaktionen (insbesondere bei hochwertigen Edelmetallen),<\/p>\n<\/li>\n<li data-start=\"3740\" data-end=\"3767\">\n<p data-start=\"3742\" data-end=\"3767\">Kommunikation mit dem Kunden,<\/p>\n<\/li>\n<li data-start=\"3768\" data-end=\"3827\">\n<p data-start=\"3770\" data-end=\"3827\">Marketing an bestehende Kunden (mit der M\u00f6glichkeit, zu widersprechen).<\/p>\n<\/li>\n<\/ul>\n<h2 data-start=\"3829\" data-end=\"3884\"><strong data-start=\"3832\" data-end=\"3856\">D. Zustimmung der Nutzer<\/strong> (Artikel 6(1)(a) RODO)<\/h2>\n<p data-start=\"3885\" data-end=\"3900\">Wenn es darum geht:<\/p>\n<ul data-start=\"3901\" data-end=\"4035\">\n<li data-start=\"3901\" data-end=\"3917\">\n<p data-start=\"3903\" data-end=\"3917\">Newsletter,<\/p>\n<\/li>\n<li data-start=\"3918\" data-end=\"3958\">\n<p data-start=\"3920\" data-end=\"3958\">Marketing per E-Mail\/SMS\/Telefon,<\/p>\n<\/li>\n<li data-start=\"3959\" data-end=\"4002\">\n<p data-start=\"3961\" data-end=\"4002\">analytische und Marketing-Cookies,<\/p>\n<\/li>\n<li data-start=\"4003\" data-end=\"4035\">\n<p data-start=\"4005\" data-end=\"4035\">Wettbewerbe, Werbeaktionen.<\/p>\n<\/li>\n<\/ul>\n<p data-start=\"4037\" data-end=\"4137\">Die Einwilligung kann jederzeit widerrufen werden - dies ber\u00fchrt nicht die Rechtm\u00e4\u00dfigkeit der Verarbeitung vor dem Widerruf.<\/p>\n<hr data-start=\"4139\" data-end=\"4142\" \/>\n<h1 data-start=\"4144\" data-end=\"4179\"><strong data-start=\"4146\" data-end=\"4179\">5. Datenspeicherzeit<\/strong><\/h1>\n<p data-start=\"4181\" data-end=\"4234\">Wir speichern Daten nur so lange wie n\u00f6tig:<\/p>\n<h3 data-start=\"4236\" data-end=\"4267\"><strong data-start=\"4240\" data-end=\"4265\">Bestellungen ohne Konto:<\/strong><\/h3>\n<p data-start=\"4268\" data-end=\"4374\">- f\u00fcr den Zeitraum, der f\u00fcr die Erf\u00fcllung des Vertrags erforderlich ist, und danach f\u00fcr den gesetzlich vorgeschriebenen Zeitraum (z. B. 5 Steuerjahre).<\/p>\n<h3 data-start=\"4376\" data-end=\"4404\"><strong data-start=\"4380\" data-end=\"4402\">Benutzerkonto:<\/strong><\/h3>\n<p data-start=\"4405\" data-end=\"4471\">- bis das Konto gel\u00f6scht oder 36 Monate lang inaktiv ist.<\/p>\n<h3 data-start=\"4473\" data-end=\"4503\"><strong data-start=\"4477\" data-end=\"4501\">Reklamationen und R\u00fccksendungen:<\/strong><\/h3>\n<p data-start=\"4504\" data-end=\"4586\">- f\u00fcr die Dauer der Haftung des Verk\u00e4ufers + Verj\u00e4hrungsfrist.<\/p>\n<h3 data-start=\"4588\" data-end=\"4629\"><strong data-start=\"4592\" data-end=\"4627\">Marketingdaten (Newsletter):<\/strong><\/h3>\n<p data-start=\"4630\" data-end=\"4651\">- die Zustimmung zu widerrufen.<\/p>\n<h3 data-start=\"4653\" data-end=\"4691\"><strong data-start=\"4657\" data-end=\"4689\">Daten, die unter die AML-Verpflichtungen fallen:<\/strong><\/h3>\n<p data-start=\"4692\" data-end=\"4759\">- gem\u00e4\u00df der gesetzlichen Aufbewahrungspflicht (max. 5 Jahre nach Beendigung der Beziehung).<\/p>\n<h3 data-start=\"4761\" data-end=\"4779\"><strong data-start=\"4765\" data-end=\"4777\">Kekse:<\/strong><\/h3>\n<p data-start=\"4780\" data-end=\"4854\">- entsprechend dem neben jeder Datei angegebenen Zeitraum (normalerweise 1 Tag - 2 Jahre).<\/p>\n<hr data-start=\"4856\" data-end=\"4859\" \/>\n<h1 data-start=\"4861\" data-end=\"4885\"><strong data-start=\"4863\" data-end=\"4885\">6 Datenempf\u00e4nger<\/strong><\/h1>\n<p data-start=\"4887\" data-end=\"4972\">Wir geben nur Daten an Stellen weiter, die f\u00fcr die Erbringung von Dienstleistungen erforderlich sind, einschlie\u00dflich, aber nicht beschr\u00e4nkt auf:<\/p>\n<ul data-start=\"4974\" data-end=\"5297\">\n<li data-start=\"4974\" data-end=\"4999\">\n<p data-start=\"4976\" data-end=\"4999\">Zahlungsdienstleister,<\/p>\n<\/li>\n<li data-start=\"5000\" data-end=\"5035\">\n<p data-start=\"5002\" data-end=\"5035\">Kurier- und Logistikunternehmen,<\/p>\n<\/li>\n<li data-start=\"5036\" data-end=\"5057\">\n<p data-start=\"5038\" data-end=\"5057\">Buchhaltungsb\u00fcro,<\/p>\n<\/li>\n<li data-start=\"5058\" data-end=\"5080\">\n<p data-start=\"5060\" data-end=\"5080\">Anwaltskanzleien,<\/p>\n<\/li>\n<li data-start=\"5081\" data-end=\"5131\">\n<p data-start=\"5083\" data-end=\"5131\">IT- und Hosting-Anbieter,<\/p>\n<\/li>\n<li data-start=\"5132\" data-end=\"5188\">\n<p data-start=\"5134\" data-end=\"5188\">Anbieter von Marketinginstrumenten (z. B. Meta, Google),<\/p>\n<\/li>\n<li data-start=\"5189\" data-end=\"5297\">\n<p data-start=\"5191\" data-end=\"5297\">gesetzlich zugelassene Stellen (z. B. Polizei, Finanzamt - nur auf g\u00fcltiger Grundlage).<\/p>\n<\/li>\n<\/ul>\n<p data-start=\"5299\" data-end=\"5329\">Wir verkaufen Ihre Daten nicht.<\/p>\n<hr data-start=\"5331\" data-end=\"5334\" \/>\n<h1 data-start=\"5336\" data-end=\"5374\"><strong data-start=\"5338\" data-end=\"5374\">7 \u00dcbertragungen von Daten au\u00dferhalb des EWR<\/strong><\/h1>\n<p data-start=\"5376\" data-end=\"5482\">Wenn wir Tools wie Google Analytics, Meta (Facebook\/Instagram), HubSpot oder \u00e4hnliche verwenden:<\/p>\n<p data-start=\"5484\" data-end=\"5598\">Die Daten k\u00f6nnen in L\u00e4nder au\u00dferhalb des EWR, z. B. in die Vereinigten Staaten, \u00fcbermittelt werden. Die \u00dcbertragungen erfolgen auf der Grundlage von:<\/p>\n<ul data-start=\"5600\" data-end=\"5743\">\n<li data-start=\"5600\" data-end=\"5668\">\n<p data-start=\"5602\" data-end=\"5668\">die Entscheidung der Europ\u00e4ischen Kommission (EU-US-Datenschutzrahmen), oder<\/p>\n<\/li>\n<li data-start=\"5669\" data-end=\"5710\">\n<p data-start=\"5671\" data-end=\"5710\">Standardvertragsklauseln (SCCs),<\/p>\n<\/li>\n<li data-start=\"5711\" data-end=\"5743\">\n<p data-start=\"5713\" data-end=\"5743\">und zus\u00e4tzliche Sicherheitsvorkehrungen.<\/p>\n<\/li>\n<\/ul>\n<p data-start=\"5745\" data-end=\"5807\">Wenn Sie m\u00f6chten, kann ich eine detaillierte Liste der Werkzeuge hinzuf\u00fcgen - lassen Sie es mich wissen.<\/p>\n<hr data-start=\"5809\" data-end=\"5812\" \/>\n<h1 data-start=\"5814\" data-end=\"5834\"><strong data-start=\"5816\" data-end=\"5834\">8. ihre Rechte<\/strong><\/h1>\n<p data-start=\"5836\" data-end=\"5850\">Sie haben das Recht dazu:<\/p>\n<ol data-start=\"5852\" data-end=\"6212\">\n<li data-start=\"5852\" data-end=\"5882\">\n<p data-start=\"5855\" data-end=\"5882\">Zugang zu ihren Daten,<\/p>\n<\/li>\n<li data-start=\"5883\" data-end=\"5908\">\n<p data-start=\"5886\" data-end=\"5908\">Berichtigung von Daten,<\/p>\n<\/li>\n<li data-start=\"5909\" data-end=\"5962\">\n<p data-start=\"5912\" data-end=\"5962\">L\u00f6schung von Daten (\"Recht auf Vergessenwerden\"),<\/p>\n<\/li>\n<li data-start=\"5963\" data-end=\"5995\">\n<p data-start=\"5966\" data-end=\"5995\">Einschr\u00e4nkung der Verarbeitung,<\/p>\n<\/li>\n<li data-start=\"5996\" data-end=\"6078\">\n<p data-start=\"5999\" data-end=\"6078\">der Datenverarbeitung - insbesondere dem Direktmarketing - zu widersprechen,<\/p>\n<\/li>\n<li data-start=\"6079\" data-end=\"6105\">\n<p data-start=\"6082\" data-end=\"6105\">Daten\u00fcbertragbarkeit,<\/p>\n<\/li>\n<li data-start=\"6106\" data-end=\"6147\">\n<p data-start=\"6109\" data-end=\"6147\">die Zustimmung jederzeit widerrufen,<\/p>\n<\/li>\n<li data-start=\"6148\" data-end=\"6212\">\n<p data-start=\"6151\" data-end=\"6212\">eine Beschwerde beim Pr\u00e4sidenten der Datenschutzbeh\u00f6rde einreichen.<\/p>\n<\/li>\n<\/ol>\n<hr data-start=\"6214\" data-end=\"6217\" \/>\n<h1 data-start=\"6219\" data-end=\"6263\"><strong data-start=\"6221\" data-end=\"6263\">9 Automatische Entscheidungen und Profiling<\/strong><\/h1>\n<p data-start=\"6265\" data-end=\"6309\">Wir k\u00f6nnen zum Beispiel ein minimales Profiling anwenden:<\/p>\n<ul data-start=\"6311\" data-end=\"6498\">\n<li data-start=\"6311\" data-end=\"6373\">\n<p data-start=\"6313\" data-end=\"6373\">das Angebot mit der Produktkategorie abzustimmen, die Sie gerade betrachten,<\/p>\n<\/li>\n<li data-start=\"6374\" data-end=\"6418\">\n<p data-start=\"6376\" data-end=\"6418\">Cookie-basierter Werbeabgleich,<\/p>\n<\/li>\n<li data-start=\"6419\" data-end=\"6498\">\n<p data-start=\"6421\" data-end=\"6498\">Sicherheitsvorkehrungen zur Betrugsbek\u00e4mpfung - insbesondere beim Verkauf von Edelmetallen.<\/p>\n<\/li>\n<\/ul>\n<p data-start=\"6500\" data-end=\"6599\">Wir treffen keine Entscheidungen mit Rechtswirkung im Sinne von Artikel 22 RODO ohne menschliche Beteiligung.<\/p>\n<hr data-start=\"6601\" data-end=\"6604\" \/>\n<h1 data-start=\"6606\" data-end=\"6629\"><strong data-start=\"6608\" data-end=\"6629\">10 Kekse<\/strong><\/h1>\n<p data-start=\"6631\" data-end=\"6664\">Wir verwenden drei Kategorien von Cookies:<\/p>\n<h3 data-start=\"6666\" data-end=\"6694\"><strong data-start=\"6670\" data-end=\"6694\">Erforderlich - erforderlich<\/strong><\/h3>\n<p data-start=\"6695\" data-end=\"6755\">F\u00fcr das reibungslose Funktionieren der Website (Login, Warenkorb, Sitzung).<\/p>\n<h3 data-start=\"6757\" data-end=\"6793\"><strong data-start=\"6761\" data-end=\"6793\">Analytisch - mit Ihrer Zustimmung<\/strong><\/h3>\n<p data-start=\"6794\" data-end=\"6843\">Sie helfen dabei, den Verkehr zu untersuchen und die Leistung der Gesch\u00e4fte zu verbessern.<\/p>\n<h3 data-start=\"6845\" data-end=\"6882\"><strong data-start=\"6849\" data-end=\"6882\">Marketing - mit Ihrer Zustimmung<\/strong><\/h3>\n<p data-start=\"6883\" data-end=\"6914\">Aktivieren Sie ma\u00dfgeschneiderte Werbung.<\/p>\n<h2 data-start=\"6916\" data-end=\"6937\">Verwaltung der Einverst\u00e4ndniserkl\u00e4rung:<\/h2>\n<ul data-start=\"6938\" data-end=\"7158\">\n<li data-start=\"6938\" data-end=\"6991\">\n<p data-start=\"6940\" data-end=\"6991\">Bei der ersten Eingabe wird ein Cookie-Banner angezeigt,<\/p>\n<\/li>\n<li data-start=\"6992\" data-end=\"7095\">\n<p data-start=\"6994\" data-end=\"7095\">Sie k\u00f6nnen die Cookie-Einstellungen jederzeit selbst im Einwilligungsfeld oder in Ihrem Browser \u00e4ndern,<\/p>\n<\/li>\n<li data-start=\"7096\" data-end=\"7158\">\n<p data-start=\"7098\" data-end=\"7158\">Die Deaktivierung von Cookies kann einige Funktionen der Website einschr\u00e4nken.<\/p>\n<\/li>\n<\/ul>\n<hr data-start=\"7160\" data-end=\"7163\" \/>\n<h1 data-start=\"7165\" data-end=\"7202\"><strong data-start=\"7167\" data-end=\"7202\">11. \u00e4nderungen der Datenschutzrichtlinie<\/strong><\/h1>\n<p data-start=\"7204\" data-end=\"7248\">Die Politik kann im Falle von:<\/p>\n<ul data-start=\"7250\" data-end=\"7337\">\n<li data-start=\"7250\" data-end=\"7266\">\n<p data-start=\"7252\" data-end=\"7266\">\u00c4nderungen des Gesetzes,<\/p>\n<\/li>\n<li data-start=\"7267\" data-end=\"7291\">\n<p data-start=\"7269\" data-end=\"7291\">\u00c4nderungen des Leistungsumfangs,<\/p>\n<\/li>\n<li data-start=\"7292\" data-end=\"7337\">\n<p data-start=\"7294\" data-end=\"7337\">Einf\u00fchrung neuer technologischer Instrumente.<\/p>\n<\/li>\n<\/ul>\n<p data-start=\"7339\" data-end=\"7387\">Die aktuelle Version ist immer auf der Website verf\u00fcgbar.<\/p>\n<hr data-start=\"7389\" data-end=\"7392\" \/>\n<h1 data-start=\"7394\" data-end=\"7434\"><strong data-start=\"7396\" data-end=\"7434\">12. die Kontaktdaten des Verwalters<\/strong><\/h1>\n<p data-start=\"7436\" data-end=\"7532\">INFINITY Dawid Namy\u015blak<br data-start=\"7459\" data-end=\"7462\" \/>Jeleniog\u00f3rska-Stra\u00dfe 16<br data-start=\"7482\" data-end=\"7485\" \/>60-179 Pozna\u0144<br data-start=\"7498\" data-end=\"7501\" \/>tel. +48 500 744 070<\/p>\n<hr style=\"font-size: 14.4px;\" \/>\n\t\t\n<style>\n#text-1149245219 {\n  font-size: 0.95rem;\n}\n<\/style>\n\t<\/div>\n\t\n\n\t\t<\/div>\n\t\t\t\t\t<\/div>\n\n\t\n\n<\/div>\n\n\t\t<\/div>\n\n\t\t\n<style>\n#section_949604450 {\n  padding-top: 30px;\n  padding-bottom: 30px;\n}\n<\/style>\n\t<\/section>","protected":false},"excerpt":{"rendered":"","protected":false},"author":1,"featured_media":0,"parent":0,"menu_order":0,"comment_status":"closed","ping_status":"closed","template":"page-blank.php","meta":{"om_disable_all_campaigns":false,"footnotes":""},"class_list":["post-9334","page","type-page","status-publish","hentry"],"aioseo_notices":[],"_links":{"self":[{"href":"https:\/\/staviori.com.pl\/de\/wp-json\/wp\/v2\/pages\/9334","targetHints":{"allow":["GET"]}}],"collection":[{"href":"https:\/\/staviori.com.pl\/de\/wp-json\/wp\/v2\/pages"}],"about":[{"href":"https:\/\/staviori.com.pl\/de\/wp-json\/wp\/v2\/types\/page"}],"author":[{"embeddable":true,"href":"https:\/\/staviori.com.pl\/de\/wp-json\/wp\/v2\/users\/1"}],"replies":[{"embeddable":true,"href":"https:\/\/staviori.com.pl\/de\/wp-json\/wp\/v2\/comments?post=9334"}],"version-history":[{"count":6,"href":"https:\/\/staviori.com.pl\/de\/wp-json\/wp\/v2\/pages\/9334\/revisions"}],"predecessor-version":[{"id":22002,"href":"https:\/\/staviori.com.pl\/de\/wp-json\/wp\/v2\/pages\/9334\/revisions\/22002"}],"wp:attachment":[{"href":"https:\/\/staviori.com.pl\/de\/wp-json\/wp\/v2\/media?parent=9334"}],"curies":[{"name":"wp","href":"https:\/\/api.w.org\/{rel}","templated":true}]}}