{"id":9320,"date":"2023-04-26T19:39:56","date_gmt":"2023-04-26T17:39:56","guid":{"rendered":"https:\/\/staviori.com.pl\/?page_id=9320"},"modified":"2023-04-26T19:42:50","modified_gmt":"2023-04-26T17:42:50","slug":"certyfikaty","status":"publish","type":"page","link":"https:\/\/staviori.com.pl\/de\/certyfikaty\/","title":{"rendered":"Bescheinigungen"},"content":{"rendered":"<section class=\"section has-scroll-for-more\" id=\"section_764737253\">\n\t\t<div class=\"section-bg fill\" >\n\t\t\t<img loading=\"lazy\" decoding=\"async\" width=\"1150\" height=\"798\" src=\"https:\/\/staviori.com.pl\/wp-content\/uploads\/2023\/04\/KZD4016T_0-1.jpg\" class=\"bg attachment-original size-original\" alt=\"\" \/>\t\t\t\t\t\t<button class=\"scroll-for-more z-5 icon absolute bottom h-center\" aria-label=\"Scrollen f\u00fcr mehr\" data-no-translation-aria-label=\"\"><i class=\"icon-angle-down\" aria-hidden=\"true\" style=\"font-size:42px;\"><\/i><\/button>\n\t\t\t\n\n\t\t<\/div>\n\n\t\t\n\n\t\t<div class=\"section-content relative\">\n\t\t\t\n\n<div class=\"row\"  id=\"row-1161090149\">\n\n\n\t<div id=\"col-551570755\" class=\"col small-12 large-12\"  >\n\t\t\t\t<div class=\"col-inner\"  >\n\t\t\t\n\t\t\t\n\n\t<div id=\"text-709014774\" class=\"text\">\n\t\t\n\n<h2>Bescheinigungen<\/h2>\n\t\t\n<style>\n#text-709014774 {\n  font-size: 2rem;\n  text-align: center;\n  color: rgb(0,0,0);\n}\n#text-709014774 > * {\n  color: rgb(0,0,0);\n}\n<\/style>\n\t<\/div>\n\t\n\n\t\t<\/div>\n\t\t\t\t\n<style>\n#col-551570755 > .col-inner {\n  margin: 129px 0px 0px 0px;\n}\n<\/style>\n\t<\/div>\n\n\t\n\n<\/div>\n\n\t\t<\/div>\n\n\t\t\n<style>\n#section_764737253 {\n  padding-top: 30px;\n  padding-bottom: 30px;\n  min-height: 290px;\n}\n#section_764737253 .section-bg img {\n  object-position: 45% 66%;\n}\n@media (min-width:550px) {\n  #section_764737253 {\n    min-height: 450px;\n  }\n}\n<\/style>\n\t<\/section>\n\t\n\n\t<section class=\"section\" id=\"section_1186207451\">\n\t\t<div class=\"section-bg fill\" >\n\t\t\t\t\t\t\t\t\t\n\t\t\t\n\n\t\t<\/div>\n\n\t\t\n\n\t\t<div class=\"section-content relative\">\n\t\t\t\n\n<div class=\"row align-center\"  id=\"row-1768667333\">\n\n\n\t<div id=\"col-1968589034\" class=\"col medium-11 small-12 large-11\"  >\n\t\t\t\t<div class=\"col-inner\"  >\n\t\t\t\n\t\t\t\n\n<h2>Bescheinigungen<\/h2>\n<div class=\"is-divider divider clearfix\" ><\/div>\n\n\t<div id=\"text-93931475\" class=\"text\">\n\t\t\n\n<div class=\"pyt\">\n<h3>Wszystkie oferowane przez nas produkty z kamieniami szlachetnymi posiadaj\u0105 Certyfikat Autentyczno\u015bci po\u015bwiadczaj\u0105cy autentyczno\u015b\u0107 oraz jako\u015b\u0107 kamieni.<\/h3>\n<p>&nbsp;<\/p>\n<p>Diamenty o masie powy\u017cej 0,50ct posiadaj\u0105 dodatkowo mi\u0119dzynarodowy certyfikat jednego z najbardziej znanych na \u015bwiecie laboratori\u00f3w gemmologicznych (HRD, GIA lub IGI). (Ze wzgl\u0119du na d\u0142ugi czas trwania oraz wysokie koszty procedur, niezb\u0119dnych przy przeprowadzaniu analizy kamieni, certyfikaty te stosuje si\u0119 w przypadku diament\u00f3w o wi\u0119kszej warto\u015bci.)<\/p>\n<h3>&nbsp;<\/h3>\n<p>Gwarantujemy r\u00f3wnie\u017c, i\u017c kamienie wykorzystywane przy produkcji naszej bi\u017cuterii s\u0105 zgodnie z wymogami ONZ, z kraj\u00f3w wolnych od konflikt\u00f3w zbrojnych.<\/p>\n<\/div>\n\t\t\n<style>\n#text-93931475 {\n  font-size: 0.95rem;\n}\n<\/style>\n\t<\/div>\n\t\n\n\t\t<\/div>\n\t\t\t\t\t<\/div>\n\n\t\n\n<\/div>\n\n\t\t<\/div>\n\n\t\t\n<style>\n#section_1186207451 {\n  padding-top: 30px;\n  padding-bottom: 30px;\n}\n<\/style>\n\t<\/section>","protected":false},"excerpt":{"rendered":"","protected":false},"author":1,"featured_media":0,"parent":0,"menu_order":0,"comment_status":"closed","ping_status":"closed","template":"page-blank.php","meta":{"om_disable_all_campaigns":false,"footnotes":""},"class_list":["post-9320","page","type-page","status-publish","hentry"],"aioseo_notices":[],"_links":{"self":[{"href":"https:\/\/staviori.com.pl\/de\/wp-json\/wp\/v2\/pages\/9320","targetHints":{"allow":["GET"]}}],"collection":[{"href":"https:\/\/staviori.com.pl\/de\/wp-json\/wp\/v2\/pages"}],"about":[{"href":"https:\/\/staviori.com.pl\/de\/wp-json\/wp\/v2\/types\/page"}],"author":[{"embeddable":true,"href":"https:\/\/staviori.com.pl\/de\/wp-json\/wp\/v2\/users\/1"}],"replies":[{"embeddable":true,"href":"https:\/\/staviori.com.pl\/de\/wp-json\/wp\/v2\/comments?post=9320"}],"version-history":[{"count":4,"href":"https:\/\/staviori.com.pl\/de\/wp-json\/wp\/v2\/pages\/9320\/revisions"}],"predecessor-version":[{"id":9327,"href":"https:\/\/staviori.com.pl\/de\/wp-json\/wp\/v2\/pages\/9320\/revisions\/9327"}],"wp:attachment":[{"href":"https:\/\/staviori.com.pl\/de\/wp-json\/wp\/v2\/media?parent=9320"}],"curies":[{"name":"wp","href":"https:\/\/api.w.org\/{rel}","templated":true}]}}