{"id":9298,"date":"2023-04-26T19:28:20","date_gmt":"2023-04-26T17:28:20","guid":{"rendered":"https:\/\/staviori.com.pl\/?page_id=9298"},"modified":"2023-04-26T19:35:41","modified_gmt":"2023-04-26T17:35:41","slug":"opakowania","status":"publish","type":"page","link":"https:\/\/staviori.com.pl\/de\/opakowania\/","title":{"rendered":"Verpackung"},"content":{"rendered":"<section class=\"section has-scroll-for-more\" id=\"section_1825982476\">\n\t\t<div class=\"section-bg fill\" >\n\t\t\t<img loading=\"lazy\" decoding=\"async\" width=\"2560\" height=\"1707\" src=\"https:\/\/staviori.com.pl\/wp-content\/uploads\/2023\/04\/MG_0311-scaled.jpg\" class=\"bg attachment-original size-original\" alt=\"\" \/>\t\t\t\t\t\t<button class=\"scroll-for-more z-5 icon absolute bottom h-center\" aria-label=\"Scrollen f\u00fcr mehr\" data-no-translation-aria-label=\"\"><i class=\"icon-angle-down\" aria-hidden=\"true\" style=\"font-size:42px;\"><\/i><\/button>\n\t\t\t\n\n\t\t<\/div>\n\n\t\t\n\n\t\t<div class=\"section-content relative\">\n\t\t\t\n\n<div class=\"row\"  id=\"row-397168758\">\n\n\n\t<div id=\"col-698202392\" class=\"col small-12 large-12\"  >\n\t\t\t\t<div class=\"col-inner\"  >\n\t\t\t\n\t\t\t\n\n\t<div id=\"text-845746778\" class=\"text\">\n\t\t\n\n<h2>Verpackung<\/h2>\n\t\t\n<style>\n#text-845746778 {\n  font-size: 2rem;\n  text-align: center;\n  color: rgb(0,0,0);\n}\n#text-845746778 > * {\n  color: rgb(0,0,0);\n}\n<\/style>\n\t<\/div>\n\t\n\n\t\t<\/div>\n\t\t\t\t\n<style>\n#col-698202392 > .col-inner {\n  margin: 129px 0px 0px 0px;\n}\n<\/style>\n\t<\/div>\n\n\t\n\n<\/div>\n\n\t\t<\/div>\n\n\t\t\n<style>\n#section_1825982476 {\n  padding-top: 30px;\n  padding-bottom: 30px;\n  min-height: 290px;\n}\n#section_1825982476 .section-bg img {\n  object-position: 47% 53%;\n}\n@media (min-width:550px) {\n  #section_1825982476 {\n    min-height: 450px;\n  }\n}\n<\/style>\n\t<\/section>\n\t\n\n\t<section class=\"section\" id=\"section_658010967\">\n\t\t<div class=\"section-bg fill\" >\n\t\t\t\t\t\t\t\t\t\n\t\t\t\n\n\t\t<\/div>\n\n\t\t\n\n\t\t<div class=\"section-content relative\">\n\t\t\t\n\n<div class=\"row align-center\"  id=\"row-1718693811\">\n\n\n\t<div id=\"col-587824011\" class=\"col medium-11 small-12 large-11\"  >\n\t\t\t\t<div class=\"col-inner\"  >\n\t\t\t\n\t\t\t\n\n<h2>Unikalne opakowania Staviori<\/h2>\n\n<div class=\"is-divider divider clearfix\" ><\/div>\n\n\t<div id=\"text-179388792\" class=\"text\">\n\t\t\n\n<h3>Der Schmuck von Staviori ist das perfekte Geschenk, das perfekt zum Stil und zum Charakter der beschenkten Person passt. Er erreicht den Kunden immer in einer eleganten und originellen Verpackung.<\/h3>\n<p>Zu jedem Paket erh\u00e4lt der Kunde ein spezielles Geschenkband in der Farbe seiner Wahl. Die Farbe des Bandes wird bei der Bestellung im Warenkorb ausgew\u00e4hlt.<\/p>\n<p><br>JAK IDEALNIE ZAWI\u0104ZA\u0106 WST\u0104\u017bK\u0118 STAVIORI<\/p>\n\t\t\n<style>\n#text-179388792 {\n  font-size: 0.95rem;\n}\n<\/style>\n\t<\/div>\n\t\n<div class=\"row\"  id=\"row-540906678\">\n\n\n\t<div id=\"col-1512427397\" class=\"col small-12 large-12\"  >\n\t\t\t\t<div class=\"col-inner\"  >\n\t\t\t\n\t\t\t\n\n\t<div class=\"img has-hover x md-x lg-x y md-y lg-y\" id=\"image_445362452\">\n\t\t\t\t\t\t\t\t<div class=\"img-inner dark\" >\n\t\t\t<img loading=\"lazy\" decoding=\"async\" width=\"900\" height=\"618\" src=\"https:\/\/staviori.com.pl\/wp-content\/uploads\/2023\/04\/pudelko2_1.jpg\" class=\"attachment-large size-large\" alt=\"\" srcset=\"https:\/\/staviori.com.pl\/wp-content\/uploads\/2023\/04\/pudelko2_1.jpg 900w, https:\/\/staviori.com.pl\/wp-content\/uploads\/2023\/04\/pudelko2_1-510x350.jpg 510w, https:\/\/staviori.com.pl\/wp-content\/uploads\/2023\/04\/pudelko2_1-300x206.jpg 300w, https:\/\/staviori.com.pl\/wp-content\/uploads\/2023\/04\/pudelko2_1-768x527.jpg 768w\" sizes=\"auto, (max-width: 900px) 100vw, 900px\" \/>\t\t\t\t\t\t\n\t\t\t\t\t<\/div>\n\t\t\t\t\t\t\t\t\n<style>\n#image_445362452 {\n  width: 100%;\n}\n<\/style>\n\t<\/div>\n\t\n\n<p><b>Pude\u0142ka do bi\u017cuterii z kamieniami szlachetnymi o warto\u015bci powy\u017cej 1000z\u0142.<\/b><\/p>\n<div class=\"row\"  id=\"row-2035861802\">\n\n\n\t<div id=\"col-276253524\" class=\"col small-12 large-12\"  >\n\t\t\t\t<div class=\"col-inner\"  >\n\t\t\t\n\t\t\t\n\n\t<div class=\"img has-hover x md-x lg-x y md-y lg-y\" id=\"image_2092432528\">\n\t\t\t\t\t\t\t\t<div class=\"img-inner dark\" >\n\t\t\t<img loading=\"lazy\" decoding=\"async\" width=\"900\" height=\"556\" src=\"https:\/\/staviori.com.pl\/wp-content\/uploads\/2023\/04\/biale_brylanty.jpg\" class=\"attachment-large size-large\" alt=\"\" srcset=\"https:\/\/staviori.com.pl\/wp-content\/uploads\/2023\/04\/biale_brylanty.jpg 900w, https:\/\/staviori.com.pl\/wp-content\/uploads\/2023\/04\/biale_brylanty-510x315.jpg 510w, https:\/\/staviori.com.pl\/wp-content\/uploads\/2023\/04\/biale_brylanty-300x185.jpg 300w, https:\/\/staviori.com.pl\/wp-content\/uploads\/2023\/04\/biale_brylanty-768x474.jpg 768w\" sizes=\"auto, (max-width: 900px) 100vw, 900px\" \/>\t\t\t\t\t\t\n\t\t\t\t\t<\/div>\n\t\t\t\t\t\t\t\t\n<style>\n#image_2092432528 {\n  width: 100%;\n}\n<\/style>\n\t<\/div>\n\t\n\n<p><b>Pude\u0142ka <\/b><b>do bi\u017cuterii z kamieniami szlachetnymi o warto\u015bci poni\u017cej 1000z\u0142&nbsp;oraz do bi\u017cuterii z\u0142otej i srebrnej<\/b><\/p>\n<div class=\"row\"  id=\"row-1868439815\">\n\n\n\t<div id=\"col-1121340916\" class=\"col small-12 large-12\"  >\n\t\t\t\t<div class=\"col-inner\"  >\n\t\t\t\n\t\t\t\n\n\t<div class=\"img has-hover x md-x lg-x y md-y lg-y\" id=\"image_260550180\">\n\t\t\t\t\t\t\t\t<div class=\"img-inner dark\" >\n\t\t\t<img loading=\"lazy\" decoding=\"async\" width=\"900\" height=\"556\" src=\"https:\/\/staviori.com.pl\/wp-content\/uploads\/2023\/04\/biale_male.jpg\" class=\"attachment-large size-large\" alt=\"\" srcset=\"https:\/\/staviori.com.pl\/wp-content\/uploads\/2023\/04\/biale_male.jpg 900w, https:\/\/staviori.com.pl\/wp-content\/uploads\/2023\/04\/biale_male-510x315.jpg 510w, https:\/\/staviori.com.pl\/wp-content\/uploads\/2023\/04\/biale_male-300x185.jpg 300w, https:\/\/staviori.com.pl\/wp-content\/uploads\/2023\/04\/biale_male-768x474.jpg 768w\" sizes=\"auto, (max-width: 900px) 100vw, 900px\" \/>\t\t\t\t\t\t\n\t\t\t\t\t<\/div>\n\t\t\t\t\t\t\t\t\n<style>\n#image_260550180 {\n  width: 100%;\n}\n<\/style>\n\t<\/div>\n\t\n\n[row_inner_3]\n\n[col_inner_3 span=&#8221;6&#8243; span__sm=&#8221;12&#8243;]\n\n\t<div class=\"img has-hover x md-x lg-x y md-y lg-y\" id=\"image_494744562\">\n\t\t\t\t\t\t\t\t<div class=\"img-inner dark\" >\n\t\t\t<img loading=\"lazy\" decoding=\"async\" width=\"900\" height=\"616\" src=\"https:\/\/staviori.com.pl\/wp-content\/uploads\/2023\/04\/pudelko2_2.jpg\" class=\"attachment-large size-large\" alt=\"\" srcset=\"https:\/\/staviori.com.pl\/wp-content\/uploads\/2023\/04\/pudelko2_2.jpg 900w, https:\/\/staviori.com.pl\/wp-content\/uploads\/2023\/04\/pudelko2_2-510x349.jpg 510w, https:\/\/staviori.com.pl\/wp-content\/uploads\/2023\/04\/pudelko2_2-300x205.jpg 300w, https:\/\/staviori.com.pl\/wp-content\/uploads\/2023\/04\/pudelko2_2-768x526.jpg 768w\" sizes=\"auto, (max-width: 900px) 100vw, 900px\" \/>\t\t\t\t\t\t\n\t\t\t\t\t<\/div>\n\t\t\t\t\t\t\t\t\n<style>\n#image_494744562 {\n  width: 100%;\n}\n<\/style>\n\t<\/div>\n\t\n\n\n[\/col_inner_3]\n[col_inner_3 span=&#8221;6&#8243; span__sm=&#8221;12&#8243;]\n\n\t<div class=\"img has-hover x md-x lg-x y md-y lg-y\" id=\"image_1172281487\">\n\t\t\t\t\t\t\t\t<div class=\"img-inner dark\" >\n\t\t\t<img loading=\"lazy\" decoding=\"async\" width=\"900\" height=\"615\" src=\"https:\/\/staviori.com.pl\/wp-content\/uploads\/2023\/04\/pudelko2_3.jpg\" class=\"attachment-large size-large\" alt=\"\" srcset=\"https:\/\/staviori.com.pl\/wp-content\/uploads\/2023\/04\/pudelko2_3.jpg 900w, https:\/\/staviori.com.pl\/wp-content\/uploads\/2023\/04\/pudelko2_3-510x349.jpg 510w, https:\/\/staviori.com.pl\/wp-content\/uploads\/2023\/04\/pudelko2_3-300x205.jpg 300w, https:\/\/staviori.com.pl\/wp-content\/uploads\/2023\/04\/pudelko2_3-768x525.jpg 768w\" sizes=\"auto, (max-width: 900px) 100vw, 900px\" \/>\t\t\t\t\t\t\n\t\t\t\t\t<\/div>\n\t\t\t\t\t\t\t\t\n<style>\n#image_1172281487 {\n  width: 100%;\n}\n<\/style>\n\t<\/div>\n\t\n\n\n[\/col_inner_3]\n\n[\/row_inner_3]\n<p><b>Kolory wst\u0105\u017cek:<\/b><\/p>\n[row_inner_3]\n\n[col_inner_3 span__sm=&#8221;12&#8243;]\n\n\t<div class=\"img has-hover x md-x lg-x y md-y lg-y\" id=\"image_515142683\">\n\t\t\t\t\t\t\t\t<div class=\"img-inner dark\" >\n\t\t\t<img loading=\"lazy\" decoding=\"async\" width=\"900\" height=\"556\" src=\"https:\/\/staviori.com.pl\/wp-content\/uploads\/2023\/04\/wstazki.jpg\" class=\"attachment-large size-large\" alt=\"\" srcset=\"https:\/\/staviori.com.pl\/wp-content\/uploads\/2023\/04\/wstazki.jpg 900w, https:\/\/staviori.com.pl\/wp-content\/uploads\/2023\/04\/wstazki-510x315.jpg 510w, https:\/\/staviori.com.pl\/wp-content\/uploads\/2023\/04\/wstazki-300x185.jpg 300w, https:\/\/staviori.com.pl\/wp-content\/uploads\/2023\/04\/wstazki-768x474.jpg 768w\" sizes=\"auto, (max-width: 900px) 100vw, 900px\" \/>\t\t\t\t\t\t\n\t\t\t\t\t<\/div>\n\t\t\t\t\t\t\t\t\n<style>\n#image_515142683 {\n  width: 100%;\n}\n<\/style>\n\t<\/div>\n\t\n\n\n[\/col_inner_3]\n\n[\/row_inner_3]\n\n\t\t<\/div>\n\t\t\t\t\t<\/div>\n\n\t\n\n<\/div>\n\n\t\t<\/div>\n\t\t\t\t\t<\/div>\n\n\t\n\n<\/div>\n\n\t\t<\/div>\n\t\t\t\t\t<\/div>\n\n\t\n\n<\/div>\n\n\t\t<\/div>\n\t\t\t\t\t<\/div>\n\n\t\n\n<\/div>\n\n\t\t<\/div>\n\n\t\t\n<style>\n#section_658010967 {\n  padding-top: 30px;\n  padding-bottom: 30px;\n}\n<\/style>\n\t<\/section>","protected":false},"excerpt":{"rendered":"","protected":false},"author":1,"featured_media":0,"parent":0,"menu_order":0,"comment_status":"closed","ping_status":"closed","template":"page-blank.php","meta":{"om_disable_all_campaigns":false,"footnotes":""},"class_list":["post-9298","page","type-page","status-publish","hentry"],"aioseo_notices":[],"_links":{"self":[{"href":"https:\/\/staviori.com.pl\/de\/wp-json\/wp\/v2\/pages\/9298","targetHints":{"allow":["GET"]}}],"collection":[{"href":"https:\/\/staviori.com.pl\/de\/wp-json\/wp\/v2\/pages"}],"about":[{"href":"https:\/\/staviori.com.pl\/de\/wp-json\/wp\/v2\/types\/page"}],"author":[{"embeddable":true,"href":"https:\/\/staviori.com.pl\/de\/wp-json\/wp\/v2\/users\/1"}],"replies":[{"embeddable":true,"href":"https:\/\/staviori.com.pl\/de\/wp-json\/wp\/v2\/comments?post=9298"}],"version-history":[{"count":3,"href":"https:\/\/staviori.com.pl\/de\/wp-json\/wp\/v2\/pages\/9298\/revisions"}],"predecessor-version":[{"id":9308,"href":"https:\/\/staviori.com.pl\/de\/wp-json\/wp\/v2\/pages\/9298\/revisions\/9308"}],"wp:attachment":[{"href":"https:\/\/staviori.com.pl\/de\/wp-json\/wp\/v2\/media?parent=9298"}],"curies":[{"name":"wp","href":"https:\/\/api.w.org\/{rel}","templated":true}]}}