{"id":9292,"date":"2023-04-26T19:20:19","date_gmt":"2023-04-26T17:20:19","guid":{"rendered":"https:\/\/staviori.com.pl\/?page_id=9292"},"modified":"2026-03-19T10:56:19","modified_gmt":"2026-03-19T09:56:19","slug":"zwroty","status":"publish","type":"page","link":"https:\/\/staviori.com.pl\/de\/zwroty\/","title":{"rendered":"R\u00fcckgabe"},"content":{"rendered":"<section class=\"section has-scroll-for-more\" id=\"section_1877682679\">\n\t\t<div class=\"section-bg fill\" >\n\t\t\t<img loading=\"lazy\" decoding=\"async\" width=\"2560\" height=\"1707\" src=\"https:\/\/staviori.com.pl\/wp-content\/uploads\/2023\/04\/MG_0247-scaled.jpg\" class=\"bg attachment-original size-original\" alt=\"\" \/>\t\t\t\t\t\t<button class=\"scroll-for-more z-5 icon absolute bottom h-center\" aria-label=\"Scrollen f\u00fcr mehr\" data-no-translation-aria-label=\"\"><i class=\"icon-angle-down\" aria-hidden=\"true\" style=\"font-size:42px;\"><\/i><\/button>\n\t\t\t\n\n\t\t<\/div>\n\n\t\t\n\n\t\t<div class=\"section-content relative\">\n\t\t\t\n\n<div class=\"row\"  id=\"row-126032477\">\n\n\n\t<div id=\"col-960526766\" class=\"col small-12 large-12\"  >\n\t\t\t\t<div class=\"col-inner\"  >\n\t\t\t\n\t\t\t\n\n\t<div id=\"text-4159385673\" class=\"text\">\n\t\t\n\n<h2>R\u00fcckgabe<\/h2>\n\t\t\n<style>\n#text-4159385673 {\n  font-size: 2rem;\n  text-align: center;\n  color: rgb(0,0,0);\n}\n#text-4159385673 > * {\n  color: rgb(0,0,0);\n}\n<\/style>\n\t<\/div>\n\t\n\n\t\t<\/div>\n\t\t\t\t\n<style>\n#col-960526766 > .col-inner {\n  margin: 129px 0px 0px 0px;\n}\n<\/style>\n\t<\/div>\n\n\t\n\n<\/div>\n\n\t\t<\/div>\n\n\t\t\n<style>\n#section_1877682679 {\n  padding-top: 30px;\n  padding-bottom: 30px;\n  min-height: 290px;\n}\n#section_1877682679 .section-bg img {\n  object-position: 44% 50%;\n}\n@media (min-width:550px) {\n  #section_1877682679 {\n    min-height: 450px;\n  }\n}\n<\/style>\n\t<\/section>\n\t\n\n\t<section class=\"section\" id=\"section_788234789\">\n\t\t<div class=\"section-bg fill\" >\n\t\t\t\t\t\t\t\t\t\n\t\t\t\n\n\t\t<\/div>\n\n\t\t\n\n\t\t<div class=\"section-content relative\">\n\t\t\t\n\n<div class=\"row align-center\"  id=\"row-662856756\">\n\n\n\t<div id=\"col-1811124010\" class=\"col medium-11 small-12 large-11\"  >\n\t\t\t\t<div class=\"col-inner\"  >\n\t\t\t\n\t\t\t\n\n<h2>R\u00fcckgabe<\/h2>\n<div class=\"is-divider divider clearfix\" ><\/div>\n\n\t<div id=\"text-1321119568\" class=\"text\">\n\t\t\n\n<p>Zapewniamy klientom bezwarunkow\u0105 mo\u017cliwo\u015b\u0107 zwrotu zakupionej bi\u017cuterii w ci\u0105gu 30 dni od daty jej nabycia. W momencie, kiedy klientowi nie podoba si\u0119 zam\u00f3wiony produkt &#8211; odsy\u0142a go do nas. Klient ponosi tylko bezpo\u015brednie koszty zwrotu rzeczy.<br \/><br \/>Klient ma obowi\u0105zek zwr\u00f3ci\u0107 rzecz sprzedaj\u0105cemu lub przekaza\u0107 j\u0105 osobie upowa\u017cnionej przez sprzedaj\u0105cego do odbioru niezw\u0142ocznie, chyba \u017ce przedsi\u0119biorca zaproponowa\u0142, \u017ce sam odbierze rzecz. Klient ponosi odpowiedzialno\u015b\u0107 za zmniejszenie warto?ci rzeczy b\u0119d\u0105ce wynikiem korzystania z niej w spos\u00f3b wykraczaj\u0105cy poza konieczny do stwierdzenia charakteru, cech i funkcjonowania rzeczy. Zwracany towar obejmowa\u0107 musi w ka\u017cdym przypadku r\u00f3wnie\u017c oryginalne akcesoria, tj.: nieuszkodzone pude\u0142ko jubilerskie, certyfikat, metka,. Zwrot nie jest mo\u017cliwy w przypadku braku dowodu zakupu.<br \/><br \/>Prawo odst\u0105pienia dotyczy tylko umowy zawartej na odleg\u0142o\u015b\u0107, nie w lokalu, oraz nie przys\u0142uguje konsumentowi w odniesieniu do umowy, w kt\u00f3rej przedmiotem \u015bwiadczenia jest rzecz nieprefabrykowana, wyprodukowana wed\u0142ug specyfikacji konsumenta lub s\u0142u\u017c\u0105ca zaspokojeniu jego zindywidualizowanych potrzeb (wykonywanych na indywidualne zam\u00f3wienie.)<br \/><br \/>W przypadku produkt\u00f3w wykonywanych na indywidualne w celu realizacji zam\u00f3wienia konieczna jest przedp\u0142ata 30% warto\u015bci produktu. Przedp\u0142ata ta stanowi zadatek w rozumieniu przepis\u00f3w kodeksu cywilnego i nie podlega zwrotowi je\u015bli klient zrezygnuje z zakupu!<br \/><br \/>W przypadku p\u0142atno\u015bci z u\u017cyciem PayU &#8211; firma PayU nie zwraca kwoty prowizji w wysoko\u015bci 2.6% i o tyle umniejszona zostanie Pa\u0144stwa wp\u0142ata w przypadku zwrotu. Jest to niezale\u017cne od nas.<\/p>\n\t\t\n<style>\n#text-1321119568 {\n  font-size: 0.95rem;\n}\n<\/style>\n\t<\/div>\n\t\n<div class=\"row\"  id=\"row-318485420\">\n\n\n\t<div id=\"col-417840438\" class=\"col small-12 large-12\"  >\n\t\t\t\t<div class=\"col-inner\"  >\n\t\t\t\n\t\t\t\n\n\t<div class=\"img has-hover x md-x lg-x y md-y lg-y\" id=\"image_1066688625\">\n\t\t\t\t\t\t\t\t<div class=\"img-inner dark\" >\n\t\t\t<img loading=\"lazy\" decoding=\"async\" width=\"900\" height=\"300\" src=\"https:\/\/staviori.com.pl\/wp-content\/uploads\/2023\/04\/gwarancja.jpg\" class=\"attachment-large size-large\" alt=\"\" srcset=\"https:\/\/staviori.com.pl\/wp-content\/uploads\/2023\/04\/gwarancja.jpg 900w, https:\/\/staviori.com.pl\/wp-content\/uploads\/2023\/04\/gwarancja-510x170.jpg 510w, https:\/\/staviori.com.pl\/wp-content\/uploads\/2023\/04\/gwarancja-300x100.jpg 300w, https:\/\/staviori.com.pl\/wp-content\/uploads\/2023\/04\/gwarancja-768x256.jpg 768w\" sizes=\"auto, (max-width: 900px) 100vw, 900px\" \/>\t\t\t\t\t\t\n\t\t\t\t\t<\/div>\n\t\t\t\t\t\t\t\t\n<style>\n#image_1066688625 {\n  width: 100%;\n}\n<\/style>\n\t<\/div>\n\t\n\n\n\t\t<\/div>\n\t\t\t\t\t<\/div>\n\n\t\n\n<\/div>\n<div class=\"row\"  id=\"row-413556351\">\n\n\n\t<div id=\"col-220131427\" class=\"col small-12 large-12\"  >\n\t\t\t\t<div class=\"col-inner\"  >\n\t\t\t\n\t\t\t\n\n<h2>O\u015aWIACZENIE O ODST\u0104PIENIU OD UMOWY<\/h2>\n<div class=\"is-divider divider clearfix\" ><\/div>\n\n<p>W przypadku ch\u0119ci zwrotu produktu prosimy wydrukowa\u0107 poni\u017cszy formularz, wype\u0142ni\u0107 i za\u0142czy\u0107 wraz z odsy\u0142anym produktem.<\/p>\n<p>Adres zwrot\u00f3w: Jeleniog\u00f3rska 16, 60-179 Pozna\u0144<\/p>\n<p><span style=\"color: #000000;\"><strong><a style=\"color: #000000;\" href=\"https:\/\/staviori.com.pl\/wp-content\/uploads\/2026\/03\/formularz_odstapienia.pdf\"><span style=\"background-color: #ffffff;\"><span style=\"color: #666699;\">DRUK FORMULARZA W PDF<\/span> <img loading=\"lazy\" decoding=\"async\" class=\"alignnone size-full wp-image-9294\" src=\"https:\/\/staviori.com.pl\/wp-content\/uploads\/2023\/04\/pdf4.png\" alt=\"\" width=\"120\" height=\"60\" \/><\/span><\/a><\/strong><\/span><\/p>\n\n\n\t\t<\/div>\n\t\t\t\t\t<\/div>\n\n\t\n\n<\/div>\n\n\t\t<\/div>\n\t\t\t\t\t<\/div>\n\n\t\n\n<\/div>\n\n\t\t<\/div>\n\n\t\t\n<style>\n#section_788234789 {\n  padding-top: 30px;\n  padding-bottom: 30px;\n}\n<\/style>\n\t<\/section>","protected":false},"excerpt":{"rendered":"","protected":false},"author":1,"featured_media":0,"parent":0,"menu_order":0,"comment_status":"closed","ping_status":"closed","template":"page-blank.php","meta":{"om_disable_all_campaigns":false,"footnotes":""},"class_list":["post-9292","page","type-page","status-publish","hentry"],"aioseo_notices":[],"_links":{"self":[{"href":"https:\/\/staviori.com.pl\/de\/wp-json\/wp\/v2\/pages\/9292","targetHints":{"allow":["GET"]}}],"collection":[{"href":"https:\/\/staviori.com.pl\/de\/wp-json\/wp\/v2\/pages"}],"about":[{"href":"https:\/\/staviori.com.pl\/de\/wp-json\/wp\/v2\/types\/page"}],"author":[{"embeddable":true,"href":"https:\/\/staviori.com.pl\/de\/wp-json\/wp\/v2\/users\/1"}],"replies":[{"embeddable":true,"href":"https:\/\/staviori.com.pl\/de\/wp-json\/wp\/v2\/comments?post=9292"}],"version-history":[{"count":5,"href":"https:\/\/staviori.com.pl\/de\/wp-json\/wp\/v2\/pages\/9292\/revisions"}],"predecessor-version":[{"id":23030,"href":"https:\/\/staviori.com.pl\/de\/wp-json\/wp\/v2\/pages\/9292\/revisions\/23030"}],"wp:attachment":[{"href":"https:\/\/staviori.com.pl\/de\/wp-json\/wp\/v2\/media?parent=9292"}],"curies":[{"name":"wp","href":"https:\/\/api.w.org\/{rel}","templated":true}]}}