{"id":9281,"date":"2023-04-26T19:09:30","date_gmt":"2023-04-26T17:09:30","guid":{"rendered":"https:\/\/staviori.com.pl\/?page_id=9281"},"modified":"2026-03-19T10:57:55","modified_gmt":"2026-03-19T09:57:55","slug":"wymiana","status":"publish","type":"page","link":"https:\/\/staviori.com.pl\/de\/wymiana\/","title":{"rendered":"Austausch"},"content":{"rendered":"<section class=\"section has-scroll-for-more\" id=\"section_992427032\">\n\t\t<div class=\"section-bg fill\" >\n\t\t\t<img loading=\"lazy\" decoding=\"async\" width=\"1350\" height=\"900\" src=\"https:\/\/staviori.com.pl\/wp-content\/uploads\/2023\/04\/7-1.jpg\" class=\"bg attachment-original size-original\" alt=\"\" \/>\t\t\t\t\t\t<button class=\"scroll-for-more z-5 icon absolute bottom h-center\" aria-label=\"Scrollen f\u00fcr mehr\" data-no-translation-aria-label=\"\"><i class=\"icon-angle-down\" aria-hidden=\"true\" style=\"font-size:42px;\"><\/i><\/button>\n\t\t\t\n\n\t\t<\/div>\n\n\t\t\n\n\t\t<div class=\"section-content relative\">\n\t\t\t\n\n<div class=\"row\"  id=\"row-705461065\">\n\n\n\t<div id=\"col-1002469777\" class=\"col small-12 large-12\"  >\n\t\t\t\t<div class=\"col-inner\"  >\n\t\t\t\n\t\t\t\n\n\t<div id=\"text-3043695586\" class=\"text\">\n\t\t\n\n<h2>Austausch<\/h2>\n\t\t\n<style>\n#text-3043695586 {\n  font-size: 2rem;\n  text-align: center;\n  color: rgb(0,0,0);\n}\n#text-3043695586 > * {\n  color: rgb(0,0,0);\n}\n<\/style>\n\t<\/div>\n\t\n\n\t\t<\/div>\n\t\t\t\t\n<style>\n#col-1002469777 > .col-inner {\n  margin: 129px 0px 0px 0px;\n}\n<\/style>\n\t<\/div>\n\n\t\n\n<\/div>\n\n\t\t<\/div>\n\n\t\t\n<style>\n#section_992427032 {\n  padding-top: 30px;\n  padding-bottom: 30px;\n  min-height: 290px;\n}\n#section_992427032 .section-bg img {\n  object-position: 49% 83%;\n}\n@media (min-width:550px) {\n  #section_992427032 {\n    min-height: 450px;\n  }\n}\n<\/style>\n\t<\/section>\n\t\n\n\t<section class=\"section\" id=\"section_1778782856\">\n\t\t<div class=\"section-bg fill\" >\n\t\t\t\t\t\t\t\t\t\n\t\t\t\n\n\t\t<\/div>\n\n\t\t\n\n\t\t<div class=\"section-content relative\">\n\t\t\t\n\n<div class=\"row align-center\"  id=\"row-967159881\">\n\n\n\t<div id=\"col-1677045554\" class=\"col medium-11 small-12 large-11\"  >\n\t\t\t\t<div class=\"col-inner\"  >\n\t\t\t\n\t\t\t\n\n<h2>Austausch<\/h2>\n<div class=\"is-divider divider clearfix\" ><\/div>\n\n<div class=\"row\"  id=\"row-331104953\">\n\n\n\t<div id=\"col-674904241\" class=\"col small-12 large-12\"  >\n\t\t\t\t<div class=\"col-inner\"  >\n\t\t\t\n\t\t\t\n\n\t<div class=\"img has-hover x md-x lg-x y md-y lg-y\" id=\"image_1027158259\">\n\t\t\t\t\t\t\t\t<div class=\"img-inner dark\" >\n\t\t\t<img loading=\"lazy\" decoding=\"async\" width=\"900\" height=\"300\" src=\"https:\/\/staviori.com.pl\/wp-content\/uploads\/2023\/04\/gwarancja.jpg\" class=\"attachment-large size-large\" alt=\"\" srcset=\"https:\/\/staviori.com.pl\/wp-content\/uploads\/2023\/04\/gwarancja.jpg 900w, https:\/\/staviori.com.pl\/wp-content\/uploads\/2023\/04\/gwarancja-510x170.jpg 510w, https:\/\/staviori.com.pl\/wp-content\/uploads\/2023\/04\/gwarancja-300x100.jpg 300w, https:\/\/staviori.com.pl\/wp-content\/uploads\/2023\/04\/gwarancja-768x256.jpg 768w\" sizes=\"auto, (max-width: 900px) 100vw, 900px\" \/>\t\t\t\t\t\t\n\t\t\t\t\t<\/div>\n\t\t\t\t\t\t\t\t\n<style>\n#image_1027158259 {\n  width: 100%;\n}\n<\/style>\n\t<\/div>\n\t\n\n\n\t\t<\/div>\n\t\t\t\t\t<\/div>\n\n\t\n\n<\/div>\n<div class=\"row\"  id=\"row-462148333\">\n\n\n\t<div id=\"col-205613357\" class=\"col small-12 large-12\"  >\n\t\t\t\t<div class=\"col-inner\"  >\n\t\t\t\n\t\t\t\n\n<h3>Pier\u015bcionka na inny rozmiar<\/h3>\n<p>Naszym klientom zapewniamy bezp\u0142atn\u0105 mo\u017cliwo\u015b\u0107 wymiany rozmiaru pier\u015bcionka w terminie 30 dni od daty jego zakupu. Dlatego kupuj\u0105c pier\u015bcionek zar\u0119czynowy nie musicie si\u0119 martwi\u0107 czy rozmiar b\u0119dzie trafiony.<\/p>\n<p>W przypadku kiedy okazuje si\u0119, \u017ce pier\u015bcionek nie pasuje, prosimy o kontakt. Zam\u00f3wimy do Pa\u0144stwa nieodp\u0142atnie naszego kuriera aby odes\u0142a\u0107 pier\u015bcionek do nas i wymieni\u0107 na w\u0142a\u015bciwy rozmiar. (Dotyczy tylko pier\u015bcionk\u00f3w ze z?ota z kamieniami szlachetnymi.)<\/p>\n<p>Mo\u017ce si\u0119 zdarzy\u0107, \u017ce pier\u015bcionek b\u0119dzie ju\u017c noszony (lub nie b\u0119dziemy akurat dysponowa\u0107 potrzebnym rozmiarem), w\u00f3wczas istnieje mo\u017cliwo\u015b\u0107 zmiany rozmiaru przez naszego wyspecjalizowanego z\u0142otnika. Podobnie dzieje si\u0119 w przypadku rozmiar\u00f3w niestandardowych. Pierwsza zmiana rozmiaru jest darmowa (Dotyczy tylko pier\u015bcionk\u00f3w ze z\u0142ota z kamieniami szlachetnymi.), z wyj\u0105tkiem rozmiar\u00f3w powy?ej 18. W\u00f3wczas koszt zmiany rozmiaru jest ustalany indywidualnie dla poszczeg\u00f3lnych modeli.<\/p>\n<p>Uwaga! W przypadku pier\u015bcionk\u00f3w wykonywanych na indywidualne zam\u00f3wienie nie ma mo\u017cliwo\u015bci wymiany rozmiaru pier\u015bcionka, a jedynie zmiana rozmiaru przez naszego wyspecjalizowanego z\u0142otnika. Jednak\u017ce tylko je\u015bli konstrukcja pier\u015bcionka pozwala na zmian\u0119 rozmiaru!<\/p>\n<h3>Bi\u017cuterii<\/h3>\n<p>Naszym klientom zapewniamy bezp\u0142atn\u0105 mo\u017cliwo\u015b\u0107 wymiany bi\u017cuterii w terminie 30 dni od daty jej zakupu.<br \/>W przypadku kiedy bi\u017cuteria nie spe\u0142nia Pa\u0144stwa oczekiwa\u0144 i nie by\u0142a u\u017cywana, prosimy odes\u0142a\u0107 j\u0105 do nas, aby wymieni\u0107 na innym model. W takiej sytuacji klient p\u0142aci wy\u0142\u0105cznie za przesy\u0142k\u0119 zwrotn\u0105 do nas.<br \/>Nie istnieje mo\u017cliwo\u015b\u0107 wymiany w przypadku produkt\u00f3w wykonywanych na indywidualne zam\u00f3wienie!<\/p>\n<h3>Formularz wymiany \/ reklamacji<\/h3>\n<p>W przypadku konieczno\u015bci wymiany lub uszkodzenia produktu prosimy wydrukowa\u0107 poni\u017cszy formularz, wype\u0142ni\u0107 i za\u0142\u0105czy\u0107 wraz z odsy\u0142anym produktem.<\/p>\n<p><span style=\"color: #000000;\"><strong><a style=\"color: #000000;\" href=\"https:\/\/staviori.com.pl\/wp-content\/uploads\/2026\/03\/formularz_reklamacji.pdf\" data-wplink-edit=\"true\"><span style=\"background-color: #ffffff;\"><span style=\"color: #666699;\">DRUK FORMULARZA W PDF<\/span>&nbsp;<img loading=\"lazy\" decoding=\"async\" class=\"alignnone size-full wp-image-9275\" src=\"https:\/\/staviori.com.pl\/wp-content\/uploads\/2023\/04\/pdf1.png\" alt=\"\" width=\"120\" height=\"60\"><\/span><\/a><\/strong><\/span><\/p>\n\n\n\t\t<\/div>\n\t\t\t\t\t<\/div>\n\n\t\n\n<\/div>\n\n\t\t<\/div>\n\t\t\t\t\t<\/div>\n\n\t\n\n<\/div>\n\n\t\t<\/div>\n\n\t\t\n<style>\n#section_1778782856 {\n  padding-top: 30px;\n  padding-bottom: 30px;\n}\n<\/style>\n\t<\/section>","protected":false},"excerpt":{"rendered":"","protected":false},"author":1,"featured_media":0,"parent":0,"menu_order":0,"comment_status":"closed","ping_status":"closed","template":"page-blank.php","meta":{"om_disable_all_campaigns":false,"footnotes":""},"class_list":["post-9281","page","type-page","status-publish","hentry"],"aioseo_notices":[],"_links":{"self":[{"href":"https:\/\/staviori.com.pl\/de\/wp-json\/wp\/v2\/pages\/9281","targetHints":{"allow":["GET"]}}],"collection":[{"href":"https:\/\/staviori.com.pl\/de\/wp-json\/wp\/v2\/pages"}],"about":[{"href":"https:\/\/staviori.com.pl\/de\/wp-json\/wp\/v2\/types\/page"}],"author":[{"embeddable":true,"href":"https:\/\/staviori.com.pl\/de\/wp-json\/wp\/v2\/users\/1"}],"replies":[{"embeddable":true,"href":"https:\/\/staviori.com.pl\/de\/wp-json\/wp\/v2\/comments?post=9281"}],"version-history":[{"count":5,"href":"https:\/\/staviori.com.pl\/de\/wp-json\/wp\/v2\/pages\/9281\/revisions"}],"predecessor-version":[{"id":23032,"href":"https:\/\/staviori.com.pl\/de\/wp-json\/wp\/v2\/pages\/9281\/revisions\/23032"}],"wp:attachment":[{"href":"https:\/\/staviori.com.pl\/de\/wp-json\/wp\/v2\/media?parent=9281"}],"curies":[{"name":"wp","href":"https:\/\/api.w.org\/{rel}","templated":true}]}}