{"id":9270,"date":"2023-04-26T18:48:49","date_gmt":"2023-04-26T16:48:49","guid":{"rendered":"https:\/\/staviori.com.pl\/?page_id=9270"},"modified":"2023-04-26T19:37:52","modified_gmt":"2023-04-26T17:37:52","slug":"gwarancja","status":"publish","type":"page","link":"https:\/\/staviori.com.pl\/de\/gwarancja\/","title":{"rendered":"B\u00fcrgschaft"},"content":{"rendered":"<section class=\"section has-scroll-for-more\" id=\"section_2025384842\">\n\t\t<div class=\"section-bg fill\" >\n\t\t\t<img loading=\"lazy\" decoding=\"async\" width=\"1431\" height=\"900\" src=\"https:\/\/staviori.com.pl\/wp-content\/uploads\/2023\/04\/63a.jpg\" class=\"bg attachment-original size-original\" alt=\"\" \/>\t\t\t\t\t\t<button class=\"scroll-for-more z-5 icon absolute bottom h-center\" aria-label=\"Scrollen f\u00fcr mehr\" data-no-translation-aria-label=\"\"><i class=\"icon-angle-down\" aria-hidden=\"true\" style=\"font-size:42px;\"><\/i><\/button>\n\t\t\t\n\n\t\t<\/div>\n\n\t\t\n\n\t\t<div class=\"section-content relative\">\n\t\t\t\n\n<div class=\"row\"  id=\"row-1858547630\">\n\n\n\t<div id=\"col-750784379\" class=\"col small-12 large-12\"  >\n\t\t\t\t<div class=\"col-inner\"  >\n\t\t\t\n\t\t\t\n\n\t<div id=\"text-3027095659\" class=\"text\">\n\t\t\n\n<h2>B\u00fcrgschaft<\/h2>\n\t\t\n<style>\n#text-3027095659 {\n  font-size: 2rem;\n  text-align: center;\n  color: rgb(0,0,0);\n}\n#text-3027095659 > * {\n  color: rgb(0,0,0);\n}\n<\/style>\n\t<\/div>\n\t\n\n\t\t<\/div>\n\t\t\t\t\n<style>\n#col-750784379 > .col-inner {\n  margin: 129px 0px 0px 0px;\n}\n<\/style>\n\t<\/div>\n\n\t\n\n<\/div>\n\n\t\t<\/div>\n\n\t\t\n<style>\n#section_2025384842 {\n  padding-top: 30px;\n  padding-bottom: 30px;\n  min-height: 290px;\n}\n#section_2025384842 .section-bg img {\n  object-position: 92% 28%;\n}\n@media (min-width:550px) {\n  #section_2025384842 {\n    min-height: 450px;\n  }\n}\n<\/style>\n\t<\/section>\n\t\n\n\t<section class=\"section\" id=\"section_1991925602\">\n\t\t<div class=\"section-bg fill\" >\n\t\t\t\t\t\t\t\t\t\n\t\t\t\n\n\t\t<\/div>\n\n\t\t\n\n\t\t<div class=\"section-content relative\">\n\t\t\t\n\n<div class=\"row align-center\"  id=\"row-514913155\">\n\n\n\t<div id=\"col-768288592\" class=\"col medium-11 small-12 large-11\"  >\n\t\t\t\t<div class=\"col-inner\"  >\n\t\t\t\n\t\t\t\n\n<h2>B\u00fcrgschaft<\/h2>\n<div class=\"is-divider divider clearfix\" ><\/div>\n\n\t<div id=\"text-3932267660\" class=\"text\">\n\t\t\n\n<p>Na wszystkie produkty obowi\u0105zuje gwarancja producenta, kt\u00f3ra standardowo trwa 12 miesi\u0119cy, po tym okresie zapewniamy Pa\u0144stwu gwarancj\u0119 warunkow\u0105 &#8211; je\u015bli co\u015b si\u0119 stanie prosimy o kontakt, postaramy si\u0119 pom\u00f3c. Sprzedajemy produkt, kt\u00f3ry nie ma prawa si\u0119 psu\u0107, lecz prosimy pami\u0119ta\u0107, \u017ce bi\u017cuteria to produkt wyj\u0105tkowo delikatny i nale\u017cy obchodzi\u0107 si\u0119 z nim odpowiednio.<br><br>Ponadto, marka Marcelllo Staviori oferuje swoim klientom bezp\u0142atn\u0105, coroczn\u0105 us\u0142ug\u0119 od\u015bwie\u017cenia\/wyczyszczenia zakupionej bi\u017cuterii ze z\u0142ota z kamieniami szlachetnymi. Warunkiem wykonania takiej us\u0142ugi jest przys\u0142anie do nas bi\u017cuterii oraz pokrycie kosztu przesy\u0142ek w obie strony.<\/p>\n\t\t\n<style>\n#text-3932267660 {\n  font-size: 0.95rem;\n}\n<\/style>\n\t<\/div>\n\t\n<div class=\"row\"  id=\"row-834898498\">\n\n\n\t<div id=\"col-1859299494\" class=\"col small-12 large-12\"  >\n\t\t\t\t<div class=\"col-inner\"  >\n\t\t\t\n\t\t\t\n\n\t<div class=\"img has-hover x md-x lg-x y md-y lg-y\" id=\"image_890966257\">\n\t\t\t\t\t\t\t\t<div class=\"img-inner dark\" >\n\t\t\t<img loading=\"lazy\" decoding=\"async\" width=\"900\" height=\"300\" src=\"https:\/\/staviori.com.pl\/wp-content\/uploads\/2023\/04\/odswiezymy.jpg\" class=\"attachment-large size-large\" alt=\"\" srcset=\"https:\/\/staviori.com.pl\/wp-content\/uploads\/2023\/04\/odswiezymy.jpg 900w, https:\/\/staviori.com.pl\/wp-content\/uploads\/2023\/04\/odswiezymy-510x170.jpg 510w, https:\/\/staviori.com.pl\/wp-content\/uploads\/2023\/04\/odswiezymy-300x100.jpg 300w, https:\/\/staviori.com.pl\/wp-content\/uploads\/2023\/04\/odswiezymy-768x256.jpg 768w\" sizes=\"auto, (max-width: 900px) 100vw, 900px\" \/>\t\t\t\t\t\t\n\t\t\t\t\t<\/div>\n\t\t\t\t\t\t\t\t\n<style>\n#image_890966257 {\n  width: 100%;\n}\n<\/style>\n\t<\/div>\n\t\n\n\n\t\t<\/div>\n\t\t\t\t\t<\/div>\n\n\t\n\n<\/div>\n<div class=\"row\"  id=\"row-1894866559\">\n\n\n\t<div id=\"col-589592091\" class=\"col small-12 large-12\"  >\n\t\t\t\t<div class=\"col-inner\"  >\n\t\t\t\n\t\t\t\n\n<h2>Formularz reklamacji \/ wymiany<\/h2>\n<div class=\"is-divider divider clearfix\" ><\/div>\n\n<p>W przypadku konieczno\u015bci wymiany lub uszkodzenia produktu prosimy wydrukowa\u0107 poni\u017cszy formularz, wype\u0142ni\u0107 i za\u0142\u0105czy\u0107 wraz z odsy\u0142anym produktem.<\/p>\n<p><span style=\"color: #000000;\"><strong><a style=\"color: #000000;\" href=\"https:\/\/staviori.com.pl\/wp-content\/uploads\/2023\/04\/formularz.pdf\" data-wplink-edit=\"true\"><span style=\"background-color: #ffffff;\"><span style=\"color: #666699;\">DRUK FORMULARZA W PDF<\/span>\u00a0<img loading=\"lazy\" decoding=\"async\" class=\"alignnone size-full wp-image-9275\" src=\"https:\/\/staviori.com.pl\/wp-content\/uploads\/2023\/04\/pdf1.png\" alt=\"\" width=\"120\" height=\"60\" \/><\/span><\/a><\/strong><\/span><\/p>\n\n\t\t<\/div>\n\t\t\t\t\t<\/div>\n\n\t\n\n<\/div>\n\n\t\t<\/div>\n\t\t\t\t\t<\/div>\n\n\t\n\n<\/div>\n\n\t\t<\/div>\n\n\t\t\n<style>\n#section_1991925602 {\n  padding-top: 30px;\n  padding-bottom: 30px;\n}\n<\/style>\n\t<\/section>","protected":false},"excerpt":{"rendered":"","protected":false},"author":1,"featured_media":0,"parent":0,"menu_order":0,"comment_status":"closed","ping_status":"closed","template":"page-blank.php","meta":{"om_disable_all_campaigns":false,"footnotes":""},"class_list":["post-9270","page","type-page","status-publish","hentry"],"aioseo_notices":[],"_links":{"self":[{"href":"https:\/\/staviori.com.pl\/de\/wp-json\/wp\/v2\/pages\/9270","targetHints":{"allow":["GET"]}}],"collection":[{"href":"https:\/\/staviori.com.pl\/de\/wp-json\/wp\/v2\/pages"}],"about":[{"href":"https:\/\/staviori.com.pl\/de\/wp-json\/wp\/v2\/types\/page"}],"author":[{"embeddable":true,"href":"https:\/\/staviori.com.pl\/de\/wp-json\/wp\/v2\/users\/1"}],"replies":[{"embeddable":true,"href":"https:\/\/staviori.com.pl\/de\/wp-json\/wp\/v2\/comments?post=9270"}],"version-history":[{"count":6,"href":"https:\/\/staviori.com.pl\/de\/wp-json\/wp\/v2\/pages\/9270\/revisions"}],"predecessor-version":[{"id":9315,"href":"https:\/\/staviori.com.pl\/de\/wp-json\/wp\/v2\/pages\/9270\/revisions\/9315"}],"wp:attachment":[{"href":"https:\/\/staviori.com.pl\/de\/wp-json\/wp\/v2\/media?parent=9270"}],"curies":[{"name":"wp","href":"https:\/\/api.w.org\/{rel}","templated":true}]}}