{"id":9265,"date":"2023-04-26T18:46:06","date_gmt":"2023-04-26T16:46:06","guid":{"rendered":"https:\/\/staviori.com.pl\/?page_id=9265"},"modified":"2023-04-26T19:37:23","modified_gmt":"2023-04-26T17:37:23","slug":"czas-dostawy","status":"publish","type":"page","link":"https:\/\/staviori.com.pl\/de\/czas-dostawy\/","title":{"rendered":"Lieferfrist"},"content":{"rendered":"<section class=\"section has-scroll-for-more\" id=\"section_2121505662\">\n\t\t<div class=\"section-bg fill\" >\n\t\t\t<img loading=\"lazy\" decoding=\"async\" width=\"1350\" height=\"900\" src=\"https:\/\/staviori.com.pl\/wp-content\/uploads\/2023\/04\/5.jpg\" class=\"bg attachment-original size-original\" alt=\"\" \/>\t\t\t\t\t\t<button class=\"scroll-for-more z-5 icon absolute bottom h-center\" aria-label=\"Scrollen f\u00fcr mehr\" data-no-translation-aria-label=\"\"><i class=\"icon-angle-down\" aria-hidden=\"true\" style=\"font-size:42px;\"><\/i><\/button>\n\t\t\t\n\n\t\t<\/div>\n\n\t\t\n\n\t\t<div class=\"section-content relative\">\n\t\t\t\n\n<div class=\"row\"  id=\"row-1226996970\">\n\n\n\t<div id=\"col-1218061699\" class=\"col small-12 large-12\"  >\n\t\t\t\t<div class=\"col-inner\"  >\n\t\t\t\n\t\t\t\n\n\t<div id=\"text-3067108287\" class=\"text\">\n\t\t\n\n<h2>Lieferfrist<\/h2>\n\t\t\n<style>\n#text-3067108287 {\n  font-size: 2rem;\n  text-align: center;\n  color: rgb(0,0,0);\n}\n#text-3067108287 > * {\n  color: rgb(0,0,0);\n}\n<\/style>\n\t<\/div>\n\t\n\n\t\t<\/div>\n\t\t\t\t\n<style>\n#col-1218061699 > .col-inner {\n  margin: 129px 0px 0px 0px;\n}\n<\/style>\n\t<\/div>\n\n\t\n\n<\/div>\n\n\t\t<\/div>\n\n\t\t\n<style>\n#section_2121505662 {\n  padding-top: 30px;\n  padding-bottom: 30px;\n  min-height: 290px;\n}\n#section_2121505662 .section-bg img {\n  object-position: 37% 78%;\n}\n@media (min-width:550px) {\n  #section_2121505662 {\n    min-height: 450px;\n  }\n}\n<\/style>\n\t<\/section>\n\t\n\n\t<section class=\"section\" id=\"section_1758184404\">\n\t\t<div class=\"section-bg fill\" >\n\t\t\t\t\t\t\t\t\t\n\t\t\t\n\n\t\t<\/div>\n\n\t\t\n\n\t\t<div class=\"section-content relative\">\n\t\t\t\n\n<div class=\"row align-center\"  id=\"row-1251334936\">\n\n\n\t<div id=\"col-1956734634\" class=\"col medium-11 small-12 large-11\"  >\n\t\t\t\t<div class=\"col-inner\"  >\n\t\t\t\n\t\t\t\n\n<h2>Lieferfrist<\/h2>\n<div class=\"is-divider divider clearfix\" ><\/div>\n\n\t<div id=\"text-2920524220\" class=\"text\">\n\t\t\n\n<div class=\"pyt\">\n<h3>Wir sind bestrebt, dass die bestellte Ware so schnell wie m\u00f6glich beim Kunden ankommt, deshalb werden die Auftr\u00e4ge nach M\u00f6glichkeit sofort bearbeitet.<\/h3>\n<p>Die Vorlaufzeit (Versand) Ihrer Bestellung betr\u00e4gt maximal 24 Stunden, auch in die Europ\u00e4ische Union, mit Ausnahme von Schmuckst\u00fccken, die auf Anfrage erh\u00e4ltlich sind (1 Woche), Sonderanfertigungen (ca. 4 Wochen) und nicht standardisierten Ringgr\u00f6\u00dfen (in diesem Fall kontaktieren Sie uns bitte f\u00fcr eine Vorlaufzeit).<\/p>\n<p>Wir nutzen den Dienst Pocztex 24 mit einer garantierten Zustellzeit. Au\u00dferdem kann das Paket bei 2 erfolglosen Zustellversuchen des Kurierdienstes bei der n\u00e4chstgelegenen Postfiliale abgeholt werden.<\/p>\n<p>F\u00fcr Sendungen in die Europ\u00e4ische Union hingegen nutzen wir den GLS-Kurierdienst, da dies die g\u00fcnstigste Form der Zustellung ist, so dass dem Kunden keine zus\u00e4tzlichen Kosten entstehen.<\/p>\n<h3>Alle Sendungen sind versichert und sorgf\u00e4ltig verpackt.<\/h3>\n<p>Wir \u00fcbernehmen die volle Verantwortung daf\u00fcr, dass die Ware in einwandfreiem Zustand bei Ihnen eintrifft. Zusammen mit der Versandbest\u00e4tigung erhalten Sie per E-Mail eine Sendungsnummer, mit der Sie Ihr Paket verfolgen k\u00f6nnen.<br>Wenn ein Paket verloren geht oder besch\u00e4digt wird, senden wir dem Kunden ein neues Paket zu.<\/p>\n<h3>Pers\u00f6nliche Sammlung<\/h3>\n<p>Wir haben derzeit weder einen Laden noch eine Sammelstelle.<\/p>\n<h3>&nbsp;<\/h3>\n<p>Es besteht jedoch die M\u00f6glichkeit, die Ware nach Vereinbarung pers\u00f6nlich in unserem Lager in Pozna\u0144 abzuholen.<br>Bitte kontaktieren Sie uns dazu per E-Mail oder \u00fcber unsere Hotline-Nummer.<\/p>\n<\/div>\n\t\t\n<style>\n#text-2920524220 {\n  font-size: 0.95rem;\n}\n<\/style>\n\t<\/div>\n\t\n\n\t\t<\/div>\n\t\t\t\t\t<\/div>\n\n\t\n\n<\/div>\n\n\t\t<\/div>\n\n\t\t\n<style>\n#section_1758184404 {\n  padding-top: 30px;\n  padding-bottom: 30px;\n}\n<\/style>\n\t<\/section>","protected":false},"excerpt":{"rendered":"","protected":false},"author":1,"featured_media":0,"parent":0,"menu_order":0,"comment_status":"closed","ping_status":"closed","template":"page-blank.php","meta":{"om_disable_all_campaigns":false,"footnotes":""},"class_list":["post-9265","page","type-page","status-publish","hentry"],"aioseo_notices":[],"_links":{"self":[{"href":"https:\/\/staviori.com.pl\/de\/wp-json\/wp\/v2\/pages\/9265","targetHints":{"allow":["GET"]}}],"collection":[{"href":"https:\/\/staviori.com.pl\/de\/wp-json\/wp\/v2\/pages"}],"about":[{"href":"https:\/\/staviori.com.pl\/de\/wp-json\/wp\/v2\/types\/page"}],"author":[{"embeddable":true,"href":"https:\/\/staviori.com.pl\/de\/wp-json\/wp\/v2\/users\/1"}],"replies":[{"embeddable":true,"href":"https:\/\/staviori.com.pl\/de\/wp-json\/wp\/v2\/comments?post=9265"}],"version-history":[{"count":4,"href":"https:\/\/staviori.com.pl\/de\/wp-json\/wp\/v2\/pages\/9265\/revisions"}],"predecessor-version":[{"id":9313,"href":"https:\/\/staviori.com.pl\/de\/wp-json\/wp\/v2\/pages\/9265\/revisions\/9313"}],"wp:attachment":[{"href":"https:\/\/staviori.com.pl\/de\/wp-json\/wp\/v2\/media?parent=9265"}],"curies":[{"name":"wp","href":"https:\/\/api.w.org\/{rel}","templated":true}]}}