{"id":9256,"date":"2023-04-26T18:37:59","date_gmt":"2023-04-26T16:37:59","guid":{"rendered":"https:\/\/staviori.com.pl\/?page_id=9256"},"modified":"2023-04-26T18:45:00","modified_gmt":"2023-04-26T16:45:00","slug":"koszty-wysylki","status":"publish","type":"page","link":"https:\/\/staviori.com.pl\/de\/koszty-wysylki\/","title":{"rendered":"Kosten f\u00fcr den Versand"},"content":{"rendered":"<section class=\"section has-scroll-for-more\" id=\"section_654185805\">\n\t\t<div class=\"section-bg fill\" >\n\t\t\t<img loading=\"lazy\" decoding=\"async\" width=\"1920\" height=\"1080\" src=\"https:\/\/staviori.com.pl\/wp-content\/uploads\/2023\/04\/KZD4016T_8-1.jpg\" class=\"bg attachment-original size-original\" alt=\"\" \/>\t\t\t\t\t\t<button class=\"scroll-for-more z-5 icon absolute bottom h-center\" aria-label=\"Scrollen f\u00fcr mehr\" data-no-translation-aria-label=\"\"><i class=\"icon-angle-down\" aria-hidden=\"true\" style=\"font-size:42px;\"><\/i><\/button>\n\t\t\t\n\n\t\t<\/div>\n\n\t\t\n\n\t\t<div class=\"section-content relative\">\n\t\t\t\n\n<div class=\"row\"  id=\"row-2064288109\">\n\n\n\t<div id=\"col-705019155\" class=\"col small-12 large-12\"  >\n\t\t\t\t<div class=\"col-inner\"  >\n\t\t\t\n\t\t\t\n\n\t<div id=\"text-2567506282\" class=\"text\">\n\t\t\n\n<h2>Kosten f\u00fcr den Versand<\/h2>\n\t\t\n<style>\n#text-2567506282 {\n  font-size: 2rem;\n  text-align: center;\n  color: rgb(0,0,0);\n}\n#text-2567506282 > * {\n  color: rgb(0,0,0);\n}\n<\/style>\n\t<\/div>\n\t\n\n\t\t<\/div>\n\t\t\t\t\n<style>\n#col-705019155 > .col-inner {\n  margin: 129px 0px 0px 0px;\n}\n<\/style>\n\t<\/div>\n\n\t\n\n<\/div>\n\n\t\t<\/div>\n\n\t\t\n<style>\n#section_654185805 {\n  padding-top: 30px;\n  padding-bottom: 30px;\n  min-height: 290px;\n}\n#section_654185805 .section-bg img {\n  object-position: 92% 28%;\n}\n@media (min-width:550px) {\n  #section_654185805 {\n    min-height: 450px;\n  }\n}\n<\/style>\n\t<\/section>\n\t\n\n\t<section class=\"section\" id=\"section_490578056\">\n\t\t<div class=\"section-bg fill\" >\n\t\t\t\t\t\t\t\t\t\n\t\t\t\n\n\t\t<\/div>\n\n\t\t\n\n\t\t<div class=\"section-content relative\">\n\t\t\t\n\n<div class=\"row align-center\"  id=\"row-2127568055\">\n\n\n\t<div id=\"col-2064089525\" class=\"col medium-11 small-12 large-11\"  >\n\t\t\t\t<div class=\"col-inner\"  >\n\t\t\t\n\t\t\t\n\n<h2>Kosten f\u00fcr den Versand<\/h2>\n<div class=\"is-divider divider clearfix\" ><\/div>\n\n\t<div id=\"text-3520049140\" class=\"text\">\n\t\t\n\n<div class=\"pyt\">\n<h3>Alle unsere Sendungen sind versichert und sorgf\u00e4ltig verpackt. Wir \u00fcbernehmen die volle Verantwortung f\u00fcr die Lieferung der Waren an den Kunden in einwandfreiem Zustand. Im Falle von Verlust oder Besch\u00e4digung senden wir dem Kunden ein neues Paket.<\/h3>\n<h3>Zusammen mit der Versandbest\u00e4tigung erhalten Sie per E-Mail eine Versandnummer, mit der Sie Ihr Paket verfolgen k\u00f6nnen.<\/h3>\n<\/div>\n\t\t\n<style>\n#text-3520049140 {\n  font-size: 0.95rem;\n}\n<\/style>\n\t<\/div>\n\t\n<div class=\"row\"  id=\"row-64571000\">\n\n\n\t<div id=\"col-1859277538\" class=\"col small-12 large-12\"  >\n\t\t\t\t<div class=\"col-inner\"  >\n\t\t\t\n\t\t\t\n\n<div class=\"is-divider divider clearfix\" ><\/div>\n\n\t<div class=\"img has-hover x md-x lg-x y md-y lg-y\" id=\"image_1824586151\">\n\t\t\t\t\t\t\t\t<div class=\"img-inner dark\" >\n\t\t\t<img loading=\"lazy\" decoding=\"async\" width=\"900\" height=\"180\" src=\"https:\/\/staviori.com.pl\/wp-content\/uploads\/2023\/04\/krajowe.jpg\" class=\"attachment-original size-original\" alt=\"\" srcset=\"https:\/\/staviori.com.pl\/wp-content\/uploads\/2023\/04\/krajowe.jpg 900w, https:\/\/staviori.com.pl\/wp-content\/uploads\/2023\/04\/krajowe-510x102.jpg 510w, https:\/\/staviori.com.pl\/wp-content\/uploads\/2023\/04\/krajowe-300x60.jpg 300w, https:\/\/staviori.com.pl\/wp-content\/uploads\/2023\/04\/krajowe-768x154.jpg 768w\" sizes=\"auto, (max-width: 900px) 100vw, 900px\" \/>\t\t\t\t\t\t\n\t\t\t\t\t<\/div>\n\t\t\t\t\t\t\t\t\n<style>\n#image_1824586151 {\n  width: 100%;\n}\n<\/style>\n\t<\/div>\n\t\n\n\n\t\t<\/div>\n\t\t\t\t\t<\/div>\n\n\t\n\n<\/div>\n<div class=\"row\"  id=\"row-356250525\">\n\n\n\t<div id=\"col-603894063\" class=\"col small-12 large-12\"  >\n\t\t\t\t<div class=\"col-inner\"  >\n\t\t\t\n\t\t\t\n\n\t<div id=\"text-3420973706\" class=\"text\">\n\t\t\n\n<h3>Pocztex 24-Stunden-Kurierdienst versichert:<br>- Bestellung mit einem Wert von bis zu 200 PLN bei Zahlung per Bank\u00fcberweisung - Kosten 15z?<br>- Bestellung \u00fcber 200 PLN bei Zahlung per Bank\u00fcberweisung - geb\u00fchrenfrei<br>- Zahlung bei Lieferung - Kosten 20 pln<\/h3>\n\t\t\n<style>\n#text-3420973706 {\n  font-size: 0.95rem;\n}\n<\/style>\n\t<\/div>\n\t\n<div class=\"is-divider divider clearfix\" ><\/div>\n\n<div class=\"row\"  id=\"row-316994972\">\n\n\n\t<div id=\"col-505034379\" class=\"col small-12 large-12\"  >\n\t\t\t\t<div class=\"col-inner\"  >\n\t\t\t\n\t\t\t\n\n\t<div class=\"img has-hover x md-x lg-x y md-y lg-y\" id=\"image_414683787\">\n\t\t\t\t\t\t\t\t<div class=\"img-inner dark\" >\n\t\t\t<img loading=\"lazy\" decoding=\"async\" width=\"900\" height=\"180\" src=\"https:\/\/staviori.com.pl\/wp-content\/uploads\/2023\/04\/zagraniczne.jpg\" class=\"attachment-original size-original\" alt=\"\" srcset=\"https:\/\/staviori.com.pl\/wp-content\/uploads\/2023\/04\/zagraniczne.jpg 900w, https:\/\/staviori.com.pl\/wp-content\/uploads\/2023\/04\/zagraniczne-510x102.jpg 510w, https:\/\/staviori.com.pl\/wp-content\/uploads\/2023\/04\/zagraniczne-300x60.jpg 300w, https:\/\/staviori.com.pl\/wp-content\/uploads\/2023\/04\/zagraniczne-768x154.jpg 768w\" sizes=\"auto, (max-width: 900px) 100vw, 900px\" \/>\t\t\t\t\t\t\n\t\t\t\t\t<\/div>\n\t\t\t\t\t\t\t\t\n<style>\n#image_414683787 {\n  width: 100%;\n}\n<\/style>\n\t<\/div>\n\t\n\n\n\t\t<\/div>\n\t\t\t\t\t<\/div>\n\n\t\n\n<\/div>\n\n\t\t<\/div>\n\t\t\t\t\t<\/div>\n\n\t\n\n<\/div>\n<div class=\"row\"  id=\"row-456053565\">\n\n\n\t<div id=\"col-277498893\" class=\"col small-12 large-12\"  >\n\t\t\t\t<div class=\"col-inner\"  >\n\t\t\t\n\t\t\t\n\n\t<div id=\"text-2951896362\" class=\"text\">\n\t\t\n\n<h3>\u00d6sterreich, Belgien, Tschechische Republik, Niederlande, Deutschland, Slowakei<br><br>GLS-Kurier 2-3 Tage versichert:<br>- Bestellung im Wert von bis zu 1.000 PLN bei Zahlung per Bank\u00fcberweisung - Kosten 40 PLN<br>- Bestellung \u00fcber 1000 Zl. bei Zahlung per Bank\u00fcberweisung - geb\u00fchrenfrei<\/h3>\n<p>&nbsp;<\/p>\n<h3><br>Bulgarien, D\u00e4nemark, Frankreich, Luxemburg, Litauen, Slowenien, Ungarn, Vereinigtes K\u00f6nigreich<br><br>GLS-Kurier 2-3 Tage versichert:<br>- Bestellung im Wert von bis zu 1.000 PLN bei Zahlung per Bank\u00fcberweisung - Kosten 50 PLN<br>- Bestellung \u00fcber 1000 Zl. bei Zahlung per Bank\u00fcberweisung - geb\u00fchrenfrei<\/h3>\n<p>&nbsp;<\/p>\n<h3><br>Estland, Spanien, Lettland, Portugal, Rum\u00e4nien, Schweden, Schweiz, Italien<br><br>GLS-Kurier 2-3 Tage versichert:<br>- Bestellung im Wert von bis zu 1.000 PLN bei Zahlung per Bank\u00fcberweisung - Kosten 70 PLN<br>- Bestellung \u00fcber 1000 Zl. bei Zahlung per Bank\u00fcberweisung - geb\u00fchrenfrei<\/h3>\n<p>&nbsp;<\/p>\n<h3><br>Kroatien, Finnland, Griechenland, Irland, Liechtenstein, Serbien<br><br>GLS-Kurier 2-3 Tage versichert:<br>- Bestellung im Wert von bis zu 1.500 PLN bei Zahlung per Bank\u00fcberweisung - Kosten 100 PLN<br>- Bestellungen \u00fcber \u00a31.500 bei Zahlung per Bank\u00fcberweisung - geb\u00fchrenfrei<\/h3>\n<p>&nbsp;<\/p>\n<h3><br>Zypern, Malta, Norwegen, T\u00fcrkei<br><br>GLS-Kurier 2-3 Tage versichert:<br>- eine Bestellung mit einem Wert von bis zu 2.000 PLN bei Zahlung per Bank\u00fcberweisung - Kosten 150 PLN<br>- Bestellungen \u00fcber 2.000 PLN bei Zahlung per Bank\u00fcberweisung - geb\u00fchrenfrei<\/h3>\n<p>&nbsp;<\/p>\n<h3><br>USA und Kanada<br><br>UPS-Kurier 2-3 Tage versichert:<br>- eine Bestellung mit einem Wert von bis zu 2.000 PLN bei Zahlung per Bank\u00fcberweisung - Kosten 200 PLN<br>- Bestellungen \u00fcber 2.000 PLN bei Zahlung per Bank\u00fcberweisung - geb\u00fchrenfrei<\/h3>\n<p>&nbsp;<\/p>\n<h3><br>Andere L\u00e4nder<br><br>FEDEX Kurier 2-3 Tage versichert:<br>- eine Bestellung mit einem Wert von bis zu 3.000 PLN bei Zahlung per Bank\u00fcberweisung - Kosten 300 PLN<br>- Bestellung mit einem Wert von \u00fcber 3.000 PLN bei Zahlung per Bank\u00fcberweisung - geb\u00fchrenfrei<\/h3>\n<p>&nbsp;<\/p>\n<h3>&nbsp;<\/h3>\n<p>HINWEIS: Bei Sendungen au\u00dferhalb der Europ\u00e4ischen Union gehen alle Z\u00f6lle und sonstigen lokalen Steuern zu Lasten des Kunden.<\/p>\n\t\t\n<style>\n#text-2951896362 {\n  font-size: 0.95rem;\n}\n<\/style>\n\t<\/div>\n\t\n\n\t\t<\/div>\n\t\t\t\t\t<\/div>\n\n\t\n\n<\/div>\n\n\t\t<\/div>\n\t\t\t\t\t<\/div>\n\n\t\n\n<\/div>\n\n\t\t<\/div>\n\n\t\t\n<style>\n#section_490578056 {\n  padding-top: 30px;\n  padding-bottom: 30px;\n}\n<\/style>\n\t<\/section>","protected":false},"excerpt":{"rendered":"","protected":false},"author":1,"featured_media":0,"parent":0,"menu_order":0,"comment_status":"closed","ping_status":"closed","template":"page-blank.php","meta":{"om_disable_all_campaigns":false,"footnotes":""},"class_list":["post-9256","page","type-page","status-publish","hentry"],"aioseo_notices":[],"_links":{"self":[{"href":"https:\/\/staviori.com.pl\/de\/wp-json\/wp\/v2\/pages\/9256","targetHints":{"allow":["GET"]}}],"collection":[{"href":"https:\/\/staviori.com.pl\/de\/wp-json\/wp\/v2\/pages"}],"about":[{"href":"https:\/\/staviori.com.pl\/de\/wp-json\/wp\/v2\/types\/page"}],"author":[{"embeddable":true,"href":"https:\/\/staviori.com.pl\/de\/wp-json\/wp\/v2\/users\/1"}],"replies":[{"embeddable":true,"href":"https:\/\/staviori.com.pl\/de\/wp-json\/wp\/v2\/comments?post=9256"}],"version-history":[{"count":4,"href":"https:\/\/staviori.com.pl\/de\/wp-json\/wp\/v2\/pages\/9256\/revisions"}],"predecessor-version":[{"id":9263,"href":"https:\/\/staviori.com.pl\/de\/wp-json\/wp\/v2\/pages\/9256\/revisions\/9263"}],"wp:attachment":[{"href":"https:\/\/staviori.com.pl\/de\/wp-json\/wp\/v2\/media?parent=9256"}],"curies":[{"name":"wp","href":"https:\/\/api.w.org\/{rel}","templated":true}]}}