{"id":9221,"date":"2023-04-25T18:57:25","date_gmt":"2023-04-25T16:57:25","guid":{"rendered":"https:\/\/staviori.com.pl\/?page_id=9221"},"modified":"2023-04-25T19:06:57","modified_gmt":"2023-04-25T17:06:57","slug":"4c-charakterystyka-diamentow","status":"publish","type":"page","link":"https:\/\/staviori.com.pl\/de\/4c-charakterystyka-diamentow\/","title":{"rendered":"4C &#8211; charakterystyka diament\u00f3w"},"content":{"rendered":"<section class=\"section has-scroll-for-more\" id=\"section_1876992276\">\n\t\t<div class=\"section-bg fill\" >\n\t\t\t<img loading=\"lazy\" decoding=\"async\" width=\"1920\" height=\"1080\" src=\"https:\/\/staviori.com.pl\/wp-content\/uploads\/2023\/04\/170.jpg\" class=\"bg attachment-original size-original\" alt=\"\" \/>\t\t\t\t\t\t<button class=\"scroll-for-more z-5 icon absolute bottom h-center\" aria-label=\"Scrollen f\u00fcr mehr\" data-no-translation-aria-label=\"\"><i class=\"icon-angle-down\" aria-hidden=\"true\" style=\"font-size:42px;\"><\/i><\/button>\n\t\t\t\n\n\t\t<\/div>\n\n\t\t\n\n\t\t<div class=\"section-content relative\">\n\t\t\t\n\n<div class=\"row\"  id=\"row-686233756\">\n\n\n\t<div id=\"col-1711774932\" class=\"col small-12 large-12\"  >\n\t\t\t\t<div class=\"col-inner\"  >\n\t\t\t\n\t\t\t\n\n\t<div id=\"text-4039972584\" class=\"text\">\n\t\t\n\n<h2>4C &#8211; charakterystyka diament\u00f3w<\/h2>\n\t\t\n<style>\n#text-4039972584 {\n  font-size: 2rem;\n  text-align: center;\n  color: rgb(0,0,0);\n}\n#text-4039972584 > * {\n  color: rgb(0,0,0);\n}\n<\/style>\n\t<\/div>\n\t\n\n\t\t<\/div>\n\t\t\t\t\n<style>\n#col-1711774932 > .col-inner {\n  margin: 129px 0px 0px 0px;\n}\n<\/style>\n\t<\/div>\n\n\t\n\n<\/div>\n\n\t\t<\/div>\n\n\t\t\n<style>\n#section_1876992276 {\n  padding-top: 30px;\n  padding-bottom: 30px;\n  min-height: 290px;\n}\n#section_1876992276 .section-bg img {\n  object-position: 47% 72%;\n}\n@media (min-width:550px) {\n  #section_1876992276 {\n    min-height: 450px;\n  }\n}\n<\/style>\n\t<\/section>\n\t\n\n\t<section class=\"section\" id=\"section_1287350518\">\n\t\t<div class=\"section-bg fill\" >\n\t\t\t\t\t\t\t\t\t\n\t\t\t\n\n\t\t<\/div>\n\n\t\t\n\n\t\t<div class=\"section-content relative\">\n\t\t\t\n\n<div class=\"row\"  id=\"row-843162375\">\n\n\n\t<div id=\"col-1934625728\" class=\"col small-12 large-12\"  >\n\t\t\t\t<div class=\"col-inner\"  >\n\t\t\t\n\t\t\t\n\n<h2>Staviori-Boutique<\/h2>\n<div class=\"is-divider divider clearfix\" ><\/div>\n\n<h2>Masa (Carat)<\/h2>\n<p>Masa diament\u00f3w podawana jest w karatach. Jeden karat to 0,2 grama. Karat to jednostka, kt\u00f3ra dzieli si\u0119 na 100 punkt\u00f3w, wi\u0119c np. 10 punktowy brylant b\u0119dzie mia\u0142 mas\u0119 1\/10 karata, oznaczan\u0105 z regu\u0142y jako 0,10 ct.<\/p>\n<h2>Czysto\u015b\u0107 (Clarity)<\/h2>\n<p>Wszystkie diamenty nosz\u0105 \u015blady swojego wielowiekowego rozwoju. Mikroskopijne inkluzje, zwane tak\u017ce \u201ewrostkami\u201d stanowi\u0105 nieod\u0142\u0105czn\u0105 cech\u0119 kamieni szlachetnych. Skala czysto\u015bci odzwierciedla wielko\u015b\u0107, ilo\u015b\u0107 oraz umiejscowienie zanieczyszcze\u0144 w kamieniu widocznych pod 10 krotnym powi\u0119kszeniem. Najlepsze i zarazem najrzadsze diamenty okre\u015bla si\u0119 jako czyste pod lup\u0105. Jednak\u017ce kamienie, w kt\u00f3rych inkluzje pozostaj\u0105 niewidoczne dla go\u0142ego oka s\u0105 r\u00f3wnie\u017c uznawane za bardzo cenne.<\/p>\n<div class=\"row\"  id=\"row-326710833\">\n\n\n\t<div id=\"col-1714801272\" class=\"col small-12 large-12\"  >\n\t\t\t\t<div class=\"col-inner\"  >\n\t\t\t\n\t\t\t\n\n\t<div class=\"img has-hover x md-x lg-x y md-y lg-y\" id=\"image_21101421\">\n\t\t\t\t\t\t\t\t<div class=\"img-inner dark\" >\n\t\t\t<img loading=\"lazy\" decoding=\"async\" width=\"910\" height=\"250\" src=\"https:\/\/staviori.com.pl\/wp-content\/uploads\/2023\/04\/diamenty_czystosc_910x250.png\" class=\"attachment-original size-original\" alt=\"\" srcset=\"https:\/\/staviori.com.pl\/wp-content\/uploads\/2023\/04\/diamenty_czystosc_910x250.png 910w, https:\/\/staviori.com.pl\/wp-content\/uploads\/2023\/04\/diamenty_czystosc_910x250-510x140.png 510w, https:\/\/staviori.com.pl\/wp-content\/uploads\/2023\/04\/diamenty_czystosc_910x250-300x82.png 300w, https:\/\/staviori.com.pl\/wp-content\/uploads\/2023\/04\/diamenty_czystosc_910x250-768x211.png 768w\" sizes=\"auto, (max-width: 910px) 100vw, 910px\" \/>\t\t\t\t\t\t\n\t\t\t\t\t<\/div>\n\t\t\t\t\t\t\t\t\n<style>\n#image_21101421 {\n  width: 100%;\n}\n<\/style>\n\t<\/div>\n\t\n\n\n\t\t<\/div>\n\t\t\t\t\t<\/div>\n\n\t\n\n<\/div>\n\n\t\t<\/div>\n\t\t\t\t\t<\/div>\n\n\t\n\n<\/div>\n<div class=\"row\"  id=\"row-1185093922\">\n\n\n\t<div id=\"col-613291610\" class=\"col small-12 large-12\"  >\n\t\t\t\t<div class=\"col-inner\"  >\n\t\t\t\n\t\t\t\n\n<h2>Barwa (Colour)<\/h2>\n<p>Wi\u0119kszo\u015b\u0107 diament\u00f3w posiada delikatne, \u017c\u00f3\u0142tawe lub br\u0105zowawe zabarwienie. Barw\u0119 okre\u015bla si\u0119 wed\u0142ug specjalnej skali przy u\u017cyciu serii kamieni por\u00f3wnawczych,. Im bielszy diament, tym wi\u0119ksza jest jego warto\u015b\u0107. Wyj\u0105tek stanowi\u0107 mog\u0105 kamienie o bardzo intensywnych kolorach: r\u00f3\u017cowe, b\u0142\u0119kitne, \u017c\u00f3\u0142te&#8230; Okre\u015blenie: barwa fantazyjna, u\u017cywane jest w stosunku do kamieni, kt\u00f3rych barwa jest naturalna, nieosi\u0105gni\u0119ta drog\u0105 technologii sztucznego barwienia.<\/p>\n\n\t\t<\/div>\n\t\t\t\t\t<\/div>\n\n\t\n\n<\/div>\n<div class=\"row\"  id=\"row-469204359\">\n\n\n\t<div id=\"col-60933683\" class=\"col small-12 large-12\"  >\n\t\t\t\t<div class=\"col-inner\"  >\n\t\t\t\n\t\t\t\n\n\t<div class=\"img has-hover x md-x lg-x y md-y lg-y\" id=\"image_2036108721\">\n\t\t\t\t\t\t\t\t<div class=\"img-inner dark\" >\n\t\t\t<img loading=\"lazy\" decoding=\"async\" width=\"910\" height=\"250\" src=\"https:\/\/staviori.com.pl\/wp-content\/uploads\/2023\/04\/diamenty_barwa_910x250.png\" class=\"attachment-original size-original\" alt=\"\" srcset=\"https:\/\/staviori.com.pl\/wp-content\/uploads\/2023\/04\/diamenty_barwa_910x250.png 910w, https:\/\/staviori.com.pl\/wp-content\/uploads\/2023\/04\/diamenty_barwa_910x250-510x140.png 510w, https:\/\/staviori.com.pl\/wp-content\/uploads\/2023\/04\/diamenty_barwa_910x250-300x82.png 300w, https:\/\/staviori.com.pl\/wp-content\/uploads\/2023\/04\/diamenty_barwa_910x250-768x211.png 768w\" sizes=\"auto, (max-width: 910px) 100vw, 910px\" \/>\t\t\t\t\t\t\n\t\t\t\t\t<\/div>\n\t\t\t\t\t\t\t\t\n<style>\n#image_2036108721 {\n  width: 100%;\n}\n<\/style>\n\t<\/div>\n\t\n\n\n\t\t<\/div>\n\t\t\t\t\t<\/div>\n\n\t\n\n<\/div>\n<div class=\"row\"  id=\"row-1799988324\">\n\n\n\t<div id=\"col-629587130\" class=\"col small-12 large-12\"  >\n\t\t\t\t<div class=\"col-inner\"  >\n\t\t\t\n\t\t\t\n\n<h2>Szlif (Cut)<\/h2>\n<p>Brylant to diament o szlifie brylantowym inaczej okr\u0105g\u0142ym. Diamenty o innych szlifach okre\u015blamy adekwatnie do ich kszta\u0142tu jako diament o szlifie szmaragdowym, owal, markiza, gruszka, serce, princessa. Jako\u015b\u0107 szlifu brylantu ma decyduj\u0105cy wp\u0142yw na jego blask. Powinien on wydobywa\u0107 z kamienia jak najlepsze walory estetyczne. Pe\u0142ny szlif sk\u0142ada si\u0119 z 58 powierzchni (56 faset, tafli i koletu). Z\u0142y szlif powoduje spadek warto\u015bci brylantu nawet o po\u0142ow\u0119. Ocena szlifu jest najtrudniejsz\u0105 cz\u0119\u015bci\u0105 procesu wyceny kamienia i jednocze\u015bnie najwa\u017cniejsz\u0105, gdy\u017c to w\u0142a\u015bnie szlif ukazuje drzemi\u0105ce w diamencie pi\u0119kno.<\/p>\n\n\t\t<\/div>\n\t\t\t\t\t<\/div>\n\n\t\n\n<\/div>\n<div class=\"row\"  id=\"row-1756951651\">\n\n\n\t<div id=\"col-1381567576\" class=\"col small-12 large-12\"  >\n\t\t\t\t<div class=\"col-inner\"  >\n\t\t\t\n\t\t\t\n\n\t<div class=\"img has-hover x md-x lg-x y md-y lg-y\" id=\"image_647819453\">\n\t\t\t\t\t\t\t\t<div class=\"img-inner dark\" >\n\t\t\t<img loading=\"lazy\" decoding=\"async\" width=\"910\" height=\"720\" src=\"https:\/\/staviori.com.pl\/wp-content\/uploads\/2023\/04\/diamenty_rodzaje_910x720.png\" class=\"attachment-large size-large\" alt=\"\" srcset=\"https:\/\/staviori.com.pl\/wp-content\/uploads\/2023\/04\/diamenty_rodzaje_910x720.png 910w, https:\/\/staviori.com.pl\/wp-content\/uploads\/2023\/04\/diamenty_rodzaje_910x720-510x404.png 510w, https:\/\/staviori.com.pl\/wp-content\/uploads\/2023\/04\/diamenty_rodzaje_910x720-300x237.png 300w, https:\/\/staviori.com.pl\/wp-content\/uploads\/2023\/04\/diamenty_rodzaje_910x720-768x608.png 768w\" sizes=\"auto, (max-width: 910px) 100vw, 910px\" \/>\t\t\t\t\t\t\n\t\t\t\t\t<\/div>\n\t\t\t\t\t\t\t\t\n<style>\n#image_647819453 {\n  width: 100%;\n}\n<\/style>\n\t<\/div>\n\t\n\n\n\t\t<\/div>\n\t\t\t\t\t<\/div>\n\n\t\n\n<\/div>\n\n\t\t<\/div>\n\n\t\t\n<style>\n#section_1287350518 {\n  padding-top: 30px;\n  padding-bottom: 30px;\n}\n<\/style>\n\t<\/section>","protected":false},"excerpt":{"rendered":"","protected":false},"author":1,"featured_media":0,"parent":0,"menu_order":0,"comment_status":"closed","ping_status":"closed","template":"page-blank.php","meta":{"om_disable_all_campaigns":false,"footnotes":""},"class_list":["post-9221","page","type-page","status-publish","hentry"],"aioseo_notices":[],"_links":{"self":[{"href":"https:\/\/staviori.com.pl\/de\/wp-json\/wp\/v2\/pages\/9221","targetHints":{"allow":["GET"]}}],"collection":[{"href":"https:\/\/staviori.com.pl\/de\/wp-json\/wp\/v2\/pages"}],"about":[{"href":"https:\/\/staviori.com.pl\/de\/wp-json\/wp\/v2\/types\/page"}],"author":[{"embeddable":true,"href":"https:\/\/staviori.com.pl\/de\/wp-json\/wp\/v2\/users\/1"}],"replies":[{"embeddable":true,"href":"https:\/\/staviori.com.pl\/de\/wp-json\/wp\/v2\/comments?post=9221"}],"version-history":[{"count":8,"href":"https:\/\/staviori.com.pl\/de\/wp-json\/wp\/v2\/pages\/9221\/revisions"}],"predecessor-version":[{"id":9236,"href":"https:\/\/staviori.com.pl\/de\/wp-json\/wp\/v2\/pages\/9221\/revisions\/9236"}],"wp:attachment":[{"href":"https:\/\/staviori.com.pl\/de\/wp-json\/wp\/v2\/media?parent=9221"}],"curies":[{"name":"wp","href":"https:\/\/api.w.org\/{rel}","templated":true}]}}