{"id":9210,"date":"2023-04-25T18:49:43","date_gmt":"2023-04-25T16:49:43","guid":{"rendered":"https:\/\/staviori.com.pl\/?page_id=9210"},"modified":"2023-04-26T18:36:39","modified_gmt":"2023-04-26T16:36:39","slug":"zareczyny","status":"publish","type":"page","link":"https:\/\/staviori.com.pl\/de\/zareczyny\/","title":{"rendered":"Verlobung"},"content":{"rendered":"<section class=\"section has-scroll-for-more\" id=\"section_104515571\">\n\t\t<div class=\"section-bg fill\" >\n\t\t\t<img loading=\"lazy\" decoding=\"async\" width=\"1920\" height=\"1080\" src=\"https:\/\/staviori.com.pl\/wp-content\/uploads\/2023\/04\/6c.jpg\" class=\"bg attachment-original size-original\" alt=\"\" \/>\t\t\t\t\t\t<button class=\"scroll-for-more z-5 icon absolute bottom h-center\" aria-label=\"Scrollen f\u00fcr mehr\" data-no-translation-aria-label=\"\"><i class=\"icon-angle-down\" aria-hidden=\"true\" style=\"font-size:42px;\"><\/i><\/button>\n\t\t\t\n\n\t\t<\/div>\n\n\t\t\n\n\t\t<div class=\"section-content relative\">\n\t\t\t\n\n<div class=\"row\"  id=\"row-1588107684\">\n\n\n\t<div id=\"col-2140130037\" class=\"col small-12 large-12\"  >\n\t\t\t\t<div class=\"col-inner\"  >\n\t\t\t\n\t\t\t\n\n\t<div id=\"text-806436331\" class=\"text\">\n\t\t\n\n<h2>Verlobung<\/h2>\n\n\t\t\n<style>\n#text-806436331 {\n  font-size: 2rem;\n  text-align: center;\n  color: rgb(0,0,0);\n}\n#text-806436331 > * {\n  color: rgb(0,0,0);\n}\n<\/style>\n\t<\/div>\n\t\n\n\t\t<\/div>\n\t\t\t\t\n<style>\n#col-2140130037 > .col-inner {\n  margin: 129px 0px 0px 0px;\n}\n<\/style>\n\t<\/div>\n\n\t\n\n<\/div>\n\n\t\t<\/div>\n\n\t\t\n<style>\n#section_104515571 {\n  padding-top: 30px;\n  padding-bottom: 30px;\n  min-height: 290px;\n}\n#section_104515571 .section-bg img {\n  object-position: 45% 28%;\n}\n@media (min-width:550px) {\n  #section_104515571 {\n    min-height: 450px;\n  }\n}\n<\/style>\n\t<\/section>\n\t\n\n\t<section class=\"section\" id=\"section_1686790931\">\n\t\t<div class=\"section-bg fill\" >\n\t\t\t\t\t\t\t\t\t\n\t\t\t\n\n\t\t<\/div>\n\n\t\t\n\n\t\t<div class=\"section-content relative\">\n\t\t\t\n\n<div class=\"row\"  id=\"row-69575649\">\n\n\n\t<div id=\"col-866711251\" class=\"col medium-6 small-12 large-6\"  >\n\t\t\t\t<div class=\"col-inner\"  >\n\t\t\t\n\t\t\t\n\n<h2>Verlobung<\/h2>\n<div class=\"is-divider divider clearfix\" ><\/div>\n\n<p>Rzymski zwyczaj ofiarowywania pier\u015bcionka zar\u0119czynowego jako gwarancji dope\u0142nienia kontraktu ma\u0142\u017ce\u0144skiego zosta\u0142 usankcjonowany przez Ko\u015bci\u00f3\u0142, a nast\u0119pnie, na pocz\u0105tku XIII wieku, spopularyzowany. \u015aredniowieczni W\u0142osi uszanowali diament jako symbol przy zar\u0119czynach m\u00f3wi\u0105cy o zgodzie mi\u0119dzy m\u0119\u017cem a \u017con\u0105.<\/p>\n<p>Idealnym pier\u015bcionkiem zar\u0119czynowym jest jedno-kamieniowy pier\u015bcionek z diamentem o szlifie brylantowym. Klasyczny wz\u00f3r takiego pier\u015bcionka to tzw. chaton, o prostej, czystej formie, z jednym kamieniem o dowolnej masie, osadzonym w delikatnym koszyczku.<\/p>\n<p>Idealny brylant na zar\u0119czyny to ten, kt\u00f3ry najlepiej spe\u0142nia oczekiwania osoby kupuj\u0105cej lub tej, kt\u00f3rej ma by\u0107 ofiarowany. Wa\u017cny jest dob\u00f3r odpowiedniej charakterystyki kamienia, zawieraj\u0105cej si\u0119 w kryteriach zasady 4C. &#8222;Z\u0142otym \u015brodkiem&#8221; pomi\u0119dzy mas\u0105 kamienia a jego jako\u015bci\u0105 s\u0105 Brylanty o barwie G-H (biel) i czysto\u015bci Si (ma\u0142e inkluzje niedostrzegalne go\u0142ym okiem). W tej grupie cenowej masa kamienia jest du\u017ca przy stosunkowo wysokiej jako\u015bci.<\/p>\n\n\t\t<\/div>\n\t\t\t\t\t<\/div>\n\n\t\n\n\t<div id=\"col-1534230668\" class=\"col medium-6 small-12 large-6\"  >\n\t\t\t\t<div class=\"col-inner\"  >\n\t\t\t\n\t\t\t\n\n\t<div class=\"img has-hover x md-x lg-x y md-y lg-y\" id=\"image_361990816\">\n\t\t\t\t\t\t\t\t<div class=\"img-inner dark\" >\n\t\t\t<img loading=\"lazy\" decoding=\"async\" width=\"2560\" height=\"1707\" src=\"https:\/\/staviori.com.pl\/wp-content\/uploads\/2023\/04\/MG_0282-scaled.jpg\" class=\"attachment-original size-original\" alt=\"\" srcset=\"https:\/\/staviori.com.pl\/wp-content\/uploads\/2023\/04\/MG_0282-scaled.jpg 2560w, https:\/\/staviori.com.pl\/wp-content\/uploads\/2023\/04\/MG_0282-scaled-510x340.jpg 510w, https:\/\/staviori.com.pl\/wp-content\/uploads\/2023\/04\/MG_0282-300x200.jpg 300w, https:\/\/staviori.com.pl\/wp-content\/uploads\/2023\/04\/MG_0282-1024x683.jpg 1024w, https:\/\/staviori.com.pl\/wp-content\/uploads\/2023\/04\/MG_0282-768x512.jpg 768w, https:\/\/staviori.com.pl\/wp-content\/uploads\/2023\/04\/MG_0282-1536x1024.jpg 1536w, https:\/\/staviori.com.pl\/wp-content\/uploads\/2023\/04\/MG_0282-2048x1365.jpg 2048w\" sizes=\"auto, (max-width: 2560px) 100vw, 2560px\" \/>\t\t\t\t\t\t\n\t\t\t\t\t<\/div>\n\t\t\t\t\t\t\t\t\n<style>\n#image_361990816 {\n  width: 100%;\n}\n<\/style>\n\t<\/div>\n\t\n\n\n\t\t<\/div>\n\t\t\t\t\n<style>\n#col-1534230668 > .col-inner {\n  margin: 1px 0px 0px 0px;\n}\n@media (min-width:550px) {\n  #col-1534230668 > .col-inner {\n    margin: 93px 0px 0px 0px;\n  }\n}\n<\/style>\n\t<\/div>\n\n\t\n\n<\/div>\n<div class=\"row\"  id=\"row-1869030102\">\n\n\n\t<div id=\"col-1054364999\" class=\"col small-12 large-12\"  >\n\t\t\t\t<div class=\"col-inner\"  >\n\t\t\t\n\t\t\t\n\n\t<div class=\"img has-hover x md-x lg-x y md-y lg-y\" id=\"image_1245649900\">\n\t\t\t\t\t\t\t\t<div class=\"img-inner dark\" >\n\t\t\t<img loading=\"lazy\" decoding=\"async\" width=\"913\" height=\"1316\" src=\"https:\/\/staviori.com.pl\/wp-content\/uploads\/2023\/04\/zareczyny_art.jpg\" class=\"attachment-original size-original\" alt=\"\" srcset=\"https:\/\/staviori.com.pl\/wp-content\/uploads\/2023\/04\/zareczyny_art.jpg 913w, https:\/\/staviori.com.pl\/wp-content\/uploads\/2023\/04\/zareczyny_art-510x735.jpg 510w, https:\/\/staviori.com.pl\/wp-content\/uploads\/2023\/04\/zareczyny_art-208x300.jpg 208w, https:\/\/staviori.com.pl\/wp-content\/uploads\/2023\/04\/zareczyny_art-710x1024.jpg 710w, https:\/\/staviori.com.pl\/wp-content\/uploads\/2023\/04\/zareczyny_art-768x1107.jpg 768w\" sizes=\"auto, (max-width: 913px) 100vw, 913px\" \/>\t\t\t\t\t\t\n\t\t\t\t\t<\/div>\n\t\t\t\t\t\t\t\t\n<style>\n#image_1245649900 {\n  width: 100%;\n}\n<\/style>\n\t<\/div>\n\t\n\n\n\t\t<\/div>\n\t\t\t\t\t<\/div>\n\n\t\n\n<\/div>\n\n\t\t<\/div>\n\n\t\t\n<style>\n#section_1686790931 {\n  padding-top: 30px;\n  padding-bottom: 30px;\n}\n<\/style>\n\t<\/section>","protected":false},"excerpt":{"rendered":"","protected":false},"author":1,"featured_media":0,"parent":0,"menu_order":0,"comment_status":"closed","ping_status":"closed","template":"page-blank.php","meta":{"om_disable_all_campaigns":false,"footnotes":""},"class_list":["post-9210","page","type-page","status-publish","hentry"],"aioseo_notices":[],"_links":{"self":[{"href":"https:\/\/staviori.com.pl\/de\/wp-json\/wp\/v2\/pages\/9210","targetHints":{"allow":["GET"]}}],"collection":[{"href":"https:\/\/staviori.com.pl\/de\/wp-json\/wp\/v2\/pages"}],"about":[{"href":"https:\/\/staviori.com.pl\/de\/wp-json\/wp\/v2\/types\/page"}],"author":[{"embeddable":true,"href":"https:\/\/staviori.com.pl\/de\/wp-json\/wp\/v2\/users\/1"}],"replies":[{"embeddable":true,"href":"https:\/\/staviori.com.pl\/de\/wp-json\/wp\/v2\/comments?post=9210"}],"version-history":[{"count":4,"href":"https:\/\/staviori.com.pl\/de\/wp-json\/wp\/v2\/pages\/9210\/revisions"}],"predecessor-version":[{"id":9252,"href":"https:\/\/staviori.com.pl\/de\/wp-json\/wp\/v2\/pages\/9210\/revisions\/9252"}],"wp:attachment":[{"href":"https:\/\/staviori.com.pl\/de\/wp-json\/wp\/v2\/media?parent=9210"}],"curies":[{"name":"wp","href":"https:\/\/api.w.org\/{rel}","templated":true}]}}