{"id":9131,"date":"2023-04-25T17:54:26","date_gmt":"2023-04-25T15:54:26","guid":{"rendered":"https:\/\/staviori.com.pl\/?page_id=9131"},"modified":"2023-04-26T18:35:49","modified_gmt":"2023-04-26T16:35:49","slug":"staviori-boutique","status":"publish","type":"page","link":"https:\/\/staviori.com.pl\/de\/staviori-boutique\/","title":{"rendered":"Staviori-Boutique"},"content":{"rendered":"<section class=\"section has-scroll-for-more\" id=\"section_200789559\">\n\t\t<div class=\"section-bg fill\" >\n\t\t\t<img loading=\"lazy\" decoding=\"async\" width=\"1920\" height=\"1080\" src=\"https:\/\/staviori.com.pl\/wp-content\/uploads\/2023\/04\/DSE1749_10-1.jpg\" class=\"bg attachment-original size-original\" alt=\"\" \/>\t\t\t\t\t\t<button class=\"scroll-for-more z-5 icon absolute bottom h-center\" aria-label=\"Scrollen f\u00fcr mehr\" data-no-translation-aria-label=\"\"><i class=\"icon-angle-down\" aria-hidden=\"true\" style=\"font-size:42px;\"><\/i><\/button>\n\t\t\t\n\n\t\t<\/div>\n\n\t\t\n\n\t\t<div class=\"section-content relative\">\n\t\t\t\n\n<div class=\"row\"  id=\"row-815037214\">\n\n\n\t<div id=\"col-51653844\" class=\"col small-12 large-12\"  >\n\t\t\t\t<div class=\"col-inner\"  >\n\t\t\t\n\t\t\t\n\n\t<div id=\"text-2030939735\" class=\"text\">\n\t\t\n\n<h2>Staviori-Boutique<\/h2>\n\n\t\t\n<style>\n#text-2030939735 {\n  font-size: 2rem;\n  text-align: center;\n  color: rgb(0,0,0);\n}\n#text-2030939735 > * {\n  color: rgb(0,0,0);\n}\n<\/style>\n\t<\/div>\n\t\n\n\t\t<\/div>\n\t\t\t\t\n<style>\n#col-51653844 > .col-inner {\n  margin: 129px 0px 0px 0px;\n}\n<\/style>\n\t<\/div>\n\n\t\n\n<\/div>\n\n\t\t<\/div>\n\n\t\t\n<style>\n#section_200789559 {\n  padding-top: 30px;\n  padding-bottom: 30px;\n  min-height: 290px;\n}\n#section_200789559 .section-bg img {\n  object-position: 55% 87%;\n}\n@media (min-width:550px) {\n  #section_200789559 {\n    min-height: 450px;\n  }\n}\n<\/style>\n\t<\/section>\n\t\n\n\t<section class=\"section\" id=\"section_784622270\">\n\t\t<div class=\"section-bg fill\" >\n\t\t\t\t\t\t\t\t\t\n\t\t\t\n\n\t\t<\/div>\n\n\t\t\n\n\t\t<div class=\"section-content relative\">\n\t\t\t\n\n<div class=\"row\"  id=\"row-507624163\">\n\n\n\t<div id=\"col-1900891549\" class=\"col medium-6 small-12 large-6\"  >\n\t\t\t\t<div class=\"col-inner\"  >\n\t\t\t\n\t\t\t\n\n<h2>Staviori-Boutique<\/h2>\n<div class=\"is-divider divider clearfix\" ><\/div>\n\n<p>Die Boutique Staviori ist ein einzigartiger Ort, an dem Sie in einer entspannten und diskreten Atmosph\u00e4re ausgew\u00e4hlte Schmuckdesigns ansehen, sich fachkundig beraten lassen, Ihre Bestellung personalisieren und Ihren bestellten Schmuck abholen k\u00f6nnen.<\/p>\n<p>Die Boutique Staviori ist geschlossen.<\/p>\n<p>&nbsp;<\/p>\n<p>Aktualisierung:<br \/><a href=\"https:\/\/www.facebook.com\/staviorisklep\" target=\"_blank\" rel=\"noopener\"><span style=\"color: blue;\">https:\/\/www.facebook.com\/staviorisklep<\/span><\/a><\/p>\n\n\t\t<\/div>\n\t\t\t\t\t<\/div>\n\n\t\n\n\t<div id=\"col-1570918499\" class=\"col medium-6 small-12 large-6\"  >\n\t\t\t\t<div class=\"col-inner\"  >\n\t\t\t\n\t\t\t\n\n\t<div class=\"img has-hover x md-x lg-x y md-y lg-y\" id=\"image_623527783\">\n\t\t\t\t\t\t\t\t<div class=\"img-inner dark\" >\n\t\t\t<img loading=\"lazy\" decoding=\"async\" width=\"399\" height=\"184\" src=\"https:\/\/staviori.com.pl\/wp-content\/uploads\/2023\/04\/main_banner_2.jpg\" class=\"attachment-original size-original\" alt=\"\" srcset=\"https:\/\/staviori.com.pl\/wp-content\/uploads\/2023\/04\/main_banner_2.jpg 399w, https:\/\/staviori.com.pl\/wp-content\/uploads\/2023\/04\/main_banner_2-300x138.jpg 300w\" sizes=\"auto, (max-width: 399px) 100vw, 399px\" \/>\t\t\t\t\t\t\n\t\t\t\t\t<\/div>\n\t\t\t\t\t\t\t\t\n<style>\n#image_623527783 {\n  width: 100%;\n}\n<\/style>\n\t<\/div>\n\t\n\n\n\t\t<\/div>\n\t\t\t\t\n<style>\n#col-1570918499 > .col-inner {\n  margin: 58px 0px 0px 0px;\n}\n<\/style>\n\t<\/div>\n\n\t\n\n<\/div>\n\n\t\t<\/div>\n\n\t\t\n<style>\n#section_784622270 {\n  padding-top: 30px;\n  padding-bottom: 30px;\n}\n<\/style>\n\t<\/section>\n\t\n<div class=\"row\"  id=\"row-1267474452\">\n\n\n\t<div id=\"col-1042501494\" class=\"col small-12 large-12\"  >\n\t\t\t\t<div class=\"col-inner\"  >\n\t\t\t\n\t\t\t\n\n<h3>\n<p>Wir m\u00f6chten Sie dar\u00fcber informieren, dass Staviori Boutique geschlossen ist.<\/p>\n<\/h3>\n<div class=\"is-divider divider clearfix\" ><\/div>\n\n<p>\u26d4 Es gibt Ver\u00e4nderungen in der Leitung der Galeria Citypark und neue Pl\u00e4ne f\u00fcr die Entwicklung \ud83c\udf34\u2600 Es wird ein Fitnessstudio anstelle der ehemaligen Galerie geben :\/ Wir w\u00fcrden gerne zur\u00fcckkehren, sobald wir neue R\u00e4umlichkeiten finden \u2764. Wir stehen immer noch mit einem Fu\u00df drin, wenn also jemand pers\u00f6nlich abholen m\u00f6chte, f\u00e4hrt jemand aus unserem Team gerne in den Citypark oder einen anderen vereinbarten Ort und \u00fcbergibt die bestellten Precios pers\u00f6nlich. \ud83d\udc8e Denken Sie daran, dass unser gesamtes Sortiment unter www.staviori.pl erh\u00e4ltlich ist und wir unseren Schmuck nicht nur europaweit, sondern auch weltweit problemlos versenden! \u2708\ud83d\ude97\ud83c\udf81 Aufgrund der oben genannten Unannehmlichkeiten, f\u00fcr jeden unserer Kunden, die den Code: citypark in den Warenkorb bei der Online-Bestellung eingeben<br \/>erhalten von uns einen 7%-Rabatt*!<br \/>Danke, dass Sie bei uns waren! \ud83d\udc9d<\/p>\n<p>* Der Rabatt ist nicht mit anderen Aktionen kombinierbar.<\/p>\n\n\t\t<\/div>\n\t\t\t\t\t<\/div>\n\n\t\n\n<\/div>\n\n\t<section class=\"section\" id=\"section_1449130446\">\n\t\t<div class=\"section-bg fill\" >\n\t\t\t\t\t\t\t\t\t\n\t\t\t\n\n\t\t<\/div>\n\n\t\t\n\n\t\t<div class=\"section-content relative\">\n\t\t\t\n\n<div class=\"row\"  id=\"row-1281708457\">\n\n\n\t<div id=\"col-1260966914\" class=\"col small-12 large-12\"  >\n\t\t\t\t<div class=\"col-inner\"  >\n\t\t\t\n\t\t\t\n\n\n  \n    <div class=\"row large-columns-2 medium-columns- small-columns- row-small\" >\n  <div class=\"gallery-col col\" >\n          <div class=\"col-inner\">\n            <a class=\"image-lightbox lightbox-gallery\" href=\"https:\/\/staviori.com.pl\/wp-content\/uploads\/2023\/04\/boutique1.jpg\" title=\"\">            <div class=\"box has-hover gallery-box box-default\">\n              <div class=\"box-image\" >\n                <img loading=\"lazy\" decoding=\"async\" width=\"900\" height=\"577\" src=\"https:\/\/staviori.com.pl\/wp-content\/uploads\/2023\/04\/boutique1.jpg\" class=\"attachment-original size-original\" alt=\"\" ids=\"9134,9135,9136,9137\" style=\"default\" lightbox_image_size=\"original\" col_spacing=\"small\" columns=\"2\" image_size=\"original\" srcset=\"https:\/\/staviori.com.pl\/wp-content\/uploads\/2023\/04\/boutique1.jpg 900w, https:\/\/staviori.com.pl\/wp-content\/uploads\/2023\/04\/boutique1-510x327.jpg 510w, https:\/\/staviori.com.pl\/wp-content\/uploads\/2023\/04\/boutique1-300x192.jpg 300w, https:\/\/staviori.com.pl\/wp-content\/uploads\/2023\/04\/boutique1-768x492.jpg 768w\" sizes=\"auto, (max-width: 900px) 100vw, 900px\" \/>                                                              <\/div>\n              <div class=\"box-text text-left\" >\n                 <p><\/p>\n              <\/div>\n            <\/div>\n            <\/a>          <\/div>\n         <\/div><div class=\"gallery-col col\" >\n          <div class=\"col-inner\">\n            <a class=\"image-lightbox lightbox-gallery\" href=\"https:\/\/staviori.com.pl\/wp-content\/uploads\/2023\/04\/boutique2.jpg\" title=\"\">            <div class=\"box has-hover gallery-box box-default\">\n              <div class=\"box-image\" >\n                <img loading=\"lazy\" decoding=\"async\" width=\"900\" height=\"577\" src=\"https:\/\/staviori.com.pl\/wp-content\/uploads\/2023\/04\/boutique2.jpg\" class=\"attachment-original size-original\" alt=\"\" ids=\"9134,9135,9136,9137\" style=\"default\" lightbox_image_size=\"original\" col_spacing=\"small\" columns=\"2\" image_size=\"original\" srcset=\"https:\/\/staviori.com.pl\/wp-content\/uploads\/2023\/04\/boutique2.jpg 900w, https:\/\/staviori.com.pl\/wp-content\/uploads\/2023\/04\/boutique2-510x327.jpg 510w, https:\/\/staviori.com.pl\/wp-content\/uploads\/2023\/04\/boutique2-300x192.jpg 300w, https:\/\/staviori.com.pl\/wp-content\/uploads\/2023\/04\/boutique2-768x492.jpg 768w\" sizes=\"auto, (max-width: 900px) 100vw, 900px\" \/>                                                              <\/div>\n              <div class=\"box-text text-left\" >\n                 <p><\/p>\n              <\/div>\n            <\/div>\n            <\/a>          <\/div>\n         <\/div><div class=\"gallery-col col\" >\n          <div class=\"col-inner\">\n            <a class=\"image-lightbox lightbox-gallery\" href=\"https:\/\/staviori.com.pl\/wp-content\/uploads\/2023\/04\/boutique3.jpg\" title=\"\">            <div class=\"box has-hover gallery-box box-default\">\n              <div class=\"box-image\" >\n                <img loading=\"lazy\" decoding=\"async\" width=\"984\" height=\"577\" src=\"https:\/\/staviori.com.pl\/wp-content\/uploads\/2023\/04\/boutique3.jpg\" class=\"attachment-original size-original\" alt=\"\" ids=\"9134,9135,9136,9137\" style=\"default\" lightbox_image_size=\"original\" col_spacing=\"small\" columns=\"2\" image_size=\"original\" srcset=\"https:\/\/staviori.com.pl\/wp-content\/uploads\/2023\/04\/boutique3.jpg 984w, https:\/\/staviori.com.pl\/wp-content\/uploads\/2023\/04\/boutique3-510x299.jpg 510w, https:\/\/staviori.com.pl\/wp-content\/uploads\/2023\/04\/boutique3-300x176.jpg 300w, https:\/\/staviori.com.pl\/wp-content\/uploads\/2023\/04\/boutique3-768x450.jpg 768w\" sizes=\"auto, (max-width: 984px) 100vw, 984px\" \/>                                                              <\/div>\n              <div class=\"box-text text-left\" >\n                 <p><\/p>\n              <\/div>\n            <\/div>\n            <\/a>          <\/div>\n         <\/div><div class=\"gallery-col col\" >\n          <div class=\"col-inner\">\n            <a class=\"image-lightbox lightbox-gallery\" href=\"https:\/\/staviori.com.pl\/wp-content\/uploads\/2023\/04\/boutique4.jpg\" title=\"\">            <div class=\"box has-hover gallery-box box-default\">\n              <div class=\"box-image\" >\n                <img loading=\"lazy\" decoding=\"async\" width=\"841\" height=\"517\" src=\"https:\/\/staviori.com.pl\/wp-content\/uploads\/2023\/04\/boutique4.jpg\" class=\"attachment-original size-original\" alt=\"\" ids=\"9134,9135,9136,9137\" style=\"default\" lightbox_image_size=\"original\" col_spacing=\"small\" columns=\"2\" image_size=\"original\" srcset=\"https:\/\/staviori.com.pl\/wp-content\/uploads\/2023\/04\/boutique4.jpg 841w, https:\/\/staviori.com.pl\/wp-content\/uploads\/2023\/04\/boutique4-510x314.jpg 510w, https:\/\/staviori.com.pl\/wp-content\/uploads\/2023\/04\/boutique4-300x184.jpg 300w, https:\/\/staviori.com.pl\/wp-content\/uploads\/2023\/04\/boutique4-768x472.jpg 768w\" sizes=\"auto, (max-width: 841px) 100vw, 841px\" \/>                                                              <\/div>\n              <div class=\"box-text text-left\" >\n                 <p><\/p>\n              <\/div>\n            <\/div>\n            <\/a>          <\/div>\n         <\/div><\/div>\n\n\n\t\t<\/div>\n\t\t\t\t\t<\/div>\n\n\t\n\n<\/div>\n\n\t\t<\/div>\n\n\t\t\n<style>\n#section_1449130446 {\n  padding-top: 30px;\n  padding-bottom: 30px;\n}\n<\/style>\n\t<\/section>","protected":false},"excerpt":{"rendered":"","protected":false},"author":1,"featured_media":0,"parent":0,"menu_order":0,"comment_status":"closed","ping_status":"closed","template":"page-blank.php","meta":{"om_disable_all_campaigns":false,"footnotes":""},"class_list":["post-9131","page","type-page","status-publish","hentry"],"aioseo_notices":[],"_links":{"self":[{"href":"https:\/\/staviori.com.pl\/de\/wp-json\/wp\/v2\/pages\/9131","targetHints":{"allow":["GET"]}}],"collection":[{"href":"https:\/\/staviori.com.pl\/de\/wp-json\/wp\/v2\/pages"}],"about":[{"href":"https:\/\/staviori.com.pl\/de\/wp-json\/wp\/v2\/types\/page"}],"author":[{"embeddable":true,"href":"https:\/\/staviori.com.pl\/de\/wp-json\/wp\/v2\/users\/1"}],"replies":[{"embeddable":true,"href":"https:\/\/staviori.com.pl\/de\/wp-json\/wp\/v2\/comments?post=9131"}],"version-history":[{"count":6,"href":"https:\/\/staviori.com.pl\/de\/wp-json\/wp\/v2\/pages\/9131\/revisions"}],"predecessor-version":[{"id":9251,"href":"https:\/\/staviori.com.pl\/de\/wp-json\/wp\/v2\/pages\/9131\/revisions\/9251"}],"wp:attachment":[{"href":"https:\/\/staviori.com.pl\/de\/wp-json\/wp\/v2\/media?parent=9131"}],"curies":[{"name":"wp","href":"https:\/\/api.w.org\/{rel}","templated":true}]}}