{"id":9117,"date":"2023-04-25T17:24:16","date_gmt":"2023-04-25T15:24:16","guid":{"rendered":"https:\/\/staviori.com.pl\/?page_id=9117"},"modified":"2025-11-27T12:35:26","modified_gmt":"2025-11-27T11:35:26","slug":"o-nas","status":"publish","type":"page","link":"https:\/\/staviori.com.pl\/de\/o-nas\/","title":{"rendered":"\u00dcber uns"},"content":{"rendered":"<section class=\"section has-scroll-for-more\" id=\"section_1343756018\">\n\t\t<div class=\"section-bg fill\" >\n\t\t\t<img loading=\"lazy\" decoding=\"async\" width=\"1920\" height=\"1080\" src=\"https:\/\/staviori.com.pl\/wp-content\/uploads\/2023\/04\/25b.jpg\" class=\"bg attachment-original size-original\" alt=\"\" \/>\t\t\t\t\t\t<button class=\"scroll-for-more z-5 icon absolute bottom h-center\" aria-label=\"Scrollen f\u00fcr mehr\" data-no-translation-aria-label=\"\"><i class=\"icon-angle-down\" aria-hidden=\"true\" style=\"font-size:42px;\"><\/i><\/button>\n\t\t\t\n\n\t\t<\/div>\n\n\t\t\n\n\t\t<div class=\"section-content relative\">\n\t\t\t\n\n<div class=\"row\"  id=\"row-221362356\">\n\n\n\t<div id=\"col-33465465\" class=\"col small-12 large-12\"  >\n\t\t\t\t<div class=\"col-inner\"  >\n\t\t\t\n\t\t\t\n\n\t<div id=\"text-1460865559\" class=\"text\">\n\t\t\n\n<h2>\u00dcber uns<\/h2>\n\t\t\n<style>\n#text-1460865559 {\n  font-size: 2rem;\n  text-align: center;\n  color: rgb(0,0,0);\n}\n#text-1460865559 > * {\n  color: rgb(0,0,0);\n}\n<\/style>\n\t<\/div>\n\t\n\n\t\t<\/div>\n\t\t\t\t\n<style>\n#col-33465465 > .col-inner {\n  margin: 129px 0px 0px 0px;\n}\n<\/style>\n\t<\/div>\n\n\t\n\n<\/div>\n\n\t\t<\/div>\n\n\t\t\n<style>\n#section_1343756018 {\n  padding-top: 30px;\n  padding-bottom: 30px;\n  min-height: 290px;\n}\n#section_1343756018 .section-bg img {\n  object-position: 47% 70%;\n}\n@media (min-width:550px) {\n  #section_1343756018 {\n    min-height: 450px;\n  }\n}\n<\/style>\n\t<\/section>\n\t\n\n\t<section class=\"section\" id=\"section_1563928583\">\n\t\t<div class=\"section-bg fill\" >\n\t\t\t\t\t\t\t\t\t\n\t\t\t\n\n\t\t<\/div>\n\n\t\t\n\n\t\t<div class=\"section-content relative\">\n\t\t\t\n\n<div class=\"row align-center\"  id=\"row-21598329\">\n\n\n\t<div id=\"col-551304828\" class=\"col medium-11 small-12 large-11\"  >\n\t\t\t\t<div class=\"col-inner\"  >\n\t\t\t\n\t\t\t\n\n<h2>\u00dcber Staviori<\/h2>\n<div class=\"is-divider divider clearfix\" ><\/div>\n\n<p data-start=\"362\" data-end=\"827\"><strong>Polnische Sensibilit\u00e4t, italienische Finesse<\/strong> - Dies ist die treffendste Beschreibung des Geistes, der die Marke Staviori seit ihrer Gr\u00fcndung begleitet hat. Unser Verst\u00e4ndnis von Schmuck wurde durch das Italien des 19. Jahrhunderts inspiriert, wo das Schmuckhandwerk ein fast legend\u00e4res Niveau erreichte. Damals bewunderte die Aristokratie die Arbeit von Meistern wie Marcello Staviori, einem Goldschmied, dessen Talent, Steinen und Gold Glanz zu entlocken, in den Geschichten und Goldschmiedetraditionen Italiens \u00fcberlebt hat.<\/p>\n<p data-start=\"829\" data-end=\"1274\">Heute, als in Polen t\u00e4tige Marke, greifen wir auf diese \u00c4sthetik und den Wagemut des Handwerks zur\u00fcck. Wir kreieren Schmuckst\u00fccke, die, wie die Preziosen von vor Jahrhunderten, f\u00fcr einen bestimmten Menschen gemacht sind.\u00a0<\/p>\n<p>In der Tradition der italienischen Goldschmiedemeister, deren Unikate f\u00fcr bestimmte Personen angefertigt wurden, kreiert Staviori einzigartigen Schmuck auf individuelle Kundenbestellung. Jedes Produkt kann frei nach den W\u00fcnschen seiner zuk\u00fcnftigen Besitzerin ver\u00e4ndert werden, angefangen bei der Farbe des Goldes, \u00fcber die Qualit\u00e4t der Steine bis hin zum Stil selbst. Die Herstellung eines jeden Entwurfs dauert nur 4-5 Wochen, so dass sich unsere Kunden so schnell wie m\u00f6glich an ihrem pers\u00f6nlichen Schmuckst\u00fcck erfreuen k\u00f6nnen.<\/p>\n\n\t\t<\/div>\n\t\t\t\t\t<\/div>\n\n\t\n\n<\/div>\n\n\t\t<\/div>\n\n\t\t\n<style>\n#section_1563928583 {\n  padding-top: 30px;\n  padding-bottom: 30px;\n}\n<\/style>\n\t<\/section>\n\t\n\n\t<section class=\"section\" id=\"section_1608344294\">\n\t\t<div class=\"section-bg fill\" >\n\t\t\t\t\t\t\t\t\t\n\t\t\t\n\n\t\t<\/div>\n\n\t\t\n\n\t\t<div class=\"section-content relative\">\n\t\t\t\n\n<div class=\"row\"  id=\"row-276151111\">\n\n\n\t<div id=\"col-276706297\" class=\"col medium-5 small-12 large-5\"  >\n\t\t\t\t<div class=\"col-inner\"  >\n\t\t\t\n\t\t\t\n\n\t<div class=\"img has-hover x md-x lg-x y md-y lg-y\" id=\"image_1901336613\">\n\t\t\t\t\t\t\t\t<div class=\"img-inner dark\" >\n\t\t\t<img loading=\"lazy\" decoding=\"async\" width=\"600\" height=\"900\" src=\"https:\/\/staviori.com.pl\/wp-content\/uploads\/2023\/04\/4.jpg\" class=\"attachment-original size-original\" alt=\"\" srcset=\"https:\/\/staviori.com.pl\/wp-content\/uploads\/2023\/04\/4.jpg 600w, https:\/\/staviori.com.pl\/wp-content\/uploads\/2023\/04\/4-510x765.jpg 510w, https:\/\/staviori.com.pl\/wp-content\/uploads\/2023\/04\/4-200x300.jpg 200w\" sizes=\"auto, (max-width: 600px) 100vw, 600px\" \/>\t\t\t\t\t\t\n\t\t\t\t\t<\/div>\n\t\t\t\t\t\t\t\t\n<style>\n#image_1901336613 {\n  width: 100%;\n}\n<\/style>\n\t<\/div>\n\t\n\n\n\t\t<\/div>\n\t\t\t\t\n<style>\n#col-276706297 > .col-inner {\n  margin: -1px 0px 0px 0px;\n}\n@media (min-width:550px) {\n  #col-276706297 > .col-inner {\n    margin: 40px 0px 0px 0px;\n  }\n}\n@media (min-width:850px) {\n  #col-276706297 > .col-inner {\n    margin: 0px 0px 0px 0px;\n  }\n}\n<\/style>\n\t<\/div>\n\n\t\n\n\t<div id=\"col-1139790258\" class=\"col medium-7 small-12 large-7\"  >\n\t\t\t\t<div class=\"col-inner\"  >\n\t\t\t\n\t\t\t\n\n<h2>Anspruchsvolles Design<\/h2>\n<div class=\"is-divider divider clearfix\" ><\/div>\n\n<p>Bei Staviori verbinden wir polnische Handwerkskunst mit den besten Praktiken der italienischen Goldschmiedekunst - Pr\u00e4zisionsarbeit, eine Symphonie aus Edelmetallen und sorgf\u00e4ltig ausgew\u00e4hlten Steinen.<\/p>\n<p>In der Sammlung <strong>Exklusiv<\/strong> i <strong>Staviori\u00ae muss haben<\/strong> - Perfektes Gold und ausgesuchte Edelsteine sind das Markenzeichen f\u00fcr perfekte italienische Handwerkskunst und zeitlose Qualit\u00e4t. Jedes Produkt ist einzigartig und wird nach den W\u00fcnschen des Kunden gefertigt. Diamanten und andere Steine werden unter dem Mikroskop gefasst (sog. Mikrosetting), was eine au\u00dfergew\u00f6hnliche Haltbarkeit garantiert.<br \/>Der Gebrauchsschmuck von Staviori hingegen, der sowohl im Diamanten- als auch im Silberkatalog zu finden ist, steht seinem raffinierten Vorbild in nichts nach. F\u00fcr seine Herstellung werden nur Gold und Silber h\u00f6chster Qualit\u00e4t sowie nat\u00fcrliche Edelsteine, vor allem Diamanten, verwendet.<\/p>\n<p>Auf individuellen Wunsch k\u00f6nnen wir jeden Diamanten oder anderen Edelstein sowohl zu Investitionszwecken als auch zur Fassung in einer unserer einzigartigen Fassungen importieren. Wir arbeiten mit renommierten Lieferanten aus Hongkong, Israel, Antwerpen und den Vereinigten Staaten zusammen. So k\u00f6nnen wir jeden Diamanten oder anderen Edelstein importieren, entweder zu Investitionszwecken oder zur Einfassung in eine Auswahl unserer Markendesigns.<\/p>\n\n\t\t<\/div>\n\t\t\t\t\n<style>\n#col-1139790258 > .col-inner {\n  margin: 4px 0px 0px 0px;\n}\n@media (min-width:550px) {\n  #col-1139790258 > .col-inner {\n    margin: 100px 0px 0px 0px;\n  }\n}\n<\/style>\n\t<\/div>\n\n\t\n\n<\/div>\n\n\t\t<\/div>\n\n\t\t\n<style>\n#section_1608344294 {\n  padding-top: 30px;\n  padding-bottom: 30px;\n}\n<\/style>\n\t<\/section>\n\t\n\n\t<section class=\"section dark\" id=\"section_2107180411\">\n\t\t<div class=\"section-bg fill\" >\n\t\t\t\t\t\t\t\t\t\n\t\t\t\n\n\t\t<\/div>\n\n\t\t\n\n\t\t<div class=\"section-content relative\">\n\t\t\t\n\n<div class=\"row\"  id=\"row-1921909930\">\n\n\n\t<div id=\"col-249155846\" class=\"col medium-6 small-12 large-6\"  >\n\t\t\t\t<div class=\"col-inner\"  >\n\t\t\t\n\t\t\t\n\n<h2>Schmuck finden Sie in unseren Katalogen:<\/h2>\n<div class=\"is-divider divider clearfix\" ><\/div>\n\n<p>von Edelmetallen und Edelsteinen, insbesondere: Verlobungsringe, Diamantringe f\u00fcr andere Anl\u00e4sse, einschlie\u00dflich eines Rings mit einem Diamanten mit beliebigen Parametern, der auf Bestellung des einzelnen Kunden importiert wird. Dar\u00fcber hinaus bieten wir hochwertigen Anlageschmuck und Anlagediamanten in allen m\u00f6glichen Schliffen an.<br \/>Die Ringe, Ohrringe, Anh\u00e4nger, Ketten, Armb\u00e4nder und Halsketten, die wir anbieten, sind aus den hochwertigsten Edelmetallen gefertigt: Wei\u00df-, Ros\u00e9- und Gelbgold 750, 585 oder 333 und Sterlingsilber 925. In unseren Schmuck setzen wir Naturperlen und Edelsteine wie Diamanten, Rubine, Saphire und Smaragde sowie Markasite, Zirkonia, Onyx, Korallen und Emaille ein.<\/p>\n<p>Nach geltendem Recht sind die angebotenen Gold- und Silberprodukte mit der entsprechenden Punzierung des Assay Office versehen.<\/p>\n<p>Wir garantieren, dass die Steine, die wir f\u00fcr die Herstellung unseres Schmucks verwenden, gem\u00e4\u00df den UN-Anforderungen aus konfliktfreien L\u00e4ndern stammen.<\/p>\n\n\t\t<\/div>\n\t\t\t\t\t<\/div>\n\n\t\n\n\t<div id=\"col-1443282259\" class=\"col medium-6 small-12 large-6\"  >\n\t\t\t\t<div class=\"col-inner text-center\"  >\n\t\t\t\n\t\t\t\n\n\t<div class=\"img has-hover x md-x lg-x y md-y lg-y\" id=\"image_1838497958\">\n\t\t\t\t\t\t\t\t<div class=\"img-inner dark\" >\n\t\t\t<img loading=\"lazy\" decoding=\"async\" width=\"600\" height=\"900\" src=\"https:\/\/staviori.com.pl\/wp-content\/uploads\/2023\/04\/i9.jpg\" class=\"attachment-large size-large\" alt=\"\" srcset=\"https:\/\/staviori.com.pl\/wp-content\/uploads\/2023\/04\/i9.jpg 600w, https:\/\/staviori.com.pl\/wp-content\/uploads\/2023\/04\/i9-510x765.jpg 510w, https:\/\/staviori.com.pl\/wp-content\/uploads\/2023\/04\/i9-200x300.jpg 200w\" sizes=\"auto, (max-width: 600px) 100vw, 600px\" \/>\t\t\t\t\t\t\n\t\t\t\t\t<\/div>\n\t\t\t\t\t\t\t\t\n<style>\n#image_1838497958 {\n  width: 100%;\n}\n@media (min-width:550px) {\n  #image_1838497958 {\n    width: 64%;\n  }\n}\n<\/style>\n\t<\/div>\n\t\n\n\n\t\t<\/div>\n\t\t\t\t\t<\/div>\n\n\t\n\n<\/div>\n\n\t\t<\/div>\n\n\t\t\n<style>\n#section_2107180411 {\n  padding-top: 80px;\n  padding-bottom: 80px;\n  background-color: #1c1c1c;\n}\n<\/style>\n\t<\/section>\n\t\n\n\t<section class=\"section\" id=\"section_865276063\">\n\t\t<div class=\"section-bg fill\" >\n\t\t\t\t\t\t\t\t\t\n\t\t\t\n\n\t\t<\/div>\n\n\t\t\n\n\t\t<div class=\"section-content relative\">\n\t\t\t\n\n<div class=\"row\"  id=\"row-2023941535\">\n\n\n\t<div id=\"col-1832168513\" class=\"col medium-5 small-12 large-5\"  >\n\t\t\t\t<div class=\"col-inner\"  >\n\t\t\t\n\t\t\t\n\n<h2>Unsere TOP-Produkte<\/h2>\n<div class=\"is-divider divider clearfix\" ><\/div>\n\n<div id=\"text-4229914342\" class=\"text\">\u00a0<\/div>\n<p>St\u00f6bern Sie in einer Auswahl der Produkte der Woche.<\/p>\n<p>M\u00f6chten Sie mehr sehen?<\/p>\n<a href=\"https:\/\/staviori.com.pl\/de\/sklep\/\" class=\"button primary\" >\n\t\t<span>Zum Shop gehen<\/span>\n\t<\/a>\n\n\n\n\t\t<\/div>\n\t\t\t\t\t<\/div>\n\n\t\n\n\t<div id=\"col-1863138264\" class=\"col medium-7 small-12 large-7\"  >\n\t\t\t\t<div class=\"col-inner\"  >\n\t\t\t\n\t\t\t\n\n\t\n  \n    <div class=\"row  equalize-box large-columns-3 medium-columns- small-columns-3 row-small\" >\n  \n\t     <div class=\"product-small col has-hover product type-product post-15639 status-publish first instock product_cat-broszki-3 product_cat-srebrna-broszka product_cat-srebro-2 product_tag-broszka-motyl product_tag-broszka-srebrna product_tag-broszka-z-markazytami product_tag-broszka-z-onyksami product_tag-butterfly-brooch product_tag-elegancka-broszka product_tag-marcasite-brooch product_tag-markasitbrosche product_tag-onyx-brooch product_tag-onyxbrosche product_tag-schmetterlingsbrosche product_tag-silver-brooch product_tag-srebro-925 has-post-thumbnail purchasable product-type-simple\">\n\t<div class=\"col-inner\">\n\t\n<div class=\"badge-container absolute left top z-1\">\n\n<\/div>\n\t<div class=\"product-small box\">\n\t\t<div class=\"box-image\">\n\t\t\t<div class=\"image-fade_in_back\">\n\t\t\t\t<a href=\"https:\/\/staviori.com.pl\/de\/product\/srebrna-broszka-rdm3439\/\">\n\t\t\t\t\t<img loading=\"lazy\" decoding=\"async\" width=\"247\" height=\"296\" src=\"https:\/\/staviori.com.pl\/wp-content\/uploads\/2023\/04\/3439-247x296.jpg\" class=\"attachment-woocommerce_thumbnail size-woocommerce_thumbnail\" alt=\"Broszka srebrna motyl z onyksami i markazytami\" \/><img loading=\"lazy\" decoding=\"async\" width=\"247\" height=\"296\" src=\"https:\/\/staviori.com.pl\/wp-content\/uploads\/2023\/04\/HB174O_1-247x296.jpg\" class=\"show-on-hover absolute fill hide-for-small back-image\" alt=\"Alternative Ansicht von Broszka srebrna motyl z onyksami i markazytami\" aria-hidden=\"true\" data-no-translation-alt=\"\" \/>\t\t\t\t<\/a>\n\t\t\t<\/div>\n\t\t\t<div class=\"image-tools is-small top right show-on-hover\">\n\t\t\t\t\t\t<div class=\"wishlist-icon\">\n\t\t\t<button class=\"wishlist-button button is-outline circle icon\" aria-label=\"Wunschliste\" data-no-translation-aria-label=\"\">\n\t\t\t\t<i class=\"icon-heart-o\" aria-hidden=\"true\"><\/i>\t\t\t<\/button>\n\t\t\t<div class=\"wishlist-popup dark\">\n\t\t\t\t\n<div\n\tclass=\"yith-wcwl-add-to-wishlist add-to-wishlist-15639 yith-wcwl-add-to-wishlist--link-style wishlist-fragment on-first-load\"\n\tdata-fragment-ref=\"15639\"\n\tdata-fragment-options=\"{&quot;base_url&quot;:&quot;&quot;,&quot;product_id&quot;:15639,&quot;parent_product_id&quot;:0,&quot;product_type&quot;:&quot;simple&quot;,&quot;is_single&quot;:false,&quot;in_default_wishlist&quot;:false,&quot;show_view&quot;:false,&quot;browse_wishlist_text&quot;:&quot;Przegl\\u0105daj obserwowane&quot;,&quot;already_in_wishslist_text&quot;:&quot;Produkt jest na Twojej li\\u015bcie&quot;,&quot;product_added_text&quot;:&quot;Produkt dodany!&quot;,&quot;available_multi_wishlist&quot;:false,&quot;disable_wishlist&quot;:false,&quot;show_count&quot;:false,&quot;ajax_loading&quot;:false,&quot;loop_position&quot;:&quot;after_add_to_cart&quot;,&quot;item&quot;:&quot;add_to_wishlist&quot;}\"\n>\n\t<\/div>\n\t\t\t<\/div>\n\t\t<\/div>\n\t\t\t\t\t<\/div>\n\t\t\t<div class=\"image-tools is-small hide-for-small bottom left show-on-hover\">\n\t\t\t\t\t\t\t<\/div>\n\t\t\t<div class=\"image-tools grid-tools text-center hide-for-small bottom hover-slide-in show-on-hover\">\n\t\t\t\t\t\t\t<\/div>\n\t\t\t\t\t<\/div>\n\n\t\t<div class=\"box-text box-text-products\">\n\t\t\t<div class=\"title-wrapper\">\t\t<p class=\"category uppercase is-smaller no-text-overflow product-cat op-8\">\n\t\t\tBroschen\t\t<\/p>\n\t<p class=\"name product-title woocommerce-loop-product__title\"><a href=\"https:\/\/staviori.com.pl\/de\/product\/srebrna-broszka-rdm3439\/\" class=\"woocommerce-LoopProduct-link woocommerce-loop-product__link\">Silberne Schmetterlingsbrosche mit Onyx und Markasiten<\/a><\/p><\/div><div class=\"price-wrapper\">\n\t<span class=\"price\"><span class=\"woocs_price_code\" data-currency=\"\" data-redraw-id=\"69ed16d7efdaa\"  data-product-id=\"15639\"><span class=\"woocommerce-Price-amount amount\"><bdi>499,00&nbsp;<span class=\"woocommerce-Price-currencySymbol\">&#122;&#322;<\/span><\/bdi><\/span><\/span><\/span>\n<\/div>\t\t<\/div>\n\t<\/div>\n\t\t<\/div>\n<\/div><div class=\"product-small col has-hover product type-product post-22870 status-publish instock product_cat-bizuteria product_cat-naszyjniki product_cat-srebrne-naszyjniki product_cat-srebro-2 product_cat-srebro product_tag-bizuteria-srebrna product_tag-elegancki-naszyjnik product_tag-eleganter-schmuck product_tag-gold-plated-silver-necklace product_tag-halskette-silber-925 product_tag-minimalist-necklace product_tag-minimalistyczny-naszyjnik product_tag-naszyjnik-srebrny-pozlacany product_tag-pozlacany-naszyjnik product_tag-silberkette-vergoldet product_tag-srebro-925 product_tag-sterling-silver-necklace product_tag-stribrny-nahrdelnik product_tag-zlocenie has-post-thumbnail purchasable product-type-simple\">\n\t<div class=\"col-inner\">\n\t\n<div class=\"badge-container absolute left top z-1\">\n\n<\/div>\n\t<div class=\"product-small box\">\n\t\t<div class=\"box-image\">\n\t\t\t<div class=\"image-fade_in_back\">\n\t\t\t\t<a href=\"https:\/\/staviori.com.pl\/de\/product\/srebrny-pozlacany-naszyjnik-ladny-i-prosty-nsc6723y\/\">\n\t\t\t\t\t<img loading=\"lazy\" decoding=\"async\" width=\"247\" height=\"296\" src=\"https:\/\/staviori.com.pl\/wp-content\/uploads\/2026\/01\/NS56276-BZ042-000000-000-3-247x296.jpg\" class=\"attachment-woocommerce_thumbnail size-woocommerce_thumbnail\" alt=\"Srebrny poz\u0142acany naszyjnik \u0142adny i prosty | NSC6723Y\" \/><img loading=\"lazy\" decoding=\"async\" width=\"247\" height=\"296\" src=\"https:\/\/staviori.com.pl\/wp-content\/uploads\/2026\/01\/NS56276-BZ042-000000-000-4_3-247x296.jpg\" class=\"show-on-hover absolute fill hide-for-small back-image\" alt=\"Alternative Ansicht von Srebrny poz\u0142acany naszyjnik \u0142adny i prosty | NSC6723Y\" aria-hidden=\"true\" data-no-translation-alt=\"\" \/>\t\t\t\t<\/a>\n\t\t\t<\/div>\n\t\t\t<div class=\"image-tools is-small top right show-on-hover\">\n\t\t\t\t\t\t<div class=\"wishlist-icon\">\n\t\t\t<button class=\"wishlist-button button is-outline circle icon\" aria-label=\"Wunschliste\" data-no-translation-aria-label=\"\">\n\t\t\t\t<i class=\"icon-heart-o\" aria-hidden=\"true\"><\/i>\t\t\t<\/button>\n\t\t\t<div class=\"wishlist-popup dark\">\n\t\t\t\t\n<div\n\tclass=\"yith-wcwl-add-to-wishlist add-to-wishlist-22870 yith-wcwl-add-to-wishlist--link-style wishlist-fragment on-first-load\"\n\tdata-fragment-ref=\"22870\"\n\tdata-fragment-options=\"{&quot;base_url&quot;:&quot;&quot;,&quot;product_id&quot;:22870,&quot;parent_product_id&quot;:0,&quot;product_type&quot;:&quot;simple&quot;,&quot;is_single&quot;:false,&quot;in_default_wishlist&quot;:false,&quot;show_view&quot;:false,&quot;browse_wishlist_text&quot;:&quot;Przegl\\u0105daj obserwowane&quot;,&quot;already_in_wishslist_text&quot;:&quot;Produkt jest na Twojej li\\u015bcie&quot;,&quot;product_added_text&quot;:&quot;Produkt dodany!&quot;,&quot;available_multi_wishlist&quot;:false,&quot;disable_wishlist&quot;:false,&quot;show_count&quot;:false,&quot;ajax_loading&quot;:false,&quot;loop_position&quot;:&quot;after_add_to_cart&quot;,&quot;item&quot;:&quot;add_to_wishlist&quot;}\"\n>\n\t<\/div>\n\t\t\t<\/div>\n\t\t<\/div>\n\t\t\t\t\t<\/div>\n\t\t\t<div class=\"image-tools is-small hide-for-small bottom left show-on-hover\">\n\t\t\t\t\t\t\t<\/div>\n\t\t\t<div class=\"image-tools grid-tools text-center hide-for-small bottom hover-slide-in show-on-hover\">\n\t\t\t\t\t\t\t<\/div>\n\t\t\t\t\t<\/div>\n\n\t\t<div class=\"box-text box-text-products\">\n\t\t\t<div class=\"title-wrapper\">\t\t<p class=\"category uppercase is-smaller no-text-overflow product-cat op-8\">\n\t\t\tSchmuck\t\t<\/p>\n\t<p class=\"name product-title woocommerce-loop-product__title\"><a href=\"https:\/\/staviori.com.pl\/de\/product\/srebrny-pozlacany-naszyjnik-ladny-i-prosty-nsc6723y\/\" class=\"woocommerce-LoopProduct-link woocommerce-loop-product__link\">Srebrny poz\u0142acany naszyjnik \u0142adny i prosty | NSC6723Y<\/a><\/p><\/div><div class=\"price-wrapper\">\n\t<span class=\"price\"><span class=\"woocs_price_code\" data-currency=\"\" data-redraw-id=\"69ed16d7f20ed\"  data-product-id=\"22870\"><span class=\"woocommerce-Price-amount amount\"><bdi>321,00&nbsp;<span class=\"woocommerce-Price-currencySymbol\">&#122;&#322;<\/span><\/bdi><\/span><\/span><\/span>\n<\/div>\t\t<\/div>\n\t<\/div>\n\t\t<\/div>\n<\/div><div class=\"product-small col has-hover product type-product post-15419 status-publish last onbackorder product_cat-brylanty-exclusive product_cat-pierscionki product_cat-pierscionki-brylanty-exclusive product_tag-biale-zloto-750 product_tag-bizuteria-staviori product_tag-luksusowa-bizuteria product_tag-nowoczesny-pierscionek product_tag-pierscionek-18k product_tag-pierscionek-z-diamentami product_tag-zloty-pierscionek has-post-thumbnail purchasable product-type-simple\">\n\t<div class=\"col-inner\">\n\t\n<div class=\"badge-container absolute left top z-1\">\n\n<\/div>\n\t<div class=\"product-small box\">\n\t\t<div class=\"box-image\">\n\t\t\t<div class=\"image-fade_in_back\">\n\t\t\t\t<a href=\"https:\/\/staviori.com.pl\/de\/product\/bizuteria-inwestycyjna-pierscionek-pxd3526w\/\">\n\t\t\t\t\t<img loading=\"lazy\" decoding=\"async\" width=\"247\" height=\"296\" src=\"https:\/\/staviori.com.pl\/wp-content\/uploads\/2023\/04\/3525-247x296.jpg\" class=\"attachment-woocommerce_thumbnail size-woocommerce_thumbnail\" alt=\"Exclusive | przepi\u0119kny pier\u015bcionek z bia\u0142ego z\u0142ota 750 z brylantami\" \/><img loading=\"lazy\" decoding=\"async\" width=\"247\" height=\"296\" src=\"https:\/\/staviori.com.pl\/wp-content\/uploads\/2025\/02\/PXD3526W_11-247x296.jpg\" class=\"show-on-hover absolute fill hide-for-small back-image\" alt=\"Alternative Ansicht von Exclusive | przepi\u0119kny pier\u015bcionek z bia\u0142ego z\u0142ota 750 z brylantami\" aria-hidden=\"true\" data-no-translation-alt=\"\" \/>\t\t\t\t<\/a>\n\t\t\t<\/div>\n\t\t\t<div class=\"image-tools is-small top right show-on-hover\">\n\t\t\t\t\t\t<div class=\"wishlist-icon\">\n\t\t\t<button class=\"wishlist-button button is-outline circle icon\" aria-label=\"Wunschliste\" data-no-translation-aria-label=\"\">\n\t\t\t\t<i class=\"icon-heart-o\" aria-hidden=\"true\"><\/i>\t\t\t<\/button>\n\t\t\t<div class=\"wishlist-popup dark\">\n\t\t\t\t\n<div\n\tclass=\"yith-wcwl-add-to-wishlist add-to-wishlist-15419 yith-wcwl-add-to-wishlist--link-style wishlist-fragment on-first-load\"\n\tdata-fragment-ref=\"15419\"\n\tdata-fragment-options=\"{&quot;base_url&quot;:&quot;&quot;,&quot;product_id&quot;:15419,&quot;parent_product_id&quot;:0,&quot;product_type&quot;:&quot;simple&quot;,&quot;is_single&quot;:false,&quot;in_default_wishlist&quot;:false,&quot;show_view&quot;:false,&quot;browse_wishlist_text&quot;:&quot;Przegl\\u0105daj obserwowane&quot;,&quot;already_in_wishslist_text&quot;:&quot;Produkt jest na Twojej li\\u015bcie&quot;,&quot;product_added_text&quot;:&quot;Produkt dodany!&quot;,&quot;available_multi_wishlist&quot;:false,&quot;disable_wishlist&quot;:false,&quot;show_count&quot;:false,&quot;ajax_loading&quot;:false,&quot;loop_position&quot;:&quot;after_add_to_cart&quot;,&quot;item&quot;:&quot;add_to_wishlist&quot;}\"\n>\n\t<\/div>\n\t\t\t<\/div>\n\t\t<\/div>\n\t\t\t\t\t<\/div>\n\t\t\t<div class=\"image-tools is-small hide-for-small bottom left show-on-hover\">\n\t\t\t\t\t\t\t<\/div>\n\t\t\t<div class=\"image-tools grid-tools text-center hide-for-small bottom hover-slide-in show-on-hover\">\n\t\t\t\t\t\t\t<\/div>\n\t\t\t\t\t<\/div>\n\n\t\t<div class=\"box-text box-text-products\">\n\t\t\t<div class=\"title-wrapper\">\t\t<p class=\"category uppercase is-smaller no-text-overflow product-cat op-8\">\n\t\t\tExklusive Diamanten\t\t<\/p>\n\t<p class=\"name product-title woocommerce-loop-product__title\"><a href=\"https:\/\/staviori.com.pl\/de\/product\/bizuteria-inwestycyjna-pierscionek-pxd3526w\/\" class=\"woocommerce-LoopProduct-link woocommerce-loop-product__link\">Exklusive | sch\u00f6ne Wei\u00dfgold 750 Ring mit Diamanten<\/a><\/p><\/div><div class=\"price-wrapper\">\n\t<span class=\"price\"><span class=\"woocs_price_code\" data-currency=\"\" data-redraw-id=\"69ed16d7f3e03\"  data-product-id=\"15419\"><span class=\"woocommerce-Price-amount amount\"><bdi>29 500,00&nbsp;<span class=\"woocommerce-Price-currencySymbol\">&#122;&#322;<\/span><\/bdi><\/span><\/span><\/span>\n<\/div>\t\t<\/div>\n\t<\/div>\n\t\t<\/div>\n<\/div><\/div>\n\n\n\t\t<\/div>\n\t\t\t\t\t<\/div>\n\n\t\n\n<\/div>\n\n\t\t<\/div>\n\n\t\t\n<style>\n#section_865276063 {\n  padding-top: 30px;\n  padding-bottom: 30px;\n}\n<\/style>\n\t<\/section>","protected":false},"excerpt":{"rendered":"","protected":false},"author":1,"featured_media":0,"parent":0,"menu_order":0,"comment_status":"closed","ping_status":"closed","template":"page-blank.php","meta":{"om_disable_all_campaigns":false,"footnotes":""},"class_list":["post-9117","page","type-page","status-publish","hentry"],"aioseo_notices":[],"_links":{"self":[{"href":"https:\/\/staviori.com.pl\/de\/wp-json\/wp\/v2\/pages\/9117","targetHints":{"allow":["GET"]}}],"collection":[{"href":"https:\/\/staviori.com.pl\/de\/wp-json\/wp\/v2\/pages"}],"about":[{"href":"https:\/\/staviori.com.pl\/de\/wp-json\/wp\/v2\/types\/page"}],"author":[{"embeddable":true,"href":"https:\/\/staviori.com.pl\/de\/wp-json\/wp\/v2\/users\/1"}],"replies":[{"embeddable":true,"href":"https:\/\/staviori.com.pl\/de\/wp-json\/wp\/v2\/comments?post=9117"}],"version-history":[{"count":9,"href":"https:\/\/staviori.com.pl\/de\/wp-json\/wp\/v2\/pages\/9117\/revisions"}],"predecessor-version":[{"id":21993,"href":"https:\/\/staviori.com.pl\/de\/wp-json\/wp\/v2\/pages\/9117\/revisions\/21993"}],"wp:attachment":[{"href":"https:\/\/staviori.com.pl\/de\/wp-json\/wp\/v2\/media?parent=9117"}],"curies":[{"name":"wp","href":"https:\/\/api.w.org\/{rel}","templated":true}]}}