{"id":13262,"date":"2024-11-25T12:41:29","date_gmt":"2024-11-25T11:41:29","guid":{"rendered":"https:\/\/staviori.com.pl\/?page_id=13262"},"modified":"2024-11-25T12:44:56","modified_gmt":"2024-11-25T11:44:56","slug":"strefa-partnera","status":"publish","type":"page","link":"https:\/\/staviori.com.pl\/de\/strefa-partnera\/","title":{"rendered":"Strefa Partnera"},"content":{"rendered":"<html><head><\/head><body>\n    <div style=\"background-color:#dbd2c5;color:#262626;font-family:&quot;Helvetica Neue&quot;, &quot;Arial Nova&quot;, &quot;Nimbus Sans&quot;, Arial, sans-serif;font-size:16px;font-weight:400;letter-spacing:0.15008px;line-height:1.5;margin:0;padding:32px 0;min-height:100%;width:100%\">\n      <table align=\"center\" width=\"100%\" style=\"margin:0 auto;max-width:600px;background-color:#FFFFFF\" role=\"presentation\" cellspacing=\"0\" cellpadding=\"0\" border=\"0\">\n        <tbody>\n          <tr style=\"width:100%\">\n            <td>\n              <div style=\"padding:0px 0px 0px 0px\">\n                <img decoding=\"async\" alt=\"\" src=\"https:\/\/i.imghippo.com\/files\/xLE8283OHg.jpg\" style=\"outline:none;border:none;text-decoration:none;vertical-align:middle;display:inline-block;max-width:100%\">\n              <\/div>\n              <div style=\"height:40px\"><\/div>\n              <div style=\"color:#4a4a4a;font-size:22px;font-family:Seravek, &quot;Gill Sans Nova&quot;, Ubuntu, Calibri, &quot;DejaVu Sans&quot;, source-sans-pro, sans-serif;font-weight:bold;text-align:center;padding:0px 24px 0px 24px\">\n                PROGRAM PARTNERSKI\n              <\/div>\n              <div style=\"height:16px\"><\/div>\n              <div style=\"padding:0px 24px 0px 24px;text-align:center\">\n                <a href=\"https:\/\/webeads.pl\/\" style=\"text-decoration:none\" target=\"_blank\" rel=\"noopener\"><img decoding=\"async\" alt=\"\" src=\"https:\/\/i.imghippo.com\/files\/g7154PAI.png\" width=\"200\" style=\"width:200px;outline:none;border:none;text-decoration:none;vertical-align:middle;display:inline-block;max-width:100%\"><\/a>\n              <\/div>\n              <div style=\"height:44px\"><\/div>\n              <div style=\"font-family:Seravek, &quot;Gill Sans Nova&quot;, Ubuntu, Calibri, &quot;DejaVu Sans&quot;, source-sans-pro, sans-serif;font-weight:normal;text-align:center;padding:0px 24px 0px 24px\">\n                Masz bloga, kana\u0142 YouTube lub konto na Instagramie?\n              <\/div>\n              <div style=\"font-family:Seravek, &quot;Gill Sans Nova&quot;, Ubuntu, Calibri, &quot;DejaVu Sans&quot;, source-sans-pro, sans-serif;font-weight:bold;text-align:center;padding:0px 24px 0px 24px\">\n                Do\u0142\u0105cz do programu partnerskiego STAVIORI i zarabiaj!\n              <\/div>\n              <div style=\"height:28px\"><\/div>\n              <div style=\"text-align:center;padding:0px 24px 0px 24px\">\n                <a href=\"https:\/\/webepartners.pl\/download\/42896\/\" style=\"color:#FFFFFF;font-size:17px;font-family:Seravek, &quot;Gill Sans Nova&quot;, Ubuntu, Calibri, &quot;DejaVu Sans&quot;, source-sans-pro, sans-serif;font-weight:bold;background-color:#ef9227;border-radius:64px;display:block;padding:12px 20px;text-decoration:none\" target=\"_blank\" rel=\"noopener\"><span><!--[if mso\n                      ]><i\n                        style=\"letter-spacing: 20px;mso-font-width:-100%;mso-text-raise:30\"\n                        hidden\n                        >&nbsp;<\/i\n                      ><!\n                    [endif]--><\/span><span>Zobacz instrukcj\u0119<\/span><span><!--[if mso\n                      ]><i\n                        style=\"letter-spacing: 20px;mso-font-width:-100%\"\n                        hidden\n                        >&nbsp;<\/i\n                      ><!\n                    [endif]--><\/span><\/a>\n              <\/div>\n              <div style=\"height:40px\"><\/div>\n              <div style=\"background-color:#f7e2c7;font-family:Seravek, &quot;Gill Sans Nova&quot;, Ubuntu, Calibri, &quot;DejaVu Sans&quot;, source-sans-pro, sans-serif;font-weight:bold;text-align:center;padding:16px 24px 16px 24px\">\n                Co zyskujesz do\u0142\u0105czaj\u0105c do programu?\n              <\/div>\n              <div style=\"background-color:#f8f8f8;font-size:15px;font-family:Seravek, &quot;Gill Sans Nova&quot;, Ubuntu, Calibri, &quot;DejaVu Sans&quot;, source-sans-pro, sans-serif;font-weight:normal;text-align:center;padding:16px 24px 0px 24px\">\n                20% od warto\u015bci sprzeda\u017cy polecanych produkt\u00f3w\n              <\/div>\n              <div style=\"background-color:#f8f8f8;font-size:15px;font-family:Seravek, &quot;Gill Sans Nova&quot;, Ubuntu, Calibri, &quot;DejaVu Sans&quot;, source-sans-pro, sans-serif;font-weight:normal;text-align:center;padding:0px 24px 0px 24px\">\n                Szeroki wyb\u00f3r materia\u0142\u00f3w reklamowych dost\u0119pnych na panelu\n                webePartners\n              <\/div>\n              <div style=\"background-color:#f8f8f8;font-size:15px;font-family:Seravek, &quot;Gill Sans Nova&quot;, Ubuntu, Calibri, &quot;DejaVu Sans&quot;, source-sans-pro, sans-serif;font-weight:normal;text-align:center;padding:0px 24px 16px 24px\">\n                Profesjonaln\u0105 pomoc w zarabianiu online\n              <\/div>\n              <div style=\"height:40px\"><\/div>\n              <div style=\"background-color:#f7e2c7;font-family:Seravek, &quot;Gill Sans Nova&quot;, Ubuntu, Calibri, &quot;DejaVu Sans&quot;, source-sans-pro, sans-serif;font-weight:bold;text-align:center;padding:16px 24px 16px 24px\">\n                Jak zacz\u0105\u0107 zarabia\u0107 na polecaniu?\n              <\/div>\n              <div style=\"background-color:#f8f8f8;padding:4px 24px 4px 24px\">\n                <table align=\"center\" width=\"100%\" cellpadding=\"0\" border=\"0\" style=\"table-layout:fixed;border-collapse:collapse\">\n                  <tbody style=\"width:100%\">\n                    <tr style=\"width:100%\">\n                      <td style=\"box-sizing:content-box;vertical-align:middle;padding-left:0;padding-right:8px;width:100px\">\n                        <div style=\"padding:16px 24px 16px 24px\">\n                          <img decoding=\"async\" alt=\"\" src=\"https:\/\/i.imghippo.com\/files\/Jdc5534qOE.png\" style=\"outline:none;border:none;text-decoration:none;vertical-align:middle;display:inline-block;max-width:100%\">\n                        <\/div>\n                      <\/td>\n                      <td style=\"box-sizing:content-box;vertical-align:middle;padding-left:8px;padding-right:0\">\n                        <div style=\"font-size:15px;font-family:Seravek, &quot;Gill Sans Nova&quot;, Ubuntu, Calibri, &quot;DejaVu Sans&quot;, source-sans-pro, sans-serif;font-weight:normal;padding:16px 24px 16px 24px\">\n                          Zarejestruj si\u0119 na webepartners.pl\n                        <\/div>\n                      <\/td>\n                    <\/tr>\n                  <\/tbody>\n                <\/table>\n              <\/div>\n              <div style=\"background-color:#f8f8f8;padding:4px 24px 4px 24px\">\n                <table align=\"center\" width=\"100%\" cellpadding=\"0\" border=\"0\" style=\"table-layout:fixed;border-collapse:collapse\">\n                  <tbody style=\"width:100%\">\n                    <tr style=\"width:100%\">\n                      <td style=\"box-sizing:content-box;vertical-align:middle;padding-left:0;padding-right:8px;width:100px\">\n                        <div style=\"padding:16px 24px 16px 24px\">\n                          <img decoding=\"async\" alt=\"\" src=\"https:\/\/i.imghippo.com\/files\/wVND4524YE.png\" style=\"outline:none;border:none;text-decoration:none;vertical-align:middle;display:inline-block;max-width:100%\">\n                        <\/div>\n                      <\/td>\n                      <td style=\"box-sizing:content-box;vertical-align:middle;padding-left:8px;padding-right:0\">\n                        <div style=\"font-size:15px;font-family:Seravek, &quot;Gill Sans Nova&quot;, Ubuntu, Calibri, &quot;DejaVu Sans&quot;, source-sans-pro, sans-serif;font-weight:normal;padding:16px 24px 16px 24px\">\n                          Do\u0142\u0105cz do programu\n                        <\/div>\n                      <\/td>\n                    <\/tr>\n                  <\/tbody>\n                <\/table>\n              <\/div>\n              <div style=\"background-color:#f8f8f8;padding:4px 24px 4px 24px\">\n                <table align=\"center\" width=\"100%\" cellpadding=\"0\" border=\"0\" style=\"table-layout:fixed;border-collapse:collapse\">\n                  <tbody style=\"width:100%\">\n                    <tr style=\"width:100%\">\n                      <td style=\"box-sizing:content-box;vertical-align:middle;padding-left:0;padding-right:8px;width:100px\">\n                        <div style=\"padding:16px 24px 16px 24px\">\n                          <img decoding=\"async\" alt=\"\" src=\"https:\/\/i.imghippo.com\/files\/EMU5945Jc.png\" style=\"outline:none;border:none;text-decoration:none;vertical-align:middle;display:inline-block;max-width:100%\">\n                        <\/div>\n                      <\/td>\n                      <td style=\"box-sizing:content-box;vertical-align:middle;padding-left:8px;padding-right:0\">\n                        <div style=\"font-size:15px;font-family:Seravek, &quot;Gill Sans Nova&quot;, Ubuntu, Calibri, &quot;DejaVu Sans&quot;, source-sans-pro, sans-serif;font-weight:normal;padding:16px 24px 16px 24px\">\n                          Wstaw link lub baner\n                        <\/div>\n                      <\/td>\n                    <\/tr>\n                  <\/tbody>\n                <\/table>\n              <\/div>\n              <div style=\"background-color:#f8f8f8;padding:4px 24px 4px 24px\">\n                <table align=\"center\" width=\"100%\" cellpadding=\"0\" border=\"0\" style=\"table-layout:fixed;border-collapse:collapse\">\n                  <tbody style=\"width:100%\">\n                    <tr style=\"width:100%\">\n                      <td style=\"box-sizing:content-box;vertical-align:middle;padding-left:0;padding-right:8px;width:100px\">\n                        <div style=\"padding:16px 24px 16px 24px\">\n                          <img decoding=\"async\" alt=\"\" src=\"https:\/\/i.imghippo.com\/files\/LZM3487Bc.png\" style=\"outline:none;border:none;text-decoration:none;vertical-align:middle;display:inline-block;max-width:100%\">\n                        <\/div>\n                      <\/td>\n                      <td style=\"box-sizing:content-box;vertical-align:middle;padding-left:8px;padding-right:0\">\n                        <div style=\"font-size:15px;font-family:Seravek, &quot;Gill Sans Nova&quot;, Ubuntu, Calibri, &quot;DejaVu Sans&quot;, source-sans-pro, sans-serif;font-weight:normal;padding:16px 24px 16px 24px\">\n                          Zarabiaj prowizj\u0119\n                        <\/div>\n                      <\/td>\n                    <\/tr>\n                  <\/tbody>\n                <\/table>\n              <\/div>\n              <div style=\"height:40px\"><\/div>\n              <div style=\"font-size:21px;font-family:Seravek, &quot;Gill Sans Nova&quot;, Ubuntu, Calibri, &quot;DejaVu Sans&quot;, source-sans-pro, sans-serif;font-weight:bold;text-align:center;padding:0px 24px 0px 24px\">\n                Wykorzystaj sw\u00f3j potencja\u0142\n              <\/div>\n              <div style=\"height:8px\"><\/div>\n              <div style=\"font-family:Seravek, &quot;Gill Sans Nova&quot;, Ubuntu, Calibri, &quot;DejaVu Sans&quot;, source-sans-pro, sans-serif;font-weight:normal;text-align:center;padding:0px 24px 0px 24px\">\n                Polecaj produkty STAVIORI i zarabiaj na swojej stronie\n              <\/div>\n              <div style=\"height:28px\"><\/div>\n              <div style=\"text-align:center;padding:0px 24px 0px 24px\">\n                <a href=\"https:\/\/panel.webepartners.pl\/account\/login\" style=\"color:#FFFFFF;font-size:17px;font-family:Seravek, &quot;Gill Sans Nova&quot;, Ubuntu, Calibri, &quot;DejaVu Sans&quot;, source-sans-pro, sans-serif;font-weight:bold;background-color:#ef9227;border-radius:64px;display:block;padding:12px 20px;text-decoration:none\" target=\"_blank\" rel=\"noopener\"><span><!--[if mso\n                      ]><i\n                        style=\"letter-spacing: 20px;mso-font-width:-100%;mso-text-raise:30\"\n                        hidden\n                        >&nbsp;<\/i\n                      ><!\n                    [endif]--><\/span><span>Do\u0142\u0105cz i zarabiaj<\/span><span><!--[if mso\n                      ]><i\n                        style=\"letter-spacing: 20px;mso-font-width:-100%\"\n                        hidden\n                        >&nbsp;<\/i\n                      ><!\n                    [endif]--><\/span><\/a>\n              <\/div>\n              <div style=\"height:40px\"><\/div>\n              <div style=\"background-color:#eaeaea;font-family:Seravek, &quot;Gill Sans Nova&quot;, Ubuntu, Calibri, &quot;DejaVu Sans&quot;, source-sans-pro, sans-serif;font-weight:bold;padding:16px 24px 16px 24px\">\n                Najcz\u0119\u015bciej zadawane pytania\n              <\/div>\n              <div style=\"height:28px\"><\/div>\n              <div style=\"font-size:15px;font-family:Seravek, &quot;Gill Sans Nova&quot;, Ubuntu, Calibri, &quot;DejaVu Sans&quot;, source-sans-pro, sans-serif;font-weight:bold;padding:0px 24px 0px 24px\">\n                Kto obs\u0142uguje program partnerski STAVIORI?\n              <\/div>\n              <div style=\"font-size:15px;font-family:Seravek, &quot;Gill Sans Nova&quot;, Ubuntu, Calibri, &quot;DejaVu Sans&quot;, source-sans-pro, sans-serif;font-weight:normal;padding:0px 24px 0px 24px\">\n                Program partnerski jest obs\u0142ugiwany przez webePartners,\n                dedykowan\u0105 sie\u0107 afiliacyjn\u0105 dla e-commerce. webePartners\n                dostarcza zaplecze techniczne dla programu oraz darmowe\n                narz\u0119dzia afiliacyjne dla wydawc\u00f3w.\n              <\/div>\n              <div style=\"height:28px\"><\/div>\n              <div style=\"font-size:15px;font-family:Seravek, &quot;Gill Sans Nova&quot;, Ubuntu, Calibri, &quot;DejaVu Sans&quot;, source-sans-pro, sans-serif;font-weight:bold;padding:0px 24px 0px 24px\">\n                Co to znaczy, \u017ce zarabiam prowizj\u0119 za polecenia?\n              <\/div>\n              <div style=\"font-size:15px;font-family:Seravek, &quot;Gill Sans Nova&quot;, Ubuntu, Calibri, &quot;DejaVu Sans&quot;, source-sans-pro, sans-serif;font-weight:normal;padding:0px 24px 0px 24px\">\n                Prowizja za polecenia oznacza, \u017ce od ka\u017cdej pozytywnie\n                zako\u0144czonej sprzeda\u017cy w naszym sklepie, kt\u00f3ra dojdzie do skutku\n                z Twojego polecenia poprzez link afiliacyjny, otrzymasz od nas\n                20% warto\u015bci tej transakcji.\n              <\/div>\n              <div style=\"height:28px\"><\/div>\n              <div style=\"font-size:15px;font-family:Seravek, &quot;Gill Sans Nova&quot;, Ubuntu, Calibri, &quot;DejaVu Sans&quot;, source-sans-pro, sans-serif;font-weight:bold;padding:0px 24px 0px 24px\">\n                Czy do\u0142\u0105czenie do programu partnerskiego STAVIORI jest p\u0142atne?\n              <\/div>\n              <div style=\"font-size:15px;font-family:Seravek, &quot;Gill Sans Nova&quot;, Ubuntu, Calibri, &quot;DejaVu Sans&quot;, source-sans-pro, sans-serif;font-weight:normal;padding:0px 24px 0px 24px\">\n                Nie. Dost\u0119p do programu partnerskiego STAVIORI i narz\u0119dzi\n                afiliacyjnych jest zawsze darmowy.\n              <\/div>\n              <div style=\"height:28px\"><\/div>\n              <div style=\"font-size:15px;font-family:Seravek, &quot;Gill Sans Nova&quot;, Ubuntu, Calibri, &quot;DejaVu Sans&quot;, source-sans-pro, sans-serif;font-weight:bold;padding:0px 24px 0px 24px\">\n                Czy musz\u0119 spe\u0142nia\u0107 okre\u015blone warunki, aby do\u0142\u0105czy\u0107 do programu?\n              <\/div>\n              <div style=\"font-size:15px;font-family:Seravek, &quot;Gill Sans Nova&quot;, Ubuntu, Calibri, &quot;DejaVu Sans&quot;, source-sans-pro, sans-serif;font-weight:normal;padding:0px 24px 0px 24px\">\n                Nie. Wydawc\u0105 mo\u017ce zosta\u0107 ka\u017cdy, kto chce zarabia\u0107 na polecaniu\n                naszych produkt\u00f3w w ramach programu partnerskiego.\n              <\/div>\n              <div style=\"height:28px\"><\/div>\n              <div style=\"font-size:15px;font-family:Seravek, &quot;Gill Sans Nova&quot;, Ubuntu, Calibri, &quot;DejaVu Sans&quot;, source-sans-pro, sans-serif;font-weight:bold;padding:0px 24px 0px 24px\">\n                Czy mog\u0119 do\u0142\u0105czy\u0107 do programu, je\u017celi nie mam swojego bloga \/\n                serwisu?\n              <\/div>\n              <div style=\"font-size:15px;font-family:Seravek, &quot;Gill Sans Nova&quot;, Ubuntu, Calibri, &quot;DejaVu Sans&quot;, source-sans-pro, sans-serif;font-weight:normal;padding:0px 24px 0px 24px\">\n                Tak. Dzi\u0119ki linkom afiliacyjnym mo\u017cesz poleca\u0107 nasze produkty w\n                serwisach spo\u0142eczno\u015bciowych (Facebook, Instagram, Youtube,\n                Pinterest itp.). Mo\u017cesz r\u00f3wnie\u017c poleca\u0107 w\u015br\u00f3d znajomych mailem\n                lub poprzez komunikatory typu Messenger czy WhatsApp.\n              <\/div>\n              <div style=\"height:28px\"><\/div>\n              <div style=\"font-size:15px;font-family:Seravek, &quot;Gill Sans Nova&quot;, Ubuntu, Calibri, &quot;DejaVu Sans&quot;, source-sans-pro, sans-serif;font-weight:bold;padding:0px 24px 0px 24px\">\n                Czy po do\u0142\u0105czeniu do programu, musz\u0119 prowadzi\u0107 okre\u015blone\n                dzia\u0142ania?\n              <\/div>\n              <div style=\"font-size:15px;font-family:Seravek, &quot;Gill Sans Nova&quot;, Ubuntu, Calibri, &quot;DejaVu Sans&quot;, source-sans-pro, sans-serif;font-weight:normal;padding:0px 24px 0px 24px\">\n                Nie. Nie jeste\u015b w \u017caden spos\u00f3b zobligowany do prowadzenia\n                konkretnych dzia\u0142a\u0144. Sam decydujesz, kiedy dzia\u0142asz, kt\u00f3re\n                produkty b\u0119dziesz poleca\u0107 i z jakich narz\u0119dzi afiliacyjnych\n                korzysta\u0107.\n              <\/div>\n              <div style=\"height:28px\"><\/div>\n              <div style=\"height:40px\"><\/div>\n              <div style=\"padding:16px 24px 16px 24px;text-align:center\">\n                <a href=\"https:\/\/webepartners.pl\/\" style=\"text-decoration:none\" target=\"_blank\" rel=\"noopener\"><img decoding=\"async\" alt=\"\" src=\"https:\/\/i.imghippo.com\/files\/FhTH2458IDU.png\" width=\"200\" style=\"width:200px;outline:none;border:none;text-decoration:none;vertical-align:middle;display:inline-block;max-width:100%\"><\/a>\n              <\/div>\n              <div style=\"height:28px\"><\/div>\n              <div style=\"font-size:15px;font-family:Seravek, &quot;Gill Sans Nova&quot;, Ubuntu, Calibri, &quot;DejaVu Sans&quot;, source-sans-pro, sans-serif;font-weight:normal;text-align:center;padding:0px 24px 0px 24px\">\n                Chcesz wiedzie\u0107 wi\u0119cej?\n              <\/div>\n              <div style=\"padding:0px 24px 0px 24px\">\n                <table align=\"center\" width=\"100%\" cellpadding=\"0\" border=\"0\" style=\"table-layout:fixed;border-collapse:collapse\">\n                  <tbody style=\"width:100%\">\n                    <tr style=\"width:100%\">\n                      <td style=\"box-sizing:content-box;vertical-align:middle;padding-left:0;padding-right:10.666666666666666px\">\n                        <div style=\"text-align:center;padding:16px 24px 16px 24px\">\n                          <a href=\"https:\/\/webepartners.pl\/baza-wiedzy\/\" style=\"color:#FFFFFF;font-size:13px;font-family:Seravek, &quot;Gill Sans Nova&quot;, Ubuntu, Calibri, &quot;DejaVu Sans&quot;, source-sans-pro, sans-serif;font-weight:bold;background-color:#999999;border-radius:64px;display:inline-block;padding:8px 12px;text-decoration:none\" target=\"_blank\" rel=\"noopener\"><span><!--[if mso\n                                ]><i\n                                  style=\"letter-spacing: 12px;mso-font-width:-100%;mso-text-raise:18\"\n                                  hidden\n                                  >&nbsp;<\/i\n                                ><!\n                              [endif]--><\/span><span>Baza wiedzy<\/span><span><!--[if mso\n                                ]><i\n                                  style=\"letter-spacing: 12px;mso-font-width:-100%\"\n                                  hidden\n                                  >&nbsp;<\/i\n                                ><!\n                              [endif]--><\/span><\/a>\n                        <\/div>\n                      <\/td>\n                      <td style=\"box-sizing:content-box;vertical-align:middle;padding-left:5.333333333333333px;padding-right:5.333333333333333px\">\n                        <div style=\"text-align:center;padding:16px 24px 16px 24px\">\n                          <a href=\"mailto:bok@webepartners.pl\" style=\"color:#FFFFFF;font-size:13px;font-family:Seravek, &quot;Gill Sans Nova&quot;, Ubuntu, Calibri, &quot;DejaVu Sans&quot;, source-sans-pro, sans-serif;font-weight:bold;background-color:#999999;border-radius:64px;display:inline-block;padding:8px 12px;text-decoration:none\" target=\"_blank\" rel=\"noopener\"><span><!--[if mso\n                                ]><i\n                                  style=\"letter-spacing: 12px;mso-font-width:-100%;mso-text-raise:18\"\n                                  hidden\n                                  >&nbsp;<\/i\n                                ><!\n                              [endif]--><\/span><span>Skontaktuj si\u0119<\/span><span><!--[if mso\n                                ]><i\n                                  style=\"letter-spacing: 12px;mso-font-width:-100%\"\n                                  hidden\n                                  >&nbsp;<\/i\n                                ><!\n                              [endif]--><\/span><\/a>\n                        <\/div>\n                      <\/td>\n                      <td style=\"box-sizing:content-box;vertical-align:middle;padding-left:10.666666666666666px;padding-right:0\">\n                        <div style=\"text-align:center;padding:16px 24px 16px 24px\">\n                          <a href=\"https:\/\/webepartners.pl\/\" style=\"color:#2c2c2c;font-size:13px;font-family:Seravek, &quot;Gill Sans Nova&quot;, Ubuntu, Calibri, &quot;DejaVu Sans&quot;, source-sans-pro, sans-serif;font-weight:bold;background-color:#dbdbdb;border-radius:64px;display:inline-block;padding:8px 12px;text-decoration:none\" target=\"_blank\" rel=\"noopener\"><span><!--[if mso\n                                ]><i\n                                  style=\"letter-spacing: 12px;mso-font-width:-100%;mso-text-raise:18\"\n                                  hidden\n                                  >&nbsp;<\/i\n                                ><!\n                              [endif]--><\/span><span>webepartners.pl<\/span><span><!--[if mso\n                                ]><i\n                                  style=\"letter-spacing: 12px;mso-font-width:-100%\"\n                                  hidden\n                                  >&nbsp;<\/i\n                                ><!\n                              [endif]--><\/span><\/a>\n                        <\/div>\n                      <\/td>\n                    <\/tr>\n                  <\/tbody>\n                <\/table>\n              <\/div>\n              <div style=\"height:40px\"><\/div>\n              <div style=\"font-size:15px;font-family:Seravek, &quot;Gill Sans Nova&quot;, Ubuntu, Calibri, &quot;DejaVu Sans&quot;, source-sans-pro, sans-serif;font-weight:normal;text-align:center;padding:0px 24px 0px 24px\">\n                webePartners daje Ci mo\u017cliwo\u015b\u0107 wsp\u00f3\u0142pracy z setkami popularnych\n                marek i szans\u0119 na zarabianie dzi\u0119ki polecaniu ich produkt\u00f3w.\n              <\/div>\n              <div style=\"font-size:15px;font-family:Seravek, &quot;Gill Sans Nova&quot;, Ubuntu, Calibri, &quot;DejaVu Sans&quot;, source-sans-pro, sans-serif;font-weight:bold;text-align:center;padding:0px 24px 0px 24px\">\n                Do\u0142\u0105czaj do program\u00f3w i zarabiaj!\n              <\/div>\n              <div style=\"height:28px\"><\/div>\n              <div style=\"text-align:center;padding:0px 24px 0px 24px\">\n                <a href=\"https:\/\/webepartners.pl\/download\/42896\/\" style=\"color:#2c2c2c;font-size:17px;font-family:Seravek, &quot;Gill Sans Nova&quot;, Ubuntu, Calibri, &quot;DejaVu Sans&quot;, source-sans-pro, sans-serif;font-weight:bold;background-color:#d3d3d3;border-radius:64px;display:inline-block;padding:12px 20px;text-decoration:none\" target=\"_blank\" rel=\"noopener\"><span><!--[if mso\n                      ]><i\n                        style=\"letter-spacing: 20px;mso-font-width:-100%;mso-text-raise:30\"\n                        hidden\n                        >&nbsp;<\/i\n                      ><!\n                    [endif]--><\/span><span>Sprawd\u017a teraz<\/span><span><!--[if mso\n                      ]><i\n                        style=\"letter-spacing: 20px;mso-font-width:-100%\"\n                        hidden\n                        >&nbsp;<\/i\n                      ><!\n                    [endif]--><\/span><\/a>\n              <\/div>\n              <div style=\"height:20px\"><\/div>\n            <\/td>\n          <\/tr>\n        <\/tbody>\n      <\/table>\n    <\/div>\n  \n\n<\/body><\/html>","protected":false},"excerpt":{"rendered":"<p>PROGRAM PARTNERSKI Masz bloga, kana\u0142 YouTube lub konto na Instagramie? Do\u0142\u0105cz do programu partnerskiego STAVIORI i zarabiaj! Zobacz instrukcj\u0119 Co zyskujesz do\u0142\u0105czaj\u0105c do programu? 20% od warto\u015bci sprzeda\u017cy polecanych produkt\u00f3w Szeroki wyb\u00f3r materia\u0142\u00f3w reklamowych dost\u0119pnych na panelu webePartners Profesjonaln\u0105 pomoc w zarabianiu online Jak zacz\u0105\u0107 zarabia\u0107 na polecaniu? Zarejestruj si\u0119 na webepartners.pl Do\u0142\u0105cz do programu [&#8230;]","protected":false},"author":15,"featured_media":0,"parent":0,"menu_order":0,"comment_status":"closed","ping_status":"closed","template":"","meta":{"om_disable_all_campaigns":false,"footnotes":""},"class_list":["post-13262","page","type-page","status-publish","hentry"],"aioseo_notices":[],"_links":{"self":[{"href":"https:\/\/staviori.com.pl\/de\/wp-json\/wp\/v2\/pages\/13262","targetHints":{"allow":["GET"]}}],"collection":[{"href":"https:\/\/staviori.com.pl\/de\/wp-json\/wp\/v2\/pages"}],"about":[{"href":"https:\/\/staviori.com.pl\/de\/wp-json\/wp\/v2\/types\/page"}],"author":[{"embeddable":true,"href":"https:\/\/staviori.com.pl\/de\/wp-json\/wp\/v2\/users\/15"}],"replies":[{"embeddable":true,"href":"https:\/\/staviori.com.pl\/de\/wp-json\/wp\/v2\/comments?post=13262"}],"version-history":[{"count":2,"href":"https:\/\/staviori.com.pl\/de\/wp-json\/wp\/v2\/pages\/13262\/revisions"}],"predecessor-version":[{"id":13268,"href":"https:\/\/staviori.com.pl\/de\/wp-json\/wp\/v2\/pages\/13262\/revisions\/13268"}],"wp:attachment":[{"href":"https:\/\/staviori.com.pl\/de\/wp-json\/wp\/v2\/media?parent=13262"}],"curies":[{"name":"wp","href":"https:\/\/api.w.org\/{rel}","templated":true}]}}