{"id":23151,"date":"2026-03-28T14:15:10","date_gmt":"2026-03-28T13:15:10","guid":{"rendered":"https:\/\/staviori.com.pl\/?post_type=product&#038;p=23151"},"modified":"2026-04-13T14:57:48","modified_gmt":"2026-04-13T12:57:48","slug":"srebrna-pozlacana-bransoletka-z-onyksem-bsc56440y","status":"publish","type":"product","link":"https:\/\/staviori.com.pl\/cs\/product\/srebrna-pozlacana-bransoletka-z-onyksem-bsc56440y\/","title":{"rendered":"Srebrna poz\u0142acana bransoletka z onyksem &#8211; BSC56440Y"},"content":{"rendered":"<p>Model: BSC56440Y<br \/>\nHmotnost p\u0159ibli\u017en\u011b 1,20 g<\/p>\n<p>N\u00e1ramek 20 cm.<br \/>\nSt\u0159\u00edbro 0.925 pokoven\u00e9 \u017elut\u00fdm zlatem<br \/>\nOnyx.<\/p>\n<p>Mo\u017cliwo\u015b\u0107 regulacji d\u0142ugo\u015bci 17cm &#8211; 20cm.<\/p>\n<p>N\u00e1ramek vytvo\u0159en\u00fd ze st\u0159\u00edbra s elegantn\u00ed pozlacenou povrchovou \u00fapravou.<br \/>\nModel zosta\u0142 ozdobiony g\u0142\u0119bokimi czarnymi onyksami, kt\u00f3re dodaj\u0105 wyrafinowanego charakteru. Wyst\u0119puje r\u00f3wnie\u017c naszyjnik i kolczyki do kompletu.<\/p>","protected":false},"excerpt":{"rendered":"<p>Zjawiskowa bransoletka wykonana z wysokiej pr\u00f3by poz\u0142acanego srebra 925, kt\u00f3ra zachwyca odwa\u017cnym, a zarazem niezwykle eleganckim designem. G\u0142\u00f3wnym motywem bi\u017cuterii s\u0105 geometryczne elementy w kszta\u0142cie kwadrat\u00f3w, wype\u0142nione g\u0142\u0119bok\u0105 czerni\u0105 naturalnego onyksu, kt\u00f3re pi\u0119knie kontrastuj\u0105 ze z\u0142ocist\u0105 opraw\u0105 o subtelnym zdobieniu. Precyzyjne wykonanie oraz regulowane zapi\u0119cie zako\u0144czone uroczym serduszkiem sprawiaj\u0105, \u017ce bransoletka idealnie uk\u0142ada si\u0119 na nadgarstku. To bi\u017cuteria stworzona dla kobiet poszukuj\u0105cych wyrazistych dodatk\u00f3w, kt\u00f3re dodadz\u0105 klasy zar\u00f3wno wieczorowym kreacjom, jak i profesjonalnym zestawom biznesowym.<\/p>","protected":false},"featured_media":23152,"comment_status":"closed","ping_status":"closed","template":"","meta":{"om_disable_all_campaigns":false},"product_brand":[2284,2350],"product_cat":[1384,43,1392,1863,145,1817],"product_tag":[7300,7302,1401,7299,2529,7286,7259,2602,4209,7303,2368,7270,7264,2496,2291,2448,2427,6959,7301],"class_list":{"0":"post-23151","1":"product","2":"type-product","3":"status-publish","4":"has-post-thumbnail","6":"product_brand-staviori","7":"product_brand-verona","8":"product_cat-bizuteria","9":"product_cat-bransoletki","10":"product_cat-damskie","11":"product_cat-srebrna-bransoletka","12":"product_cat-srebro","13":"product_cat-srebro-2","14":"product_tag-bizuteria-geometryczna","15":"product_tag-bizuteria-z-kwadratami","16":"product_tag-bransoletka","17":"product_tag-bransoletka-z-onyksem","18":"product_tag-bsc6684","19":"product_tag-cerny-onyx","20":"product_tag-czarny-onyks","21":"product_tag-elegancka-bransoletka","22":"product_tag-gold-plated-silver","23":"product_tag-luksusowy-naramek","24":"product_tag-onyks","25":"product_tag-onyx-armband","26":"product_tag-onyx-bracelet","27":"product_tag-pozlacane-srebro","28":"product_tag-prezent-dla-niej","29":"product_tag-regulowana-bransoletka","30":"product_tag-srebro-925","31":"product_tag-stribrny-naramek","32":"product_tag-vergoldeter-schmuck","33":"pa_kamien-onyks","34":"pa_kruszec-srebro","35":"pa_kruszec-srebro-pozlacane","36":"pa_proba-0-925","37":"pa_rozmiar-17cm","38":"pa_rozmiar-18cm","39":"pa_rozmiar-19cm","40":"pa_rozmiar-20cm","41":"pa_waga-120g","43":"first","44":"instock","45":"purchasable","46":"product-type-simple"},"aioseo_notices":[],"_links":{"self":[{"href":"https:\/\/staviori.com.pl\/cs\/wp-json\/wp\/v2\/product\/23151","targetHints":{"allow":["GET"]}}],"collection":[{"href":"https:\/\/staviori.com.pl\/cs\/wp-json\/wp\/v2\/product"}],"about":[{"href":"https:\/\/staviori.com.pl\/cs\/wp-json\/wp\/v2\/types\/product"}],"replies":[{"embeddable":true,"href":"https:\/\/staviori.com.pl\/cs\/wp-json\/wp\/v2\/comments?post=23151"}],"wp:featuredmedia":[{"embeddable":true,"href":"https:\/\/staviori.com.pl\/cs\/wp-json\/wp\/v2\/media\/23152"}],"wp:attachment":[{"href":"https:\/\/staviori.com.pl\/cs\/wp-json\/wp\/v2\/media?parent=23151"}],"wp:term":[{"taxonomy":"product_brand","embeddable":true,"href":"https:\/\/staviori.com.pl\/cs\/wp-json\/wp\/v2\/product_brand?post=23151"},{"taxonomy":"product_cat","embeddable":true,"href":"https:\/\/staviori.com.pl\/cs\/wp-json\/wp\/v2\/product_cat?post=23151"},{"taxonomy":"product_tag","embeddable":true,"href":"https:\/\/staviori.com.pl\/cs\/wp-json\/wp\/v2\/product_tag?post=23151"}],"curies":[{"name":"wp","href":"https:\/\/api.w.org\/{rel}","templated":true}]}}