{"id":23141,"date":"2026-03-28T09:18:08","date_gmt":"2026-03-28T08:18:08","guid":{"rendered":"https:\/\/staviori.com.pl\/?post_type=product&#038;p=23141"},"modified":"2026-03-28T09:24:19","modified_gmt":"2026-03-28T08:24:19","slug":"kolczyki-kola-z-niebieskim-lapisem-8mm-srebro-pozlacane-925-kks56474y","status":"publish","type":"product","link":"https:\/\/staviori.com.pl\/cs\/product\/kolczyki-kola-z-niebieskim-lapisem-8mm-srebro-pozlacane-925-kks56474y\/","title":{"rendered":"Kolczyki ko\u0142a z niebieskim lapisem 8mm | srebro poz\u0142acane 925 &#8211; KKS56474Y"},"content":{"rendered":"<p>Model: KKS56474Y<br \/>\nWaga ok: 1,20g<\/p>\n<p>Kruszec: srebro poz\u0142acane 925<br \/>\nLapis<\/p>\n<p>Zapi\u0119cie typu: sztyft<br \/>\nMotyw: ko\u0142a<br \/>\n\u015arednica: 0,8cm<\/p>","protected":false},"excerpt":{"rendered":"<p>Klasyczne kolczyki wykonane z najwy\u017cszej pr\u00f3by srebra 925, pokrytego warstw\u0105 l\u015bni\u0105cego \u017c\u00f3\u0142tego z\u0142ota. Sercem modelu s\u0105 naturalne kamienie lapis lazuli o g\u0142\u0119bokiej, intensywnie niebieskiej barwie, kt\u00f3ra od wiek\u00f3w kojarzona jest z kr\u00f3lewsk\u0105 elegancj\u0105. Kamienie zosta\u0142y osadzone w okr\u0105g\u0142ej oprawie z subtelnym, ozdobnym rantem, co nadaje bi\u017cuterii szlachetnego charakteru. Kontrast mi\u0119dzy z\u0142otym blaskiem a kr\u00f3lewskim b\u0142\u0119kitem tworzy ponadczasowy dodatek, kt\u00f3ry doskonale sprawdzi si\u0119 zar\u00f3wno w biurowym dress codzie, jak i podczas wieczornych wyj\u015b\u0107. To bi\u017cuteria pe\u0142na wyrazu i klasycznego szyku.<\/p>","protected":false},"featured_media":23142,"comment_status":"closed","ping_status":"closed","template":"","meta":{"om_disable_all_campaigns":false},"product_brand":[2284,2350],"product_cat":[1384,199,2267,145],"product_tag":[2628,2612,2317,7295,2682,7291,7292,7294,7293,4319,2496,7287,2291,7140,5295,7290],"class_list":{"0":"post-23141","1":"product","2":"type-product","3":"status-publish","4":"has-post-thumbnail","6":"product_brand-staviori","7":"product_brand-verona","8":"product_cat-bizuteria","9":"product_cat-kolczyki","10":"product_cat-kolekcje-srebrne","11":"product_cat-srebro","12":"product_tag-bizuteria-klasyczna","13":"product_tag-bizuteria-z-kamieniami","14":"product_tag-elegancka-bizuteria","15":"product_tag-klasicke-nausnice","16":"product_tag-kolczyki-kola","17":"product_tag-kolczyki-z-lapis-lazuli","18":"product_tag-lapis-lazuli-earrings","19":"product_tag-lapis-lazuli-ohrringe","20":"product_tag-modre-nausnice","21":"product_tag-niebieski-kamien","22":"product_tag-pozlacane-srebro","23":"product_tag-pozlacene-stribro","24":"product_tag-prezent-dla-niej","25":"product_tag-srebrne-kolczyki-925","26":"product_tag-stribro-925","27":"product_tag-vergoldetes-silber","28":"pa_kruszec-srebro-pozlacane","29":"pa_motyw-geomentryczny","30":"pa_proba-0-925","31":"pa_srednica-8mm","32":"pa_waga-120g","33":"pa_zapiecie-sztyft","35":"first","36":"instock","37":"taxable","38":"shipping-taxable","39":"purchasable","40":"product-type-simple"},"aioseo_notices":[],"_links":{"self":[{"href":"https:\/\/staviori.com.pl\/cs\/wp-json\/wp\/v2\/product\/23141","targetHints":{"allow":["GET"]}}],"collection":[{"href":"https:\/\/staviori.com.pl\/cs\/wp-json\/wp\/v2\/product"}],"about":[{"href":"https:\/\/staviori.com.pl\/cs\/wp-json\/wp\/v2\/types\/product"}],"replies":[{"embeddable":true,"href":"https:\/\/staviori.com.pl\/cs\/wp-json\/wp\/v2\/comments?post=23141"}],"wp:featuredmedia":[{"embeddable":true,"href":"https:\/\/staviori.com.pl\/cs\/wp-json\/wp\/v2\/media\/23142"}],"wp:attachment":[{"href":"https:\/\/staviori.com.pl\/cs\/wp-json\/wp\/v2\/media?parent=23141"}],"wp:term":[{"taxonomy":"product_brand","embeddable":true,"href":"https:\/\/staviori.com.pl\/cs\/wp-json\/wp\/v2\/product_brand?post=23141"},{"taxonomy":"product_cat","embeddable":true,"href":"https:\/\/staviori.com.pl\/cs\/wp-json\/wp\/v2\/product_cat?post=23141"},{"taxonomy":"product_tag","embeddable":true,"href":"https:\/\/staviori.com.pl\/cs\/wp-json\/wp\/v2\/product_tag?post=23141"}],"curies":[{"name":"wp","href":"https:\/\/api.w.org\/{rel}","templated":true}]}}