{"id":23137,"date":"2026-03-28T09:00:03","date_gmt":"2026-03-28T08:00:03","guid":{"rendered":"https:\/\/staviori.com.pl\/?post_type=product&#038;p=23137"},"modified":"2026-03-28T09:06:17","modified_gmt":"2026-03-28T08:06:17","slug":"kolczyki-kwadraty-z-czarnym-onyksem-10mm-srebro-pozlacane-925-kks56440y","status":"publish","type":"product","link":"https:\/\/staviori.com.pl\/cs\/product\/kolczyki-kwadraty-z-czarnym-onyksem-10mm-srebro-pozlacane-925-kks56440y\/","title":{"rendered":"Kolczyki kwadraty z czarnym onyksem 10mm | srebro poz\u0142acane 925 &#8211; KKS56440Y"},"content":{"rendered":"<p>Model: KKS56440Y<br \/>\nWaga ok: 1,40g<\/p>\n<p>Kruszec: srebro poz\u0142acane 925<br \/>\nOnyks czarny<\/p>\n<p>Zapi\u0119cie typu: sztyft<br \/>\nMotyw: kwadraty<br \/>\nWysoko\u015b\u0107: 1 cm<br \/>\nSzeroko\u015b\u0107: 1 cm<\/p>","protected":false},"excerpt":{"rendered":"<p>Eleganckie kolczyki wykonane z najwy\u017cszej pr\u00f3by srebra 925, pokrytego warstw\u0105 l\u015bni\u0105cego \u017c\u00f3\u0142tego z\u0142ota. Sercem modelu jest czarny onyks o g\u0142\u0119bokiej barwie, osadzony w kwadratowej oprawie o subtelnie zaokr\u0105glonych rogach. Wyrazisty kontrast mi\u0119dzy z\u0142otym blaskiem kruszcu a matow\u0105 czerni\u0105 kamienia nadaje bi\u017cuterii luksusowego i klasycznego charakteru. Minimalistyczny, geometryczny design sprawia, \u017ce kolczyki te s\u0105 doskona\u0142ym wyborem dla kobiet ceni\u0105cych wyrafinowan\u0105 prostot\u0119. Dzi\u0119ki wygodnemu zapi\u0119ciu typu sztyft, model ten idealnie sprawdzi si\u0119 jako dope\u0142nienie biznesowego stroju lub wieczorowej kreacji.<\/p>","protected":false},"featured_media":23138,"comment_status":"closed","ping_status":"closed","template":"","meta":{"om_disable_all_campaigns":false},"product_brand":[2284,2350],"product_cat":[1384,199,2267,145],"product_tag":[2704,7265,7286,7288,7259,2660,7284,4209,2603,7282,7281,7283,7289,7285,2496,7287,5960,7140,7290],"class_list":{"0":"post-23137","1":"product","2":"type-product","3":"status-publish","4":"has-post-thumbnail","6":"product_brand-staviori","7":"product_brand-verona","8":"product_cat-bizuteria","9":"product_cat-kolczyki","10":"product_cat-kolekcje-srebrne","11":"product_cat-srebro","12":"product_tag-bizuteria-minimalistyczna","13":"product_tag-black-onyx","14":"product_tag-cerny-onyx","15":"product_tag-ctvercove-nausnice","16":"product_tag-czarny-onyks","17":"product_tag-eleganckie-kolczyki","18":"product_tag-geometric-jewelry","19":"product_tag-gold-plated-silver","20":"product_tag-klasyczna-bizuteria","21":"product_tag-kolczyki-kwadraty","22":"product_tag-kolczyki-z-onyksem","23":"product_tag-onyx-earrings","24":"product_tag-onyx-ohrringe","25":"product_tag-onyxove-nausnice","26":"product_tag-pozlacane-srebro","27":"product_tag-pozlacene-stribro","28":"product_tag-square-earrings","29":"product_tag-srebrne-kolczyki-925","30":"product_tag-vergoldetes-silber","31":"pa_dlugosc-10mm","32":"pa_kamien-onyks","33":"pa_kruszec-srebro-pozlacane","34":"pa_motyw-geomentryczny","35":"pa_proba-0-925","36":"pa_waga-140g","37":"pa_zapiecie-sztyft","39":"first","40":"instock","41":"taxable","42":"shipping-taxable","43":"purchasable","44":"product-type-simple"},"aioseo_notices":[],"_links":{"self":[{"href":"https:\/\/staviori.com.pl\/cs\/wp-json\/wp\/v2\/product\/23137","targetHints":{"allow":["GET"]}}],"collection":[{"href":"https:\/\/staviori.com.pl\/cs\/wp-json\/wp\/v2\/product"}],"about":[{"href":"https:\/\/staviori.com.pl\/cs\/wp-json\/wp\/v2\/types\/product"}],"replies":[{"embeddable":true,"href":"https:\/\/staviori.com.pl\/cs\/wp-json\/wp\/v2\/comments?post=23137"}],"wp:featuredmedia":[{"embeddable":true,"href":"https:\/\/staviori.com.pl\/cs\/wp-json\/wp\/v2\/media\/23138"}],"wp:attachment":[{"href":"https:\/\/staviori.com.pl\/cs\/wp-json\/wp\/v2\/media?parent=23137"}],"wp:term":[{"taxonomy":"product_brand","embeddable":true,"href":"https:\/\/staviori.com.pl\/cs\/wp-json\/wp\/v2\/product_brand?post=23137"},{"taxonomy":"product_cat","embeddable":true,"href":"https:\/\/staviori.com.pl\/cs\/wp-json\/wp\/v2\/product_cat?post=23137"},{"taxonomy":"product_tag","embeddable":true,"href":"https:\/\/staviori.com.pl\/cs\/wp-json\/wp\/v2\/product_tag?post=23137"}],"curies":[{"name":"wp","href":"https:\/\/api.w.org\/{rel}","templated":true}]}}