{"id":23125,"date":"2026-03-28T08:19:47","date_gmt":"2026-03-28T07:19:47","guid":{"rendered":"https:\/\/staviori.com.pl\/?post_type=product&#038;p=23125"},"modified":"2026-03-28T08:24:50","modified_gmt":"2026-03-28T07:24:50","slug":"kolczyki-serca-skrecane-i-wiszace-srebro-pozlacane-925-kks56311y","status":"publish","type":"product","link":"https:\/\/staviori.com.pl\/cs\/product\/kolczyki-serca-skrecane-i-wiszace-srebro-pozlacane-925-kks56311y\/","title":{"rendered":"Kolczyki serca skr\u0119cane i wisz\u0105ce | srebro poz\u0142acane 925 &#8211; KKS56311Y"},"content":{"rendered":"<p>Model: KKS56311Y<br \/>\nWaga ok: 1,70g<\/p>\n<p>Kruszec: srebro poz\u0142acane<br \/>\nPr\u00f3ba: 925<br \/>\nZapi\u0119cie typu: sztyft<\/p>\n<p>Motyw: serca<br \/>\nWysoko\u015b\u0107: 1,7 cm<br \/>\nGrubo\u015b\u0107: 0,4 cm<br \/>\nWysoko\u015b\u0107 elementu ozdobnego: 1,3 cm<br \/>\nSzeroko\u015b\u0107 elementu ozdobnego: 1,3 cm<\/p>","protected":false},"excerpt":{"rendered":"<p>Wyj\u0105tkowe kolczyki wykonane z najwy\u017cszej pr\u00f3by srebra 925, pokrytego warstw\u0105 ciep\u0142ego, \u017c\u00f3\u0142tego z\u0142ota. Model zachwyca oryginaln\u0105 kompozycj\u0105 \u2013 subtelny sztyft w kszta\u0142cie pe\u0142nego serca podtrzymuje wi\u0119kszy, a\u017curowy element o efektownej, skr\u0119conej formie. Ta tr\u00f3jwymiarowa struktura pi\u0119knie pracuje ze \u015bwiat\u0142em, nadaj\u0105c bi\u017cuterii blasku i nowoczesnego charakteru. Dzi\u0119ki lekko\u015bci i romantycznemu designowi, kolczyki te s\u0105 idealnym wyborem dla kobiet pragn\u0105cych podkre\u015bli\u0107 swoj\u0105 delikatno\u015b\u0107. To niezwykle kobiecy dodatek, kt\u00f3ry sprawdzi si\u0119 zar\u00f3wno jako element codziennego stroju, jak i czaruj\u0105cy upominek dla bliskiej osoby.<\/p>","protected":false},"featured_media":23126,"comment_status":"closed","ping_status":"closed","template":"","meta":{"om_disable_all_campaigns":false},"product_brand":[2284,2350],"product_cat":[1384,199,2267,145],"product_tag":[7254,3097,5916,5939,7257,3096,2770,2496,7112,2291,4996,6074,7255,7224,2427,6988,5289,5824,5295,2607,6847,7256],"class_list":{"0":"post-23125","1":"product","2":"type-product","3":"status-publish","4":"has-post-thumbnail","6":"product_brand-staviori","7":"product_brand-verona","8":"product_cat-bizuteria","9":"product_cat-kolczyki","10":"product_cat-kolekcje-srebrne","11":"product_cat-srebro","12":"product_tag-azurowe-serca","13":"product_tag-bizuteria-romantyczna","14":"product_tag-gold-plated-earrings","15":"product_tag-heart-earrings","16":"product_tag-herzschmuck","17":"product_tag-kolczyki-serca","18":"product_tag-kolczyki-wiszace","19":"product_tag-pozlacane-srebro","20":"product_tag-pozlacene-nausnice","21":"product_tag-prezent-dla-niej","22":"product_tag-romantic-jewelry","23":"product_tag-silver-925","24":"product_tag-skrecone-serce","25":"product_tag-srdicka","26":"product_tag-srebro-925","27":"product_tag-srebro-pozlacane-925","28":"product_tag-sterling-silver-925","29":"product_tag-stribrne-nausnice","30":"product_tag-stribro-925","31":"product_tag-subtelna-bizuteria","32":"product_tag-vergoldete-ohrringe","33":"product_tag-visaci-nausnice","34":"pa_dlugosc-17mm","35":"pa_kruszec-srebro-pozlacane","36":"pa_motyw-serce","37":"pa_proba-0-925","38":"pa_szerokosc-13mm","39":"pa_waga-170g","41":"first","42":"instock","43":"taxable","44":"shipping-taxable","45":"purchasable","46":"product-type-simple"},"aioseo_notices":[],"_links":{"self":[{"href":"https:\/\/staviori.com.pl\/cs\/wp-json\/wp\/v2\/product\/23125","targetHints":{"allow":["GET"]}}],"collection":[{"href":"https:\/\/staviori.com.pl\/cs\/wp-json\/wp\/v2\/product"}],"about":[{"href":"https:\/\/staviori.com.pl\/cs\/wp-json\/wp\/v2\/types\/product"}],"replies":[{"embeddable":true,"href":"https:\/\/staviori.com.pl\/cs\/wp-json\/wp\/v2\/comments?post=23125"}],"wp:featuredmedia":[{"embeddable":true,"href":"https:\/\/staviori.com.pl\/cs\/wp-json\/wp\/v2\/media\/23126"}],"wp:attachment":[{"href":"https:\/\/staviori.com.pl\/cs\/wp-json\/wp\/v2\/media?parent=23125"}],"wp:term":[{"taxonomy":"product_brand","embeddable":true,"href":"https:\/\/staviori.com.pl\/cs\/wp-json\/wp\/v2\/product_brand?post=23125"},{"taxonomy":"product_cat","embeddable":true,"href":"https:\/\/staviori.com.pl\/cs\/wp-json\/wp\/v2\/product_cat?post=23125"},{"taxonomy":"product_tag","embeddable":true,"href":"https:\/\/staviori.com.pl\/cs\/wp-json\/wp\/v2\/product_tag?post=23125"}],"curies":[{"name":"wp","href":"https:\/\/api.w.org\/{rel}","templated":true}]}}