{"id":23108,"date":"2026-03-24T15:35:10","date_gmt":"2026-03-24T14:35:10","guid":{"rendered":"https:\/\/staviori.com.pl\/?post_type=product&#038;p=23108"},"modified":"2026-03-24T15:41:08","modified_gmt":"2026-03-24T14:41:08","slug":"kolczyki-serca-zamkniete-srebro-0925-kjs56313","status":"publish","type":"product","link":"https:\/\/staviori.com.pl\/cs\/product\/kolczyki-serca-zamkniete-srebro-0925-kjs56313\/","title":{"rendered":"Kolczyki serca zamkni\u0119te srebro 0,925 | KJS56313"},"content":{"rendered":"<p>Model: KJS56313<br \/>\nWaga ok. 2,20g<\/p>\n<p>Srebro rodowane 0,925<br \/>\nZapi\u0119cie: zamkni\u0119te<\/p>\n<p>Motyw: serca<\/p>\n<p>Wysoko\u015b\u0107: 1,3 cm<br \/>\nGrubo\u015bc: 0,2 cm<\/p>","protected":false},"excerpt":{"rendered":"<p>Ponadczasowe kolczyki wykonane z wysokiej pr\u00f3by srebra 925, prezentuj\u0105ce nowoczesne spojrzenie na romantyczny motyw serca. Ich g\u0142adka, l\u015bni\u0105ca powierzchnia pi\u0119knie odbija \u015bwiat\u0142o, podkre\u015blaj\u0105c subtelny profil bi\u017cuterii. Dzi\u0119ki zastosowaniu wygodnego i bezpiecznego zapi\u0119cia typu walizka, kolczyki idealnie przylegaj\u0105 do ucha, zapewniaj\u0105c komfort noszenia przez ca\u0142y dzie\u0144. To doskona\u0142y wyb\u00f3r dla kobiet ceni\u0105cych styl basic oraz minimalistyczne, a zarazem pe\u0142ne wyrazu dodatki, kt\u00f3re stanowi\u0105 idealne dope\u0142nienie ka\u017cdej garderoby.<\/p>","protected":false},"featured_media":23109,"comment_status":"closed","ping_status":"closed","template":"","meta":{"om_disable_all_campaigns":false},"product_brand":[2284,2350],"product_cat":[1384,199,2267,145],"product_tag":[7177,3097,5939,7226,7252,3096,7249,7250,2384,2291,7253,7251,7224,7248,5289,5824,5295],"class_list":{"0":"post-23108","1":"product","2":"type-product","3":"status-publish","4":"has-post-thumbnail","6":"product_brand-staviori","7":"product_brand-verona","8":"product_cat-bizuteria","9":"product_cat-kolczyki","10":"product_cat-kolekcje-srebrne","11":"product_cat-srebro","12":"product_tag-bizuteria-basic","13":"product_tag-bizuteria-romantyczna","14":"product_tag-heart-earrings","15":"product_tag-herzohrringe","16":"product_tag-hinged-hoop-earrings","17":"product_tag-kolczyki-serca","18":"product_tag-kolczyki-srebrne-925","19":"product_tag-kolczyki-walizki","20":"product_tag-minimalistyczna-bizuteria","21":"product_tag-prezent-dla-niej","22":"product_tag-silberschmuck-925","23":"product_tag-silver-hearts","24":"product_tag-srdicka","25":"product_tag-srebrne-serduszka","26":"product_tag-sterling-silver-925","27":"product_tag-stribrne-nausnice","28":"product_tag-stribro-925","29":"pa_dostawca-verona","30":"pa_kruszec-srebro-rodowane","31":"pa_motyw-serce","32":"pa_proba-0-925","33":"pa_waga-220g","34":"pa_zapiecie-zamkniete","35":"pa_zapiecie-zatrzaskowe","37":"first","38":"instock","39":"taxable","40":"shipping-taxable","41":"purchasable","42":"product-type-simple"},"aioseo_notices":[],"_links":{"self":[{"href":"https:\/\/staviori.com.pl\/cs\/wp-json\/wp\/v2\/product\/23108","targetHints":{"allow":["GET"]}}],"collection":[{"href":"https:\/\/staviori.com.pl\/cs\/wp-json\/wp\/v2\/product"}],"about":[{"href":"https:\/\/staviori.com.pl\/cs\/wp-json\/wp\/v2\/types\/product"}],"replies":[{"embeddable":true,"href":"https:\/\/staviori.com.pl\/cs\/wp-json\/wp\/v2\/comments?post=23108"}],"wp:featuredmedia":[{"embeddable":true,"href":"https:\/\/staviori.com.pl\/cs\/wp-json\/wp\/v2\/media\/23109"}],"wp:attachment":[{"href":"https:\/\/staviori.com.pl\/cs\/wp-json\/wp\/v2\/media?parent=23108"}],"wp:term":[{"taxonomy":"product_brand","embeddable":true,"href":"https:\/\/staviori.com.pl\/cs\/wp-json\/wp\/v2\/product_brand?post=23108"},{"taxonomy":"product_cat","embeddable":true,"href":"https:\/\/staviori.com.pl\/cs\/wp-json\/wp\/v2\/product_cat?post=23108"},{"taxonomy":"product_tag","embeddable":true,"href":"https:\/\/staviori.com.pl\/cs\/wp-json\/wp\/v2\/product_tag?post=23108"}],"curies":[{"name":"wp","href":"https:\/\/api.w.org\/{rel}","templated":true}]}}