{"id":22945,"date":"2026-02-19T07:48:17","date_gmt":"2026-02-19T06:48:17","guid":{"rendered":"https:\/\/staviori.com.pl\/?post_type=product&#038;p=22945"},"modified":"2026-02-19T07:56:45","modified_gmt":"2026-02-19T06:56:45","slug":"srebrne-pozlacane-kolczyki-z-zielona-emalia-monstera","status":"publish","type":"product","link":"https:\/\/staviori.com.pl\/cs\/product\/srebrne-pozlacane-kolczyki-z-zielona-emalia-monstera\/","title":{"rendered":"Srebrne poz\u0142acane kolczyki z zielon\u0105 emalia &#8211; monstera"},"content":{"rendered":"<p>Model: KDS54687<br \/>\nHmotnost p\u0159ibli\u017en\u011b 3,80 g<\/p>\n<p>N\u00e1u\u0161nice.<br \/>\nSt\u0159\u00edbro 0,925.<br \/>\npokryt\u00e9 \u017elut\u00fdm zlatem<br \/>\nWymiary 15x11mm<\/p>\n<p>\u015aliczne kolczyki na sztyfcie &#8211; li\u015b\u0107 Monstera.<\/p>","protected":false},"excerpt":{"rendered":"<p>Urocze kolczyki na sztyfcie w kszta\u0142cie li\u015bci monstery, wykonane z wysokiej jako\u015bci srebra pr\u00f3by 925 i uszlachetnione pow\u0142ok\u0105 z \u017c\u00f3\u0142tego z\u0142ota. Wn\u0119trze li\u015bci zosta\u0142o wype\u0142nione emali\u0105 w g\u0142\u0119bokim, butelkowym odcieniu zieleni, co w po\u0142\u0105czeniu ze z\u0142otymi detalami tworzy niezwykle \u015bwie\u017cy i modny efekt. To bi\u017cuteria inspirowana natur\u0105, kt\u00f3ra doda energii ka\u017cdej stylizacji i podkre\u015bli mi\u0142o\u015b\u0107 do ro\u015blinnych motyw\u00f3w. Idealny wyb\u00f3r dla kobiet ceni\u0105cych nowoczesny design i subteln\u0105 elegancj\u0119.<\/p>","protected":false},"featured_media":22946,"comment_status":"closed","ping_status":"closed","template":"","meta":{"om_disable_all_campaigns":false},"product_brand":[2284,2350],"product_cat":[199,1818,1817],"product_tag":[7172,5811,7171,2317,4209,3301,3293,3300,7165,2698,3047,2665,7167,3263,7164,7166,7170,7168,7140,2427,2506,5824,7169,2946],"class_list":{"0":"post-22945","1":"product","2":"type-product","3":"status-publish","4":"has-post-thumbnail","6":"product_brand-staviori","7":"product_brand-verona","8":"product_cat-kolczyki","9":"product_cat-srebrne-kolczyki","10":"product_cat-srebro-2","11":"product_tag-bizuteria-roslinna","12":"product_tag-bizuteria-z-emalia","13":"product_tag-botanic-jewelry","14":"product_tag-elegancka-bizuteria","15":"product_tag-gold-plated-silver","16":"product_tag-kolczyki-inspirowane-natura","17":"product_tag-kolczyki-liscie","18":"product_tag-kolczyki-male","19":"product_tag-kolczyki-monstera","20":"product_tag-kolczyki-na-prezent","21":"product_tag-kolczyki-pozlacane","22":"product_tag-kolczyki-sztyfty","23":"product_tag-leaf-earrings","24":"product_tag-lisc-monstera","25":"product_tag-monstera","26":"product_tag-monstera-earrings","27":"product_tag-monstera-ohrringe","28":"product_tag-nausnice-monstera","29":"product_tag-srebrne-kolczyki-925","30":"product_tag-srebro-925","31":"product_tag-srebro-pozlacane","32":"product_tag-stribrne-nausnice","33":"product_tag-zeleny-smalt","34":"product_tag-zielona-emalia","35":"pa_dlugosc-15mm","36":"pa_kruszec-srebro","37":"pa_kruszec-srebro-pozlacane","38":"pa_motyw-lisc","39":"pa_motyw-monstera","40":"pa_proba-0-925","41":"pa_szerokosc-11mm","42":"pa_waga-380g","43":"pa_zapiecie-sztyft","45":"first","46":"instock","47":"featured","48":"purchasable","49":"product-type-simple"},"aioseo_notices":[],"_links":{"self":[{"href":"https:\/\/staviori.com.pl\/cs\/wp-json\/wp\/v2\/product\/22945","targetHints":{"allow":["GET"]}}],"collection":[{"href":"https:\/\/staviori.com.pl\/cs\/wp-json\/wp\/v2\/product"}],"about":[{"href":"https:\/\/staviori.com.pl\/cs\/wp-json\/wp\/v2\/types\/product"}],"replies":[{"embeddable":true,"href":"https:\/\/staviori.com.pl\/cs\/wp-json\/wp\/v2\/comments?post=22945"}],"wp:featuredmedia":[{"embeddable":true,"href":"https:\/\/staviori.com.pl\/cs\/wp-json\/wp\/v2\/media\/22946"}],"wp:attachment":[{"href":"https:\/\/staviori.com.pl\/cs\/wp-json\/wp\/v2\/media?parent=22945"}],"wp:term":[{"taxonomy":"product_brand","embeddable":true,"href":"https:\/\/staviori.com.pl\/cs\/wp-json\/wp\/v2\/product_brand?post=22945"},{"taxonomy":"product_cat","embeddable":true,"href":"https:\/\/staviori.com.pl\/cs\/wp-json\/wp\/v2\/product_cat?post=22945"},{"taxonomy":"product_tag","embeddable":true,"href":"https:\/\/staviori.com.pl\/cs\/wp-json\/wp\/v2\/product_tag?post=22945"}],"curies":[{"name":"wp","href":"https:\/\/api.w.org\/{rel}","templated":true}]}}