{"id":22883,"date":"2026-01-23T10:17:21","date_gmt":"2026-01-23T09:17:21","guid":{"rendered":"https:\/\/staviori.com.pl\/?post_type=product&#038;p=22883"},"modified":"2026-02-11T00:10:07","modified_gmt":"2026-02-10T23:10:07","slug":"piekne-kolczyki-z-brylantami-040ct-z-bialego-i-zoltego-zlota","status":"publish","type":"product","link":"https:\/\/staviori.com.pl\/cs\/product\/piekne-kolczyki-z-brylantami-040ct-z-bialego-i-zoltego-zlota\/","title":{"rendered":"Pi\u0119kne kolczyki z brylantami 0,40ct z bia\u0142ego i \u017c\u00f3\u0142tego z\u0142ota"},"content":{"rendered":"<p>Model: KZD2187<br \/>\nWaga ok. 2,20g<\/p>\n<p>N\u00e1u\u0161nice.<br \/>\n\u017dlut\u00e9, b\u00edl\u00e9 zlato 0,585.<br \/>\n2 Diamenty, szlif brylantowy, o masie 0,40ct, barwa H, czysto\u015b\u0107 Si2.<\/p>\n<p>Wymiary 15&#215;4 mm.<\/p>\n<p>Kolczyki z\u0142ote pr\u00f3by 585.<br \/>\nModel zosta\u0142 ozdobiony dwoma diamentami w szlifie brylantowym, okr\u0105g\u0142ym.<br \/>\nDiamenty zosta\u0142y osadzone w koronie z bia\u0142ego z\u0142ota.<br \/>\nPozosta\u0142a cz\u0119\u015b\u0107 kolczyk\u00f3w wykonana z \u017c\u00f3\u0142tego z\u0142ota.<\/p>","protected":false},"excerpt":{"rendered":"<p>PL Wyj\u0105tkowe kolczyki wykonane z harmonijnego po\u0142\u0105czenia \u017c\u00f3\u0142tego i bia\u0142ego z\u0142ota pr\u00f3by 585. Centralnym punktem ka\u017cdego kolczyka jest l\u015bni\u0105cy diament o szlifie brylantowym, osadzony w kunsztownej koronie z bia\u0142ego z\u0142ota, kt\u00f3ra optycznie powi\u0119ksza kamie\u0144 i pot\u0119guje jego blask. Klasyczna forma na wygodnym zapi\u0119ciu typu angielskiego sprawia, \u017ce bi\u017cuteria ta jest niezwykle komfortowa i bezpieczna w noszeniu. To idealne po\u0142\u0105czenie tradycyjnego z\u0142ota z nowoczesnym akcentem, kt\u00f3re roz\u015bwietli ka\u017cd\u0105 twarz i doda elegancji ka\u017cdej stylizacji.<\/p>","protected":false},"featured_media":22884,"comment_status":"closed","ping_status":"closed","template":"","meta":{"om_disable_all_campaigns":false},"product_brand":[2284,2350],"product_cat":[1384,1838,1990,199,176],"product_tag":[3664,4124,2308,2880,2301,6825,6823,3829,2660,2664,1394,7156,2667,3665,2280,2364,2522],"class_list":{"0":"post-22883","1":"product","2":"type-product","3":"status-publish","4":"has-post-thumbnail","6":"product_brand-staviori","7":"product_brand-verona","8":"product_cat-bizuteria","9":"product_cat-diamenty","10":"product_cat-kolczyk-z-brylantami","11":"product_cat-kolczyki","12":"product_cat-zloto","13":"product_tag-0822m2h","14":"product_tag-14k-gold","15":"product_tag-biale-zloto","16":"product_tag-bizuteria-na-prezent","17":"product_tag-brylanty","18":"product_tag-diamantohrringe","19":"product_tag-diamantove-nausnice","20":"product_tag-diamond-earrings","21":"product_tag-eleganckie-kolczyki","22":"product_tag-klasyczne-kolczyki","23":"product_tag-kolczyki","24":"product_tag-kolczyki-angielskie-zapiecie","25":"product_tag-kolczyki-z-diamentami","26":"product_tag-kzd2187","27":"product_tag-luksusowa-bizuteria","28":"product_tag-zloto-585","29":"product_tag-zolte-zloto","30":"pa_barwa-h-2","31":"pa_czystosc-si2","32":"pa_kamien-diamenty","33":"pa_kamien-brylanty","34":"pa_kolor-zolte","35":"pa_kruszec-zloto","36":"pa_masa-karatowa-040ct","37":"pa_proba-0-585","38":"pa_waga-220g","39":"pa_wymiary-15x4mm","40":"pa_zapiecie-angielskie","42":"first","43":"instock","44":"purchasable","45":"product-type-simple"},"aioseo_notices":[],"_links":{"self":[{"href":"https:\/\/staviori.com.pl\/cs\/wp-json\/wp\/v2\/product\/22883","targetHints":{"allow":["GET"]}}],"collection":[{"href":"https:\/\/staviori.com.pl\/cs\/wp-json\/wp\/v2\/product"}],"about":[{"href":"https:\/\/staviori.com.pl\/cs\/wp-json\/wp\/v2\/types\/product"}],"replies":[{"embeddable":true,"href":"https:\/\/staviori.com.pl\/cs\/wp-json\/wp\/v2\/comments?post=22883"}],"wp:featuredmedia":[{"embeddable":true,"href":"https:\/\/staviori.com.pl\/cs\/wp-json\/wp\/v2\/media\/22884"}],"wp:attachment":[{"href":"https:\/\/staviori.com.pl\/cs\/wp-json\/wp\/v2\/media?parent=22883"}],"wp:term":[{"taxonomy":"product_brand","embeddable":true,"href":"https:\/\/staviori.com.pl\/cs\/wp-json\/wp\/v2\/product_brand?post=22883"},{"taxonomy":"product_cat","embeddable":true,"href":"https:\/\/staviori.com.pl\/cs\/wp-json\/wp\/v2\/product_cat?post=22883"},{"taxonomy":"product_tag","embeddable":true,"href":"https:\/\/staviori.com.pl\/cs\/wp-json\/wp\/v2\/product_tag?post=22883"}],"curies":[{"name":"wp","href":"https:\/\/api.w.org\/{rel}","templated":true}]}}