{"id":22697,"date":"2025-12-18T19:56:18","date_gmt":"2025-12-18T18:56:18","guid":{"rendered":"https:\/\/staviori.com.pl\/?post_type=product&#038;p=22697"},"modified":"2026-04-13T14:53:47","modified_gmt":"2026-04-13T12:53:47","slug":"kolczyki-z-dwukolorowego-zlota-333-z-cyrkoniami-nieskonczonosc","status":"publish","type":"product","link":"https:\/\/staviori.com.pl\/cs\/product\/kolczyki-z-dwukolorowego-zlota-333-z-cyrkoniami-nieskonczonosc\/","title":{"rendered":"333 dvoubarevn\u00e9 zlat\u00e9 n\u00e1u\u0161nice se zirkony - nekone\u010dno"},"content":{"rendered":"<p>Model: KXC4818<br \/>\nWaga ok. 0,78g<\/p>\n<p>N\u00e1u\u0161nice.<br \/>\n\u017dlut\u00e9, b\u00edl\u00e9 zlato 0,333.<br \/>\nZirkonie.<br \/>\nD\u0142ugo\u015b\u0107 9 mm.<br \/>\n\u0160\u00ed\u0159ka 4 mm.<br \/>\nGrubo\u015b\u0107 1.7 mm.<\/p>","protected":false},"excerpt":{"rendered":"<p>Subtelne kolczyki w kszta\u0142cie znaku niesko\u0144czono\u015bci, wykonane z po\u0142\u0105czenia \u017c\u00f3\u0142tego i bia\u0142ego z\u0142ota pr\u00f3by 0,333, zachwycaj\u0105 ponadczasowym stylem i delikatnym blaskiem. Front zdobiony l\u015bni\u0105cymi cyrkoniami pi\u0119knie odbija \u015bwiat\u0142o, dodaj\u0105c ca\u0142o\u015bci elegancji i lekko\u015bci. Motyw niesko\u0144czono\u015bci symbolizuje trwa\u0142o\u015b\u0107 i wieczn\u0105 wi\u0119\u017a, dzi\u0119ki czemu kolczyki doskonale sprawdz\u0105 si\u0119 zar\u00f3wno jako codzienna bi\u017cuteria, jak i wyj\u0105tkowy prezent. Klasyczna forma w nowoczesnym wydaniu idealnie podkre\u015bli kobiecy styl.<\/p>","protected":false},"featured_media":22701,"comment_status":"closed","ping_status":"closed","template":"","meta":{"om_disable_all_campaigns":false},"product_brand":[2284,2350],"product_cat":[199,2044,1930],"product_tag":[2543,6041,3551,7082,7081,6824,7080,7085,3173,2710,3096,3552,2953,2708,3550,2384,7083,3554,7086,6088,7084,3834,3553],"class_list":{"0":"post-22697","1":"product","2":"type-product","3":"status-publish","4":"has-post-thumbnail","6":"product_brand-staviori","7":"product_brand-verona","8":"product_cat-kolczyki","9":"product_cat-zlote-kolczyki","10":"product_cat-zloto-2","11":"product_tag-bizuteria-zlota","12":"product_tag-cubic-zirconia-earrings","13":"product_tag-fa13266","14":"product_tag-gold-earrings-333","15":"product_tag-gold-infinity-earrings","16":"product_tag-goldohrringe","17":"product_tag-infinity-earrings","18":"product_tag-infinity-ohrringe","19":"product_tag-kolczyki-dla-dziewczynki","20":"product_tag-kolczyki-nieskonczonosc","21":"product_tag-kolczyki-serca","22":"product_tag-kolczyki-wkretki","23":"product_tag-kolczyki-z-cyrkoniami","24":"product_tag-kolczyki-zlote","25":"product_tag-kxc5048","26":"product_tag-minimalistyczna-bizuteria","27":"product_tag-nausnice-nekonecno","28":"product_tag-prezent-symboliczny","29":"product_tag-proba-333","30":"product_tag-zirkonia","31":"product_tag-zirkonove-nausnice","32":"product_tag-zlate-nausnice","33":"product_tag-zlote-kolczyki-codzienne","34":"pa_grubosc-17mm","35":"pa_kolor-biale","36":"pa_kolor-zolte","37":"pa_kruszec-zloto","38":"pa_motyw-nieskonczonosc","39":"pa_proba-0-333","40":"pa_szerokosc-4mm","41":"pa_waga-078g","42":"pa_wysokosc-9mm","43":"pa_zapiecie-sztyft","45":"first","46":"instock","47":"purchasable","48":"product-type-simple"},"aioseo_notices":[],"_links":{"self":[{"href":"https:\/\/staviori.com.pl\/cs\/wp-json\/wp\/v2\/product\/22697","targetHints":{"allow":["GET"]}}],"collection":[{"href":"https:\/\/staviori.com.pl\/cs\/wp-json\/wp\/v2\/product"}],"about":[{"href":"https:\/\/staviori.com.pl\/cs\/wp-json\/wp\/v2\/types\/product"}],"replies":[{"embeddable":true,"href":"https:\/\/staviori.com.pl\/cs\/wp-json\/wp\/v2\/comments?post=22697"}],"wp:featuredmedia":[{"embeddable":true,"href":"https:\/\/staviori.com.pl\/cs\/wp-json\/wp\/v2\/media\/22701"}],"wp:attachment":[{"href":"https:\/\/staviori.com.pl\/cs\/wp-json\/wp\/v2\/media?parent=22697"}],"wp:term":[{"taxonomy":"product_brand","embeddable":true,"href":"https:\/\/staviori.com.pl\/cs\/wp-json\/wp\/v2\/product_brand?post=22697"},{"taxonomy":"product_cat","embeddable":true,"href":"https:\/\/staviori.com.pl\/cs\/wp-json\/wp\/v2\/product_cat?post=22697"},{"taxonomy":"product_tag","embeddable":true,"href":"https:\/\/staviori.com.pl\/cs\/wp-json\/wp\/v2\/product_tag?post=22697"}],"curies":[{"name":"wp","href":"https:\/\/api.w.org\/{rel}","templated":true}]}}