{"id":22623,"date":"2025-12-11T10:22:25","date_gmt":"2025-12-11T09:22:25","guid":{"rendered":"https:\/\/staviori.com.pl\/?post_type=product&#038;p=22623"},"modified":"2026-02-11T00:10:01","modified_gmt":"2026-02-10T23:10:01","slug":"zlote-kolczyki-kola-14mm-szarnir-585-kzc6652","status":"publish","type":"product","link":"https:\/\/staviori.com.pl\/cs\/product\/zlote-kolczyki-kola-14mm-szarnir-585-kzc6652\/","title":{"rendered":"Zlat\u00e9 14mm kruhov\u00e9 n\u00e1u\u0161nice - \u0161ed\u00e9 - 585 - KZC6652"},"content":{"rendered":"<p>Model: KZC6652<br \/>\nWaga ok. 1,34g<\/p>\n<p>N\u00e1u\u0161nice.<br \/>\n\u017dlut\u00e9 zlato 0,585.<br \/>\nPr\u016fm\u011br 14 mm.<br \/>\n\u0160\u00ed\u0159ka 4 mm.<\/p>","protected":false},"excerpt":{"rendered":"<p>Subtelne kolczyki ko\u0142a wykonane z \u017c\u00f3\u0142tego z\u0142ota pr\u00f3by 0,585 zachwycaj\u0105 ponadczasow\u0105 elegancj\u0105. L\u015bni\u0105ca powierzchnia ozdobiona jasnym, iskrz\u0105cym si\u0119 pasem pi\u0119knie odbija \u015bwiat\u0142o przy ka\u017cdym ruchu. To idealny wyb\u00f3r zar\u00f3wno do codziennych stylizacji, jak i na wyj\u0105tkowe okazje, gdy chcesz doda\u0107 sobie blasku. Klasyczny kszta\u0142t k\u00f3\u0142ek sprawia, \u017ce kolczyki zawsze pozostaj\u0105 w modzie.<\/p>","protected":false},"featured_media":22624,"comment_status":"closed","ping_status":"closed","template":"","meta":{"om_disable_all_campaigns":false},"product_brand":[2284,2350],"product_cat":[199,2044,1930],"product_tag":[7046,7047,7054,2660,7048,7049,7044,7053,2603,2664,2682,2674,7043,7055,7045,7050,7051,2683,7052,2599],"class_list":{"0":"post-22623","1":"product","2":"type-product","3":"status-publish","4":"has-post-thumbnail","6":"product_brand-staviori","7":"product_brand-verona","8":"product_cat-kolczyki","9":"product_cat-zlote-kolczyki","10":"product_cat-zloto-2","11":"product_tag-14k-gold-hoops","12":"product_tag-classic-hoop-earrings","13":"product_tag-creolen-gold-585","14":"product_tag-eleganckie-kolczyki","15":"product_tag-elegant-gold-earrings","16":"product_tag-gold-earrings-585","17":"product_tag-gold-hoop-earrings","18":"product_tag-klassische-creolen","19":"product_tag-klasyczna-bizuteria","20":"product_tag-klasyczne-kolczyki","21":"product_tag-kolczyki-kola","22":"product_tag-kolczyki-na-co-dzien","23":"product_tag-kolczyki-zloto-585","24":"product_tag-ohrringe-gelbgold-585","25":"product_tag-yellow-gold-earrings","26":"product_tag-zlate-kruhove-nausnice","27":"product_tag-zlate-nausnice-585","28":"product_tag-zlote-kolczyki","29":"product_tag-zlute-zlato-nausnice","30":"product_tag-zolte-zloto-585","31":"pa_kolor-zolte","32":"pa_kruszec-zloto","33":"pa_proba-0-585","34":"pa_srednica-14mm","35":"pa_szerokosc-37mm","36":"pa_waga-134g","38":"first","39":"instock","40":"purchasable","41":"product-type-simple"},"aioseo_notices":[],"_links":{"self":[{"href":"https:\/\/staviori.com.pl\/cs\/wp-json\/wp\/v2\/product\/22623","targetHints":{"allow":["GET"]}}],"collection":[{"href":"https:\/\/staviori.com.pl\/cs\/wp-json\/wp\/v2\/product"}],"about":[{"href":"https:\/\/staviori.com.pl\/cs\/wp-json\/wp\/v2\/types\/product"}],"replies":[{"embeddable":true,"href":"https:\/\/staviori.com.pl\/cs\/wp-json\/wp\/v2\/comments?post=22623"}],"wp:featuredmedia":[{"embeddable":true,"href":"https:\/\/staviori.com.pl\/cs\/wp-json\/wp\/v2\/media\/22624"}],"wp:attachment":[{"href":"https:\/\/staviori.com.pl\/cs\/wp-json\/wp\/v2\/media?parent=22623"}],"wp:term":[{"taxonomy":"product_brand","embeddable":true,"href":"https:\/\/staviori.com.pl\/cs\/wp-json\/wp\/v2\/product_brand?post=22623"},{"taxonomy":"product_cat","embeddable":true,"href":"https:\/\/staviori.com.pl\/cs\/wp-json\/wp\/v2\/product_cat?post=22623"},{"taxonomy":"product_tag","embeddable":true,"href":"https:\/\/staviori.com.pl\/cs\/wp-json\/wp\/v2\/product_tag?post=22623"}],"curies":[{"name":"wp","href":"https:\/\/api.w.org\/{rel}","templated":true}]}}